{"id":1838,"date":"2020-06-01T22:20:02","date_gmt":"2020-06-01T20:20:02","guid":{"rendered":"https:\/\/annette-ahrens.at\/silbershop\/?post_type=product&#038;p=1838"},"modified":"2024-12-12T13:15:53","modified_gmt":"2024-12-12T12:15:53","slug":"buntes-midcentury-service-fuer-12-personen-fa-kahla-um-1950","status":"publish","type":"product","link":"https:\/\/annette-ahrens.at\/onlineshop\/produkt\/buntes-midcentury-service-fuer-12-personen-fa-kahla-um-1950\/","title":{"rendered":"Buntes Midcentury Service f\u00fcr 12 Personen, Fa. Kahla, um 1950"},"content":{"rendered":"<p>Buntes Midcentury Service f\u00fcr 12 Personen<\/p>\n<p>Fa. Kahla, Deutschland, um 1950<\/p>\n<p>Porzellan, bunt bemalt, gemarkt mit gr\u00fcner Manufakturmarke KAHLA IV, bestehend aus 12 Teetassen, 12 Untertassen und 12 Kuchentellern, Bemalung teilweise leicht berieben<\/p>\n<p>Teller Dm 19,6 cm<\/p>\n<p>Tasse H 5,5 cm<\/p>\n<p>Untertasse Dm 15,3 cm<\/p>\n","protected":false},"excerpt":{"rendered":"<p>Annettes Etikette: Die deutsche Firma Kahla zeichnet f\u00fcr ungew\u00f6hnliche Entw\u00fcrfe in der Porzellankunst verantwortlich. Grund hierf\u00fcr ist die enge Zusammenarbeit mit der Designschule auf Burg Griebichstein. Das Arrangieren der fr\u00f6hlich bunten Tassen hat mir schon beim Fotografieren gro\u00dfen Spass gemacht, pl\u00f6tzlich fiel mir f\u00fcr jede Farbe ein anderer Freund als Gast ein.<\/p>\n","protected":false},"featured_media":1839,"comment_status":"open","ping_status":"closed","template":"","meta":[],"product_brand":[],"product_cat":[25,297,18,300,199,37,147,292,51,274,54,268,38],"product_tag":[],"class_list":{"0":"post-1838","1":"product","2":"type-product","3":"status-publish","4":"has-post-thumbnail","6":"product_cat-5o-clock-tea","7":"product_cat-adventjause","8":"product_cat-fruehstueck","9":"product_cat-gartenfest","10":"product_cat-jause","11":"product_cat-kaffee","12":"product_cat-moccatassen","13":"product_cat-muttertag","14":"product_cat-ostern","15":"product_cat-porzellan-fachbuecher","16":"product_cat-porzellan","17":"product_cat-tee-5o-clock-tea","18":"product_cat-tee","20":"first","21":"instock","22":"sold-individually","23":"purchasable","24":"product-type-simple"},"yoast_head":"<!-- This site is optimized with the Yoast SEO Premium plugin v15.8.2 - https:\/\/yoast.com\/wordpress\/plugins\/seo\/ -->\n<title>Buntes Midcentury Service f\u00fcr 12 Personen, Fa. Kahla, um 1950<\/title>\n<meta name=\"description\" content=\"Buntes Midcentury Service f\u00fcr 12 Personen, Fa. Kahla, um 1950 \u2665 Antiquit\u00e4ten Online kaufen \u2713 Sichere Lieferung \u2713\" \/>\n<meta name=\"robots\" content=\"index, follow, max-snippet:-1, max-image-preview:large, max-video-preview:-1\" \/>\n<link rel=\"canonical\" href=\"https:\/\/annette-ahrens.at\/onlineshop\/produkt\/buntes-midcentury-service-fuer-12-personen-fa-kahla-um-1950\/\" \/>\n<meta property=\"og:locale\" content=\"de_DE\" \/>\n<meta property=\"og:type\" content=\"article\" \/>\n<meta property=\"og:title\" content=\"Buntes Midcentury Service f\u00fcr 12 Personen, Fa. Kahla, um 1950\" \/>\n<meta property=\"og:description\" content=\"Buntes Midcentury Service f\u00fcr 12 Personen, Fa. Kahla, um 1950 \u2665 Antiquit\u00e4ten Online kaufen \u2713 Sichere Lieferung \u2713\" \/>\n<meta property=\"og:url\" content=\"https:\/\/annette-ahrens.at\/onlineshop\/produkt\/buntes-midcentury-service-fuer-12-personen-fa-kahla-um-1950\/\" \/>\n<meta property=\"og:site_name\" content=\"Tafelkultur Onlineshop\" \/>\n<meta property=\"article:publisher\" content=\"https:\/\/www.facebook.com\/AnnetteAhrensTafelkultur\" \/>\n<meta property=\"article:modified_time\" content=\"2024-12-12T12:15:53+00:00\" \/>\n<meta property=\"og:image\" content=\"https:\/\/annette-ahrens.at\/onlineshop\/wp-content\/uploads\/2020\/06\/IMG_3853-scaled.jpeg\" \/>\n\t<meta property=\"og:image:width\" content=\"2560\" \/>\n\t<meta property=\"og:image:height\" content=\"2560\" \/>\n<meta name=\"twitter:card\" content=\"summary_large_image\" \/>\n<meta name=\"twitter:label1\" content=\"Gesch\u00e4tzte Lesezeit\">\n\t<meta name=\"twitter:data1\" content=\"1\u00a0Minute\">\n<script type=\"application\/ld+json\" class=\"yoast-schema-graph\">{\"@context\":\"https:\/\/schema.org\",\"@graph\":[{\"@type\":[\"Person\",\"Organization\"],\"@id\":\"https:\/\/annette-ahrens.at\/onlineshop\/#\/schema\/person\/3e19676faae246bba0cb3b7e15f427d8\",\"name\":\"Annette Ahrens\",\"image\":{\"@type\":\"ImageObject\",\"@id\":\"https:\/\/annette-ahrens.at\/onlineshop\/#personlogo\",\"inLanguage\":\"de\",\"url\":\"https:\/\/annette-ahrens.at\/onlineshop\/wp-content\/uploads\/2020\/04\/aa_logo_End.png\",\"width\":800,\"height\":164,\"caption\":\"Annette Ahrens\"},\"logo\":{\"@id\":\"https:\/\/annette-ahrens.at\/onlineshop\/#personlogo\"},\"sameAs\":[\"https:\/\/annette-ahrens.at\",\"https:\/\/www.facebook.com\/AnnetteAhrensTafelkultur\",\"https:\/\/www.instagram.com\/tafelkulturistin\/\",\"https:\/\/de.wikipedia.org\/wiki\/Annette_Ahrens\"]},{\"@type\":\"WebSite\",\"@id\":\"https:\/\/annette-ahrens.at\/onlineshop\/#website\",\"url\":\"https:\/\/annette-ahrens.at\/onlineshop\/\",\"name\":\"Tafelkultur Onlineshop\",\"description\":\"Annette Ahrens\",\"publisher\":{\"@id\":\"https:\/\/annette-ahrens.at\/onlineshop\/#\/schema\/person\/3e19676faae246bba0cb3b7e15f427d8\"},\"potentialAction\":[{\"@type\":\"SearchAction\",\"target\":\"https:\/\/annette-ahrens.at\/onlineshop\/?s={search_term_string}\",\"query-input\":\"required name=search_term_string\"}],\"inLanguage\":\"de\"},{\"@type\":\"ImageObject\",\"@id\":\"https:\/\/annette-ahrens.at\/onlineshop\/produkt\/buntes-midcentury-service-fuer-12-personen-fa-kahla-um-1950\/#primaryimage\",\"inLanguage\":\"de\",\"url\":\"https:\/\/annette-ahrens.at\/onlineshop\/wp-content\/uploads\/2020\/06\/IMG_3853-scaled.jpeg\",\"width\":2560,\"height\":2560,\"caption\":\"midcentury_service\"},{\"@type\":[\"WebPage\",\"ItemPage\"],\"@id\":\"https:\/\/annette-ahrens.at\/onlineshop\/produkt\/buntes-midcentury-service-fuer-12-personen-fa-kahla-um-1950\/#webpage\",\"url\":\"https:\/\/annette-ahrens.at\/onlineshop\/produkt\/buntes-midcentury-service-fuer-12-personen-fa-kahla-um-1950\/\",\"name\":\"Buntes Midcentury Service f\\u00fcr 12 Personen, Fa. Kahla, um 1950\",\"isPartOf\":{\"@id\":\"https:\/\/annette-ahrens.at\/onlineshop\/#website\"},\"primaryImageOfPage\":{\"@id\":\"https:\/\/annette-ahrens.at\/onlineshop\/produkt\/buntes-midcentury-service-fuer-12-personen-fa-kahla-um-1950\/#primaryimage\"},\"datePublished\":\"2020-06-01T20:20:02+00:00\",\"dateModified\":\"2024-12-12T12:15:53+00:00\",\"description\":\"Buntes Midcentury Service f\\u00fcr 12 Personen, Fa. Kahla, um 1950 \\u2665 Antiquit\\u00e4ten Online kaufen \\u2713 Sichere Lieferung \\u2713\",\"breadcrumb\":{\"@id\":\"https:\/\/annette-ahrens.at\/onlineshop\/produkt\/buntes-midcentury-service-fuer-12-personen-fa-kahla-um-1950\/#breadcrumb\"},\"inLanguage\":\"de\",\"potentialAction\":[{\"@type\":\"ReadAction\",\"target\":[\"https:\/\/annette-ahrens.at\/onlineshop\/produkt\/buntes-midcentury-service-fuer-12-personen-fa-kahla-um-1950\/\"]}]},{\"@type\":\"BreadcrumbList\",\"@id\":\"https:\/\/annette-ahrens.at\/onlineshop\/produkt\/buntes-midcentury-service-fuer-12-personen-fa-kahla-um-1950\/#breadcrumb\",\"itemListElement\":[{\"@type\":\"ListItem\",\"position\":1,\"item\":{\"@type\":\"WebPage\",\"@id\":\"https:\/\/annette-ahrens.at\/onlineshop\/\",\"url\":\"https:\/\/annette-ahrens.at\/onlineshop\/\",\"name\":\"Home\"}},{\"@type\":\"ListItem\",\"position\":2,\"item\":{\"@type\":\"WebPage\",\"@id\":\"https:\/\/annette-ahrens.at\/onlineshop\/alle-tafelkultur-objekte\/\",\"url\":\"https:\/\/annette-ahrens.at\/onlineshop\/alle-tafelkultur-objekte\/\",\"name\":\"Alle Tafelkultur Objekte\"}},{\"@type\":\"ListItem\",\"position\":3,\"item\":{\"@type\":\"WebPage\",\"@id\":\"https:\/\/annette-ahrens.at\/onlineshop\/produkt\/buntes-midcentury-service-fuer-12-personen-fa-kahla-um-1950\/\",\"url\":\"https:\/\/annette-ahrens.at\/onlineshop\/produkt\/buntes-midcentury-service-fuer-12-personen-fa-kahla-um-1950\/\",\"name\":\"Buntes Midcentury Service f\\u00fcr 12 Personen, Fa. Kahla, um 1950\"}}]}]}<\/script>\n<!-- \/ Yoast SEO Premium plugin. -->","_links":{"self":[{"href":"https:\/\/annette-ahrens.at\/onlineshop\/wp-json\/wp\/v2\/product\/1838","targetHints":{"allow":["GET"]}}],"collection":[{"href":"https:\/\/annette-ahrens.at\/onlineshop\/wp-json\/wp\/v2\/product"}],"about":[{"href":"https:\/\/annette-ahrens.at\/onlineshop\/wp-json\/wp\/v2\/types\/product"}],"replies":[{"embeddable":true,"href":"https:\/\/annette-ahrens.at\/onlineshop\/wp-json\/wp\/v2\/comments?post=1838"}],"wp:featuredmedia":[{"embeddable":true,"href":"https:\/\/annette-ahrens.at\/onlineshop\/wp-json\/wp\/v2\/media\/1839"}],"wp:attachment":[{"href":"https:\/\/annette-ahrens.at\/onlineshop\/wp-json\/wp\/v2\/media?parent=1838"}],"wp:term":[{"taxonomy":"product_brand","embeddable":true,"href":"https:\/\/annette-ahrens.at\/onlineshop\/wp-json\/wp\/v2\/product_brand?post=1838"},{"taxonomy":"product_cat","embeddable":true,"href":"https:\/\/annette-ahrens.at\/onlineshop\/wp-json\/wp\/v2\/product_cat?post=1838"},{"taxonomy":"product_tag","embeddable":true,"href":"https:\/\/annette-ahrens.at\/onlineshop\/wp-json\/wp\/v2\/product_tag?post=1838"}],"curies":[{"name":"wp","href":"https:\/\/api.w.org\/{rel}","templated":true}]}}