{"id":190,"date":"2020-04-24T21:41:12","date_gmt":"2020-04-24T19:41:12","guid":{"rendered":"https:\/\/annette-ahrens.at\/silbershop\/?post_type=product&#038;p=190"},"modified":"2024-12-03T08:41:59","modified_gmt":"2024-12-03T07:41:59","slug":"12-kuchengabel-menuett-fa-berndorf-um-1950","status":"publish","type":"product","link":"https:\/\/annette-ahrens.at\/onlineshop\/produkt\/12-kuchengabel-menuett-fa-berndorf-um-1950\/","title":{"rendered":"12 versilberte Kuchengabeln &#8222;Menuett&#8220;, Fa. Berndorf, um 1950"},"content":{"rendered":"<p>12 versilberte Kuchengabel &#8222;Menuett&#8220;<\/p>\n<p>Fa. Berndorf, \u00d6sterreich, um 1950<\/p>\n<p>Alpacca, massiv versilbert, Form &#8222;Menuett&#8220;, gemarkt mit Firmenmarke Berndorf, tadelloser Erhaltungszustand<\/p>\n<p>L\u00e4nge 13 cm<\/p>\n","protected":false},"excerpt":{"rendered":"<p>Annettes Etikette: Die Berndorfer Metallwarenfabrik wurde von den beiden Unternehmern <a title=\"Alexander von Schoeller\" href=\"https:\/\/de.wikipedia.org\/wiki\/Alexander_von_Schoeller\">Alexander Schoeller<\/a> und <a title=\"Alfred Krupp\" href=\"https:\/\/de.wikipedia.org\/wiki\/Alfred_Krupp\">Alfred Krupp<\/a> im Jahr 1843 gegr\u00fcndet. Der <a title=\"B\u00e4r (Wappentier)\" href=\"https:\/\/de.wikipedia.org\/wiki\/B%C3%A4r_(Wappentier)\">B\u00e4r<\/a>, das Wappentier von Berndorf, wurde ab 1890 gemeinsam mit dem Namen Berndorf im Markenzeichen verwendet. Zahlreiche erhaltene Firmenkataloge geben mir Auskunft wof\u00fcr das St\u00fcck Tafelkultur eigentlich vorgesehen war. Die Besteckform &#8222;Menuett&#8220; ist in \u00d6sterreich weit verbreitet.<\/p>\n<p><u>Weiterf\u00fchrende Literatur:\u00a0<\/u>Muster- und Preisbuch der Berndorfer Metallwarenfabrik \u00fcber Bestecke und Tafelger\u00e4te aus Alpacca-Silber I., Arthur Krupp, 1911;\u00a0Ingrid Haslinger, Tafelkultur Marke Berndorf, Wien 1998 (Ausstellung in der Silberkammer Wien);\u00a0krupp stadt museum BERNDORF (Hg.), \u201eBerndorfer Silber, Tafeln mit Stil, Besteckkultur von 1843 bis heute\u201c, Berndorf 2007;<\/p>\n","protected":false},"featured_media":3391,"comment_status":"open","ping_status":"closed","template":"","meta":[],"product_brand":[],"product_cat":[25,276,30,192,19,235,198,246,20,24,26],"product_tag":[],"class_list":{"0":"post-190","1":"product","2":"type-product","3":"status-publish","4":"has-post-thumbnail","6":"product_cat-5o-clock-tea","7":"product_cat-alpacca","8":"product_cat-besteck","9":"product_cat-dessert","10":"product_cat-gabelfruehstueck","11":"product_cat-gabeln","12":"product_cat-kuchen","13":"product_cat-kuchengabeln","14":"product_cat-lunchtime","15":"product_cat-patisserie","16":"product_cat-wiener-melange","18":"first","19":"instock","20":"sold-individually","21":"purchasable","22":"product-type-simple"},"yoast_head":"<!-- This site is optimized with the Yoast SEO Premium plugin v15.8.2 - https:\/\/yoast.com\/wordpress\/plugins\/seo\/ -->\n<title>12 versilberte Kuchengabeln &quot;Menuett&quot;, Fa. Berndorf, um 1950<\/title>\n<meta name=\"description\" content=\"12 versilberte Kuchengabeln &quot;Menuett&quot;, Fa. Berndorf, um 1950 \u2665 Antiquit\u00e4ten Online kaufen \u2713 Sichere Lieferung \u2713\" \/>\n<meta name=\"robots\" content=\"index, follow, max-snippet:-1, max-image-preview:large, max-video-preview:-1\" \/>\n<link rel=\"canonical\" href=\"https:\/\/annette-ahrens.at\/onlineshop\/produkt\/12-kuchengabel-menuett-fa-berndorf-um-1950\/\" \/>\n<meta property=\"og:locale\" content=\"de_DE\" \/>\n<meta property=\"og:type\" content=\"article\" \/>\n<meta property=\"og:title\" content=\"12 versilberte Kuchengabeln &quot;Menuett&quot;, Fa. Berndorf, um 1950\" \/>\n<meta property=\"og:description\" content=\"12 versilberte Kuchengabeln &quot;Menuett&quot;, Fa. Berndorf, um 1950 \u2665 Antiquit\u00e4ten Online kaufen \u2713 Sichere Lieferung \u2713\" \/>\n<meta property=\"og:url\" content=\"https:\/\/annette-ahrens.at\/onlineshop\/produkt\/12-kuchengabel-menuett-fa-berndorf-um-1950\/\" \/>\n<meta property=\"og:site_name\" content=\"Tafelkultur Onlineshop\" \/>\n<meta property=\"article:publisher\" content=\"https:\/\/www.facebook.com\/AnnetteAhrensTafelkultur\" \/>\n<meta property=\"article:modified_time\" content=\"2024-12-03T07:41:59+00:00\" \/>\n<meta property=\"og:image\" content=\"https:\/\/annette-ahrens.at\/onlineshop\/wp-content\/uploads\/2020\/10\/IMG_1452-scaled.jpeg\" \/>\n\t<meta property=\"og:image:width\" content=\"2560\" \/>\n\t<meta property=\"og:image:height\" content=\"2560\" \/>\n<meta name=\"twitter:card\" content=\"summary_large_image\" \/>\n<meta name=\"twitter:label1\" content=\"Gesch\u00e4tzte Lesezeit\">\n\t<meta name=\"twitter:data1\" content=\"1\u00a0Minute\">\n<script type=\"application\/ld+json\" class=\"yoast-schema-graph\">{\"@context\":\"https:\/\/schema.org\",\"@graph\":[{\"@type\":[\"Person\",\"Organization\"],\"@id\":\"https:\/\/annette-ahrens.at\/onlineshop\/#\/schema\/person\/3e19676faae246bba0cb3b7e15f427d8\",\"name\":\"Annette Ahrens\",\"image\":{\"@type\":\"ImageObject\",\"@id\":\"https:\/\/annette-ahrens.at\/onlineshop\/#personlogo\",\"inLanguage\":\"de\",\"url\":\"https:\/\/annette-ahrens.at\/onlineshop\/wp-content\/uploads\/2020\/04\/aa_logo_End.png\",\"width\":800,\"height\":164,\"caption\":\"Annette Ahrens\"},\"logo\":{\"@id\":\"https:\/\/annette-ahrens.at\/onlineshop\/#personlogo\"},\"sameAs\":[\"https:\/\/annette-ahrens.at\",\"https:\/\/www.facebook.com\/AnnetteAhrensTafelkultur\",\"https:\/\/www.instagram.com\/tafelkulturistin\/\",\"https:\/\/de.wikipedia.org\/wiki\/Annette_Ahrens\"]},{\"@type\":\"WebSite\",\"@id\":\"https:\/\/annette-ahrens.at\/onlineshop\/#website\",\"url\":\"https:\/\/annette-ahrens.at\/onlineshop\/\",\"name\":\"Tafelkultur Onlineshop\",\"description\":\"Annette Ahrens\",\"publisher\":{\"@id\":\"https:\/\/annette-ahrens.at\/onlineshop\/#\/schema\/person\/3e19676faae246bba0cb3b7e15f427d8\"},\"potentialAction\":[{\"@type\":\"SearchAction\",\"target\":\"https:\/\/annette-ahrens.at\/onlineshop\/?s={search_term_string}\",\"query-input\":\"required name=search_term_string\"}],\"inLanguage\":\"de\"},{\"@type\":\"ImageObject\",\"@id\":\"https:\/\/annette-ahrens.at\/onlineshop\/produkt\/12-kuchengabel-menuett-fa-berndorf-um-1950\/#primaryimage\",\"inLanguage\":\"de\",\"url\":\"https:\/\/annette-ahrens.at\/onlineshop\/wp-content\/uploads\/2020\/10\/IMG_1452-scaled.jpeg\",\"width\":2560,\"height\":2560,\"caption\":\"kuchengabel_menuett\"},{\"@type\":[\"WebPage\",\"ItemPage\"],\"@id\":\"https:\/\/annette-ahrens.at\/onlineshop\/produkt\/12-kuchengabel-menuett-fa-berndorf-um-1950\/#webpage\",\"url\":\"https:\/\/annette-ahrens.at\/onlineshop\/produkt\/12-kuchengabel-menuett-fa-berndorf-um-1950\/\",\"name\":\"12 versilberte Kuchengabeln \\\"Menuett\\\", Fa. Berndorf, um 1950\",\"isPartOf\":{\"@id\":\"https:\/\/annette-ahrens.at\/onlineshop\/#website\"},\"primaryImageOfPage\":{\"@id\":\"https:\/\/annette-ahrens.at\/onlineshop\/produkt\/12-kuchengabel-menuett-fa-berndorf-um-1950\/#primaryimage\"},\"datePublished\":\"2020-04-24T19:41:12+00:00\",\"dateModified\":\"2024-12-03T07:41:59+00:00\",\"description\":\"12 versilberte Kuchengabeln \\\"Menuett\\\", Fa. Berndorf, um 1950 \\u2665 Antiquit\\u00e4ten Online kaufen \\u2713 Sichere Lieferung \\u2713\",\"breadcrumb\":{\"@id\":\"https:\/\/annette-ahrens.at\/onlineshop\/produkt\/12-kuchengabel-menuett-fa-berndorf-um-1950\/#breadcrumb\"},\"inLanguage\":\"de\",\"potentialAction\":[{\"@type\":\"ReadAction\",\"target\":[\"https:\/\/annette-ahrens.at\/onlineshop\/produkt\/12-kuchengabel-menuett-fa-berndorf-um-1950\/\"]}]},{\"@type\":\"BreadcrumbList\",\"@id\":\"https:\/\/annette-ahrens.at\/onlineshop\/produkt\/12-kuchengabel-menuett-fa-berndorf-um-1950\/#breadcrumb\",\"itemListElement\":[{\"@type\":\"ListItem\",\"position\":1,\"item\":{\"@type\":\"WebPage\",\"@id\":\"https:\/\/annette-ahrens.at\/onlineshop\/\",\"url\":\"https:\/\/annette-ahrens.at\/onlineshop\/\",\"name\":\"Home\"}},{\"@type\":\"ListItem\",\"position\":2,\"item\":{\"@type\":\"WebPage\",\"@id\":\"https:\/\/annette-ahrens.at\/onlineshop\/alle-tafelkultur-objekte\/\",\"url\":\"https:\/\/annette-ahrens.at\/onlineshop\/alle-tafelkultur-objekte\/\",\"name\":\"Alle Tafelkultur Objekte\"}},{\"@type\":\"ListItem\",\"position\":3,\"item\":{\"@type\":\"WebPage\",\"@id\":\"https:\/\/annette-ahrens.at\/onlineshop\/produkt\/12-kuchengabel-menuett-fa-berndorf-um-1950\/\",\"url\":\"https:\/\/annette-ahrens.at\/onlineshop\/produkt\/12-kuchengabel-menuett-fa-berndorf-um-1950\/\",\"name\":\"12 versilberte Kuchengabeln &#8220;Menuett&#8221;, Fa. Berndorf, um 1950\"}}]}]}<\/script>\n<!-- \/ Yoast SEO Premium plugin. -->","_links":{"self":[{"href":"https:\/\/annette-ahrens.at\/onlineshop\/wp-json\/wp\/v2\/product\/190","targetHints":{"allow":["GET"]}}],"collection":[{"href":"https:\/\/annette-ahrens.at\/onlineshop\/wp-json\/wp\/v2\/product"}],"about":[{"href":"https:\/\/annette-ahrens.at\/onlineshop\/wp-json\/wp\/v2\/types\/product"}],"replies":[{"embeddable":true,"href":"https:\/\/annette-ahrens.at\/onlineshop\/wp-json\/wp\/v2\/comments?post=190"}],"wp:featuredmedia":[{"embeddable":true,"href":"https:\/\/annette-ahrens.at\/onlineshop\/wp-json\/wp\/v2\/media\/3391"}],"wp:attachment":[{"href":"https:\/\/annette-ahrens.at\/onlineshop\/wp-json\/wp\/v2\/media?parent=190"}],"wp:term":[{"taxonomy":"product_brand","embeddable":true,"href":"https:\/\/annette-ahrens.at\/onlineshop\/wp-json\/wp\/v2\/product_brand?post=190"},{"taxonomy":"product_cat","embeddable":true,"href":"https:\/\/annette-ahrens.at\/onlineshop\/wp-json\/wp\/v2\/product_cat?post=190"},{"taxonomy":"product_tag","embeddable":true,"href":"https:\/\/annette-ahrens.at\/onlineshop\/wp-json\/wp\/v2\/product_tag?post=190"}],"curies":[{"name":"wp","href":"https:\/\/api.w.org\/{rel}","templated":true}]}}