{"id":20131,"date":"2023-01-16T17:01:36","date_gmt":"2023-01-16T16:01:36","guid":{"rendered":"https:\/\/annette-ahrens.at\/onlineshop\/?post_type=product&#038;p=20131"},"modified":"2025-01-12T16:48:55","modified_gmt":"2025-01-12T15:48:55","slug":"champagnerschale-porzellanmanufaktur-augarten-wien-20-jahrhundert","status":"publish","type":"product","link":"https:\/\/annette-ahrens.at\/onlineshop\/produkt\/champagnerschale-porzellanmanufaktur-augarten-wien-20-jahrhundert\/","title":{"rendered":"Vergoldete Champagnerschale, Porzellanmanufaktur Augarten, Wien, 20. Jahrhundert"},"content":{"rendered":"<p>Vergoldete Champagnerschale<\/p>\n<p>Porzellanmanufaktur Augarten, Wien, \u00d6sterreich, 20. Jahrhundert<\/p>\n<p>Porzellan, innen glanzvergoldet, aussen bunt staffiert, unterglasurblaue Bindenschildmarke AUGARTEN WIEN, Handbemalt und Formnummer, varierende Malernummer<\/p>\n<p>Dm 9 cm<\/p>\n<p>Bitte Farbe auf Anfrage w\u00e4hlen<\/p>\n","protected":false},"excerpt":{"rendered":"<p>Annettes Etikette: Die Vorlage f\u00fcr diese Champagnerschalen fand die Porzellanmanufaktur Augarten bei Milchschalen des 18. Jahrhunderts. Diese bildeten die Brust von\u00a0K\u00f6nigin Marie-Antoinette ab und wurden in ihrem Hameau verwendet. Die aufwendige Innenvergoldung h\u00e4lt den Champagner sch\u00f6n k\u00fchl. Der absolute Bestseller der Wiener Manufaktur!<\/p>\n","protected":false},"featured_media":20098,"comment_status":"open","ping_status":"closed","template":"","meta":[],"product_brand":[],"product_cat":[27,298,32,300,294,291,292,160,51,54,131,53,163],"product_tag":[],"class_list":{"0":"post-20131","1":"product","2":"type-product","3":"status-publish","4":"has-post-thumbnail","6":"product_cat-barware","7":"product_cat-buffet","8":"product_cat-festefeiern","9":"product_cat-gartenfest","10":"product_cat-geburtstag","11":"product_cat-hochzeit","12":"product_cat-muttertag","13":"product_cat-obst","14":"product_cat-ostern","15":"product_cat-porzellan","16":"product_cat-tafeldekorationen","17":"product_cat-weihnachten","18":"product_cat-zitrus","20":"first","21":"instock","22":"purchasable","23":"product-type-simple"},"yoast_head":"<!-- This site is optimized with the Yoast SEO Premium plugin v15.8.2 - https:\/\/yoast.com\/wordpress\/plugins\/seo\/ -->\n<title>Vergoldete Champagnerschale, Porzellanmanufaktur Augarten, Wien, 20. Jahrhundert<\/title>\n<meta name=\"description\" content=\"Vergoldete Champagnerschale, Porzellanmanufaktur Augarten, Wien, 20. Jahrhundert \u2665 Antiquit\u00e4ten Online kaufen \u2713 Sichere Lieferung \u2713\" \/>\n<meta name=\"robots\" content=\"index, follow, max-snippet:-1, max-image-preview:large, max-video-preview:-1\" \/>\n<link rel=\"canonical\" href=\"https:\/\/annette-ahrens.at\/onlineshop\/produkt\/champagnerschale-porzellanmanufaktur-augarten-wien-20-jahrhundert\/\" \/>\n<meta property=\"og:locale\" content=\"de_DE\" \/>\n<meta property=\"og:type\" content=\"article\" \/>\n<meta property=\"og:title\" content=\"Vergoldete Champagnerschale, Porzellanmanufaktur Augarten, Wien, 20. Jahrhundert\" \/>\n<meta property=\"og:description\" content=\"Vergoldete Champagnerschale, Porzellanmanufaktur Augarten, Wien, 20. Jahrhundert \u2665 Antiquit\u00e4ten Online kaufen \u2713 Sichere Lieferung \u2713\" \/>\n<meta property=\"og:url\" content=\"https:\/\/annette-ahrens.at\/onlineshop\/produkt\/champagnerschale-porzellanmanufaktur-augarten-wien-20-jahrhundert\/\" \/>\n<meta property=\"og:site_name\" content=\"Tafelkultur Onlineshop\" \/>\n<meta property=\"article:publisher\" content=\"https:\/\/www.facebook.com\/AnnetteAhrensTafelkultur\" \/>\n<meta property=\"article:modified_time\" content=\"2025-01-12T15:48:55+00:00\" \/>\n<meta property=\"og:image\" content=\"https:\/\/annette-ahrens.at\/onlineshop\/wp-content\/uploads\/2023\/01\/IMG_1227-rotated.jpeg\" \/>\n\t<meta property=\"og:image:width\" content=\"1936\" \/>\n\t<meta property=\"og:image:height\" content=\"1936\" \/>\n<meta name=\"twitter:card\" content=\"summary_large_image\" \/>\n<meta name=\"twitter:label1\" content=\"Gesch\u00e4tzte Lesezeit\">\n\t<meta name=\"twitter:data1\" content=\"1\u00a0Minute\">\n<script type=\"application\/ld+json\" class=\"yoast-schema-graph\">{\"@context\":\"https:\/\/schema.org\",\"@graph\":[{\"@type\":[\"Person\",\"Organization\"],\"@id\":\"https:\/\/annette-ahrens.at\/onlineshop\/#\/schema\/person\/3e19676faae246bba0cb3b7e15f427d8\",\"name\":\"Annette Ahrens\",\"image\":{\"@type\":\"ImageObject\",\"@id\":\"https:\/\/annette-ahrens.at\/onlineshop\/#personlogo\",\"inLanguage\":\"de\",\"url\":\"https:\/\/annette-ahrens.at\/onlineshop\/wp-content\/uploads\/2020\/04\/aa_logo_End.png\",\"width\":800,\"height\":164,\"caption\":\"Annette Ahrens\"},\"logo\":{\"@id\":\"https:\/\/annette-ahrens.at\/onlineshop\/#personlogo\"},\"sameAs\":[\"https:\/\/annette-ahrens.at\",\"https:\/\/www.facebook.com\/AnnetteAhrensTafelkultur\",\"https:\/\/www.instagram.com\/tafelkulturistin\/\",\"https:\/\/de.wikipedia.org\/wiki\/Annette_Ahrens\"]},{\"@type\":\"WebSite\",\"@id\":\"https:\/\/annette-ahrens.at\/onlineshop\/#website\",\"url\":\"https:\/\/annette-ahrens.at\/onlineshop\/\",\"name\":\"Tafelkultur Onlineshop\",\"description\":\"Annette Ahrens\",\"publisher\":{\"@id\":\"https:\/\/annette-ahrens.at\/onlineshop\/#\/schema\/person\/3e19676faae246bba0cb3b7e15f427d8\"},\"potentialAction\":[{\"@type\":\"SearchAction\",\"target\":\"https:\/\/annette-ahrens.at\/onlineshop\/?s={search_term_string}\",\"query-input\":\"required name=search_term_string\"}],\"inLanguage\":\"de\"},{\"@type\":\"ImageObject\",\"@id\":\"https:\/\/annette-ahrens.at\/onlineshop\/produkt\/champagnerschale-porzellanmanufaktur-augarten-wien-20-jahrhundert\/#primaryimage\",\"inLanguage\":\"de\",\"url\":\"https:\/\/annette-ahrens.at\/onlineshop\/wp-content\/uploads\/2023\/01\/IMG_1227-rotated.jpeg\",\"width\":1936,\"height\":1936,\"caption\":\"champagnerschale_augarten\"},{\"@type\":[\"WebPage\",\"ItemPage\"],\"@id\":\"https:\/\/annette-ahrens.at\/onlineshop\/produkt\/champagnerschale-porzellanmanufaktur-augarten-wien-20-jahrhundert\/#webpage\",\"url\":\"https:\/\/annette-ahrens.at\/onlineshop\/produkt\/champagnerschale-porzellanmanufaktur-augarten-wien-20-jahrhundert\/\",\"name\":\"Vergoldete Champagnerschale, Porzellanmanufaktur Augarten, Wien, 20. Jahrhundert\",\"isPartOf\":{\"@id\":\"https:\/\/annette-ahrens.at\/onlineshop\/#website\"},\"primaryImageOfPage\":{\"@id\":\"https:\/\/annette-ahrens.at\/onlineshop\/produkt\/champagnerschale-porzellanmanufaktur-augarten-wien-20-jahrhundert\/#primaryimage\"},\"datePublished\":\"2023-01-16T16:01:36+00:00\",\"dateModified\":\"2025-01-12T15:48:55+00:00\",\"description\":\"Vergoldete Champagnerschale, Porzellanmanufaktur Augarten, Wien, 20. Jahrhundert \\u2665 Antiquit\\u00e4ten Online kaufen \\u2713 Sichere Lieferung \\u2713\",\"breadcrumb\":{\"@id\":\"https:\/\/annette-ahrens.at\/onlineshop\/produkt\/champagnerschale-porzellanmanufaktur-augarten-wien-20-jahrhundert\/#breadcrumb\"},\"inLanguage\":\"de\",\"potentialAction\":[{\"@type\":\"ReadAction\",\"target\":[\"https:\/\/annette-ahrens.at\/onlineshop\/produkt\/champagnerschale-porzellanmanufaktur-augarten-wien-20-jahrhundert\/\"]}]},{\"@type\":\"BreadcrumbList\",\"@id\":\"https:\/\/annette-ahrens.at\/onlineshop\/produkt\/champagnerschale-porzellanmanufaktur-augarten-wien-20-jahrhundert\/#breadcrumb\",\"itemListElement\":[{\"@type\":\"ListItem\",\"position\":1,\"item\":{\"@type\":\"WebPage\",\"@id\":\"https:\/\/annette-ahrens.at\/onlineshop\/\",\"url\":\"https:\/\/annette-ahrens.at\/onlineshop\/\",\"name\":\"Home\"}},{\"@type\":\"ListItem\",\"position\":2,\"item\":{\"@type\":\"WebPage\",\"@id\":\"https:\/\/annette-ahrens.at\/onlineshop\/alle-tafelkultur-objekte\/\",\"url\":\"https:\/\/annette-ahrens.at\/onlineshop\/alle-tafelkultur-objekte\/\",\"name\":\"Alle Tafelkultur Objekte\"}},{\"@type\":\"ListItem\",\"position\":3,\"item\":{\"@type\":\"WebPage\",\"@id\":\"https:\/\/annette-ahrens.at\/onlineshop\/produkt\/champagnerschale-porzellanmanufaktur-augarten-wien-20-jahrhundert\/\",\"url\":\"https:\/\/annette-ahrens.at\/onlineshop\/produkt\/champagnerschale-porzellanmanufaktur-augarten-wien-20-jahrhundert\/\",\"name\":\"Vergoldete Champagnerschale, Porzellanmanufaktur Augarten, Wien, 20. Jahrhundert\"}}]}]}<\/script>\n<!-- \/ Yoast SEO Premium plugin. -->","_links":{"self":[{"href":"https:\/\/annette-ahrens.at\/onlineshop\/wp-json\/wp\/v2\/product\/20131","targetHints":{"allow":["GET"]}}],"collection":[{"href":"https:\/\/annette-ahrens.at\/onlineshop\/wp-json\/wp\/v2\/product"}],"about":[{"href":"https:\/\/annette-ahrens.at\/onlineshop\/wp-json\/wp\/v2\/types\/product"}],"replies":[{"embeddable":true,"href":"https:\/\/annette-ahrens.at\/onlineshop\/wp-json\/wp\/v2\/comments?post=20131"}],"wp:featuredmedia":[{"embeddable":true,"href":"https:\/\/annette-ahrens.at\/onlineshop\/wp-json\/wp\/v2\/media\/20098"}],"wp:attachment":[{"href":"https:\/\/annette-ahrens.at\/onlineshop\/wp-json\/wp\/v2\/media?parent=20131"}],"wp:term":[{"taxonomy":"product_brand","embeddable":true,"href":"https:\/\/annette-ahrens.at\/onlineshop\/wp-json\/wp\/v2\/product_brand?post=20131"},{"taxonomy":"product_cat","embeddable":true,"href":"https:\/\/annette-ahrens.at\/onlineshop\/wp-json\/wp\/v2\/product_cat?post=20131"},{"taxonomy":"product_tag","embeddable":true,"href":"https:\/\/annette-ahrens.at\/onlineshop\/wp-json\/wp\/v2\/product_tag?post=20131"}],"curies":[{"name":"wp","href":"https:\/\/api.w.org\/{rel}","templated":true}]}}