{"id":20923,"date":"2023-02-28T10:03:19","date_gmt":"2023-02-28T09:03:19","guid":{"rendered":"https:\/\/annette-ahrens.at\/onlineshop\/?post_type=product&#038;p=20923"},"modified":"2023-09-25T13:34:58","modified_gmt":"2023-09-25T11:34:58","slug":"grosser-silberner-kaviarkuehler-deutschland-um-1950","status":"publish","type":"product","link":"https:\/\/annette-ahrens.at\/onlineshop\/produkt\/grosser-silberner-kaviarkuehler-deutschland-um-1950\/","title":{"rendered":"Gro\u00dfer silberner Kaviark\u00fchler, Deutschland, um 1950"},"content":{"rendered":"<p>Gro\u00dfer silberner Kaviark\u00fchler<\/p>\n<p>Deutschland, um 1950<\/p>\n<p>Silbermontierung, geschliffener Bleikristallk\u00f6rper, herausnehmbarer Einsatz f\u00fcr Kaviar mit korrespondierendem Schliffdekor, runder Deckel mit plastisch gearbeitetem Fisch, vergoldet, gemarkt mit deutscher Silberpunze, verwendet nach 1888, Halbmond und Krone, Firmenzeichen<\/p>\n<p>H 11 cm<\/p>\n<p>Dm 19,5 cm<\/p>\n","protected":false},"excerpt":{"rendered":"<p>Annettes Etikette: Die alten Firmenkataloge sind meine &#8222;Schummelzettel&#8220;. Dort kann ich nachschauen, wof\u00fcr die aufgesp\u00fcrten Objekte tats\u00e4chlich konzipiert wurden: F\u00fcr Kaviar. Mit dem herausnehmbaren Einsatz ist dieses K\u00fchlgef\u00e4\u00df ein sch\u00f6nes Beispiel gehobener Tafelkultur. Der aufwendig gearbeitete und fein vergoldete Fisch ist eindeutig der Hauptdarsteller auf der festlichen Tafel.<\/p>\n","protected":false},"featured_media":20875,"comment_status":"open","ping_status":"closed","template":"","meta":[],"product_brand":[],"product_cat":[19,31,181,47,53],"product_tag":[],"class_list":{"0":"post-20923","1":"product","2":"type-product","3":"status-publish","4":"has-post-thumbnail","6":"product_cat-gabelfruehstueck","7":"product_cat-gastgeschenke","8":"product_cat-kaviar","9":"product_cat-meerestiere","10":"product_cat-weihnachten","12":"first","13":"instock","14":"sold-individually","15":"purchasable","16":"product-type-simple"},"yoast_head":"<!-- This site is optimized with the Yoast SEO Premium plugin v15.8.2 - https:\/\/yoast.com\/wordpress\/plugins\/seo\/ -->\n<title>Gro\u00dfer silberner Kaviark\u00fchler, Deutschland, um 1950<\/title>\n<meta name=\"description\" content=\"Gro\u00dfer silberner Kaviark\u00fchler, Deutschland, um 1950 \u2665 Antiquit\u00e4ten Online kaufen \u2713 Sichere Lieferung \u2713\" \/>\n<meta name=\"robots\" content=\"index, follow, max-snippet:-1, max-image-preview:large, max-video-preview:-1\" \/>\n<link rel=\"canonical\" href=\"https:\/\/annette-ahrens.at\/onlineshop\/produkt\/grosser-silberner-kaviarkuehler-deutschland-um-1950\/\" \/>\n<meta property=\"og:locale\" content=\"de_DE\" \/>\n<meta property=\"og:type\" content=\"article\" \/>\n<meta property=\"og:title\" content=\"Gro\u00dfer silberner Kaviark\u00fchler, Deutschland, um 1950\" \/>\n<meta property=\"og:description\" content=\"Gro\u00dfer silberner Kaviark\u00fchler, Deutschland, um 1950 \u2665 Antiquit\u00e4ten Online kaufen \u2713 Sichere Lieferung \u2713\" \/>\n<meta property=\"og:url\" content=\"https:\/\/annette-ahrens.at\/onlineshop\/produkt\/grosser-silberner-kaviarkuehler-deutschland-um-1950\/\" \/>\n<meta property=\"og:site_name\" content=\"Tafelkultur Onlineshop\" \/>\n<meta property=\"article:publisher\" content=\"https:\/\/www.facebook.com\/AnnetteAhrensTafelkultur\" \/>\n<meta property=\"article:modified_time\" content=\"2023-09-25T11:34:58+00:00\" \/>\n<meta property=\"og:image\" content=\"https:\/\/annette-ahrens.at\/onlineshop\/wp-content\/uploads\/2023\/02\/IMG_2125-rotated.jpeg\" \/>\n\t<meta property=\"og:image:width\" content=\"1936\" \/>\n\t<meta property=\"og:image:height\" content=\"1936\" \/>\n<meta name=\"twitter:card\" content=\"summary_large_image\" \/>\n<meta name=\"twitter:label1\" content=\"Gesch\u00e4tzte Lesezeit\">\n\t<meta name=\"twitter:data1\" content=\"1\u00a0Minute\">\n<script type=\"application\/ld+json\" class=\"yoast-schema-graph\">{\"@context\":\"https:\/\/schema.org\",\"@graph\":[{\"@type\":[\"Person\",\"Organization\"],\"@id\":\"https:\/\/annette-ahrens.at\/onlineshop\/#\/schema\/person\/3e19676faae246bba0cb3b7e15f427d8\",\"name\":\"Annette Ahrens\",\"image\":{\"@type\":\"ImageObject\",\"@id\":\"https:\/\/annette-ahrens.at\/onlineshop\/#personlogo\",\"inLanguage\":\"de\",\"url\":\"https:\/\/annette-ahrens.at\/onlineshop\/wp-content\/uploads\/2020\/04\/aa_logo_End.png\",\"width\":800,\"height\":164,\"caption\":\"Annette Ahrens\"},\"logo\":{\"@id\":\"https:\/\/annette-ahrens.at\/onlineshop\/#personlogo\"},\"sameAs\":[\"https:\/\/annette-ahrens.at\",\"https:\/\/www.facebook.com\/AnnetteAhrensTafelkultur\",\"https:\/\/www.instagram.com\/tafelkulturistin\/\",\"https:\/\/de.wikipedia.org\/wiki\/Annette_Ahrens\"]},{\"@type\":\"WebSite\",\"@id\":\"https:\/\/annette-ahrens.at\/onlineshop\/#website\",\"url\":\"https:\/\/annette-ahrens.at\/onlineshop\/\",\"name\":\"Tafelkultur Onlineshop\",\"description\":\"Annette Ahrens\",\"publisher\":{\"@id\":\"https:\/\/annette-ahrens.at\/onlineshop\/#\/schema\/person\/3e19676faae246bba0cb3b7e15f427d8\"},\"potentialAction\":[{\"@type\":\"SearchAction\",\"target\":\"https:\/\/annette-ahrens.at\/onlineshop\/?s={search_term_string}\",\"query-input\":\"required name=search_term_string\"}],\"inLanguage\":\"de\"},{\"@type\":\"ImageObject\",\"@id\":\"https:\/\/annette-ahrens.at\/onlineshop\/produkt\/grosser-silberner-kaviarkuehler-deutschland-um-1950\/#primaryimage\",\"inLanguage\":\"de\",\"url\":\"https:\/\/annette-ahrens.at\/onlineshop\/wp-content\/uploads\/2023\/02\/IMG_2125-rotated.jpeg\",\"width\":1936,\"height\":1936,\"caption\":\"kaviarschale_silber\"},{\"@type\":[\"WebPage\",\"ItemPage\"],\"@id\":\"https:\/\/annette-ahrens.at\/onlineshop\/produkt\/grosser-silberner-kaviarkuehler-deutschland-um-1950\/#webpage\",\"url\":\"https:\/\/annette-ahrens.at\/onlineshop\/produkt\/grosser-silberner-kaviarkuehler-deutschland-um-1950\/\",\"name\":\"Gro\\u00dfer silberner Kaviark\\u00fchler, Deutschland, um 1950\",\"isPartOf\":{\"@id\":\"https:\/\/annette-ahrens.at\/onlineshop\/#website\"},\"primaryImageOfPage\":{\"@id\":\"https:\/\/annette-ahrens.at\/onlineshop\/produkt\/grosser-silberner-kaviarkuehler-deutschland-um-1950\/#primaryimage\"},\"datePublished\":\"2023-02-28T09:03:19+00:00\",\"dateModified\":\"2023-09-25T11:34:58+00:00\",\"description\":\"Gro\\u00dfer silberner Kaviark\\u00fchler, Deutschland, um 1950 \\u2665 Antiquit\\u00e4ten Online kaufen \\u2713 Sichere Lieferung \\u2713\",\"breadcrumb\":{\"@id\":\"https:\/\/annette-ahrens.at\/onlineshop\/produkt\/grosser-silberner-kaviarkuehler-deutschland-um-1950\/#breadcrumb\"},\"inLanguage\":\"de\",\"potentialAction\":[{\"@type\":\"ReadAction\",\"target\":[\"https:\/\/annette-ahrens.at\/onlineshop\/produkt\/grosser-silberner-kaviarkuehler-deutschland-um-1950\/\"]}]},{\"@type\":\"BreadcrumbList\",\"@id\":\"https:\/\/annette-ahrens.at\/onlineshop\/produkt\/grosser-silberner-kaviarkuehler-deutschland-um-1950\/#breadcrumb\",\"itemListElement\":[{\"@type\":\"ListItem\",\"position\":1,\"item\":{\"@type\":\"WebPage\",\"@id\":\"https:\/\/annette-ahrens.at\/onlineshop\/\",\"url\":\"https:\/\/annette-ahrens.at\/onlineshop\/\",\"name\":\"Home\"}},{\"@type\":\"ListItem\",\"position\":2,\"item\":{\"@type\":\"WebPage\",\"@id\":\"https:\/\/annette-ahrens.at\/onlineshop\/alle-tafelkultur-objekte\/\",\"url\":\"https:\/\/annette-ahrens.at\/onlineshop\/alle-tafelkultur-objekte\/\",\"name\":\"Alle Tafelkultur Objekte\"}},{\"@type\":\"ListItem\",\"position\":3,\"item\":{\"@type\":\"WebPage\",\"@id\":\"https:\/\/annette-ahrens.at\/onlineshop\/produkt\/grosser-silberner-kaviarkuehler-deutschland-um-1950\/\",\"url\":\"https:\/\/annette-ahrens.at\/onlineshop\/produkt\/grosser-silberner-kaviarkuehler-deutschland-um-1950\/\",\"name\":\"Gro\\u00dfer silberner Kaviark\\u00fchler, Deutschland, um 1950\"}}]}]}<\/script>\n<!-- \/ Yoast SEO Premium plugin. -->","_links":{"self":[{"href":"https:\/\/annette-ahrens.at\/onlineshop\/wp-json\/wp\/v2\/product\/20923","targetHints":{"allow":["GET"]}}],"collection":[{"href":"https:\/\/annette-ahrens.at\/onlineshop\/wp-json\/wp\/v2\/product"}],"about":[{"href":"https:\/\/annette-ahrens.at\/onlineshop\/wp-json\/wp\/v2\/types\/product"}],"replies":[{"embeddable":true,"href":"https:\/\/annette-ahrens.at\/onlineshop\/wp-json\/wp\/v2\/comments?post=20923"}],"wp:featuredmedia":[{"embeddable":true,"href":"https:\/\/annette-ahrens.at\/onlineshop\/wp-json\/wp\/v2\/media\/20875"}],"wp:attachment":[{"href":"https:\/\/annette-ahrens.at\/onlineshop\/wp-json\/wp\/v2\/media?parent=20923"}],"wp:term":[{"taxonomy":"product_brand","embeddable":true,"href":"https:\/\/annette-ahrens.at\/onlineshop\/wp-json\/wp\/v2\/product_brand?post=20923"},{"taxonomy":"product_cat","embeddable":true,"href":"https:\/\/annette-ahrens.at\/onlineshop\/wp-json\/wp\/v2\/product_cat?post=20923"},{"taxonomy":"product_tag","embeddable":true,"href":"https:\/\/annette-ahrens.at\/onlineshop\/wp-json\/wp\/v2\/product_tag?post=20923"}],"curies":[{"name":"wp","href":"https:\/\/api.w.org\/{rel}","templated":true}]}}