{"id":2193,"date":"2020-06-16T22:04:03","date_gmt":"2020-06-16T20:04:03","guid":{"rendered":"https:\/\/annette-ahrens.at\/onlineshop\/?post_type=product&#038;p=2193"},"modified":"2026-04-12T12:32:14","modified_gmt":"2026-04-12T10:32:14","slug":"6-glaeser-physiognomical-miniature-snifters-fa-moser-karlsbad-um-1950","status":"publish","type":"product","link":"https:\/\/annette-ahrens.at\/onlineshop\/produkt\/6-glaeser-physiognomical-miniature-snifters-fa-moser-karlsbad-um-1950\/","title":{"rendered":"6 Gl\u00e4ser &#8222;Physiognomical Miniature Snifters&#8220;, Fa. Moser, Karlsbad, um 1950"},"content":{"rendered":"<p>6 St\u00fcck farblose Gl\u00e4ser<\/p>\n<p>Firma Moser, Karlsbad, um 1950<\/p>\n<p>in originaler Leder-Kassette bezeichnet &#8222;The Moser Club\u00b4s Physiognomical Miniature Snifters,\u00a0&#8222;Slim lady&#8220;, &#8222;Long Face&#8220;, &#8222;Stout Gentleman&#8220;, &#8222;Big Bertha&#8220;, &#8222;Moon Face&#8220; samt &#8222;Long Fellow&#8220;.<\/p>\n<p>Atelier: F.P. Chochal\u00e1ry<\/p>\n<p>Ma\u00dfe von 6 bis 15 cm<\/p>\n","protected":false},"excerpt":{"rendered":"<p>Annettes Etikette: Die Idee dieser Gl\u00e4ser ist dass jedem K\u00f6rpertypus eine eigene Glasform zuzuordnen ist. Klar, dass dies auf humoristische Weise im Cocktailzeitalter der 50er Jahre geschieht. Der graphisch gelungene Prospekt der renommierten Firma Moser hat sich in meinem Fundus erhalten und illustriert das hier formulierte um H\u00e4user besser!<\/p>\n","protected":false},"featured_media":2195,"comment_status":"open","ping_status":"closed","template":"","meta":[],"product_brand":[],"product_cat":[212,219,27,299,216,300,275,291,228,296,227],"product_tag":[],"class_list":{"0":"post-2193","1":"product","2":"type-product","3":"status-publish","4":"has-post-thumbnail","6":"product_cat-apertif","7":"product_cat-barutensilien","8":"product_cat-barware","9":"product_cat-cocktailparty","10":"product_cat-digestif","11":"product_cat-gartenfest","12":"product_cat-glas-fachbuecher","13":"product_cat-hochzeit","14":"product_cat-likeurglas","15":"product_cat-silvester","16":"product_cat-stamperl","18":"first","19":"instock","20":"sold-individually","21":"purchasable","22":"product-type-simple"},"yoast_head":"<!-- This site is optimized with the Yoast SEO Premium plugin v15.8.2 - https:\/\/yoast.com\/wordpress\/plugins\/seo\/ -->\n<title>6 Gl\u00e4ser &quot;Physiognomical Miniature Snifters&quot;, Fa. Moser, Karlsbad, um 1950<\/title>\n<meta name=\"description\" content=\"6 Gl\u00e4ser &quot;Physiognomical Miniature Snifters&quot;, Fa. Moser, Karlsbad, um 1950 \u2665 Antiquit\u00e4ten Online kaufen \u2713 Sichere Lieferung \u2713\" \/>\n<meta name=\"robots\" content=\"index, follow, max-snippet:-1, max-image-preview:large, max-video-preview:-1\" \/>\n<link rel=\"canonical\" href=\"https:\/\/annette-ahrens.at\/onlineshop\/produkt\/6-glaeser-physiognomical-miniature-snifters-fa-moser-karlsbad-um-1950\/\" \/>\n<meta property=\"og:locale\" content=\"de_DE\" \/>\n<meta property=\"og:type\" content=\"article\" \/>\n<meta property=\"og:title\" content=\"6 Gl\u00e4ser &quot;Physiognomical Miniature Snifters&quot;, Fa. Moser, Karlsbad, um 1950\" \/>\n<meta property=\"og:description\" content=\"6 Gl\u00e4ser &quot;Physiognomical Miniature Snifters&quot;, Fa. Moser, Karlsbad, um 1950 \u2665 Antiquit\u00e4ten Online kaufen \u2713 Sichere Lieferung \u2713\" \/>\n<meta property=\"og:url\" content=\"https:\/\/annette-ahrens.at\/onlineshop\/produkt\/6-glaeser-physiognomical-miniature-snifters-fa-moser-karlsbad-um-1950\/\" \/>\n<meta property=\"og:site_name\" content=\"Tafelkultur Onlineshop\" \/>\n<meta property=\"article:publisher\" content=\"https:\/\/www.facebook.com\/AnnetteAhrensTafelkultur\" \/>\n<meta property=\"article:modified_time\" content=\"2026-04-12T10:32:14+00:00\" \/>\n<meta property=\"og:image\" content=\"https:\/\/annette-ahrens.at\/onlineshop\/wp-content\/uploads\/2020\/06\/Physiognomical-Miniature-Snifters.png\" \/>\n\t<meta property=\"og:image:width\" content=\"1195\" \/>\n\t<meta property=\"og:image:height\" content=\"1054\" \/>\n<meta name=\"twitter:card\" content=\"summary_large_image\" \/>\n<script type=\"application\/ld+json\" class=\"yoast-schema-graph\">{\"@context\":\"https:\/\/schema.org\",\"@graph\":[{\"@type\":[\"Person\",\"Organization\"],\"@id\":\"https:\/\/annette-ahrens.at\/onlineshop\/#\/schema\/person\/3e19676faae246bba0cb3b7e15f427d8\",\"name\":\"Annette Ahrens\",\"image\":{\"@type\":\"ImageObject\",\"@id\":\"https:\/\/annette-ahrens.at\/onlineshop\/#personlogo\",\"inLanguage\":\"de\",\"url\":\"https:\/\/annette-ahrens.at\/onlineshop\/wp-content\/uploads\/2020\/04\/aa_logo_End.png\",\"width\":800,\"height\":164,\"caption\":\"Annette Ahrens\"},\"logo\":{\"@id\":\"https:\/\/annette-ahrens.at\/onlineshop\/#personlogo\"},\"sameAs\":[\"https:\/\/annette-ahrens.at\",\"https:\/\/www.facebook.com\/AnnetteAhrensTafelkultur\",\"https:\/\/www.instagram.com\/tafelkulturistin\/\",\"https:\/\/de.wikipedia.org\/wiki\/Annette_Ahrens\"]},{\"@type\":\"WebSite\",\"@id\":\"https:\/\/annette-ahrens.at\/onlineshop\/#website\",\"url\":\"https:\/\/annette-ahrens.at\/onlineshop\/\",\"name\":\"Tafelkultur Onlineshop\",\"description\":\"Annette Ahrens\",\"publisher\":{\"@id\":\"https:\/\/annette-ahrens.at\/onlineshop\/#\/schema\/person\/3e19676faae246bba0cb3b7e15f427d8\"},\"potentialAction\":[{\"@type\":\"SearchAction\",\"target\":\"https:\/\/annette-ahrens.at\/onlineshop\/?s={search_term_string}\",\"query-input\":\"required name=search_term_string\"}],\"inLanguage\":\"de\"},{\"@type\":\"ImageObject\",\"@id\":\"https:\/\/annette-ahrens.at\/onlineshop\/produkt\/6-glaeser-physiognomical-miniature-snifters-fa-moser-karlsbad-um-1950\/#primaryimage\",\"inLanguage\":\"de\",\"url\":\"https:\/\/annette-ahrens.at\/onlineshop\/wp-content\/uploads\/2020\/06\/Physiognomical-Miniature-Snifters.png\",\"width\":1195,\"height\":1054,\"caption\":\"Physiognomical Miniature Snifters\"},{\"@type\":[\"WebPage\",\"ItemPage\"],\"@id\":\"https:\/\/annette-ahrens.at\/onlineshop\/produkt\/6-glaeser-physiognomical-miniature-snifters-fa-moser-karlsbad-um-1950\/#webpage\",\"url\":\"https:\/\/annette-ahrens.at\/onlineshop\/produkt\/6-glaeser-physiognomical-miniature-snifters-fa-moser-karlsbad-um-1950\/\",\"name\":\"6 Gl\\u00e4ser \\\"Physiognomical Miniature Snifters\\\", Fa. Moser, Karlsbad, um 1950\",\"isPartOf\":{\"@id\":\"https:\/\/annette-ahrens.at\/onlineshop\/#website\"},\"primaryImageOfPage\":{\"@id\":\"https:\/\/annette-ahrens.at\/onlineshop\/produkt\/6-glaeser-physiognomical-miniature-snifters-fa-moser-karlsbad-um-1950\/#primaryimage\"},\"datePublished\":\"2020-06-16T20:04:03+00:00\",\"dateModified\":\"2026-04-12T10:32:14+00:00\",\"description\":\"6 Gl\\u00e4ser \\\"Physiognomical Miniature Snifters\\\", Fa. Moser, Karlsbad, um 1950 \\u2665 Antiquit\\u00e4ten Online kaufen \\u2713 Sichere Lieferung \\u2713\",\"breadcrumb\":{\"@id\":\"https:\/\/annette-ahrens.at\/onlineshop\/produkt\/6-glaeser-physiognomical-miniature-snifters-fa-moser-karlsbad-um-1950\/#breadcrumb\"},\"inLanguage\":\"de\",\"potentialAction\":[{\"@type\":\"ReadAction\",\"target\":[\"https:\/\/annette-ahrens.at\/onlineshop\/produkt\/6-glaeser-physiognomical-miniature-snifters-fa-moser-karlsbad-um-1950\/\"]}]},{\"@type\":\"BreadcrumbList\",\"@id\":\"https:\/\/annette-ahrens.at\/onlineshop\/produkt\/6-glaeser-physiognomical-miniature-snifters-fa-moser-karlsbad-um-1950\/#breadcrumb\",\"itemListElement\":[{\"@type\":\"ListItem\",\"position\":1,\"item\":{\"@type\":\"WebPage\",\"@id\":\"https:\/\/annette-ahrens.at\/onlineshop\/\",\"url\":\"https:\/\/annette-ahrens.at\/onlineshop\/\",\"name\":\"Home\"}},{\"@type\":\"ListItem\",\"position\":2,\"item\":{\"@type\":\"WebPage\",\"@id\":\"https:\/\/annette-ahrens.at\/onlineshop\/alle-tafelkultur-objekte\/\",\"url\":\"https:\/\/annette-ahrens.at\/onlineshop\/alle-tafelkultur-objekte\/\",\"name\":\"Alle Tafelkultur Objekte\"}},{\"@type\":\"ListItem\",\"position\":3,\"item\":{\"@type\":\"WebPage\",\"@id\":\"https:\/\/annette-ahrens.at\/onlineshop\/produkt\/6-glaeser-physiognomical-miniature-snifters-fa-moser-karlsbad-um-1950\/\",\"url\":\"https:\/\/annette-ahrens.at\/onlineshop\/produkt\/6-glaeser-physiognomical-miniature-snifters-fa-moser-karlsbad-um-1950\/\",\"name\":\"6 Gl\\u00e4ser &#8222;Physiognomical Miniature Snifters&#8220;, Fa. Moser, Karlsbad, um 1950\"}}]}]}<\/script>\n<!-- \/ Yoast SEO Premium plugin. -->","_links":{"self":[{"href":"https:\/\/annette-ahrens.at\/onlineshop\/wp-json\/wp\/v2\/product\/2193","targetHints":{"allow":["GET"]}}],"collection":[{"href":"https:\/\/annette-ahrens.at\/onlineshop\/wp-json\/wp\/v2\/product"}],"about":[{"href":"https:\/\/annette-ahrens.at\/onlineshop\/wp-json\/wp\/v2\/types\/product"}],"replies":[{"embeddable":true,"href":"https:\/\/annette-ahrens.at\/onlineshop\/wp-json\/wp\/v2\/comments?post=2193"}],"wp:featuredmedia":[{"embeddable":true,"href":"https:\/\/annette-ahrens.at\/onlineshop\/wp-json\/wp\/v2\/media\/2195"}],"wp:attachment":[{"href":"https:\/\/annette-ahrens.at\/onlineshop\/wp-json\/wp\/v2\/media?parent=2193"}],"wp:term":[{"taxonomy":"product_brand","embeddable":true,"href":"https:\/\/annette-ahrens.at\/onlineshop\/wp-json\/wp\/v2\/product_brand?post=2193"},{"taxonomy":"product_cat","embeddable":true,"href":"https:\/\/annette-ahrens.at\/onlineshop\/wp-json\/wp\/v2\/product_cat?post=2193"},{"taxonomy":"product_tag","embeddable":true,"href":"https:\/\/annette-ahrens.at\/onlineshop\/wp-json\/wp\/v2\/product_tag?post=2193"}],"curies":[{"name":"wp","href":"https:\/\/api.w.org\/{rel}","templated":true}]}}