{"id":22307,"date":"2023-05-25T11:33:33","date_gmt":"2023-05-25T09:33:33","guid":{"rendered":"https:\/\/annette-ahrens.at\/onlineshop\/?post_type=product&#038;p=22307"},"modified":"2023-05-25T19:07:46","modified_gmt":"2023-05-25T17:07:46","slug":"paar-biedermeier-kerzenleuchter-mit-rosendekor-oesterreich-um-1860","status":"publish","type":"product","link":"https:\/\/annette-ahrens.at\/onlineshop\/produkt\/paar-biedermeier-kerzenleuchter-mit-rosendekor-oesterreich-um-1860\/","title":{"rendered":"Paar Biedermeier Kerzenleuchter mit Rosendekor, \u00d6sterreich, um 1860"},"content":{"rendered":"<p>Paar Biedermeier Kerzenleuchter mit Rosendekor<\/p>\n<p>\u00d6sterreich, um 1860<\/p>\n<p>Alpacca, runder, abgetreppter Fu\u00df mit Keulenschaft, umlaufender Rosendekor (etwas berieben), fixe Tropftasse, am Stand gemarkt ChS im Rechteck f\u00fcr CHINASILBER und Doppeladler, handpolierter Zustand<\/p>\n<p>H 20,5 cm<\/p>\n","protected":false},"excerpt":{"rendered":"<p>Annettes Etikette: Diesen beliebten Rosendekor zeigen typische Wiener Kerzenleuchter des Biedermeiers. Die ungew\u00f6hnliche Marke steht f\u00fcr plattierte Ware, auch Chinasilber bezeichnet. Der Doppeladler trugen Wiener Firmen mit einer gewissen Anzahl von Besch\u00e4ftigten.<\/p>\n","protected":false},"featured_media":22339,"comment_status":"open","ping_status":"closed","template":"","meta":[],"product_brand":[],"product_cat":[25,297,276,32,48,28,289,131,53,26],"product_tag":[],"class_list":{"0":"post-22307","1":"product","2":"type-product","3":"status-publish","4":"has-post-thumbnail","6":"product_cat-5o-clock-tea","7":"product_cat-adventjause","8":"product_cat-alpacca","9":"product_cat-festefeiern","10":"product_cat-kerzenleuchter","11":"product_cat-licht-rauch","12":"product_cat-paar-leuchter","13":"product_cat-tafeldekorationen","14":"product_cat-weihnachten","15":"product_cat-wiener-melange","17":"first","18":"instock","19":"sold-individually","20":"purchasable","21":"product-type-simple"},"yoast_head":"<!-- This site is optimized with the Yoast SEO Premium plugin v15.8.2 - https:\/\/yoast.com\/wordpress\/plugins\/seo\/ -->\n<title>Paar Biedermeier Kerzenleuchter mit Rosendekor, \u00d6sterreich, um 1860<\/title>\n<meta name=\"description\" content=\"Paar Biedermeier Kerzenleuchter mit Rosendekor, \u00d6sterreich, um 1860 \u2665 Antiquit\u00e4ten Online kaufen \u2713 Sichere Lieferung \u2713\" \/>\n<meta name=\"robots\" content=\"index, follow, max-snippet:-1, max-image-preview:large, max-video-preview:-1\" \/>\n<link rel=\"canonical\" href=\"https:\/\/annette-ahrens.at\/onlineshop\/produkt\/paar-biedermeier-kerzenleuchter-mit-rosendekor-oesterreich-um-1860\/\" \/>\n<meta property=\"og:locale\" content=\"de_DE\" \/>\n<meta property=\"og:type\" content=\"article\" \/>\n<meta property=\"og:title\" content=\"Paar Biedermeier Kerzenleuchter mit Rosendekor, \u00d6sterreich, um 1860\" \/>\n<meta property=\"og:description\" content=\"Paar Biedermeier Kerzenleuchter mit Rosendekor, \u00d6sterreich, um 1860 \u2665 Antiquit\u00e4ten Online kaufen \u2713 Sichere Lieferung \u2713\" \/>\n<meta property=\"og:url\" content=\"https:\/\/annette-ahrens.at\/onlineshop\/produkt\/paar-biedermeier-kerzenleuchter-mit-rosendekor-oesterreich-um-1860\/\" \/>\n<meta property=\"og:site_name\" content=\"Tafelkultur Onlineshop\" \/>\n<meta property=\"article:publisher\" content=\"https:\/\/www.facebook.com\/AnnetteAhrensTafelkultur\" \/>\n<meta property=\"article:modified_time\" content=\"2023-05-25T17:07:46+00:00\" \/>\n<meta property=\"og:image\" content=\"https:\/\/annette-ahrens.at\/onlineshop\/wp-content\/uploads\/2023\/05\/IMG_3421-rotated.jpeg\" \/>\n\t<meta property=\"og:image:width\" content=\"1936\" \/>\n\t<meta property=\"og:image:height\" content=\"1936\" \/>\n<meta name=\"twitter:card\" content=\"summary_large_image\" \/>\n<meta name=\"twitter:label1\" content=\"Gesch\u00e4tzte Lesezeit\">\n\t<meta name=\"twitter:data1\" content=\"1\u00a0Minute\">\n<script type=\"application\/ld+json\" class=\"yoast-schema-graph\">{\"@context\":\"https:\/\/schema.org\",\"@graph\":[{\"@type\":[\"Person\",\"Organization\"],\"@id\":\"https:\/\/annette-ahrens.at\/onlineshop\/#\/schema\/person\/3e19676faae246bba0cb3b7e15f427d8\",\"name\":\"Annette Ahrens\",\"image\":{\"@type\":\"ImageObject\",\"@id\":\"https:\/\/annette-ahrens.at\/onlineshop\/#personlogo\",\"inLanguage\":\"de\",\"url\":\"https:\/\/annette-ahrens.at\/onlineshop\/wp-content\/uploads\/2020\/04\/aa_logo_End.png\",\"width\":800,\"height\":164,\"caption\":\"Annette Ahrens\"},\"logo\":{\"@id\":\"https:\/\/annette-ahrens.at\/onlineshop\/#personlogo\"},\"sameAs\":[\"https:\/\/annette-ahrens.at\",\"https:\/\/www.facebook.com\/AnnetteAhrensTafelkultur\",\"https:\/\/www.instagram.com\/tafelkulturistin\/\",\"https:\/\/de.wikipedia.org\/wiki\/Annette_Ahrens\"]},{\"@type\":\"WebSite\",\"@id\":\"https:\/\/annette-ahrens.at\/onlineshop\/#website\",\"url\":\"https:\/\/annette-ahrens.at\/onlineshop\/\",\"name\":\"Tafelkultur Onlineshop\",\"description\":\"Annette Ahrens\",\"publisher\":{\"@id\":\"https:\/\/annette-ahrens.at\/onlineshop\/#\/schema\/person\/3e19676faae246bba0cb3b7e15f427d8\"},\"potentialAction\":[{\"@type\":\"SearchAction\",\"target\":\"https:\/\/annette-ahrens.at\/onlineshop\/?s={search_term_string}\",\"query-input\":\"required name=search_term_string\"}],\"inLanguage\":\"de\"},{\"@type\":\"ImageObject\",\"@id\":\"https:\/\/annette-ahrens.at\/onlineshop\/produkt\/paar-biedermeier-kerzenleuchter-mit-rosendekor-oesterreich-um-1860\/#primaryimage\",\"inLanguage\":\"de\",\"url\":\"https:\/\/annette-ahrens.at\/onlineshop\/wp-content\/uploads\/2023\/05\/IMG_3421-rotated.jpeg\",\"width\":1936,\"height\":1936,\"caption\":\"kerzenleuchter_versilbert\"},{\"@type\":[\"WebPage\",\"ItemPage\"],\"@id\":\"https:\/\/annette-ahrens.at\/onlineshop\/produkt\/paar-biedermeier-kerzenleuchter-mit-rosendekor-oesterreich-um-1860\/#webpage\",\"url\":\"https:\/\/annette-ahrens.at\/onlineshop\/produkt\/paar-biedermeier-kerzenleuchter-mit-rosendekor-oesterreich-um-1860\/\",\"name\":\"Paar Biedermeier Kerzenleuchter mit Rosendekor, \\u00d6sterreich, um 1860\",\"isPartOf\":{\"@id\":\"https:\/\/annette-ahrens.at\/onlineshop\/#website\"},\"primaryImageOfPage\":{\"@id\":\"https:\/\/annette-ahrens.at\/onlineshop\/produkt\/paar-biedermeier-kerzenleuchter-mit-rosendekor-oesterreich-um-1860\/#primaryimage\"},\"datePublished\":\"2023-05-25T09:33:33+00:00\",\"dateModified\":\"2023-05-25T17:07:46+00:00\",\"description\":\"Paar Biedermeier Kerzenleuchter mit Rosendekor, \\u00d6sterreich, um 1860 \\u2665 Antiquit\\u00e4ten Online kaufen \\u2713 Sichere Lieferung \\u2713\",\"breadcrumb\":{\"@id\":\"https:\/\/annette-ahrens.at\/onlineshop\/produkt\/paar-biedermeier-kerzenleuchter-mit-rosendekor-oesterreich-um-1860\/#breadcrumb\"},\"inLanguage\":\"de\",\"potentialAction\":[{\"@type\":\"ReadAction\",\"target\":[\"https:\/\/annette-ahrens.at\/onlineshop\/produkt\/paar-biedermeier-kerzenleuchter-mit-rosendekor-oesterreich-um-1860\/\"]}]},{\"@type\":\"BreadcrumbList\",\"@id\":\"https:\/\/annette-ahrens.at\/onlineshop\/produkt\/paar-biedermeier-kerzenleuchter-mit-rosendekor-oesterreich-um-1860\/#breadcrumb\",\"itemListElement\":[{\"@type\":\"ListItem\",\"position\":1,\"item\":{\"@type\":\"WebPage\",\"@id\":\"https:\/\/annette-ahrens.at\/onlineshop\/\",\"url\":\"https:\/\/annette-ahrens.at\/onlineshop\/\",\"name\":\"Home\"}},{\"@type\":\"ListItem\",\"position\":2,\"item\":{\"@type\":\"WebPage\",\"@id\":\"https:\/\/annette-ahrens.at\/onlineshop\/alle-tafelkultur-objekte\/\",\"url\":\"https:\/\/annette-ahrens.at\/onlineshop\/alle-tafelkultur-objekte\/\",\"name\":\"Alle Tafelkultur Objekte\"}},{\"@type\":\"ListItem\",\"position\":3,\"item\":{\"@type\":\"WebPage\",\"@id\":\"https:\/\/annette-ahrens.at\/onlineshop\/produkt\/paar-biedermeier-kerzenleuchter-mit-rosendekor-oesterreich-um-1860\/\",\"url\":\"https:\/\/annette-ahrens.at\/onlineshop\/produkt\/paar-biedermeier-kerzenleuchter-mit-rosendekor-oesterreich-um-1860\/\",\"name\":\"Paar Biedermeier Kerzenleuchter mit Rosendekor, \\u00d6sterreich, um 1860\"}}]}]}<\/script>\n<!-- \/ Yoast SEO Premium plugin. -->","_links":{"self":[{"href":"https:\/\/annette-ahrens.at\/onlineshop\/wp-json\/wp\/v2\/product\/22307","targetHints":{"allow":["GET"]}}],"collection":[{"href":"https:\/\/annette-ahrens.at\/onlineshop\/wp-json\/wp\/v2\/product"}],"about":[{"href":"https:\/\/annette-ahrens.at\/onlineshop\/wp-json\/wp\/v2\/types\/product"}],"replies":[{"embeddable":true,"href":"https:\/\/annette-ahrens.at\/onlineshop\/wp-json\/wp\/v2\/comments?post=22307"}],"wp:featuredmedia":[{"embeddable":true,"href":"https:\/\/annette-ahrens.at\/onlineshop\/wp-json\/wp\/v2\/media\/22339"}],"wp:attachment":[{"href":"https:\/\/annette-ahrens.at\/onlineshop\/wp-json\/wp\/v2\/media?parent=22307"}],"wp:term":[{"taxonomy":"product_brand","embeddable":true,"href":"https:\/\/annette-ahrens.at\/onlineshop\/wp-json\/wp\/v2\/product_brand?post=22307"},{"taxonomy":"product_cat","embeddable":true,"href":"https:\/\/annette-ahrens.at\/onlineshop\/wp-json\/wp\/v2\/product_cat?post=22307"},{"taxonomy":"product_tag","embeddable":true,"href":"https:\/\/annette-ahrens.at\/onlineshop\/wp-json\/wp\/v2\/product_tag?post=22307"}],"curies":[{"name":"wp","href":"https:\/\/api.w.org\/{rel}","templated":true}]}}