{"id":2274,"date":"2020-06-23T09:37:24","date_gmt":"2020-06-23T07:37:24","guid":{"rendered":"https:\/\/annette-ahrens.at\/onlineshop\/?post_type=product&#038;p=2274"},"modified":"2025-12-26T14:00:57","modified_gmt":"2025-12-26T13:00:57","slug":"michael-powolny-128-teiliges-service-mit-goldrand-in-der-form-opus-porzellanmanufaktur-augarten-um-1950","status":"publish","type":"product","link":"https:\/\/annette-ahrens.at\/onlineshop\/produkt\/michael-powolny-128-teiliges-service-mit-goldrand-in-der-form-opus-porzellanmanufaktur-augarten-um-1950\/","title":{"rendered":"Ena Rottenberg, 116 teiliges Service mit Goldrand in der Form &#8222;Ena&#8220;, Porzellanmanufaktur Augarten, um 1950"},"content":{"rendered":"<p>Service mit Goldrand in der Form &#8222;Ena&#8220;<\/p>\n<p>Porzellanmanufaktur Augarten, Wien, um 1950<\/p>\n<p>Entwurf von Ena (Emma Helena) Rottenberg (1893 &#8211; 1952)<\/p>\n<p>Porzellan, glasiert, Gold ger\u00e4ndert, alle Teile gemarkt mit unterglasurblauer Augartenmarke, bekr\u00f6ntes Bindenschild, alle Teile im besten Erhaltungszustand, fehlerfrei, kaum ben\u00fctzt;<\/p>\n<p>Service bestehend aus 116 Teilen:<\/p>\n<p>12 flache Speiseteller Dm 25 cm<\/p>\n<p>12 tiefe Suppenteller Dm 25 cm<\/p>\n<p>12 Vorspeisteller Dm 20 cm<\/p>\n<p>1 Suppensch\u00fcssel mit Deckel<\/p>\n<p>1 kleine Deckelterrine mit Deckel und Unterteller<\/p>\n<p>12 Bouillontassen\u00a0mit Henkeln mit 12 Untertellern<\/p>\n<p>8 Brotteller Dm 16 cm<\/p>\n<p>2 ovale Fleischplatten L\u00e4nge 38 und 32 cm<\/p>\n<p>1 runde Tortenplatte Dm 32 cm<\/p>\n<p>4\u00a0runde Salatsch\u00fcsseln<\/p>\n<p>12 Kaffeetassen mit 12 Untertassen<\/p>\n<p>6 Moccatassen mit 6 Untertassen<\/p>\n<p>2 Tortenplatten und 1 runde Schale (erg\u00e4nzt, Dekor ident),<\/p>\n<p>1 Teekanne mit Deckel<\/p>\n<p>1 Kaffeekanne mit Deckel<\/p>\n<p>1 Mokkakanne mit Deckel<\/p>\n<p>2 Zuckerdosen mit Deckel<\/p>\n<p>4 Milchgiesser<\/p>\n","protected":false},"excerpt":{"rendered":"<p>Service mit Goldrand in der Form &#8222;Ena&#8220; Porzellanmanufaktur Augarten, Wien, um 1950 Entwurf von Ena (Emma Helena) Rottenberg (1893 &#8211; 1952) Porzellan, glasiert, Gold ger\u00e4ndert, alle Teile gemarkt mit unterglasurblauer Augartenmarke, bekr\u00f6ntes Bindenschild, alle Teile im besten Erhaltungszustand, fehlerfrei, kaum ben\u00fctzt; Service bestehend aus 116 Teilen: 12 flache Speiseteller Dm 25 cm 12 tiefe Suppenteller [&hellip;]<\/p>\n","protected":false},"featured_media":2981,"comment_status":"open","ping_status":"closed","template":"","meta":[],"product_brand":[],"product_cat":[130,32,291,54,53,26],"product_tag":[],"class_list":{"0":"post-2274","1":"product","2":"type-product","3":"status-publish","4":"has-post-thumbnail","6":"product_cat-abendessen","7":"product_cat-festefeiern","8":"product_cat-hochzeit","9":"product_cat-porzellan","10":"product_cat-weihnachten","11":"product_cat-wiener-melange","13":"first","14":"instock","15":"sold-individually","16":"purchasable","17":"product-type-simple"},"yoast_head":"<!-- This site is optimized with the Yoast SEO Premium plugin v15.8.2 - https:\/\/yoast.com\/wordpress\/plugins\/seo\/ -->\n<title>Ena Rottenberg, 116 teiliges Service mit Goldrand in der Form &quot;Ena&quot;, Porzellanmanufaktur Augarten, um 1950<\/title>\n<meta name=\"description\" content=\"Ena Rottenberg, 116 teiliges Service mit Goldrand in der Form &quot;Ena&quot;, Porzellanmanufaktur Augarten, um 1950 \u2665 Antiquit\u00e4ten Online kaufen \u2713 Sichere Lieferung \u2713\" \/>\n<meta name=\"robots\" content=\"index, follow, max-snippet:-1, max-image-preview:large, max-video-preview:-1\" \/>\n<link rel=\"canonical\" href=\"https:\/\/annette-ahrens.at\/onlineshop\/produkt\/michael-powolny-128-teiliges-service-mit-goldrand-in-der-form-opus-porzellanmanufaktur-augarten-um-1950\/\" \/>\n<meta property=\"og:locale\" content=\"de_DE\" \/>\n<meta property=\"og:type\" content=\"article\" \/>\n<meta property=\"og:title\" content=\"Ena Rottenberg, 116 teiliges Service mit Goldrand in der Form &quot;Ena&quot;, Porzellanmanufaktur Augarten, um 1950\" \/>\n<meta property=\"og:description\" content=\"Ena Rottenberg, 116 teiliges Service mit Goldrand in der Form &quot;Ena&quot;, Porzellanmanufaktur Augarten, um 1950 \u2665 Antiquit\u00e4ten Online kaufen \u2713 Sichere Lieferung \u2713\" \/>\n<meta property=\"og:url\" content=\"https:\/\/annette-ahrens.at\/onlineshop\/produkt\/michael-powolny-128-teiliges-service-mit-goldrand-in-der-form-opus-porzellanmanufaktur-augarten-um-1950\/\" \/>\n<meta property=\"og:site_name\" content=\"Tafelkultur Onlineshop\" \/>\n<meta property=\"article:publisher\" content=\"https:\/\/www.facebook.com\/AnnetteAhrensTafelkultur\" \/>\n<meta property=\"article:modified_time\" content=\"2025-12-26T13:00:57+00:00\" \/>\n<meta property=\"og:image\" content=\"https:\/\/annette-ahrens.at\/onlineshop\/wp-content\/uploads\/2020\/09\/IMG_9079-scaled.jpeg\" \/>\n\t<meta property=\"og:image:width\" content=\"2560\" \/>\n\t<meta property=\"og:image:height\" content=\"2560\" \/>\n<meta name=\"twitter:card\" content=\"summary_large_image\" \/>\n<meta name=\"twitter:label1\" content=\"Gesch\u00e4tzte Lesezeit\">\n\t<meta name=\"twitter:data1\" content=\"1\u00a0Minute\">\n<script type=\"application\/ld+json\" class=\"yoast-schema-graph\">{\"@context\":\"https:\/\/schema.org\",\"@graph\":[{\"@type\":[\"Person\",\"Organization\"],\"@id\":\"https:\/\/annette-ahrens.at\/onlineshop\/#\/schema\/person\/3e19676faae246bba0cb3b7e15f427d8\",\"name\":\"Annette Ahrens\",\"image\":{\"@type\":\"ImageObject\",\"@id\":\"https:\/\/annette-ahrens.at\/onlineshop\/#personlogo\",\"inLanguage\":\"de\",\"url\":\"https:\/\/annette-ahrens.at\/onlineshop\/wp-content\/uploads\/2020\/04\/aa_logo_End.png\",\"width\":800,\"height\":164,\"caption\":\"Annette Ahrens\"},\"logo\":{\"@id\":\"https:\/\/annette-ahrens.at\/onlineshop\/#personlogo\"},\"sameAs\":[\"https:\/\/annette-ahrens.at\",\"https:\/\/www.facebook.com\/AnnetteAhrensTafelkultur\",\"https:\/\/www.instagram.com\/tafelkulturistin\/\",\"https:\/\/de.wikipedia.org\/wiki\/Annette_Ahrens\"]},{\"@type\":\"WebSite\",\"@id\":\"https:\/\/annette-ahrens.at\/onlineshop\/#website\",\"url\":\"https:\/\/annette-ahrens.at\/onlineshop\/\",\"name\":\"Tafelkultur Onlineshop\",\"description\":\"Annette Ahrens\",\"publisher\":{\"@id\":\"https:\/\/annette-ahrens.at\/onlineshop\/#\/schema\/person\/3e19676faae246bba0cb3b7e15f427d8\"},\"potentialAction\":[{\"@type\":\"SearchAction\",\"target\":\"https:\/\/annette-ahrens.at\/onlineshop\/?s={search_term_string}\",\"query-input\":\"required name=search_term_string\"}],\"inLanguage\":\"de\"},{\"@type\":\"ImageObject\",\"@id\":\"https:\/\/annette-ahrens.at\/onlineshop\/produkt\/michael-powolny-128-teiliges-service-mit-goldrand-in-der-form-opus-porzellanmanufaktur-augarten-um-1950\/#primaryimage\",\"inLanguage\":\"de\",\"url\":\"https:\/\/annette-ahrens.at\/onlineshop\/wp-content\/uploads\/2020\/09\/IMG_9079-scaled.jpeg\",\"width\":2560,\"height\":2560,\"caption\":\"Augarten_Ena\"},{\"@type\":[\"WebPage\",\"ItemPage\"],\"@id\":\"https:\/\/annette-ahrens.at\/onlineshop\/produkt\/michael-powolny-128-teiliges-service-mit-goldrand-in-der-form-opus-porzellanmanufaktur-augarten-um-1950\/#webpage\",\"url\":\"https:\/\/annette-ahrens.at\/onlineshop\/produkt\/michael-powolny-128-teiliges-service-mit-goldrand-in-der-form-opus-porzellanmanufaktur-augarten-um-1950\/\",\"name\":\"Ena Rottenberg, 116 teiliges Service mit Goldrand in der Form \\\"Ena\\\", Porzellanmanufaktur Augarten, um 1950\",\"isPartOf\":{\"@id\":\"https:\/\/annette-ahrens.at\/onlineshop\/#website\"},\"primaryImageOfPage\":{\"@id\":\"https:\/\/annette-ahrens.at\/onlineshop\/produkt\/michael-powolny-128-teiliges-service-mit-goldrand-in-der-form-opus-porzellanmanufaktur-augarten-um-1950\/#primaryimage\"},\"datePublished\":\"2020-06-23T07:37:24+00:00\",\"dateModified\":\"2025-12-26T13:00:57+00:00\",\"description\":\"Ena Rottenberg, 116 teiliges Service mit Goldrand in der Form \\\"Ena\\\", Porzellanmanufaktur Augarten, um 1950 \\u2665 Antiquit\\u00e4ten Online kaufen \\u2713 Sichere Lieferung \\u2713\",\"breadcrumb\":{\"@id\":\"https:\/\/annette-ahrens.at\/onlineshop\/produkt\/michael-powolny-128-teiliges-service-mit-goldrand-in-der-form-opus-porzellanmanufaktur-augarten-um-1950\/#breadcrumb\"},\"inLanguage\":\"de\",\"potentialAction\":[{\"@type\":\"ReadAction\",\"target\":[\"https:\/\/annette-ahrens.at\/onlineshop\/produkt\/michael-powolny-128-teiliges-service-mit-goldrand-in-der-form-opus-porzellanmanufaktur-augarten-um-1950\/\"]}]},{\"@type\":\"BreadcrumbList\",\"@id\":\"https:\/\/annette-ahrens.at\/onlineshop\/produkt\/michael-powolny-128-teiliges-service-mit-goldrand-in-der-form-opus-porzellanmanufaktur-augarten-um-1950\/#breadcrumb\",\"itemListElement\":[{\"@type\":\"ListItem\",\"position\":1,\"item\":{\"@type\":\"WebPage\",\"@id\":\"https:\/\/annette-ahrens.at\/onlineshop\/\",\"url\":\"https:\/\/annette-ahrens.at\/onlineshop\/\",\"name\":\"Home\"}},{\"@type\":\"ListItem\",\"position\":2,\"item\":{\"@type\":\"WebPage\",\"@id\":\"https:\/\/annette-ahrens.at\/onlineshop\/alle-tafelkultur-objekte\/\",\"url\":\"https:\/\/annette-ahrens.at\/onlineshop\/alle-tafelkultur-objekte\/\",\"name\":\"Alle Tafelkultur Objekte\"}},{\"@type\":\"ListItem\",\"position\":3,\"item\":{\"@type\":\"WebPage\",\"@id\":\"https:\/\/annette-ahrens.at\/onlineshop\/produkt\/michael-powolny-128-teiliges-service-mit-goldrand-in-der-form-opus-porzellanmanufaktur-augarten-um-1950\/\",\"url\":\"https:\/\/annette-ahrens.at\/onlineshop\/produkt\/michael-powolny-128-teiliges-service-mit-goldrand-in-der-form-opus-porzellanmanufaktur-augarten-um-1950\/\",\"name\":\"Ena Rottenberg, 116 teiliges Service mit Goldrand in der Form &#8222;Ena&#8220;, Porzellanmanufaktur Augarten, um 1950\"}}]}]}<\/script>\n<!-- \/ Yoast SEO Premium plugin. -->","_links":{"self":[{"href":"https:\/\/annette-ahrens.at\/onlineshop\/wp-json\/wp\/v2\/product\/2274","targetHints":{"allow":["GET"]}}],"collection":[{"href":"https:\/\/annette-ahrens.at\/onlineshop\/wp-json\/wp\/v2\/product"}],"about":[{"href":"https:\/\/annette-ahrens.at\/onlineshop\/wp-json\/wp\/v2\/types\/product"}],"replies":[{"embeddable":true,"href":"https:\/\/annette-ahrens.at\/onlineshop\/wp-json\/wp\/v2\/comments?post=2274"}],"wp:featuredmedia":[{"embeddable":true,"href":"https:\/\/annette-ahrens.at\/onlineshop\/wp-json\/wp\/v2\/media\/2981"}],"wp:attachment":[{"href":"https:\/\/annette-ahrens.at\/onlineshop\/wp-json\/wp\/v2\/media?parent=2274"}],"wp:term":[{"taxonomy":"product_brand","embeddable":true,"href":"https:\/\/annette-ahrens.at\/onlineshop\/wp-json\/wp\/v2\/product_brand?post=2274"},{"taxonomy":"product_cat","embeddable":true,"href":"https:\/\/annette-ahrens.at\/onlineshop\/wp-json\/wp\/v2\/product_cat?post=2274"},{"taxonomy":"product_tag","embeddable":true,"href":"https:\/\/annette-ahrens.at\/onlineshop\/wp-json\/wp\/v2\/product_tag?post=2274"}],"curies":[{"name":"wp","href":"https:\/\/api.w.org\/{rel}","templated":true}]}}