{"id":23220,"date":"2023-06-22T18:46:12","date_gmt":"2023-06-22T16:46:12","guid":{"rendered":"https:\/\/annette-ahrens.at\/onlineshop\/?post_type=product&#038;p=23220"},"modified":"2023-07-25T13:36:55","modified_gmt":"2023-07-25T11:36:55","slug":"zitrone-als-deckeldose-porzellanmanufaktur-augarten-wien-20-jahrhundert-2","status":"publish","type":"product","link":"https:\/\/annette-ahrens.at\/onlineshop\/produkt\/zitrone-als-deckeldose-porzellanmanufaktur-augarten-wien-20-jahrhundert-2\/","title":{"rendered":"Zitrone als Deckeldose, Porzellanmanufaktur Augarten, Wien, 20. Jahrhundert"},"content":{"rendered":"<p>Zitrone als Deckeldose<\/p>\n<p>Porzellanmanufaktur Augarten, Wien, 20. Jahrhundert<\/p>\n<p>Porzellan, innen weiss glasiert, aussen in Biskuitporzellantechnik, naturalistisch bemalt, unterglasurblaue Bindenschildmarke AUGARTEN WIEN, Handbemalt in Blau und Formnummer, varierende Malernummer, abnehmbarer Deckel<\/p>\n<p>L 13 cm<\/p>\n<p>H 7 cm<\/p>\n","protected":false},"excerpt":{"rendered":"<p>Annettes Etikette: Die Vorlage f\u00fcr diese originelle Zitrone stammt wohl aus der Zeit der bei Tisch beliebten trompe l\u00b4oeil (frz. \u201et\u00e4usche das Auge\u201c). Besonders in der 2. H\u00e4lfte des 19. Jahrhunderts lassen sich im Sortiment von Porzellanmanufakturen solche Ausformungen finden, wohl um der Belustigung von G\u00e4sten zu dienen. Diese Zitronendose entstand in Zusammenarbeit mit dem Modedesigner Giambattista Valli &amp; Augarten. Zu den \u00e4ltesten Zitronensorten geh\u00f6ren sicherlich diese Zitronatzitrone aus S\u00fcdostasien, die Cedro (citrus medica). Mit ihrer charakteristischen Oberfl\u00e4che und ihrem intensiven Duft gilt sie als K\u00f6nigin der Fr\u00f6hlichmacher.<\/p>\n","protected":false},"featured_media":20348,"comment_status":"open","ping_status":"closed","template":"","meta":[],"product_brand":[],"product_cat":[298,141,32,300,294,138,160,274,131,163,158],"product_tag":[],"class_list":{"0":"post-23220","1":"product","2":"type-product","3":"status-publish","4":"has-post-thumbnail","6":"product_cat-buffet","7":"product_cat-butterdose","8":"product_cat-festefeiern","9":"product_cat-gartenfest","10":"product_cat-geburtstag","11":"product_cat-marmelade","12":"product_cat-obst","13":"product_cat-porzellan-fachbuecher","14":"product_cat-tafeldekorationen","15":"product_cat-zitrus","16":"product_cat-zuckerdose","18":"first","19":"instock","20":"purchasable","21":"product-type-simple"},"yoast_head":"<!-- This site is optimized with the Yoast SEO Premium plugin v15.8.2 - https:\/\/yoast.com\/wordpress\/plugins\/seo\/ -->\n<title>Zitrone als Deckeldose, Porzellanmanufaktur Augarten, Wien, 20. Jahrhundert<\/title>\n<meta name=\"description\" content=\"Zitrone als Deckeldose, Porzellanmanufaktur Augarten, Wien, 20. Jahrhundert \u2665 Antiquit\u00e4ten Online kaufen \u2713 Sichere Lieferung \u2713\" \/>\n<meta name=\"robots\" content=\"index, follow, max-snippet:-1, max-image-preview:large, max-video-preview:-1\" \/>\n<link rel=\"canonical\" href=\"https:\/\/annette-ahrens.at\/onlineshop\/produkt\/zitrone-als-deckeldose-porzellanmanufaktur-augarten-wien-20-jahrhundert-2\/\" \/>\n<meta property=\"og:locale\" content=\"de_DE\" \/>\n<meta property=\"og:type\" content=\"article\" \/>\n<meta property=\"og:title\" content=\"Zitrone als Deckeldose, Porzellanmanufaktur Augarten, Wien, 20. Jahrhundert\" \/>\n<meta property=\"og:description\" content=\"Zitrone als Deckeldose, Porzellanmanufaktur Augarten, Wien, 20. Jahrhundert \u2665 Antiquit\u00e4ten Online kaufen \u2713 Sichere Lieferung \u2713\" \/>\n<meta property=\"og:url\" content=\"https:\/\/annette-ahrens.at\/onlineshop\/produkt\/zitrone-als-deckeldose-porzellanmanufaktur-augarten-wien-20-jahrhundert-2\/\" \/>\n<meta property=\"og:site_name\" content=\"Tafelkultur Onlineshop\" \/>\n<meta property=\"article:publisher\" content=\"https:\/\/www.facebook.com\/AnnetteAhrensTafelkultur\" \/>\n<meta property=\"article:modified_time\" content=\"2023-07-25T11:36:55+00:00\" \/>\n<meta property=\"og:image\" content=\"https:\/\/annette-ahrens.at\/onlineshop\/wp-content\/uploads\/2023\/01\/IMG_7793-rotated.jpg\" \/>\n\t<meta property=\"og:image:width\" content=\"480\" \/>\n\t<meta property=\"og:image:height\" content=\"640\" \/>\n<meta name=\"twitter:card\" content=\"summary_large_image\" \/>\n<meta name=\"twitter:label1\" content=\"Gesch\u00e4tzte Lesezeit\">\n\t<meta name=\"twitter:data1\" content=\"1\u00a0Minute\">\n<script type=\"application\/ld+json\" class=\"yoast-schema-graph\">{\"@context\":\"https:\/\/schema.org\",\"@graph\":[{\"@type\":[\"Person\",\"Organization\"],\"@id\":\"https:\/\/annette-ahrens.at\/onlineshop\/#\/schema\/person\/3e19676faae246bba0cb3b7e15f427d8\",\"name\":\"Annette Ahrens\",\"image\":{\"@type\":\"ImageObject\",\"@id\":\"https:\/\/annette-ahrens.at\/onlineshop\/#personlogo\",\"inLanguage\":\"de\",\"url\":\"https:\/\/annette-ahrens.at\/onlineshop\/wp-content\/uploads\/2020\/04\/aa_logo_End.png\",\"width\":800,\"height\":164,\"caption\":\"Annette Ahrens\"},\"logo\":{\"@id\":\"https:\/\/annette-ahrens.at\/onlineshop\/#personlogo\"},\"sameAs\":[\"https:\/\/annette-ahrens.at\",\"https:\/\/www.facebook.com\/AnnetteAhrensTafelkultur\",\"https:\/\/www.instagram.com\/tafelkulturistin\/\",\"https:\/\/de.wikipedia.org\/wiki\/Annette_Ahrens\"]},{\"@type\":\"WebSite\",\"@id\":\"https:\/\/annette-ahrens.at\/onlineshop\/#website\",\"url\":\"https:\/\/annette-ahrens.at\/onlineshop\/\",\"name\":\"Tafelkultur Onlineshop\",\"description\":\"Annette Ahrens\",\"publisher\":{\"@id\":\"https:\/\/annette-ahrens.at\/onlineshop\/#\/schema\/person\/3e19676faae246bba0cb3b7e15f427d8\"},\"potentialAction\":[{\"@type\":\"SearchAction\",\"target\":\"https:\/\/annette-ahrens.at\/onlineshop\/?s={search_term_string}\",\"query-input\":\"required name=search_term_string\"}],\"inLanguage\":\"de\"},{\"@type\":\"ImageObject\",\"@id\":\"https:\/\/annette-ahrens.at\/onlineshop\/produkt\/zitrone-als-deckeldose-porzellanmanufaktur-augarten-wien-20-jahrhundert-2\/#primaryimage\",\"inLanguage\":\"de\",\"url\":\"https:\/\/annette-ahrens.at\/onlineshop\/wp-content\/uploads\/2023\/01\/IMG_7793-rotated.jpg\",\"width\":480,\"height\":640,\"caption\":\"zitronendose\"},{\"@type\":[\"WebPage\",\"ItemPage\"],\"@id\":\"https:\/\/annette-ahrens.at\/onlineshop\/produkt\/zitrone-als-deckeldose-porzellanmanufaktur-augarten-wien-20-jahrhundert-2\/#webpage\",\"url\":\"https:\/\/annette-ahrens.at\/onlineshop\/produkt\/zitrone-als-deckeldose-porzellanmanufaktur-augarten-wien-20-jahrhundert-2\/\",\"name\":\"Zitrone als Deckeldose, Porzellanmanufaktur Augarten, Wien, 20. Jahrhundert\",\"isPartOf\":{\"@id\":\"https:\/\/annette-ahrens.at\/onlineshop\/#website\"},\"primaryImageOfPage\":{\"@id\":\"https:\/\/annette-ahrens.at\/onlineshop\/produkt\/zitrone-als-deckeldose-porzellanmanufaktur-augarten-wien-20-jahrhundert-2\/#primaryimage\"},\"datePublished\":\"2023-06-22T16:46:12+00:00\",\"dateModified\":\"2023-07-25T11:36:55+00:00\",\"description\":\"Zitrone als Deckeldose, Porzellanmanufaktur Augarten, Wien, 20. Jahrhundert \\u2665 Antiquit\\u00e4ten Online kaufen \\u2713 Sichere Lieferung \\u2713\",\"breadcrumb\":{\"@id\":\"https:\/\/annette-ahrens.at\/onlineshop\/produkt\/zitrone-als-deckeldose-porzellanmanufaktur-augarten-wien-20-jahrhundert-2\/#breadcrumb\"},\"inLanguage\":\"de\",\"potentialAction\":[{\"@type\":\"ReadAction\",\"target\":[\"https:\/\/annette-ahrens.at\/onlineshop\/produkt\/zitrone-als-deckeldose-porzellanmanufaktur-augarten-wien-20-jahrhundert-2\/\"]}]},{\"@type\":\"BreadcrumbList\",\"@id\":\"https:\/\/annette-ahrens.at\/onlineshop\/produkt\/zitrone-als-deckeldose-porzellanmanufaktur-augarten-wien-20-jahrhundert-2\/#breadcrumb\",\"itemListElement\":[{\"@type\":\"ListItem\",\"position\":1,\"item\":{\"@type\":\"WebPage\",\"@id\":\"https:\/\/annette-ahrens.at\/onlineshop\/\",\"url\":\"https:\/\/annette-ahrens.at\/onlineshop\/\",\"name\":\"Home\"}},{\"@type\":\"ListItem\",\"position\":2,\"item\":{\"@type\":\"WebPage\",\"@id\":\"https:\/\/annette-ahrens.at\/onlineshop\/alle-tafelkultur-objekte\/\",\"url\":\"https:\/\/annette-ahrens.at\/onlineshop\/alle-tafelkultur-objekte\/\",\"name\":\"Alle Tafelkultur Objekte\"}},{\"@type\":\"ListItem\",\"position\":3,\"item\":{\"@type\":\"WebPage\",\"@id\":\"https:\/\/annette-ahrens.at\/onlineshop\/produkt\/zitrone-als-deckeldose-porzellanmanufaktur-augarten-wien-20-jahrhundert-2\/\",\"url\":\"https:\/\/annette-ahrens.at\/onlineshop\/produkt\/zitrone-als-deckeldose-porzellanmanufaktur-augarten-wien-20-jahrhundert-2\/\",\"name\":\"Zitrone als Deckeldose, Porzellanmanufaktur Augarten, Wien, 20. Jahrhundert\"}}]}]}<\/script>\n<!-- \/ Yoast SEO Premium plugin. -->","_links":{"self":[{"href":"https:\/\/annette-ahrens.at\/onlineshop\/wp-json\/wp\/v2\/product\/23220","targetHints":{"allow":["GET"]}}],"collection":[{"href":"https:\/\/annette-ahrens.at\/onlineshop\/wp-json\/wp\/v2\/product"}],"about":[{"href":"https:\/\/annette-ahrens.at\/onlineshop\/wp-json\/wp\/v2\/types\/product"}],"replies":[{"embeddable":true,"href":"https:\/\/annette-ahrens.at\/onlineshop\/wp-json\/wp\/v2\/comments?post=23220"}],"wp:featuredmedia":[{"embeddable":true,"href":"https:\/\/annette-ahrens.at\/onlineshop\/wp-json\/wp\/v2\/media\/20348"}],"wp:attachment":[{"href":"https:\/\/annette-ahrens.at\/onlineshop\/wp-json\/wp\/v2\/media?parent=23220"}],"wp:term":[{"taxonomy":"product_brand","embeddable":true,"href":"https:\/\/annette-ahrens.at\/onlineshop\/wp-json\/wp\/v2\/product_brand?post=23220"},{"taxonomy":"product_cat","embeddable":true,"href":"https:\/\/annette-ahrens.at\/onlineshop\/wp-json\/wp\/v2\/product_cat?post=23220"},{"taxonomy":"product_tag","embeddable":true,"href":"https:\/\/annette-ahrens.at\/onlineshop\/wp-json\/wp\/v2\/product_tag?post=23220"}],"curies":[{"name":"wp","href":"https:\/\/api.w.org\/{rel}","templated":true}]}}