{"id":23560,"date":"2023-07-31T22:37:43","date_gmt":"2023-07-31T20:37:43","guid":{"rendered":"https:\/\/annette-ahrens.at\/onlineshop\/?post_type=product&#038;p=23560"},"modified":"2026-03-09T19:16:41","modified_gmt":"2026-03-09T18:16:41","slug":"versilbertes-jugendstil-teesieb-fa-a-koehler-um-1900","status":"publish","type":"product","link":"https:\/\/annette-ahrens.at\/onlineshop\/produkt\/versilbertes-jugendstil-teesieb-fa-a-koehler-um-1900\/","title":{"rendered":"Versilbertes Jugendstil Teesieb, Fa. A. K\u00f6hler, Wien, um 1900"},"content":{"rendered":"<p>Versilbertes Jugendstil Teesieb<\/p>\n<p>Fa. Adolph K\u00f6hler, Wien, \u00d6sterreich &#8211; Ungarische Monarchie, um 1900<\/p>\n<p>Alpacca, versilbert, Bl\u00fctenformiger Rahmen mit Sieb, gemarkt A.K. &amp; Cie (Adolph K\u00f6hler &amp; Compagnie), vegetabiler Henkel, tadelloser, handpolierter Erhaltungszustand<\/p>\n<p>Dm 10,3 cm<\/p>\n<p>siehe Verkaufskatalog WMF, um 1905<\/p>\n","protected":false},"excerpt":{"rendered":"<p>Annettes Etikette: Die Wiener Alpaccafabrik von Adolph K\u00f6hler &amp; Cie. wurde 1879 vom Esslinger Unternehmer A. Ritter &amp; Co gegr\u00fcndet, bereits 1880 ging die Firma in den Besitz von WMF \u00fcber. Um die hohen Importz\u00f6lle f\u00fcr Silberwaren nach \u00d6sterreich zu umgehen, wurde die Wiener Firma als Zweigstelle von WMF weitergef\u00fchrt. Die Produktion ist bis 1914 belegt. Der abgek\u00fcrzte Namen A. bezieht sich auf Adolph und nicht Albert, wie mir sein Urenkel mitteilte.<\/p>\n","protected":false},"featured_media":23589,"comment_status":"open","ping_status":"closed","template":"","meta":[],"product_brand":[],"product_cat":[25,276,217,268,151],"product_tag":[],"class_list":{"0":"post-23560","1":"product","2":"type-product","3":"status-publish","4":"has-post-thumbnail","6":"product_cat-5o-clock-tea","7":"product_cat-alpacca","8":"product_cat-heissgetraenke","9":"product_cat-tee-5o-clock-tea","10":"product_cat-teesieb","12":"first","13":"instock","14":"sold-individually","15":"purchasable","16":"product-type-simple"},"yoast_head":"<!-- This site is optimized with the Yoast SEO Premium plugin v15.8.2 - https:\/\/yoast.com\/wordpress\/plugins\/seo\/ -->\n<title>Versilbertes Jugendstil Teesieb, Fa. A. K\u00f6hler, Wien, um 1900<\/title>\n<meta name=\"description\" content=\"Versilbertes Jugendstil Teesieb, Fa. A. K\u00f6hler, Wien, um 1900 \u2665 Antiquit\u00e4ten Online kaufen \u2713 Sichere Lieferung \u2713\" \/>\n<meta name=\"robots\" content=\"index, follow, max-snippet:-1, max-image-preview:large, max-video-preview:-1\" \/>\n<link rel=\"canonical\" href=\"https:\/\/annette-ahrens.at\/onlineshop\/produkt\/versilbertes-jugendstil-teesieb-fa-a-koehler-um-1900\/\" \/>\n<meta property=\"og:locale\" content=\"de_DE\" \/>\n<meta property=\"og:type\" content=\"article\" \/>\n<meta property=\"og:title\" content=\"Versilbertes Jugendstil Teesieb, Fa. A. K\u00f6hler, Wien, um 1900\" \/>\n<meta property=\"og:description\" content=\"Versilbertes Jugendstil Teesieb, Fa. A. K\u00f6hler, Wien, um 1900 \u2665 Antiquit\u00e4ten Online kaufen \u2713 Sichere Lieferung \u2713\" \/>\n<meta property=\"og:url\" content=\"https:\/\/annette-ahrens.at\/onlineshop\/produkt\/versilbertes-jugendstil-teesieb-fa-a-koehler-um-1900\/\" \/>\n<meta property=\"og:site_name\" content=\"Tafelkultur Onlineshop\" \/>\n<meta property=\"article:publisher\" content=\"https:\/\/www.facebook.com\/AnnetteAhrensTafelkultur\" \/>\n<meta property=\"article:modified_time\" content=\"2026-03-09T18:16:41+00:00\" \/>\n<meta property=\"og:image\" content=\"https:\/\/annette-ahrens.at\/onlineshop\/wp-content\/uploads\/2023\/07\/IMG_4527.jpeg\" \/>\n\t<meta property=\"og:image:width\" content=\"1936\" \/>\n\t<meta property=\"og:image:height\" content=\"1936\" \/>\n<meta name=\"twitter:card\" content=\"summary_large_image\" \/>\n<meta name=\"twitter:label1\" content=\"Gesch\u00e4tzte Lesezeit\">\n\t<meta name=\"twitter:data1\" content=\"1\u00a0Minute\">\n<script type=\"application\/ld+json\" class=\"yoast-schema-graph\">{\"@context\":\"https:\/\/schema.org\",\"@graph\":[{\"@type\":[\"Person\",\"Organization\"],\"@id\":\"https:\/\/annette-ahrens.at\/onlineshop\/#\/schema\/person\/3e19676faae246bba0cb3b7e15f427d8\",\"name\":\"Annette Ahrens\",\"image\":{\"@type\":\"ImageObject\",\"@id\":\"https:\/\/annette-ahrens.at\/onlineshop\/#personlogo\",\"inLanguage\":\"de\",\"url\":\"https:\/\/annette-ahrens.at\/onlineshop\/wp-content\/uploads\/2020\/04\/aa_logo_End.png\",\"width\":800,\"height\":164,\"caption\":\"Annette Ahrens\"},\"logo\":{\"@id\":\"https:\/\/annette-ahrens.at\/onlineshop\/#personlogo\"},\"sameAs\":[\"https:\/\/annette-ahrens.at\",\"https:\/\/www.facebook.com\/AnnetteAhrensTafelkultur\",\"https:\/\/www.instagram.com\/tafelkulturistin\/\",\"https:\/\/de.wikipedia.org\/wiki\/Annette_Ahrens\"]},{\"@type\":\"WebSite\",\"@id\":\"https:\/\/annette-ahrens.at\/onlineshop\/#website\",\"url\":\"https:\/\/annette-ahrens.at\/onlineshop\/\",\"name\":\"Tafelkultur Onlineshop\",\"description\":\"Annette Ahrens\",\"publisher\":{\"@id\":\"https:\/\/annette-ahrens.at\/onlineshop\/#\/schema\/person\/3e19676faae246bba0cb3b7e15f427d8\"},\"potentialAction\":[{\"@type\":\"SearchAction\",\"target\":\"https:\/\/annette-ahrens.at\/onlineshop\/?s={search_term_string}\",\"query-input\":\"required name=search_term_string\"}],\"inLanguage\":\"de\"},{\"@type\":\"ImageObject\",\"@id\":\"https:\/\/annette-ahrens.at\/onlineshop\/produkt\/versilbertes-jugendstil-teesieb-fa-a-koehler-um-1900\/#primaryimage\",\"inLanguage\":\"de\",\"url\":\"https:\/\/annette-ahrens.at\/onlineshop\/wp-content\/uploads\/2023\/07\/IMG_4527.jpeg\",\"width\":1936,\"height\":1936,\"caption\":\"teesieb_k\\u00f6hler\"},{\"@type\":[\"WebPage\",\"ItemPage\"],\"@id\":\"https:\/\/annette-ahrens.at\/onlineshop\/produkt\/versilbertes-jugendstil-teesieb-fa-a-koehler-um-1900\/#webpage\",\"url\":\"https:\/\/annette-ahrens.at\/onlineshop\/produkt\/versilbertes-jugendstil-teesieb-fa-a-koehler-um-1900\/\",\"name\":\"Versilbertes Jugendstil Teesieb, Fa. A. K\\u00f6hler, Wien, um 1900\",\"isPartOf\":{\"@id\":\"https:\/\/annette-ahrens.at\/onlineshop\/#website\"},\"primaryImageOfPage\":{\"@id\":\"https:\/\/annette-ahrens.at\/onlineshop\/produkt\/versilbertes-jugendstil-teesieb-fa-a-koehler-um-1900\/#primaryimage\"},\"datePublished\":\"2023-07-31T20:37:43+00:00\",\"dateModified\":\"2026-03-09T18:16:41+00:00\",\"description\":\"Versilbertes Jugendstil Teesieb, Fa. A. K\\u00f6hler, Wien, um 1900 \\u2665 Antiquit\\u00e4ten Online kaufen \\u2713 Sichere Lieferung \\u2713\",\"breadcrumb\":{\"@id\":\"https:\/\/annette-ahrens.at\/onlineshop\/produkt\/versilbertes-jugendstil-teesieb-fa-a-koehler-um-1900\/#breadcrumb\"},\"inLanguage\":\"de\",\"potentialAction\":[{\"@type\":\"ReadAction\",\"target\":[\"https:\/\/annette-ahrens.at\/onlineshop\/produkt\/versilbertes-jugendstil-teesieb-fa-a-koehler-um-1900\/\"]}]},{\"@type\":\"BreadcrumbList\",\"@id\":\"https:\/\/annette-ahrens.at\/onlineshop\/produkt\/versilbertes-jugendstil-teesieb-fa-a-koehler-um-1900\/#breadcrumb\",\"itemListElement\":[{\"@type\":\"ListItem\",\"position\":1,\"item\":{\"@type\":\"WebPage\",\"@id\":\"https:\/\/annette-ahrens.at\/onlineshop\/\",\"url\":\"https:\/\/annette-ahrens.at\/onlineshop\/\",\"name\":\"Home\"}},{\"@type\":\"ListItem\",\"position\":2,\"item\":{\"@type\":\"WebPage\",\"@id\":\"https:\/\/annette-ahrens.at\/onlineshop\/alle-tafelkultur-objekte\/\",\"url\":\"https:\/\/annette-ahrens.at\/onlineshop\/alle-tafelkultur-objekte\/\",\"name\":\"Alle Tafelkultur Objekte\"}},{\"@type\":\"ListItem\",\"position\":3,\"item\":{\"@type\":\"WebPage\",\"@id\":\"https:\/\/annette-ahrens.at\/onlineshop\/produkt\/versilbertes-jugendstil-teesieb-fa-a-koehler-um-1900\/\",\"url\":\"https:\/\/annette-ahrens.at\/onlineshop\/produkt\/versilbertes-jugendstil-teesieb-fa-a-koehler-um-1900\/\",\"name\":\"Versilbertes Jugendstil Teesieb, Fa. A. K\\u00f6hler, Wien, um 1900\"}}]}]}<\/script>\n<!-- \/ Yoast SEO Premium plugin. -->","_links":{"self":[{"href":"https:\/\/annette-ahrens.at\/onlineshop\/wp-json\/wp\/v2\/product\/23560","targetHints":{"allow":["GET"]}}],"collection":[{"href":"https:\/\/annette-ahrens.at\/onlineshop\/wp-json\/wp\/v2\/product"}],"about":[{"href":"https:\/\/annette-ahrens.at\/onlineshop\/wp-json\/wp\/v2\/types\/product"}],"replies":[{"embeddable":true,"href":"https:\/\/annette-ahrens.at\/onlineshop\/wp-json\/wp\/v2\/comments?post=23560"}],"wp:featuredmedia":[{"embeddable":true,"href":"https:\/\/annette-ahrens.at\/onlineshop\/wp-json\/wp\/v2\/media\/23589"}],"wp:attachment":[{"href":"https:\/\/annette-ahrens.at\/onlineshop\/wp-json\/wp\/v2\/media?parent=23560"}],"wp:term":[{"taxonomy":"product_brand","embeddable":true,"href":"https:\/\/annette-ahrens.at\/onlineshop\/wp-json\/wp\/v2\/product_brand?post=23560"},{"taxonomy":"product_cat","embeddable":true,"href":"https:\/\/annette-ahrens.at\/onlineshop\/wp-json\/wp\/v2\/product_cat?post=23560"},{"taxonomy":"product_tag","embeddable":true,"href":"https:\/\/annette-ahrens.at\/onlineshop\/wp-json\/wp\/v2\/product_tag?post=23560"}],"curies":[{"name":"wp","href":"https:\/\/api.w.org\/{rel}","templated":true}]}}