{"id":238,"date":"2020-04-24T22:56:13","date_gmt":"2020-04-24T20:56:13","guid":{"rendered":"https:\/\/annette-ahrens.at\/silbershop\/?post_type=product&#038;p=238"},"modified":"2020-08-15T22:35:51","modified_gmt":"2020-08-15T20:35:51","slug":"annette-ahrens-sammlung-faltus-wiener-porzellanfiguren-des-rokoko","status":"publish","type":"product","link":"https:\/\/annette-ahrens.at\/onlineshop\/produkt\/annette-ahrens-sammlung-faltus-wiener-porzellanfiguren-des-rokoko\/","title":{"rendered":"Fachbuch: Annette Ahrens, Sammlung Faltus, Wiener Porzellanfiguren des Rokoko"},"content":{"rendered":"<p>Annette Ahrens<\/p>\n<p>Sammlung Faltus, Wiener Porzellanfiguren des Rokoko<\/p>\n<p>Grasl Druck &amp; Neue Medien GmbH, Bad V\u00f6slau<\/p>\n<p>1 Auflage 2017: 1 000 Exemplare<\/p>\n<p>ISBN 978-3-85164-200-1<\/p>\n","protected":false},"excerpt":{"rendered":"<p>Die Wiener Porzellanmanufaktur hat im 18. Jahrhundert eine enorme Vielfalt an unterschiedlichsten Kleinbildwerken hervorgebracht. Dies verdanken wir einer Verordnung von allerh\u00f6chster Stelle, n\u00e4mlich von Kaiserin Maria Theresia pers\u00f6nlich. Sie befahl, die urspr\u00fcnglich von Konditormeistern als imperialen Tafelschmuck f\u00fcr den Dessertgang aus Zucker oder Tragant gegossenen Dekorationsobjekte haltbarer und dauerhafter, n\u00e4mlich aus \u201eporcelaine\u201c herzustellen. Diese urspr\u00fcngliche Bestimmung der Porzellanfiguren wird durch die heutige Pr\u00e4sentation als \u201eVitrinenobjekte\u201c oft vergessen. Maria Theresia war es auch, die 1744 durch die staatliche \u00dcbernahme der nun kaiserlichen Porzellanmanufaktur einen unvergleichlichen Aufstieg bescherte. Das Ergebnis der damaligen gro\u00dfen Begeisterung und Nachfrage ist ein \u201eSpectacle\u201c aus Wiener Porzellan, eine ungeheure Vielfalt an kunstgewerblich und kulturhistorisch bedeutenden Objekten, denen in diesem Buch eine B\u00fchne im Sinne barocker Schaulust in der ehemals kaiserlichen Residenzstadt Wien geboten wird.<\/p>\n","protected":false},"featured_media":240,"comment_status":"open","ping_status":"closed","template":"","meta":[],"product_brand":[],"product_cat":[372,54],"product_tag":[],"class_list":{"0":"post-238","1":"product","2":"type-product","3":"status-publish","4":"has-post-thumbnail","6":"product_cat-fachbuecher","7":"product_cat-porzellan","9":"first","10":"instock","11":"taxable","12":"shipping-taxable","13":"purchasable","14":"product-type-simple"},"yoast_head":"<!-- This site is optimized with the Yoast SEO Premium plugin v15.8.2 - https:\/\/yoast.com\/wordpress\/plugins\/seo\/ -->\n<title>Fachbuch: Annette Ahrens, Sammlung Faltus, Wiener Porzellanfiguren des Rokoko<\/title>\n<meta name=\"description\" content=\"Fachbuch: Annette Ahrens, Sammlung Faltus, Wiener Porzellanfiguren des Rokoko \u2665 Antiquit\u00e4ten Online kaufen \u2713 Sichere Lieferung \u2713\" \/>\n<meta name=\"robots\" content=\"index, follow, max-snippet:-1, max-image-preview:large, max-video-preview:-1\" \/>\n<link rel=\"canonical\" href=\"https:\/\/annette-ahrens.at\/onlineshop\/produkt\/annette-ahrens-sammlung-faltus-wiener-porzellanfiguren-des-rokoko\/\" \/>\n<meta property=\"og:locale\" content=\"de_DE\" \/>\n<meta property=\"og:type\" content=\"article\" \/>\n<meta property=\"og:title\" content=\"Fachbuch: Annette Ahrens, Sammlung Faltus, Wiener Porzellanfiguren des Rokoko\" \/>\n<meta property=\"og:description\" content=\"Fachbuch: Annette Ahrens, Sammlung Faltus, Wiener Porzellanfiguren des Rokoko \u2665 Antiquit\u00e4ten Online kaufen \u2713 Sichere Lieferung \u2713\" \/>\n<meta property=\"og:url\" content=\"https:\/\/annette-ahrens.at\/onlineshop\/produkt\/annette-ahrens-sammlung-faltus-wiener-porzellanfiguren-des-rokoko\/\" \/>\n<meta property=\"og:site_name\" content=\"Tafelkultur Onlineshop\" \/>\n<meta property=\"article:publisher\" content=\"https:\/\/www.facebook.com\/AnnetteAhrensTafelkultur\" \/>\n<meta property=\"article:modified_time\" content=\"2020-08-15T20:35:51+00:00\" \/>\n<meta property=\"og:image\" content=\"https:\/\/annette-ahrens.at\/onlineshop\/wp-content\/uploads\/2020\/04\/cover-faltus-pdf.jpg\" \/>\n\t<meta property=\"og:image:width\" content=\"1159\" \/>\n\t<meta property=\"og:image:height\" content=\"1411\" \/>\n<meta name=\"twitter:card\" content=\"summary_large_image\" \/>\n<script type=\"application\/ld+json\" class=\"yoast-schema-graph\">{\"@context\":\"https:\/\/schema.org\",\"@graph\":[{\"@type\":[\"Person\",\"Organization\"],\"@id\":\"https:\/\/annette-ahrens.at\/onlineshop\/#\/schema\/person\/3e19676faae246bba0cb3b7e15f427d8\",\"name\":\"Annette Ahrens\",\"image\":{\"@type\":\"ImageObject\",\"@id\":\"https:\/\/annette-ahrens.at\/onlineshop\/#personlogo\",\"inLanguage\":\"de\",\"url\":\"https:\/\/annette-ahrens.at\/onlineshop\/wp-content\/uploads\/2020\/04\/aa_logo_End.png\",\"width\":800,\"height\":164,\"caption\":\"Annette Ahrens\"},\"logo\":{\"@id\":\"https:\/\/annette-ahrens.at\/onlineshop\/#personlogo\"},\"sameAs\":[\"https:\/\/annette-ahrens.at\",\"https:\/\/www.facebook.com\/AnnetteAhrensTafelkultur\",\"https:\/\/www.instagram.com\/tafelkulturistin\/\",\"https:\/\/de.wikipedia.org\/wiki\/Annette_Ahrens\"]},{\"@type\":\"WebSite\",\"@id\":\"https:\/\/annette-ahrens.at\/onlineshop\/#website\",\"url\":\"https:\/\/annette-ahrens.at\/onlineshop\/\",\"name\":\"Tafelkultur Onlineshop\",\"description\":\"Annette Ahrens\",\"publisher\":{\"@id\":\"https:\/\/annette-ahrens.at\/onlineshop\/#\/schema\/person\/3e19676faae246bba0cb3b7e15f427d8\"},\"potentialAction\":[{\"@type\":\"SearchAction\",\"target\":\"https:\/\/annette-ahrens.at\/onlineshop\/?s={search_term_string}\",\"query-input\":\"required name=search_term_string\"}],\"inLanguage\":\"de\"},{\"@type\":\"ImageObject\",\"@id\":\"https:\/\/annette-ahrens.at\/onlineshop\/produkt\/annette-ahrens-sammlung-faltus-wiener-porzellanfiguren-des-rokoko\/#primaryimage\",\"inLanguage\":\"de\",\"url\":\"https:\/\/annette-ahrens.at\/onlineshop\/wp-content\/uploads\/2020\/04\/cover-faltus-pdf.jpg\",\"width\":1159,\"height\":1411,\"caption\":\"faltus_buch_titel\"},{\"@type\":[\"WebPage\",\"ItemPage\"],\"@id\":\"https:\/\/annette-ahrens.at\/onlineshop\/produkt\/annette-ahrens-sammlung-faltus-wiener-porzellanfiguren-des-rokoko\/#webpage\",\"url\":\"https:\/\/annette-ahrens.at\/onlineshop\/produkt\/annette-ahrens-sammlung-faltus-wiener-porzellanfiguren-des-rokoko\/\",\"name\":\"Fachbuch: Annette Ahrens, Sammlung Faltus, Wiener Porzellanfiguren des Rokoko\",\"isPartOf\":{\"@id\":\"https:\/\/annette-ahrens.at\/onlineshop\/#website\"},\"primaryImageOfPage\":{\"@id\":\"https:\/\/annette-ahrens.at\/onlineshop\/produkt\/annette-ahrens-sammlung-faltus-wiener-porzellanfiguren-des-rokoko\/#primaryimage\"},\"datePublished\":\"2020-04-24T20:56:13+00:00\",\"dateModified\":\"2020-08-15T20:35:51+00:00\",\"description\":\"Fachbuch: Annette Ahrens, Sammlung Faltus, Wiener Porzellanfiguren des Rokoko \\u2665 Antiquit\\u00e4ten Online kaufen \\u2713 Sichere Lieferung \\u2713\",\"breadcrumb\":{\"@id\":\"https:\/\/annette-ahrens.at\/onlineshop\/produkt\/annette-ahrens-sammlung-faltus-wiener-porzellanfiguren-des-rokoko\/#breadcrumb\"},\"inLanguage\":\"de\",\"potentialAction\":[{\"@type\":\"ReadAction\",\"target\":[\"https:\/\/annette-ahrens.at\/onlineshop\/produkt\/annette-ahrens-sammlung-faltus-wiener-porzellanfiguren-des-rokoko\/\"]}]},{\"@type\":\"BreadcrumbList\",\"@id\":\"https:\/\/annette-ahrens.at\/onlineshop\/produkt\/annette-ahrens-sammlung-faltus-wiener-porzellanfiguren-des-rokoko\/#breadcrumb\",\"itemListElement\":[{\"@type\":\"ListItem\",\"position\":1,\"item\":{\"@type\":\"WebPage\",\"@id\":\"https:\/\/annette-ahrens.at\/onlineshop\/\",\"url\":\"https:\/\/annette-ahrens.at\/onlineshop\/\",\"name\":\"Home\"}},{\"@type\":\"ListItem\",\"position\":2,\"item\":{\"@type\":\"WebPage\",\"@id\":\"https:\/\/annette-ahrens.at\/onlineshop\/alle-tafelkultur-objekte\/\",\"url\":\"https:\/\/annette-ahrens.at\/onlineshop\/alle-tafelkultur-objekte\/\",\"name\":\"Alle Tafelkultur Objekte\"}},{\"@type\":\"ListItem\",\"position\":3,\"item\":{\"@type\":\"WebPage\",\"@id\":\"https:\/\/annette-ahrens.at\/onlineshop\/produkt\/annette-ahrens-sammlung-faltus-wiener-porzellanfiguren-des-rokoko\/\",\"url\":\"https:\/\/annette-ahrens.at\/onlineshop\/produkt\/annette-ahrens-sammlung-faltus-wiener-porzellanfiguren-des-rokoko\/\",\"name\":\"Fachbuch: Annette Ahrens, Sammlung Faltus, Wiener Porzellanfiguren des Rokoko\"}}]}]}<\/script>\n<!-- \/ Yoast SEO Premium plugin. -->","_links":{"self":[{"href":"https:\/\/annette-ahrens.at\/onlineshop\/wp-json\/wp\/v2\/product\/238","targetHints":{"allow":["GET"]}}],"collection":[{"href":"https:\/\/annette-ahrens.at\/onlineshop\/wp-json\/wp\/v2\/product"}],"about":[{"href":"https:\/\/annette-ahrens.at\/onlineshop\/wp-json\/wp\/v2\/types\/product"}],"replies":[{"embeddable":true,"href":"https:\/\/annette-ahrens.at\/onlineshop\/wp-json\/wp\/v2\/comments?post=238"}],"wp:featuredmedia":[{"embeddable":true,"href":"https:\/\/annette-ahrens.at\/onlineshop\/wp-json\/wp\/v2\/media\/240"}],"wp:attachment":[{"href":"https:\/\/annette-ahrens.at\/onlineshop\/wp-json\/wp\/v2\/media?parent=238"}],"wp:term":[{"taxonomy":"product_brand","embeddable":true,"href":"https:\/\/annette-ahrens.at\/onlineshop\/wp-json\/wp\/v2\/product_brand?post=238"},{"taxonomy":"product_cat","embeddable":true,"href":"https:\/\/annette-ahrens.at\/onlineshop\/wp-json\/wp\/v2\/product_cat?post=238"},{"taxonomy":"product_tag","embeddable":true,"href":"https:\/\/annette-ahrens.at\/onlineshop\/wp-json\/wp\/v2\/product_tag?post=238"}],"curies":[{"name":"wp","href":"https:\/\/api.w.org\/{rel}","templated":true}]}}