{"id":24090,"date":"2023-09-04T19:38:41","date_gmt":"2023-09-04T17:38:41","guid":{"rendered":"https:\/\/annette-ahrens.at\/onlineshop\/?post_type=product&#038;p=24090"},"modified":"2023-09-07T09:03:12","modified_gmt":"2023-09-07T07:03:12","slug":"6-silberne-eisloeffel-geigenkasten-wien-1872-1922","status":"publish","type":"product","link":"https:\/\/annette-ahrens.at\/onlineshop\/produkt\/6-silberne-eisloeffel-geigenkasten-wien-1872-1922\/","title":{"rendered":"6 silberne Eisl\u00f6ffel &#8222;Geigenkasten&#8220;, Wien, 1872 &#8211; 1922"},"content":{"rendered":"<p>6 silberne Eisl\u00f6ffel<\/p>\n<p>Wien, 1872 &#8211; 1922<\/p>\n<p>Silber, innen vergoldet, Facon &#8222;Geigenkasten&#8220;, aufwendig graviert, gemarkt Wiener Dianakopfpunze 1872 &#8211; 1922, Meisterzeichen\u00a0HAG f\u00fcr H. A. Granichst\u00e4dtchen, handpolierter Zustand<\/p>\n<p>L\u00e4nge 13,4 cm<\/p>\n<p>136 g<\/p>\n","protected":false},"excerpt":{"rendered":"<p>6 silberne Eisl\u00f6ffel Wien, 1872 &#8211; 1922 Silber, innen vergoldet, Facon &#8222;Geigenkasten&#8220;, aufwendig graviert, gemarkt Wiener Dianakopfpunze 1872 &#8211; 1922, Meisterzeichen\u00a0HAG f\u00fcr H. A. Granichst\u00e4dtchen, handpolierter Zustand L\u00e4nge 13,4 cm 136 g<\/p>\n","protected":false},"featured_media":24178,"comment_status":"open","ping_status":"closed","template":"","meta":[],"product_brand":[],"product_cat":[30,192,197,291,236,273],"product_tag":[],"class_list":{"0":"post-24090","1":"product","2":"type-product","3":"status-publish","4":"has-post-thumbnail","6":"product_cat-besteck","7":"product_cat-dessert","8":"product_cat-eis","9":"product_cat-hochzeit","10":"product_cat-loeffel","11":"product_cat-silber-fachbuecher","13":"first","14":"instock","15":"sold-individually","16":"purchasable","17":"product-type-simple"},"yoast_head":"<!-- This site is optimized with the Yoast SEO Premium plugin v15.8.2 - https:\/\/yoast.com\/wordpress\/plugins\/seo\/ -->\n<title>6 silberne Eisl\u00f6ffel &quot;Geigenkasten&quot;, Wien, 1872 - 1922<\/title>\n<meta name=\"description\" content=\"6 silberne Eisl\u00f6ffel &quot;Geigenkasten&quot;, Wien, 1872 - 1922 \u2665 Antiquit\u00e4ten Online kaufen \u2713 Sichere Lieferung \u2713\" \/>\n<meta name=\"robots\" content=\"index, follow, max-snippet:-1, max-image-preview:large, max-video-preview:-1\" \/>\n<link rel=\"canonical\" href=\"https:\/\/annette-ahrens.at\/onlineshop\/produkt\/6-silberne-eisloeffel-geigenkasten-wien-1872-1922\/\" \/>\n<meta property=\"og:locale\" content=\"de_DE\" \/>\n<meta property=\"og:type\" content=\"article\" \/>\n<meta property=\"og:title\" content=\"6 silberne Eisl\u00f6ffel &quot;Geigenkasten&quot;, Wien, 1872 - 1922\" \/>\n<meta property=\"og:description\" content=\"6 silberne Eisl\u00f6ffel &quot;Geigenkasten&quot;, Wien, 1872 - 1922 \u2665 Antiquit\u00e4ten Online kaufen \u2713 Sichere Lieferung \u2713\" \/>\n<meta property=\"og:url\" content=\"https:\/\/annette-ahrens.at\/onlineshop\/produkt\/6-silberne-eisloeffel-geigenkasten-wien-1872-1922\/\" \/>\n<meta property=\"og:site_name\" content=\"Tafelkultur Onlineshop\" \/>\n<meta property=\"article:publisher\" content=\"https:\/\/www.facebook.com\/AnnetteAhrensTafelkultur\" \/>\n<meta property=\"article:modified_time\" content=\"2023-09-07T07:03:12+00:00\" \/>\n<meta property=\"og:image\" content=\"https:\/\/annette-ahrens.at\/onlineshop\/wp-content\/uploads\/2023\/09\/IMG_5046-rotated.jpeg\" \/>\n\t<meta property=\"og:image:width\" content=\"1936\" \/>\n\t<meta property=\"og:image:height\" content=\"1936\" \/>\n<meta name=\"twitter:card\" content=\"summary_large_image\" \/>\n<meta name=\"twitter:label1\" content=\"Gesch\u00e4tzte Lesezeit\">\n\t<meta name=\"twitter:data1\" content=\"1\u00a0Minute\">\n<script type=\"application\/ld+json\" class=\"yoast-schema-graph\">{\"@context\":\"https:\/\/schema.org\",\"@graph\":[{\"@type\":[\"Person\",\"Organization\"],\"@id\":\"https:\/\/annette-ahrens.at\/onlineshop\/#\/schema\/person\/3e19676faae246bba0cb3b7e15f427d8\",\"name\":\"Annette Ahrens\",\"image\":{\"@type\":\"ImageObject\",\"@id\":\"https:\/\/annette-ahrens.at\/onlineshop\/#personlogo\",\"inLanguage\":\"de\",\"url\":\"https:\/\/annette-ahrens.at\/onlineshop\/wp-content\/uploads\/2020\/04\/aa_logo_End.png\",\"width\":800,\"height\":164,\"caption\":\"Annette Ahrens\"},\"logo\":{\"@id\":\"https:\/\/annette-ahrens.at\/onlineshop\/#personlogo\"},\"sameAs\":[\"https:\/\/annette-ahrens.at\",\"https:\/\/www.facebook.com\/AnnetteAhrensTafelkultur\",\"https:\/\/www.instagram.com\/tafelkulturistin\/\",\"https:\/\/de.wikipedia.org\/wiki\/Annette_Ahrens\"]},{\"@type\":\"WebSite\",\"@id\":\"https:\/\/annette-ahrens.at\/onlineshop\/#website\",\"url\":\"https:\/\/annette-ahrens.at\/onlineshop\/\",\"name\":\"Tafelkultur Onlineshop\",\"description\":\"Annette Ahrens\",\"publisher\":{\"@id\":\"https:\/\/annette-ahrens.at\/onlineshop\/#\/schema\/person\/3e19676faae246bba0cb3b7e15f427d8\"},\"potentialAction\":[{\"@type\":\"SearchAction\",\"target\":\"https:\/\/annette-ahrens.at\/onlineshop\/?s={search_term_string}\",\"query-input\":\"required name=search_term_string\"}],\"inLanguage\":\"de\"},{\"@type\":\"ImageObject\",\"@id\":\"https:\/\/annette-ahrens.at\/onlineshop\/produkt\/6-silberne-eisloeffel-geigenkasten-wien-1872-1922\/#primaryimage\",\"inLanguage\":\"de\",\"url\":\"https:\/\/annette-ahrens.at\/onlineshop\/wp-content\/uploads\/2023\/09\/IMG_5046-rotated.jpeg\",\"width\":1936,\"height\":1936,\"caption\":\"eisl\\u00f6ffel_silber\"},{\"@type\":[\"WebPage\",\"ItemPage\"],\"@id\":\"https:\/\/annette-ahrens.at\/onlineshop\/produkt\/6-silberne-eisloeffel-geigenkasten-wien-1872-1922\/#webpage\",\"url\":\"https:\/\/annette-ahrens.at\/onlineshop\/produkt\/6-silberne-eisloeffel-geigenkasten-wien-1872-1922\/\",\"name\":\"6 silberne Eisl\\u00f6ffel \\\"Geigenkasten\\\", Wien, 1872 - 1922\",\"isPartOf\":{\"@id\":\"https:\/\/annette-ahrens.at\/onlineshop\/#website\"},\"primaryImageOfPage\":{\"@id\":\"https:\/\/annette-ahrens.at\/onlineshop\/produkt\/6-silberne-eisloeffel-geigenkasten-wien-1872-1922\/#primaryimage\"},\"datePublished\":\"2023-09-04T17:38:41+00:00\",\"dateModified\":\"2023-09-07T07:03:12+00:00\",\"description\":\"6 silberne Eisl\\u00f6ffel \\\"Geigenkasten\\\", Wien, 1872 - 1922 \\u2665 Antiquit\\u00e4ten Online kaufen \\u2713 Sichere Lieferung \\u2713\",\"breadcrumb\":{\"@id\":\"https:\/\/annette-ahrens.at\/onlineshop\/produkt\/6-silberne-eisloeffel-geigenkasten-wien-1872-1922\/#breadcrumb\"},\"inLanguage\":\"de\",\"potentialAction\":[{\"@type\":\"ReadAction\",\"target\":[\"https:\/\/annette-ahrens.at\/onlineshop\/produkt\/6-silberne-eisloeffel-geigenkasten-wien-1872-1922\/\"]}]},{\"@type\":\"BreadcrumbList\",\"@id\":\"https:\/\/annette-ahrens.at\/onlineshop\/produkt\/6-silberne-eisloeffel-geigenkasten-wien-1872-1922\/#breadcrumb\",\"itemListElement\":[{\"@type\":\"ListItem\",\"position\":1,\"item\":{\"@type\":\"WebPage\",\"@id\":\"https:\/\/annette-ahrens.at\/onlineshop\/\",\"url\":\"https:\/\/annette-ahrens.at\/onlineshop\/\",\"name\":\"Home\"}},{\"@type\":\"ListItem\",\"position\":2,\"item\":{\"@type\":\"WebPage\",\"@id\":\"https:\/\/annette-ahrens.at\/onlineshop\/alle-tafelkultur-objekte\/\",\"url\":\"https:\/\/annette-ahrens.at\/onlineshop\/alle-tafelkultur-objekte\/\",\"name\":\"Alle Tafelkultur Objekte\"}},{\"@type\":\"ListItem\",\"position\":3,\"item\":{\"@type\":\"WebPage\",\"@id\":\"https:\/\/annette-ahrens.at\/onlineshop\/produkt\/6-silberne-eisloeffel-geigenkasten-wien-1872-1922\/\",\"url\":\"https:\/\/annette-ahrens.at\/onlineshop\/produkt\/6-silberne-eisloeffel-geigenkasten-wien-1872-1922\/\",\"name\":\"6 silberne Eisl\\u00f6ffel &#8220;Geigenkasten&#8221;, Wien, 1872 &#8211; 1922\"}}]}]}<\/script>\n<!-- \/ Yoast SEO Premium plugin. -->","_links":{"self":[{"href":"https:\/\/annette-ahrens.at\/onlineshop\/wp-json\/wp\/v2\/product\/24090","targetHints":{"allow":["GET"]}}],"collection":[{"href":"https:\/\/annette-ahrens.at\/onlineshop\/wp-json\/wp\/v2\/product"}],"about":[{"href":"https:\/\/annette-ahrens.at\/onlineshop\/wp-json\/wp\/v2\/types\/product"}],"replies":[{"embeddable":true,"href":"https:\/\/annette-ahrens.at\/onlineshop\/wp-json\/wp\/v2\/comments?post=24090"}],"wp:featuredmedia":[{"embeddable":true,"href":"https:\/\/annette-ahrens.at\/onlineshop\/wp-json\/wp\/v2\/media\/24178"}],"wp:attachment":[{"href":"https:\/\/annette-ahrens.at\/onlineshop\/wp-json\/wp\/v2\/media?parent=24090"}],"wp:term":[{"taxonomy":"product_brand","embeddable":true,"href":"https:\/\/annette-ahrens.at\/onlineshop\/wp-json\/wp\/v2\/product_brand?post=24090"},{"taxonomy":"product_cat","embeddable":true,"href":"https:\/\/annette-ahrens.at\/onlineshop\/wp-json\/wp\/v2\/product_cat?post=24090"},{"taxonomy":"product_tag","embeddable":true,"href":"https:\/\/annette-ahrens.at\/onlineshop\/wp-json\/wp\/v2\/product_tag?post=24090"}],"curies":[{"name":"wp","href":"https:\/\/api.w.org\/{rel}","templated":true}]}}