{"id":24488,"date":"2023-09-23T23:35:48","date_gmt":"2023-09-23T21:35:48","guid":{"rendered":"https:\/\/annette-ahrens.at\/onlineshop\/?post_type=product&#038;p=24488"},"modified":"2023-09-29T00:15:21","modified_gmt":"2023-09-28T22:15:21","slug":"jugendstil-blumenvase-mit-emu-fa-berndorf-um-1880-2","status":"publish","type":"product","link":"https:\/\/annette-ahrens.at\/onlineshop\/produkt\/jugendstil-blumenvase-mit-emu-fa-berndorf-um-1880-2\/","title":{"rendered":"Jugendstil Blumenvase mit Emu, Fa. Berndorf, um 1895"},"content":{"rendered":"<p>Jugendstil Blumenvase mit Emu<\/p>\n<p>Fa. Berndorf, \u00d6sterreich, um 1895<\/p>\n<p>Alpacca, versilbert, runder Sockel mit Schilfoptik, stehender Vogel (Emu, flugunf\u00e4higer Laufvogel), umlaufender Bl\u00e4tterkranz, originaler, farbloser Glaseinsatz aus facettiertem Glas, gemarkt mit runder B\u00e4renmarke, handpolierter Zustand, tadellose Erhaltung, Glastulpe mit minimalem Kalkrand<\/p>\n<p>H\u00f6he 46 cm<\/p>\n<p>Siehe: Auszug aus dem Katalog der Fa. Berndorf, Modellnummer 49915 (ab 1893 bis 1897 nachweisbar)<\/p>\n<p>Vergleiche: Passsauer Glasmuseum<\/p>\n","protected":false},"excerpt":{"rendered":"<p>Annettes Etikette: Dieses prachtvolle Tafelger\u00e4t ist in den\u00a0Katalogen der Fa. Berndorf unter der Modellnummer 49915 zwischen den Jahren 1893 bis 1897 nachweisbar. Ich danke Herrn Dr. Wahlm\u00fcller, Wien f\u00fcr diesen wertvollen Datierungshinweis.<\/p>\n<p>&nbsp;<\/p>\n","protected":false},"featured_media":24489,"comment_status":"open","ping_status":"closed","template":"","meta":[],"product_brand":[],"product_cat":[32,300,31,291,295,313,281,131,280],"product_tag":[],"class_list":{"0":"post-24488","1":"product","2":"type-product","3":"status-publish","4":"has-post-thumbnail","6":"product_cat-festefeiern","7":"product_cat-gartenfest","8":"product_cat-gastgeschenke","9":"product_cat-hochzeit","10":"product_cat-jagdeinladung","11":"product_cat-menagerie","12":"product_cat-tafelaufsatz","13":"product_cat-tafeldekorationen","14":"product_cat-vase","16":"first","17":"instock","18":"sold-individually","19":"purchasable","20":"product-type-simple"},"yoast_head":"<!-- This site is optimized with the Yoast SEO Premium plugin v15.8.2 - https:\/\/yoast.com\/wordpress\/plugins\/seo\/ -->\n<title>Jugendstil Blumenvase mit Emu, Fa. Berndorf, um 1895<\/title>\n<meta name=\"description\" content=\"Jugendstil Blumenvase mit Emu, Fa. Berndorf, um 1895 \u2665 Antiquit\u00e4ten Online kaufen \u2713 Sichere Lieferung \u2713\" \/>\n<meta name=\"robots\" content=\"index, follow, max-snippet:-1, max-image-preview:large, max-video-preview:-1\" \/>\n<link rel=\"canonical\" href=\"https:\/\/annette-ahrens.at\/onlineshop\/produkt\/jugendstil-blumenvase-mit-emu-fa-berndorf-um-1880-2\/\" \/>\n<meta property=\"og:locale\" content=\"de_DE\" \/>\n<meta property=\"og:type\" content=\"article\" \/>\n<meta property=\"og:title\" content=\"Jugendstil Blumenvase mit Emu, Fa. Berndorf, um 1895\" \/>\n<meta property=\"og:description\" content=\"Jugendstil Blumenvase mit Emu, Fa. Berndorf, um 1895 \u2665 Antiquit\u00e4ten Online kaufen \u2713 Sichere Lieferung \u2713\" \/>\n<meta property=\"og:url\" content=\"https:\/\/annette-ahrens.at\/onlineshop\/produkt\/jugendstil-blumenvase-mit-emu-fa-berndorf-um-1880-2\/\" \/>\n<meta property=\"og:site_name\" content=\"Tafelkultur Onlineshop\" \/>\n<meta property=\"article:publisher\" content=\"https:\/\/www.facebook.com\/AnnetteAhrensTafelkultur\" \/>\n<meta property=\"article:modified_time\" content=\"2023-09-28T22:15:21+00:00\" \/>\n<meta property=\"og:image\" content=\"https:\/\/annette-ahrens.at\/onlineshop\/wp-content\/uploads\/2023\/09\/IMG_5342-scaled.jpeg\" \/>\n\t<meta property=\"og:image:width\" content=\"1912\" \/>\n\t<meta property=\"og:image:height\" content=\"2560\" \/>\n<meta name=\"twitter:card\" content=\"summary_large_image\" \/>\n<meta name=\"twitter:label1\" content=\"Gesch\u00e4tzte Lesezeit\">\n\t<meta name=\"twitter:data1\" content=\"1\u00a0Minute\">\n<script type=\"application\/ld+json\" class=\"yoast-schema-graph\">{\"@context\":\"https:\/\/schema.org\",\"@graph\":[{\"@type\":[\"Person\",\"Organization\"],\"@id\":\"https:\/\/annette-ahrens.at\/onlineshop\/#\/schema\/person\/3e19676faae246bba0cb3b7e15f427d8\",\"name\":\"Annette Ahrens\",\"image\":{\"@type\":\"ImageObject\",\"@id\":\"https:\/\/annette-ahrens.at\/onlineshop\/#personlogo\",\"inLanguage\":\"de\",\"url\":\"https:\/\/annette-ahrens.at\/onlineshop\/wp-content\/uploads\/2020\/04\/aa_logo_End.png\",\"width\":800,\"height\":164,\"caption\":\"Annette Ahrens\"},\"logo\":{\"@id\":\"https:\/\/annette-ahrens.at\/onlineshop\/#personlogo\"},\"sameAs\":[\"https:\/\/annette-ahrens.at\",\"https:\/\/www.facebook.com\/AnnetteAhrensTafelkultur\",\"https:\/\/www.instagram.com\/tafelkulturistin\/\",\"https:\/\/de.wikipedia.org\/wiki\/Annette_Ahrens\"]},{\"@type\":\"WebSite\",\"@id\":\"https:\/\/annette-ahrens.at\/onlineshop\/#website\",\"url\":\"https:\/\/annette-ahrens.at\/onlineshop\/\",\"name\":\"Tafelkultur Onlineshop\",\"description\":\"Annette Ahrens\",\"publisher\":{\"@id\":\"https:\/\/annette-ahrens.at\/onlineshop\/#\/schema\/person\/3e19676faae246bba0cb3b7e15f427d8\"},\"potentialAction\":[{\"@type\":\"SearchAction\",\"target\":\"https:\/\/annette-ahrens.at\/onlineshop\/?s={search_term_string}\",\"query-input\":\"required name=search_term_string\"}],\"inLanguage\":\"de\"},{\"@type\":\"ImageObject\",\"@id\":\"https:\/\/annette-ahrens.at\/onlineshop\/produkt\/jugendstil-blumenvase-mit-emu-fa-berndorf-um-1880-2\/#primaryimage\",\"inLanguage\":\"de\",\"url\":\"https:\/\/annette-ahrens.at\/onlineshop\/wp-content\/uploads\/2023\/09\/IMG_5342-scaled.jpeg\",\"width\":1912,\"height\":2560,\"caption\":\"vase_berndorf_emu\"},{\"@type\":[\"WebPage\",\"ItemPage\"],\"@id\":\"https:\/\/annette-ahrens.at\/onlineshop\/produkt\/jugendstil-blumenvase-mit-emu-fa-berndorf-um-1880-2\/#webpage\",\"url\":\"https:\/\/annette-ahrens.at\/onlineshop\/produkt\/jugendstil-blumenvase-mit-emu-fa-berndorf-um-1880-2\/\",\"name\":\"Jugendstil Blumenvase mit Emu, Fa. Berndorf, um 1895\",\"isPartOf\":{\"@id\":\"https:\/\/annette-ahrens.at\/onlineshop\/#website\"},\"primaryImageOfPage\":{\"@id\":\"https:\/\/annette-ahrens.at\/onlineshop\/produkt\/jugendstil-blumenvase-mit-emu-fa-berndorf-um-1880-2\/#primaryimage\"},\"datePublished\":\"2023-09-23T21:35:48+00:00\",\"dateModified\":\"2023-09-28T22:15:21+00:00\",\"description\":\"Jugendstil Blumenvase mit Emu, Fa. Berndorf, um 1895 \\u2665 Antiquit\\u00e4ten Online kaufen \\u2713 Sichere Lieferung \\u2713\",\"breadcrumb\":{\"@id\":\"https:\/\/annette-ahrens.at\/onlineshop\/produkt\/jugendstil-blumenvase-mit-emu-fa-berndorf-um-1880-2\/#breadcrumb\"},\"inLanguage\":\"de\",\"potentialAction\":[{\"@type\":\"ReadAction\",\"target\":[\"https:\/\/annette-ahrens.at\/onlineshop\/produkt\/jugendstil-blumenvase-mit-emu-fa-berndorf-um-1880-2\/\"]}]},{\"@type\":\"BreadcrumbList\",\"@id\":\"https:\/\/annette-ahrens.at\/onlineshop\/produkt\/jugendstil-blumenvase-mit-emu-fa-berndorf-um-1880-2\/#breadcrumb\",\"itemListElement\":[{\"@type\":\"ListItem\",\"position\":1,\"item\":{\"@type\":\"WebPage\",\"@id\":\"https:\/\/annette-ahrens.at\/onlineshop\/\",\"url\":\"https:\/\/annette-ahrens.at\/onlineshop\/\",\"name\":\"Home\"}},{\"@type\":\"ListItem\",\"position\":2,\"item\":{\"@type\":\"WebPage\",\"@id\":\"https:\/\/annette-ahrens.at\/onlineshop\/alle-tafelkultur-objekte\/\",\"url\":\"https:\/\/annette-ahrens.at\/onlineshop\/alle-tafelkultur-objekte\/\",\"name\":\"Alle Tafelkultur Objekte\"}},{\"@type\":\"ListItem\",\"position\":3,\"item\":{\"@type\":\"WebPage\",\"@id\":\"https:\/\/annette-ahrens.at\/onlineshop\/produkt\/jugendstil-blumenvase-mit-emu-fa-berndorf-um-1880-2\/\",\"url\":\"https:\/\/annette-ahrens.at\/onlineshop\/produkt\/jugendstil-blumenvase-mit-emu-fa-berndorf-um-1880-2\/\",\"name\":\"Jugendstil Blumenvase mit Emu, Fa. Berndorf, um 1895\"}}]}]}<\/script>\n<!-- \/ Yoast SEO Premium plugin. -->","_links":{"self":[{"href":"https:\/\/annette-ahrens.at\/onlineshop\/wp-json\/wp\/v2\/product\/24488","targetHints":{"allow":["GET"]}}],"collection":[{"href":"https:\/\/annette-ahrens.at\/onlineshop\/wp-json\/wp\/v2\/product"}],"about":[{"href":"https:\/\/annette-ahrens.at\/onlineshop\/wp-json\/wp\/v2\/types\/product"}],"replies":[{"embeddable":true,"href":"https:\/\/annette-ahrens.at\/onlineshop\/wp-json\/wp\/v2\/comments?post=24488"}],"wp:featuredmedia":[{"embeddable":true,"href":"https:\/\/annette-ahrens.at\/onlineshop\/wp-json\/wp\/v2\/media\/24489"}],"wp:attachment":[{"href":"https:\/\/annette-ahrens.at\/onlineshop\/wp-json\/wp\/v2\/media?parent=24488"}],"wp:term":[{"taxonomy":"product_brand","embeddable":true,"href":"https:\/\/annette-ahrens.at\/onlineshop\/wp-json\/wp\/v2\/product_brand?post=24488"},{"taxonomy":"product_cat","embeddable":true,"href":"https:\/\/annette-ahrens.at\/onlineshop\/wp-json\/wp\/v2\/product_cat?post=24488"},{"taxonomy":"product_tag","embeddable":true,"href":"https:\/\/annette-ahrens.at\/onlineshop\/wp-json\/wp\/v2\/product_tag?post=24488"}],"curies":[{"name":"wp","href":"https:\/\/api.w.org\/{rel}","templated":true}]}}