{"id":24541,"date":"2023-09-25T13:35:06","date_gmt":"2023-09-25T11:35:06","guid":{"rendered":"https:\/\/annette-ahrens.at\/onlineshop\/?post_type=product&#038;p=24541"},"modified":"2023-09-26T16:52:05","modified_gmt":"2023-09-26T14:52:05","slug":"kaviardose-fuer-die-fruehstuecksstube-zykan-fa-augarten-wien-um-1925","status":"publish","type":"product","link":"https:\/\/annette-ahrens.at\/onlineshop\/produkt\/kaviardose-fuer-die-fruehstuecksstube-zykan-fa-augarten-wien-um-1925\/","title":{"rendered":"Kaviardose f\u00fcr die Fr\u00fchst\u00fccksstube Zykan, Fa. Augarten, Wien, um 1925"},"content":{"rendered":"<p>Kaviardose f\u00fcr die Fr\u00fchst\u00fccksstube Gottfried Zykan<\/p>\n<p>Entwurf: Otto Prutscher (Wien 1880 \u2013 1949 ebenda) f\u00fcr Fa. Augarten, Wien, um 1925<\/p>\n<p>Porzellan, runde Dose mit Deckel, umlaufender Art Deco Dekor in Blau, Deckel mit Firmenbezeichnung ZYKAN KAVIAR in Blau, am Boden gemarkt gr\u00fcner Bindenschild Augarten<\/p>\n<p>H 5,5 cm<\/p>\n<p>Dm 8 cm<\/p>\n","protected":false},"excerpt":{"rendered":"<p>Annettes Etikette: Diese kleine Deckeldose mit blauem Umdruckdekor kann dem Wiener Architekten Otto Prutscher zugeordnet werden (siehe Duit 2019, Band 2, Seite 257). Es d\u00fcrfte sich um ein Werbemittel der bereits 1905 er\u00f6ffneten \u201cFr\u00fchst\u00fcckstube\u201d von Gottfried Zykan am Kohlmarkt 5 in Wien handeln. Die Besonderheit des Gesch\u00e4ftes lag nicht nur am Sortiment selbst sondern an der M\u00f6glichkeit die Spirituosen, Pasteten und die ber\u00fchmte G\u00e4nseleber auch direkt im Gesch\u00e4ft zu verkosten. Im Wiener Adressbuch Lehmann von 1924 ist Zykans Firma zur \u201cVerabreichung von kalten Speisen, Gemischtwaren, Verschleiss und Gastgewerbe\u201d protokolliert. Der Dekor der Dose f\u00fcr Kaviar steht in \u00dcbereinstimmung mit der Ausstattung des heute verloren gegangenen Interieurs und Gesch\u00e4ftes, dessen Abbildungen wir in der Zeitschrift \u201cModerne Baumformen\u201d, Wien 1925, Seite 416, Tafel 94 finden. Otto Prutscher wurde von Gottfried Zykan in den 20er-Jahren beauftragt, das Gesch\u00e4ft am Kohlmarkt zu modernisieren. Die Fotos der\u00a0\u201cFr\u00fchst\u00fcckstube\u201d am Kohlmarkt in Wien stammen aus: der Zeitschrift \u201cModerne Baumformen\u201d, Wien 1925, Seite 416, Tafel 94.<\/p>\n","protected":false},"featured_media":24552,"comment_status":"open","ping_status":"closed","template":"","meta":[],"product_brand":[],"product_cat":[19,31,181,47,53],"product_tag":[],"class_list":{"0":"post-24541","1":"product","2":"type-product","3":"status-publish","4":"has-post-thumbnail","6":"product_cat-gabelfruehstueck","7":"product_cat-gastgeschenke","8":"product_cat-kaviar","9":"product_cat-meerestiere","10":"product_cat-weihnachten","12":"first","13":"instock","14":"sold-individually","15":"purchasable","16":"product-type-simple"},"yoast_head":"<!-- This site is optimized with the Yoast SEO Premium plugin v15.8.2 - https:\/\/yoast.com\/wordpress\/plugins\/seo\/ -->\n<title>Kaviardose f\u00fcr die Fr\u00fchst\u00fccksstube Zykan, Fa. Augarten, Wien, um 1925<\/title>\n<meta name=\"description\" content=\"Kaviardose f\u00fcr die Fr\u00fchst\u00fccksstube Zykan, Fa. Augarten, Wien, um 1925 \u2665 Antiquit\u00e4ten Online kaufen \u2713 Sichere Lieferung \u2713\" \/>\n<meta name=\"robots\" content=\"index, follow, max-snippet:-1, max-image-preview:large, max-video-preview:-1\" \/>\n<link rel=\"canonical\" href=\"https:\/\/annette-ahrens.at\/onlineshop\/produkt\/kaviardose-fuer-die-fruehstuecksstube-zykan-fa-augarten-wien-um-1925\/\" \/>\n<meta property=\"og:locale\" content=\"de_DE\" \/>\n<meta property=\"og:type\" content=\"article\" \/>\n<meta property=\"og:title\" content=\"Kaviardose f\u00fcr die Fr\u00fchst\u00fccksstube Zykan, Fa. Augarten, Wien, um 1925\" \/>\n<meta property=\"og:description\" content=\"Kaviardose f\u00fcr die Fr\u00fchst\u00fccksstube Zykan, Fa. Augarten, Wien, um 1925 \u2665 Antiquit\u00e4ten Online kaufen \u2713 Sichere Lieferung \u2713\" \/>\n<meta property=\"og:url\" content=\"https:\/\/annette-ahrens.at\/onlineshop\/produkt\/kaviardose-fuer-die-fruehstuecksstube-zykan-fa-augarten-wien-um-1925\/\" \/>\n<meta property=\"og:site_name\" content=\"Tafelkultur Onlineshop\" \/>\n<meta property=\"article:publisher\" content=\"https:\/\/www.facebook.com\/AnnetteAhrensTafelkultur\" \/>\n<meta property=\"article:modified_time\" content=\"2023-09-26T14:52:05+00:00\" \/>\n<meta property=\"og:image\" content=\"https:\/\/annette-ahrens.at\/onlineshop\/wp-content\/uploads\/2023\/09\/IMG_5435-rotated.jpeg\" \/>\n\t<meta property=\"og:image:width\" content=\"1936\" \/>\n\t<meta property=\"og:image:height\" content=\"1936\" \/>\n<meta name=\"twitter:card\" content=\"summary_large_image\" \/>\n<meta name=\"twitter:label1\" content=\"Gesch\u00e4tzte Lesezeit\">\n\t<meta name=\"twitter:data1\" content=\"1\u00a0Minute\">\n<script type=\"application\/ld+json\" class=\"yoast-schema-graph\">{\"@context\":\"https:\/\/schema.org\",\"@graph\":[{\"@type\":[\"Person\",\"Organization\"],\"@id\":\"https:\/\/annette-ahrens.at\/onlineshop\/#\/schema\/person\/3e19676faae246bba0cb3b7e15f427d8\",\"name\":\"Annette Ahrens\",\"image\":{\"@type\":\"ImageObject\",\"@id\":\"https:\/\/annette-ahrens.at\/onlineshop\/#personlogo\",\"inLanguage\":\"de\",\"url\":\"https:\/\/annette-ahrens.at\/onlineshop\/wp-content\/uploads\/2020\/04\/aa_logo_End.png\",\"width\":800,\"height\":164,\"caption\":\"Annette Ahrens\"},\"logo\":{\"@id\":\"https:\/\/annette-ahrens.at\/onlineshop\/#personlogo\"},\"sameAs\":[\"https:\/\/annette-ahrens.at\",\"https:\/\/www.facebook.com\/AnnetteAhrensTafelkultur\",\"https:\/\/www.instagram.com\/tafelkulturistin\/\",\"https:\/\/de.wikipedia.org\/wiki\/Annette_Ahrens\"]},{\"@type\":\"WebSite\",\"@id\":\"https:\/\/annette-ahrens.at\/onlineshop\/#website\",\"url\":\"https:\/\/annette-ahrens.at\/onlineshop\/\",\"name\":\"Tafelkultur Onlineshop\",\"description\":\"Annette Ahrens\",\"publisher\":{\"@id\":\"https:\/\/annette-ahrens.at\/onlineshop\/#\/schema\/person\/3e19676faae246bba0cb3b7e15f427d8\"},\"potentialAction\":[{\"@type\":\"SearchAction\",\"target\":\"https:\/\/annette-ahrens.at\/onlineshop\/?s={search_term_string}\",\"query-input\":\"required name=search_term_string\"}],\"inLanguage\":\"de\"},{\"@type\":\"ImageObject\",\"@id\":\"https:\/\/annette-ahrens.at\/onlineshop\/produkt\/kaviardose-fuer-die-fruehstuecksstube-zykan-fa-augarten-wien-um-1925\/#primaryimage\",\"inLanguage\":\"de\",\"url\":\"https:\/\/annette-ahrens.at\/onlineshop\/wp-content\/uploads\/2023\/09\/IMG_5435-rotated.jpeg\",\"width\":1936,\"height\":1936,\"caption\":\"kaviardose_augarten_zykan\"},{\"@type\":[\"WebPage\",\"ItemPage\"],\"@id\":\"https:\/\/annette-ahrens.at\/onlineshop\/produkt\/kaviardose-fuer-die-fruehstuecksstube-zykan-fa-augarten-wien-um-1925\/#webpage\",\"url\":\"https:\/\/annette-ahrens.at\/onlineshop\/produkt\/kaviardose-fuer-die-fruehstuecksstube-zykan-fa-augarten-wien-um-1925\/\",\"name\":\"Kaviardose f\\u00fcr die Fr\\u00fchst\\u00fccksstube Zykan, Fa. Augarten, Wien, um 1925\",\"isPartOf\":{\"@id\":\"https:\/\/annette-ahrens.at\/onlineshop\/#website\"},\"primaryImageOfPage\":{\"@id\":\"https:\/\/annette-ahrens.at\/onlineshop\/produkt\/kaviardose-fuer-die-fruehstuecksstube-zykan-fa-augarten-wien-um-1925\/#primaryimage\"},\"datePublished\":\"2023-09-25T11:35:06+00:00\",\"dateModified\":\"2023-09-26T14:52:05+00:00\",\"description\":\"Kaviardose f\\u00fcr die Fr\\u00fchst\\u00fccksstube Zykan, Fa. Augarten, Wien, um 1925 \\u2665 Antiquit\\u00e4ten Online kaufen \\u2713 Sichere Lieferung \\u2713\",\"breadcrumb\":{\"@id\":\"https:\/\/annette-ahrens.at\/onlineshop\/produkt\/kaviardose-fuer-die-fruehstuecksstube-zykan-fa-augarten-wien-um-1925\/#breadcrumb\"},\"inLanguage\":\"de\",\"potentialAction\":[{\"@type\":\"ReadAction\",\"target\":[\"https:\/\/annette-ahrens.at\/onlineshop\/produkt\/kaviardose-fuer-die-fruehstuecksstube-zykan-fa-augarten-wien-um-1925\/\"]}]},{\"@type\":\"BreadcrumbList\",\"@id\":\"https:\/\/annette-ahrens.at\/onlineshop\/produkt\/kaviardose-fuer-die-fruehstuecksstube-zykan-fa-augarten-wien-um-1925\/#breadcrumb\",\"itemListElement\":[{\"@type\":\"ListItem\",\"position\":1,\"item\":{\"@type\":\"WebPage\",\"@id\":\"https:\/\/annette-ahrens.at\/onlineshop\/\",\"url\":\"https:\/\/annette-ahrens.at\/onlineshop\/\",\"name\":\"Home\"}},{\"@type\":\"ListItem\",\"position\":2,\"item\":{\"@type\":\"WebPage\",\"@id\":\"https:\/\/annette-ahrens.at\/onlineshop\/alle-tafelkultur-objekte\/\",\"url\":\"https:\/\/annette-ahrens.at\/onlineshop\/alle-tafelkultur-objekte\/\",\"name\":\"Alle Tafelkultur Objekte\"}},{\"@type\":\"ListItem\",\"position\":3,\"item\":{\"@type\":\"WebPage\",\"@id\":\"https:\/\/annette-ahrens.at\/onlineshop\/produkt\/kaviardose-fuer-die-fruehstuecksstube-zykan-fa-augarten-wien-um-1925\/\",\"url\":\"https:\/\/annette-ahrens.at\/onlineshop\/produkt\/kaviardose-fuer-die-fruehstuecksstube-zykan-fa-augarten-wien-um-1925\/\",\"name\":\"Kaviardose f\\u00fcr die Fr\\u00fchst\\u00fccksstube Zykan, Fa. Augarten, Wien, um 1925\"}}]}]}<\/script>\n<!-- \/ Yoast SEO Premium plugin. -->","_links":{"self":[{"href":"https:\/\/annette-ahrens.at\/onlineshop\/wp-json\/wp\/v2\/product\/24541","targetHints":{"allow":["GET"]}}],"collection":[{"href":"https:\/\/annette-ahrens.at\/onlineshop\/wp-json\/wp\/v2\/product"}],"about":[{"href":"https:\/\/annette-ahrens.at\/onlineshop\/wp-json\/wp\/v2\/types\/product"}],"replies":[{"embeddable":true,"href":"https:\/\/annette-ahrens.at\/onlineshop\/wp-json\/wp\/v2\/comments?post=24541"}],"wp:featuredmedia":[{"embeddable":true,"href":"https:\/\/annette-ahrens.at\/onlineshop\/wp-json\/wp\/v2\/media\/24552"}],"wp:attachment":[{"href":"https:\/\/annette-ahrens.at\/onlineshop\/wp-json\/wp\/v2\/media?parent=24541"}],"wp:term":[{"taxonomy":"product_brand","embeddable":true,"href":"https:\/\/annette-ahrens.at\/onlineshop\/wp-json\/wp\/v2\/product_brand?post=24541"},{"taxonomy":"product_cat","embeddable":true,"href":"https:\/\/annette-ahrens.at\/onlineshop\/wp-json\/wp\/v2\/product_cat?post=24541"},{"taxonomy":"product_tag","embeddable":true,"href":"https:\/\/annette-ahrens.at\/onlineshop\/wp-json\/wp\/v2\/product_tag?post=24541"}],"curies":[{"name":"wp","href":"https:\/\/api.w.org\/{rel}","templated":true}]}}