{"id":24607,"date":"2023-09-29T00:09:48","date_gmt":"2023-09-28T22:09:48","guid":{"rendered":"https:\/\/annette-ahrens.at\/onlineshop\/?post_type=product&#038;p=24607"},"modified":"2023-10-04T00:18:50","modified_gmt":"2023-10-03T22:18:50","slug":"schaeferin-kaiserliche-porzellanmanufaktur-wien-um-1760","status":"publish","type":"product","link":"https:\/\/annette-ahrens.at\/onlineshop\/produkt\/schaeferin-kaiserliche-porzellanmanufaktur-wien-um-1760\/","title":{"rendered":"Sch\u00e4ferin, Kaiserliche Porzellanmanufaktur, Wien, um 1760"},"content":{"rendered":"<p style=\"font-weight: 400;\">Sch\u00e4ferin<\/p>\n<p style=\"font-weight: 400;\">Kaiserliche Porzellanmanufaktur<em>,<\/em> Wien, um 1760<\/p>\n<p style=\"font-weight: 400;\">Porzellan, glasiert, unbemalt, naturalistischer Terrainsockel, mit Bl\u00fcten belegt, stehende Sch\u00e4ferin mit Lamm, Sch\u00fcrzenkleid und Hut, am Boden gemarkt mit unterglasurblauem Bindenschild,\u00a0Bossiererbuchstabe O f\u00fcr\u00a0<span lang=\"FR\">Dionisius Pollion (1762 bis 1783 in den Verdienstlisten belegt)<\/span>, fachm\u00e4nnisch an der linken Hand restauriert<\/p>\n<p><span style=\"font-weight: 400;\">H 16 cm <\/span><\/p>\n","protected":false},"excerpt":{"rendered":"<p>Annettes Etikette: Der Mythos des tanzenden, glu\u0308cklich im Einklang mit der Natur lebenden Hirten spiegelte die Sehnsucht der ho\u0308fischen Scha\u0308feridylle. Auf den Hoffesten verkleidete man sich gerne und ha\u0308ufig als Scha\u0308fer und Scha\u0308ferin, als Thema der Tafeldekoration fand die Phantasie im Dargestellten unendliche und erotische Erfu\u0308llung. Das wachsam dargestellte Schaf ko\u0308nnte im Zusammenhang mit einer weiblichen Pendantfigur als Hinweis auf erfolgreiche Liebeswerbung gedeutet werden. Seit Watteau galten das Schu\u0308rzenkleid neben dem Hirtenstab und der Umha\u0308ngetasche als charakteristische Attribute des Scha\u0308feridylls.<\/p>\n","protected":false},"featured_media":24665,"comment_status":"open","ping_status":"closed","template":"","meta":[],"product_brand":[],"product_cat":[274,131],"product_tag":[],"class_list":{"0":"post-24607","1":"product","2":"type-product","3":"status-publish","4":"has-post-thumbnail","6":"product_cat-porzellan-fachbuecher","7":"product_cat-tafeldekorationen","9":"first","10":"instock","11":"sold-individually","12":"purchasable","13":"product-type-simple"},"yoast_head":"<!-- This site is optimized with the Yoast SEO Premium plugin v15.8.2 - https:\/\/yoast.com\/wordpress\/plugins\/seo\/ -->\n<title>Sch\u00e4ferin, Kaiserliche Porzellanmanufaktur, Wien, um 1760<\/title>\n<meta name=\"description\" content=\"Sch\u00e4ferin, Kaiserliche Porzellanmanufaktur, Wien, um 1760 \u2665 Antiquit\u00e4ten Online kaufen \u2713 Sichere Lieferung \u2713\" \/>\n<meta name=\"robots\" content=\"index, follow, max-snippet:-1, max-image-preview:large, max-video-preview:-1\" \/>\n<link rel=\"canonical\" href=\"https:\/\/annette-ahrens.at\/onlineshop\/produkt\/schaeferin-kaiserliche-porzellanmanufaktur-wien-um-1760\/\" \/>\n<meta property=\"og:locale\" content=\"de_DE\" \/>\n<meta property=\"og:type\" content=\"article\" \/>\n<meta property=\"og:title\" content=\"Sch\u00e4ferin, Kaiserliche Porzellanmanufaktur, Wien, um 1760\" \/>\n<meta property=\"og:description\" content=\"Sch\u00e4ferin, Kaiserliche Porzellanmanufaktur, Wien, um 1760 \u2665 Antiquit\u00e4ten Online kaufen \u2713 Sichere Lieferung \u2713\" \/>\n<meta property=\"og:url\" content=\"https:\/\/annette-ahrens.at\/onlineshop\/produkt\/schaeferin-kaiserliche-porzellanmanufaktur-wien-um-1760\/\" \/>\n<meta property=\"og:site_name\" content=\"Tafelkultur Onlineshop\" \/>\n<meta property=\"article:publisher\" content=\"https:\/\/www.facebook.com\/AnnetteAhrensTafelkultur\" \/>\n<meta property=\"article:modified_time\" content=\"2023-10-03T22:18:50+00:00\" \/>\n<meta property=\"og:image\" content=\"https:\/\/annette-ahrens.at\/onlineshop\/wp-content\/uploads\/2023\/09\/IMG_5499-scaled.jpeg\" \/>\n\t<meta property=\"og:image:width\" content=\"1912\" \/>\n\t<meta property=\"og:image:height\" content=\"2560\" \/>\n<meta name=\"twitter:card\" content=\"summary_large_image\" \/>\n<meta name=\"twitter:label1\" content=\"Gesch\u00e4tzte Lesezeit\">\n\t<meta name=\"twitter:data1\" content=\"1\u00a0Minute\">\n<script type=\"application\/ld+json\" class=\"yoast-schema-graph\">{\"@context\":\"https:\/\/schema.org\",\"@graph\":[{\"@type\":[\"Person\",\"Organization\"],\"@id\":\"https:\/\/annette-ahrens.at\/onlineshop\/#\/schema\/person\/3e19676faae246bba0cb3b7e15f427d8\",\"name\":\"Annette Ahrens\",\"image\":{\"@type\":\"ImageObject\",\"@id\":\"https:\/\/annette-ahrens.at\/onlineshop\/#personlogo\",\"inLanguage\":\"de\",\"url\":\"https:\/\/annette-ahrens.at\/onlineshop\/wp-content\/uploads\/2020\/04\/aa_logo_End.png\",\"width\":800,\"height\":164,\"caption\":\"Annette Ahrens\"},\"logo\":{\"@id\":\"https:\/\/annette-ahrens.at\/onlineshop\/#personlogo\"},\"sameAs\":[\"https:\/\/annette-ahrens.at\",\"https:\/\/www.facebook.com\/AnnetteAhrensTafelkultur\",\"https:\/\/www.instagram.com\/tafelkulturistin\/\",\"https:\/\/de.wikipedia.org\/wiki\/Annette_Ahrens\"]},{\"@type\":\"WebSite\",\"@id\":\"https:\/\/annette-ahrens.at\/onlineshop\/#website\",\"url\":\"https:\/\/annette-ahrens.at\/onlineshop\/\",\"name\":\"Tafelkultur Onlineshop\",\"description\":\"Annette Ahrens\",\"publisher\":{\"@id\":\"https:\/\/annette-ahrens.at\/onlineshop\/#\/schema\/person\/3e19676faae246bba0cb3b7e15f427d8\"},\"potentialAction\":[{\"@type\":\"SearchAction\",\"target\":\"https:\/\/annette-ahrens.at\/onlineshop\/?s={search_term_string}\",\"query-input\":\"required name=search_term_string\"}],\"inLanguage\":\"de\"},{\"@type\":\"ImageObject\",\"@id\":\"https:\/\/annette-ahrens.at\/onlineshop\/produkt\/schaeferin-kaiserliche-porzellanmanufaktur-wien-um-1760\/#primaryimage\",\"inLanguage\":\"de\",\"url\":\"https:\/\/annette-ahrens.at\/onlineshop\/wp-content\/uploads\/2023\/09\/IMG_5499-scaled.jpeg\",\"width\":1912,\"height\":2560,\"caption\":\"sch\\u00e4ferin_alt_wien\"},{\"@type\":[\"WebPage\",\"ItemPage\"],\"@id\":\"https:\/\/annette-ahrens.at\/onlineshop\/produkt\/schaeferin-kaiserliche-porzellanmanufaktur-wien-um-1760\/#webpage\",\"url\":\"https:\/\/annette-ahrens.at\/onlineshop\/produkt\/schaeferin-kaiserliche-porzellanmanufaktur-wien-um-1760\/\",\"name\":\"Sch\\u00e4ferin, Kaiserliche Porzellanmanufaktur, Wien, um 1760\",\"isPartOf\":{\"@id\":\"https:\/\/annette-ahrens.at\/onlineshop\/#website\"},\"primaryImageOfPage\":{\"@id\":\"https:\/\/annette-ahrens.at\/onlineshop\/produkt\/schaeferin-kaiserliche-porzellanmanufaktur-wien-um-1760\/#primaryimage\"},\"datePublished\":\"2023-09-28T22:09:48+00:00\",\"dateModified\":\"2023-10-03T22:18:50+00:00\",\"description\":\"Sch\\u00e4ferin, Kaiserliche Porzellanmanufaktur, Wien, um 1760 \\u2665 Antiquit\\u00e4ten Online kaufen \\u2713 Sichere Lieferung \\u2713\",\"breadcrumb\":{\"@id\":\"https:\/\/annette-ahrens.at\/onlineshop\/produkt\/schaeferin-kaiserliche-porzellanmanufaktur-wien-um-1760\/#breadcrumb\"},\"inLanguage\":\"de\",\"potentialAction\":[{\"@type\":\"ReadAction\",\"target\":[\"https:\/\/annette-ahrens.at\/onlineshop\/produkt\/schaeferin-kaiserliche-porzellanmanufaktur-wien-um-1760\/\"]}]},{\"@type\":\"BreadcrumbList\",\"@id\":\"https:\/\/annette-ahrens.at\/onlineshop\/produkt\/schaeferin-kaiserliche-porzellanmanufaktur-wien-um-1760\/#breadcrumb\",\"itemListElement\":[{\"@type\":\"ListItem\",\"position\":1,\"item\":{\"@type\":\"WebPage\",\"@id\":\"https:\/\/annette-ahrens.at\/onlineshop\/\",\"url\":\"https:\/\/annette-ahrens.at\/onlineshop\/\",\"name\":\"Home\"}},{\"@type\":\"ListItem\",\"position\":2,\"item\":{\"@type\":\"WebPage\",\"@id\":\"https:\/\/annette-ahrens.at\/onlineshop\/alle-tafelkultur-objekte\/\",\"url\":\"https:\/\/annette-ahrens.at\/onlineshop\/alle-tafelkultur-objekte\/\",\"name\":\"Alle Tafelkultur Objekte\"}},{\"@type\":\"ListItem\",\"position\":3,\"item\":{\"@type\":\"WebPage\",\"@id\":\"https:\/\/annette-ahrens.at\/onlineshop\/produkt\/schaeferin-kaiserliche-porzellanmanufaktur-wien-um-1760\/\",\"url\":\"https:\/\/annette-ahrens.at\/onlineshop\/produkt\/schaeferin-kaiserliche-porzellanmanufaktur-wien-um-1760\/\",\"name\":\"Sch\\u00e4ferin, Kaiserliche Porzellanmanufaktur, Wien, um 1760\"}}]}]}<\/script>\n<!-- \/ Yoast SEO Premium plugin. -->","_links":{"self":[{"href":"https:\/\/annette-ahrens.at\/onlineshop\/wp-json\/wp\/v2\/product\/24607","targetHints":{"allow":["GET"]}}],"collection":[{"href":"https:\/\/annette-ahrens.at\/onlineshop\/wp-json\/wp\/v2\/product"}],"about":[{"href":"https:\/\/annette-ahrens.at\/onlineshop\/wp-json\/wp\/v2\/types\/product"}],"replies":[{"embeddable":true,"href":"https:\/\/annette-ahrens.at\/onlineshop\/wp-json\/wp\/v2\/comments?post=24607"}],"wp:featuredmedia":[{"embeddable":true,"href":"https:\/\/annette-ahrens.at\/onlineshop\/wp-json\/wp\/v2\/media\/24665"}],"wp:attachment":[{"href":"https:\/\/annette-ahrens.at\/onlineshop\/wp-json\/wp\/v2\/media?parent=24607"}],"wp:term":[{"taxonomy":"product_brand","embeddable":true,"href":"https:\/\/annette-ahrens.at\/onlineshop\/wp-json\/wp\/v2\/product_brand?post=24607"},{"taxonomy":"product_cat","embeddable":true,"href":"https:\/\/annette-ahrens.at\/onlineshop\/wp-json\/wp\/v2\/product_cat?post=24607"},{"taxonomy":"product_tag","embeddable":true,"href":"https:\/\/annette-ahrens.at\/onlineshop\/wp-json\/wp\/v2\/product_tag?post=24607"}],"curies":[{"name":"wp","href":"https:\/\/api.w.org\/{rel}","templated":true}]}}