{"id":24791,"date":"2023-10-09T11:52:13","date_gmt":"2023-10-09T09:52:13","guid":{"rendered":"https:\/\/annette-ahrens.at\/onlineshop\/?post_type=product&#038;p=24791"},"modified":"2023-10-11T09:23:24","modified_gmt":"2023-10-11T07:23:24","slug":"paar-art-deco-messerbaenke-mit-windhunden-england-um-1930","status":"publish","type":"product","link":"https:\/\/annette-ahrens.at\/onlineshop\/produkt\/paar-art-deco-messerbaenke-mit-windhunden-england-um-1930\/","title":{"rendered":"Paar Art Deco Messerb\u00e4nke mit Windhunden, England, um 1930"},"content":{"rendered":"<p>Paar Art Deco Messerb\u00e4nke mit Windhunden<\/p>\n<p>England, um 1930<\/p>\n<p>Appacca, versilbert Abschlussenden mit plastisch gearbeiteten liegenden Windhunden, Querbalken als Gerte ausgef\u00fchrt, ungemarkt<\/p>\n<p>L\u00e4nge 8,2 cm<\/p>\n","protected":false},"excerpt":{"rendered":"<p>Annettes Etikette: Beim Eindecken eines Tisches sind die Messerb\u00e4nke oftmals falsch aufgedeckt: Nicht nur, dass sie rechts vom Teller platziert werden sollten, so ist das noch saubere Messer unterhalb des Tafelger\u00e4tes hinzulegen. Erst nach Verwendung des Messers wird dieses auf der Messerbank abgelegt, um das Tischtuch nicht zu ber\u00fchren. Die Saucenreiche, franz\u00f6sische K\u00fcche hat die &#8222;porte couteaux&#8220; ins Spiel gebracht. Wussten Sie das?<\/p>\n","protected":false},"featured_media":24803,"comment_status":"open","ping_status":"closed","template":"","meta":[],"product_brand":[],"product_cat":[30,275,243,52,53],"product_tag":[],"class_list":{"0":"post-24791","1":"product","2":"type-product","3":"status-publish","4":"has-post-thumbnail","6":"product_cat-besteck","7":"product_cat-glas-fachbuecher","8":"product_cat-messerbaenke","9":"product_cat-thanksgiving","10":"product_cat-weihnachten","12":"first","13":"instock","14":"sold-individually","15":"purchasable","16":"product-type-simple"},"yoast_head":"<!-- This site is optimized with the Yoast SEO Premium plugin v15.8.2 - https:\/\/yoast.com\/wordpress\/plugins\/seo\/ -->\n<title>Paar Art Deco Messerb\u00e4nke mit Windhunden, England, um 1930<\/title>\n<meta name=\"description\" content=\"Paar Art Deco Messerb\u00e4nke mit Windhunden, England, um 1930 \u2665 Antiquit\u00e4ten Online kaufen \u2713 Sichere Lieferung \u2713\" \/>\n<meta name=\"robots\" content=\"index, follow, max-snippet:-1, max-image-preview:large, max-video-preview:-1\" \/>\n<link rel=\"canonical\" href=\"https:\/\/annette-ahrens.at\/onlineshop\/produkt\/paar-art-deco-messerbaenke-mit-windhunden-england-um-1930\/\" \/>\n<meta property=\"og:locale\" content=\"de_DE\" \/>\n<meta property=\"og:type\" content=\"article\" \/>\n<meta property=\"og:title\" content=\"Paar Art Deco Messerb\u00e4nke mit Windhunden, England, um 1930\" \/>\n<meta property=\"og:description\" content=\"Paar Art Deco Messerb\u00e4nke mit Windhunden, England, um 1930 \u2665 Antiquit\u00e4ten Online kaufen \u2713 Sichere Lieferung \u2713\" \/>\n<meta property=\"og:url\" content=\"https:\/\/annette-ahrens.at\/onlineshop\/produkt\/paar-art-deco-messerbaenke-mit-windhunden-england-um-1930\/\" \/>\n<meta property=\"og:site_name\" content=\"Tafelkultur Onlineshop\" \/>\n<meta property=\"article:publisher\" content=\"https:\/\/www.facebook.com\/AnnetteAhrensTafelkultur\" \/>\n<meta property=\"article:modified_time\" content=\"2023-10-11T07:23:24+00:00\" \/>\n<meta property=\"og:image\" content=\"https:\/\/annette-ahrens.at\/onlineshop\/wp-content\/uploads\/2023\/10\/IMG_5669-rotated.jpeg\" \/>\n\t<meta property=\"og:image:width\" content=\"1936\" \/>\n\t<meta property=\"og:image:height\" content=\"1936\" \/>\n<meta name=\"twitter:card\" content=\"summary_large_image\" \/>\n<meta name=\"twitter:label1\" content=\"Gesch\u00e4tzte Lesezeit\">\n\t<meta name=\"twitter:data1\" content=\"1\u00a0Minute\">\n<script type=\"application\/ld+json\" class=\"yoast-schema-graph\">{\"@context\":\"https:\/\/schema.org\",\"@graph\":[{\"@type\":[\"Person\",\"Organization\"],\"@id\":\"https:\/\/annette-ahrens.at\/onlineshop\/#\/schema\/person\/3e19676faae246bba0cb3b7e15f427d8\",\"name\":\"Annette Ahrens\",\"image\":{\"@type\":\"ImageObject\",\"@id\":\"https:\/\/annette-ahrens.at\/onlineshop\/#personlogo\",\"inLanguage\":\"de\",\"url\":\"https:\/\/annette-ahrens.at\/onlineshop\/wp-content\/uploads\/2020\/04\/aa_logo_End.png\",\"width\":800,\"height\":164,\"caption\":\"Annette Ahrens\"},\"logo\":{\"@id\":\"https:\/\/annette-ahrens.at\/onlineshop\/#personlogo\"},\"sameAs\":[\"https:\/\/annette-ahrens.at\",\"https:\/\/www.facebook.com\/AnnetteAhrensTafelkultur\",\"https:\/\/www.instagram.com\/tafelkulturistin\/\",\"https:\/\/de.wikipedia.org\/wiki\/Annette_Ahrens\"]},{\"@type\":\"WebSite\",\"@id\":\"https:\/\/annette-ahrens.at\/onlineshop\/#website\",\"url\":\"https:\/\/annette-ahrens.at\/onlineshop\/\",\"name\":\"Tafelkultur Onlineshop\",\"description\":\"Annette Ahrens\",\"publisher\":{\"@id\":\"https:\/\/annette-ahrens.at\/onlineshop\/#\/schema\/person\/3e19676faae246bba0cb3b7e15f427d8\"},\"potentialAction\":[{\"@type\":\"SearchAction\",\"target\":\"https:\/\/annette-ahrens.at\/onlineshop\/?s={search_term_string}\",\"query-input\":\"required name=search_term_string\"}],\"inLanguage\":\"de\"},{\"@type\":\"ImageObject\",\"@id\":\"https:\/\/annette-ahrens.at\/onlineshop\/produkt\/paar-art-deco-messerbaenke-mit-windhunden-england-um-1930\/#primaryimage\",\"inLanguage\":\"de\",\"url\":\"https:\/\/annette-ahrens.at\/onlineshop\/wp-content\/uploads\/2023\/10\/IMG_5669-rotated.jpeg\",\"width\":1936,\"height\":1936,\"caption\":\"messerb\\u00e4nke_hund\"},{\"@type\":[\"WebPage\",\"ItemPage\"],\"@id\":\"https:\/\/annette-ahrens.at\/onlineshop\/produkt\/paar-art-deco-messerbaenke-mit-windhunden-england-um-1930\/#webpage\",\"url\":\"https:\/\/annette-ahrens.at\/onlineshop\/produkt\/paar-art-deco-messerbaenke-mit-windhunden-england-um-1930\/\",\"name\":\"Paar Art Deco Messerb\\u00e4nke mit Windhunden, England, um 1930\",\"isPartOf\":{\"@id\":\"https:\/\/annette-ahrens.at\/onlineshop\/#website\"},\"primaryImageOfPage\":{\"@id\":\"https:\/\/annette-ahrens.at\/onlineshop\/produkt\/paar-art-deco-messerbaenke-mit-windhunden-england-um-1930\/#primaryimage\"},\"datePublished\":\"2023-10-09T09:52:13+00:00\",\"dateModified\":\"2023-10-11T07:23:24+00:00\",\"description\":\"Paar Art Deco Messerb\\u00e4nke mit Windhunden, England, um 1930 \\u2665 Antiquit\\u00e4ten Online kaufen \\u2713 Sichere Lieferung \\u2713\",\"breadcrumb\":{\"@id\":\"https:\/\/annette-ahrens.at\/onlineshop\/produkt\/paar-art-deco-messerbaenke-mit-windhunden-england-um-1930\/#breadcrumb\"},\"inLanguage\":\"de\",\"potentialAction\":[{\"@type\":\"ReadAction\",\"target\":[\"https:\/\/annette-ahrens.at\/onlineshop\/produkt\/paar-art-deco-messerbaenke-mit-windhunden-england-um-1930\/\"]}]},{\"@type\":\"BreadcrumbList\",\"@id\":\"https:\/\/annette-ahrens.at\/onlineshop\/produkt\/paar-art-deco-messerbaenke-mit-windhunden-england-um-1930\/#breadcrumb\",\"itemListElement\":[{\"@type\":\"ListItem\",\"position\":1,\"item\":{\"@type\":\"WebPage\",\"@id\":\"https:\/\/annette-ahrens.at\/onlineshop\/\",\"url\":\"https:\/\/annette-ahrens.at\/onlineshop\/\",\"name\":\"Home\"}},{\"@type\":\"ListItem\",\"position\":2,\"item\":{\"@type\":\"WebPage\",\"@id\":\"https:\/\/annette-ahrens.at\/onlineshop\/alle-tafelkultur-objekte\/\",\"url\":\"https:\/\/annette-ahrens.at\/onlineshop\/alle-tafelkultur-objekte\/\",\"name\":\"Alle Tafelkultur Objekte\"}},{\"@type\":\"ListItem\",\"position\":3,\"item\":{\"@type\":\"WebPage\",\"@id\":\"https:\/\/annette-ahrens.at\/onlineshop\/produkt\/paar-art-deco-messerbaenke-mit-windhunden-england-um-1930\/\",\"url\":\"https:\/\/annette-ahrens.at\/onlineshop\/produkt\/paar-art-deco-messerbaenke-mit-windhunden-england-um-1930\/\",\"name\":\"Paar Art Deco Messerb\\u00e4nke mit Windhunden, England, um 1930\"}}]}]}<\/script>\n<!-- \/ Yoast SEO Premium plugin. -->","_links":{"self":[{"href":"https:\/\/annette-ahrens.at\/onlineshop\/wp-json\/wp\/v2\/product\/24791","targetHints":{"allow":["GET"]}}],"collection":[{"href":"https:\/\/annette-ahrens.at\/onlineshop\/wp-json\/wp\/v2\/product"}],"about":[{"href":"https:\/\/annette-ahrens.at\/onlineshop\/wp-json\/wp\/v2\/types\/product"}],"replies":[{"embeddable":true,"href":"https:\/\/annette-ahrens.at\/onlineshop\/wp-json\/wp\/v2\/comments?post=24791"}],"wp:featuredmedia":[{"embeddable":true,"href":"https:\/\/annette-ahrens.at\/onlineshop\/wp-json\/wp\/v2\/media\/24803"}],"wp:attachment":[{"href":"https:\/\/annette-ahrens.at\/onlineshop\/wp-json\/wp\/v2\/media?parent=24791"}],"wp:term":[{"taxonomy":"product_brand","embeddable":true,"href":"https:\/\/annette-ahrens.at\/onlineshop\/wp-json\/wp\/v2\/product_brand?post=24791"},{"taxonomy":"product_cat","embeddable":true,"href":"https:\/\/annette-ahrens.at\/onlineshop\/wp-json\/wp\/v2\/product_cat?post=24791"},{"taxonomy":"product_tag","embeddable":true,"href":"https:\/\/annette-ahrens.at\/onlineshop\/wp-json\/wp\/v2\/product_tag?post=24791"}],"curies":[{"name":"wp","href":"https:\/\/api.w.org\/{rel}","templated":true}]}}