{"id":24795,"date":"2023-10-09T20:25:57","date_gmt":"2023-10-09T18:25:57","guid":{"rendered":"https:\/\/annette-ahrens.at\/onlineshop\/?post_type=product&#038;p=24795"},"modified":"2023-10-16T11:03:58","modified_gmt":"2023-10-16T09:03:58","slug":"silberner-schoepfer-dresdner-barock-fa-wilkens-bremen-um-1970","status":"publish","type":"product","link":"https:\/\/annette-ahrens.at\/onlineshop\/produkt\/silberner-schoepfer-dresdner-barock-fa-wilkens-bremen-um-1970\/","title":{"rendered":"Silberner Sch\u00f6pfer &#8222;Dresdner Barock&#8220;, Fa. Wilkens, Bremen, um 1970"},"content":{"rendered":"<p>Kleiner silberner Sch\u00f6pfer &#8222;Dresdner Barock&#8220;<\/p>\n<p>Fa. Wilkens, Bremen, um 1970<\/p>\n<p>Silber, Besteckform &#8222;Dresdner Barock&#8220;, gemarkt mit Firmenzeichen WILKENS, Feingehaltszeichen 800, Halbmond und Krone<\/p>\n<p>L 19 cm<\/p>\n<p>69 g<\/p>\n","protected":false},"excerpt":{"rendered":"<p>Annettes Etikette: Die renommierte Silberwarenfabrik M.H. Wilkens &amp; S\u00f6hne wurde bereits 1810 vom Goldschmied Martin Heinrich Wilkens (1782 \u2013 1869) in Bremen gegr\u00fcndet. 1859 wurde die Produktion nach Hemelingen verlegt. Ein Gl\u00fccksfall, dass sich bei Wilkens die Auftragsb\u00fccher seit 1866 erhalten haben. Um 1900 z\u00e4hlt die Firma neben Bruckmann &amp; S\u00f6hne (gegr\u00fcndet 1805) und Koch &amp; Bergfeld (gegr\u00fcndet 1829) zu den drei bedeutendsten Silberwarenfabrikanten. Der Urenkel des Gr\u00fcnders <a title=\"Martin-Heinrich Wilkens\" href=\"https:\/\/de.wikipedia.org\/wiki\/Martin-Heinrich_Wilkens\">Martin-Heinrich Wilkens<\/a> (1888\u20131966) \u00a0\u00fcbernahm 1917 das Unternehmen. Nach 185 Jahren wurde die Firma 1995 unter Helmut Wilkens geschlossen, um 2006 neu gegr\u00fcndet zu werden. Heute gew\u00e4hrt die Firma Wilkens eine Nachkaufgarantie bis 2050. Beim Dekor &#8222;Dresdner Barock&#8220; schwingt laut Hersteller die Erinnerung an die prunkvollste Epoche der europ\u00e4ischen Kunstgeschichte und eine der sch\u00f6nsten St\u00e4dte Europas mit.<\/p>\n","protected":false},"featured_media":24874,"comment_status":"open","ping_status":"closed","template":"","meta":[],"product_brand":[],"product_cat":[30,266,273,239,238],"product_tag":[],"class_list":{"0":"post-24795","1":"product","2":"type-product","3":"status-publish","4":"has-post-thumbnail","6":"product_cat-besteck","7":"product_cat-schoepfer","8":"product_cat-silber-fachbuecher","9":"product_cat-spezialbestecke","10":"product_cat-vorleger","12":"first","13":"instock","14":"sold-individually","15":"purchasable","16":"product-type-simple"},"yoast_head":"<!-- This site is optimized with the Yoast SEO Premium plugin v15.8.2 - https:\/\/yoast.com\/wordpress\/plugins\/seo\/ -->\n<title>Silberner Sch\u00f6pfer &quot;Dresdner Barock&quot;, Fa. Wilkens, Bremen, um 1970<\/title>\n<meta name=\"description\" content=\"Silberner Sch\u00f6pfer &quot;Dresdner Barock&quot;, Fa. Wilkens, Bremen, um 1970 \u2665 Antiquit\u00e4ten Online kaufen \u2713 Sichere Lieferung \u2713\" \/>\n<meta name=\"robots\" content=\"index, follow, max-snippet:-1, max-image-preview:large, max-video-preview:-1\" \/>\n<link rel=\"canonical\" href=\"https:\/\/annette-ahrens.at\/onlineshop\/produkt\/silberner-schoepfer-dresdner-barock-fa-wilkens-bremen-um-1970\/\" \/>\n<meta property=\"og:locale\" content=\"de_DE\" \/>\n<meta property=\"og:type\" content=\"article\" \/>\n<meta property=\"og:title\" content=\"Silberner Sch\u00f6pfer &quot;Dresdner Barock&quot;, Fa. Wilkens, Bremen, um 1970\" \/>\n<meta property=\"og:description\" content=\"Silberner Sch\u00f6pfer &quot;Dresdner Barock&quot;, Fa. Wilkens, Bremen, um 1970 \u2665 Antiquit\u00e4ten Online kaufen \u2713 Sichere Lieferung \u2713\" \/>\n<meta property=\"og:url\" content=\"https:\/\/annette-ahrens.at\/onlineshop\/produkt\/silberner-schoepfer-dresdner-barock-fa-wilkens-bremen-um-1970\/\" \/>\n<meta property=\"og:site_name\" content=\"Tafelkultur Onlineshop\" \/>\n<meta property=\"article:publisher\" content=\"https:\/\/www.facebook.com\/AnnetteAhrensTafelkultur\" \/>\n<meta property=\"article:modified_time\" content=\"2023-10-16T09:03:58+00:00\" \/>\n<meta property=\"og:image\" content=\"https:\/\/annette-ahrens.at\/onlineshop\/wp-content\/uploads\/2023\/10\/IMG_5703-rotated.jpeg\" \/>\n\t<meta property=\"og:image:width\" content=\"1936\" \/>\n\t<meta property=\"og:image:height\" content=\"1936\" \/>\n<meta name=\"twitter:card\" content=\"summary_large_image\" \/>\n<meta name=\"twitter:label1\" content=\"Gesch\u00e4tzte Lesezeit\">\n\t<meta name=\"twitter:data1\" content=\"1\u00a0Minute\">\n<script type=\"application\/ld+json\" class=\"yoast-schema-graph\">{\"@context\":\"https:\/\/schema.org\",\"@graph\":[{\"@type\":[\"Person\",\"Organization\"],\"@id\":\"https:\/\/annette-ahrens.at\/onlineshop\/#\/schema\/person\/3e19676faae246bba0cb3b7e15f427d8\",\"name\":\"Annette Ahrens\",\"image\":{\"@type\":\"ImageObject\",\"@id\":\"https:\/\/annette-ahrens.at\/onlineshop\/#personlogo\",\"inLanguage\":\"de\",\"url\":\"https:\/\/annette-ahrens.at\/onlineshop\/wp-content\/uploads\/2020\/04\/aa_logo_End.png\",\"width\":800,\"height\":164,\"caption\":\"Annette Ahrens\"},\"logo\":{\"@id\":\"https:\/\/annette-ahrens.at\/onlineshop\/#personlogo\"},\"sameAs\":[\"https:\/\/annette-ahrens.at\",\"https:\/\/www.facebook.com\/AnnetteAhrensTafelkultur\",\"https:\/\/www.instagram.com\/tafelkulturistin\/\",\"https:\/\/de.wikipedia.org\/wiki\/Annette_Ahrens\"]},{\"@type\":\"WebSite\",\"@id\":\"https:\/\/annette-ahrens.at\/onlineshop\/#website\",\"url\":\"https:\/\/annette-ahrens.at\/onlineshop\/\",\"name\":\"Tafelkultur Onlineshop\",\"description\":\"Annette Ahrens\",\"publisher\":{\"@id\":\"https:\/\/annette-ahrens.at\/onlineshop\/#\/schema\/person\/3e19676faae246bba0cb3b7e15f427d8\"},\"potentialAction\":[{\"@type\":\"SearchAction\",\"target\":\"https:\/\/annette-ahrens.at\/onlineshop\/?s={search_term_string}\",\"query-input\":\"required name=search_term_string\"}],\"inLanguage\":\"de\"},{\"@type\":\"ImageObject\",\"@id\":\"https:\/\/annette-ahrens.at\/onlineshop\/produkt\/silberner-schoepfer-dresdner-barock-fa-wilkens-bremen-um-1970\/#primaryimage\",\"inLanguage\":\"de\",\"url\":\"https:\/\/annette-ahrens.at\/onlineshop\/wp-content\/uploads\/2023\/10\/IMG_5703-rotated.jpeg\",\"width\":1936,\"height\":1936,\"caption\":\"sch\\u00f6pfer_wilkens_silber\"},{\"@type\":[\"WebPage\",\"ItemPage\"],\"@id\":\"https:\/\/annette-ahrens.at\/onlineshop\/produkt\/silberner-schoepfer-dresdner-barock-fa-wilkens-bremen-um-1970\/#webpage\",\"url\":\"https:\/\/annette-ahrens.at\/onlineshop\/produkt\/silberner-schoepfer-dresdner-barock-fa-wilkens-bremen-um-1970\/\",\"name\":\"Silberner Sch\\u00f6pfer \\\"Dresdner Barock\\\", Fa. Wilkens, Bremen, um 1970\",\"isPartOf\":{\"@id\":\"https:\/\/annette-ahrens.at\/onlineshop\/#website\"},\"primaryImageOfPage\":{\"@id\":\"https:\/\/annette-ahrens.at\/onlineshop\/produkt\/silberner-schoepfer-dresdner-barock-fa-wilkens-bremen-um-1970\/#primaryimage\"},\"datePublished\":\"2023-10-09T18:25:57+00:00\",\"dateModified\":\"2023-10-16T09:03:58+00:00\",\"description\":\"Silberner Sch\\u00f6pfer \\\"Dresdner Barock\\\", Fa. Wilkens, Bremen, um 1970 \\u2665 Antiquit\\u00e4ten Online kaufen \\u2713 Sichere Lieferung \\u2713\",\"breadcrumb\":{\"@id\":\"https:\/\/annette-ahrens.at\/onlineshop\/produkt\/silberner-schoepfer-dresdner-barock-fa-wilkens-bremen-um-1970\/#breadcrumb\"},\"inLanguage\":\"de\",\"potentialAction\":[{\"@type\":\"ReadAction\",\"target\":[\"https:\/\/annette-ahrens.at\/onlineshop\/produkt\/silberner-schoepfer-dresdner-barock-fa-wilkens-bremen-um-1970\/\"]}]},{\"@type\":\"BreadcrumbList\",\"@id\":\"https:\/\/annette-ahrens.at\/onlineshop\/produkt\/silberner-schoepfer-dresdner-barock-fa-wilkens-bremen-um-1970\/#breadcrumb\",\"itemListElement\":[{\"@type\":\"ListItem\",\"position\":1,\"item\":{\"@type\":\"WebPage\",\"@id\":\"https:\/\/annette-ahrens.at\/onlineshop\/\",\"url\":\"https:\/\/annette-ahrens.at\/onlineshop\/\",\"name\":\"Home\"}},{\"@type\":\"ListItem\",\"position\":2,\"item\":{\"@type\":\"WebPage\",\"@id\":\"https:\/\/annette-ahrens.at\/onlineshop\/alle-tafelkultur-objekte\/\",\"url\":\"https:\/\/annette-ahrens.at\/onlineshop\/alle-tafelkultur-objekte\/\",\"name\":\"Alle Tafelkultur Objekte\"}},{\"@type\":\"ListItem\",\"position\":3,\"item\":{\"@type\":\"WebPage\",\"@id\":\"https:\/\/annette-ahrens.at\/onlineshop\/produkt\/silberner-schoepfer-dresdner-barock-fa-wilkens-bremen-um-1970\/\",\"url\":\"https:\/\/annette-ahrens.at\/onlineshop\/produkt\/silberner-schoepfer-dresdner-barock-fa-wilkens-bremen-um-1970\/\",\"name\":\"Silberner Sch\\u00f6pfer &#8220;Dresdner Barock&#8221;, Fa. Wilkens, Bremen, um 1970\"}}]}]}<\/script>\n<!-- \/ Yoast SEO Premium plugin. -->","_links":{"self":[{"href":"https:\/\/annette-ahrens.at\/onlineshop\/wp-json\/wp\/v2\/product\/24795","targetHints":{"allow":["GET"]}}],"collection":[{"href":"https:\/\/annette-ahrens.at\/onlineshop\/wp-json\/wp\/v2\/product"}],"about":[{"href":"https:\/\/annette-ahrens.at\/onlineshop\/wp-json\/wp\/v2\/types\/product"}],"replies":[{"embeddable":true,"href":"https:\/\/annette-ahrens.at\/onlineshop\/wp-json\/wp\/v2\/comments?post=24795"}],"wp:featuredmedia":[{"embeddable":true,"href":"https:\/\/annette-ahrens.at\/onlineshop\/wp-json\/wp\/v2\/media\/24874"}],"wp:attachment":[{"href":"https:\/\/annette-ahrens.at\/onlineshop\/wp-json\/wp\/v2\/media?parent=24795"}],"wp:term":[{"taxonomy":"product_brand","embeddable":true,"href":"https:\/\/annette-ahrens.at\/onlineshop\/wp-json\/wp\/v2\/product_brand?post=24795"},{"taxonomy":"product_cat","embeddable":true,"href":"https:\/\/annette-ahrens.at\/onlineshop\/wp-json\/wp\/v2\/product_cat?post=24795"},{"taxonomy":"product_tag","embeddable":true,"href":"https:\/\/annette-ahrens.at\/onlineshop\/wp-json\/wp\/v2\/product_tag?post=24795"}],"curies":[{"name":"wp","href":"https:\/\/api.w.org\/{rel}","templated":true}]}}