{"id":248,"date":"2020-04-24T23:31:24","date_gmt":"2020-04-24T21:31:24","guid":{"rendered":"https:\/\/annette-ahrens.at\/silbershop\/?post_type=product&#038;p=248"},"modified":"2023-02-16T22:02:06","modified_gmt":"2023-02-16T21:02:06","slug":"dose-warme-wuerstchen","status":"publish","type":"product","link":"https:\/\/annette-ahrens.at\/onlineshop\/produkt\/dose-warme-wuerstchen\/","title":{"rendered":"Dose &#8222;Warme W\u00fcrstchen&#8220;, Theodor Paetsch, um 1930"},"content":{"rendered":"<p>Deckeldose &#8222;Warme W\u00fcrstchen&#8220;<\/p>\n<p>Theodor Paetsch, Frankfurt an der Oder, um 1930<\/p>\n<p>Keramik, glasiert, bezeichnet: &#8222;Warme W\u00fcrstchen&#8220; in Schwarz, gemarkt, leichte Gebrauchsspuren<\/p>\n<p>20 x 12 cm<\/p>\n<p>Literatur: Katalog zur Ausstellung: Vom Aschenbecher bis zum Weihwasserbecken \u2013\u00a0die Steingutfabrik Theodor Paetsch zu Frankfurt (Oder), 1840-1955.,\u00a08. September 2011 bis 5. Februar 2012 im Museum Viadrina, Frankfurt (Oder), Seite 95<\/p>\n","protected":false},"excerpt":{"rendered":"<p>Annettes Etikette: Das perfekte Beh\u00e4ltnis f\u00fcr die Opernballnacht vor dem Fernseher!\u00a0Mitte des 19. Jahrhunderts gegr\u00fcndet, konnte die Steingutfabrik von Theodor Paetsch in Frankfurt an der Oder Keramik zu billigen Preisen herstellen. Vor allem in den Jahren 1920 bis 1942 konnten gro\u00dfe Erfolge auf der Leipziger Messe erzielt werden. 1945 wurde die Fabrik zu 75% zerst\u00f6rt, nach einem kurzen Wiederaufbau aber 1955 definitiv geschlossen. Sch\u00f6n auch, dass Wiener W\u00fcrstchen in Wien Frankfurter hei\u00dfen, warm sind sie in beiden F\u00e4llen besser zu geniessen.<\/p>\n","protected":false},"featured_media":4769,"comment_status":"open","ping_status":"closed","template":"","meta":[],"product_brand":[],"product_cat":[19,31,23],"product_tag":[],"class_list":{"0":"post-248","1":"product","2":"type-product","3":"status-publish","4":"has-post-thumbnail","6":"product_cat-gabelfruehstueck","7":"product_cat-gastgeschenke","8":"product_cat-nicht-fisch-nicht-fleisch","10":"first","11":"instock","12":"sold-individually","13":"purchasable","14":"product-type-simple"},"yoast_head":"<!-- This site is optimized with the Yoast SEO Premium plugin v15.8.2 - https:\/\/yoast.com\/wordpress\/plugins\/seo\/ -->\n<title>Dose &quot;Warme W\u00fcrstchen&quot;, Theodor Paetsch, um 1930<\/title>\n<meta name=\"description\" content=\"Dose &quot;Warme W\u00fcrstchen&quot;, Theodor Paetsch, um 1930 \u2665 Antiquit\u00e4ten Online kaufen \u2713 Sichere Lieferung \u2713\" \/>\n<meta name=\"robots\" content=\"index, follow, max-snippet:-1, max-image-preview:large, max-video-preview:-1\" \/>\n<link rel=\"canonical\" href=\"https:\/\/annette-ahrens.at\/onlineshop\/produkt\/dose-warme-wuerstchen\/\" \/>\n<meta property=\"og:locale\" content=\"de_DE\" \/>\n<meta property=\"og:type\" content=\"article\" \/>\n<meta property=\"og:title\" content=\"Dose &quot;Warme W\u00fcrstchen&quot;, Theodor Paetsch, um 1930\" \/>\n<meta property=\"og:description\" content=\"Dose &quot;Warme W\u00fcrstchen&quot;, Theodor Paetsch, um 1930 \u2665 Antiquit\u00e4ten Online kaufen \u2713 Sichere Lieferung \u2713\" \/>\n<meta property=\"og:url\" content=\"https:\/\/annette-ahrens.at\/onlineshop\/produkt\/dose-warme-wuerstchen\/\" \/>\n<meta property=\"og:site_name\" content=\"Tafelkultur Onlineshop\" \/>\n<meta property=\"article:publisher\" content=\"https:\/\/www.facebook.com\/AnnetteAhrensTafelkultur\" \/>\n<meta property=\"article:modified_time\" content=\"2023-02-16T21:02:06+00:00\" \/>\n<meta property=\"og:image\" content=\"https:\/\/annette-ahrens.at\/onlineshop\/wp-content\/uploads\/2020\/04\/IMG_4706-scaled.jpeg\" \/>\n\t<meta property=\"og:image:width\" content=\"2560\" \/>\n\t<meta property=\"og:image:height\" content=\"2560\" \/>\n<meta name=\"twitter:card\" content=\"summary_large_image\" \/>\n<meta name=\"twitter:label1\" content=\"Gesch\u00e4tzte Lesezeit\">\n\t<meta name=\"twitter:data1\" content=\"1\u00a0Minute\">\n<script type=\"application\/ld+json\" class=\"yoast-schema-graph\">{\"@context\":\"https:\/\/schema.org\",\"@graph\":[{\"@type\":[\"Person\",\"Organization\"],\"@id\":\"https:\/\/annette-ahrens.at\/onlineshop\/#\/schema\/person\/3e19676faae246bba0cb3b7e15f427d8\",\"name\":\"Annette Ahrens\",\"image\":{\"@type\":\"ImageObject\",\"@id\":\"https:\/\/annette-ahrens.at\/onlineshop\/#personlogo\",\"inLanguage\":\"de\",\"url\":\"https:\/\/annette-ahrens.at\/onlineshop\/wp-content\/uploads\/2020\/04\/aa_logo_End.png\",\"width\":800,\"height\":164,\"caption\":\"Annette Ahrens\"},\"logo\":{\"@id\":\"https:\/\/annette-ahrens.at\/onlineshop\/#personlogo\"},\"sameAs\":[\"https:\/\/annette-ahrens.at\",\"https:\/\/www.facebook.com\/AnnetteAhrensTafelkultur\",\"https:\/\/www.instagram.com\/tafelkulturistin\/\",\"https:\/\/de.wikipedia.org\/wiki\/Annette_Ahrens\"]},{\"@type\":\"WebSite\",\"@id\":\"https:\/\/annette-ahrens.at\/onlineshop\/#website\",\"url\":\"https:\/\/annette-ahrens.at\/onlineshop\/\",\"name\":\"Tafelkultur Onlineshop\",\"description\":\"Annette Ahrens\",\"publisher\":{\"@id\":\"https:\/\/annette-ahrens.at\/onlineshop\/#\/schema\/person\/3e19676faae246bba0cb3b7e15f427d8\"},\"potentialAction\":[{\"@type\":\"SearchAction\",\"target\":\"https:\/\/annette-ahrens.at\/onlineshop\/?s={search_term_string}\",\"query-input\":\"required name=search_term_string\"}],\"inLanguage\":\"de\"},{\"@type\":\"ImageObject\",\"@id\":\"https:\/\/annette-ahrens.at\/onlineshop\/produkt\/dose-warme-wuerstchen\/#primaryimage\",\"inLanguage\":\"de\",\"url\":\"https:\/\/annette-ahrens.at\/onlineshop\/wp-content\/uploads\/2020\/04\/IMG_4706-scaled.jpeg\",\"width\":2560,\"height\":2560,\"caption\":\"warmew\\u00fcrstchen_dose\"},{\"@type\":[\"WebPage\",\"ItemPage\"],\"@id\":\"https:\/\/annette-ahrens.at\/onlineshop\/produkt\/dose-warme-wuerstchen\/#webpage\",\"url\":\"https:\/\/annette-ahrens.at\/onlineshop\/produkt\/dose-warme-wuerstchen\/\",\"name\":\"Dose \\\"Warme W\\u00fcrstchen\\\", Theodor Paetsch, um 1930\",\"isPartOf\":{\"@id\":\"https:\/\/annette-ahrens.at\/onlineshop\/#website\"},\"primaryImageOfPage\":{\"@id\":\"https:\/\/annette-ahrens.at\/onlineshop\/produkt\/dose-warme-wuerstchen\/#primaryimage\"},\"datePublished\":\"2020-04-24T21:31:24+00:00\",\"dateModified\":\"2023-02-16T21:02:06+00:00\",\"description\":\"Dose \\\"Warme W\\u00fcrstchen\\\", Theodor Paetsch, um 1930 \\u2665 Antiquit\\u00e4ten Online kaufen \\u2713 Sichere Lieferung \\u2713\",\"breadcrumb\":{\"@id\":\"https:\/\/annette-ahrens.at\/onlineshop\/produkt\/dose-warme-wuerstchen\/#breadcrumb\"},\"inLanguage\":\"de\",\"potentialAction\":[{\"@type\":\"ReadAction\",\"target\":[\"https:\/\/annette-ahrens.at\/onlineshop\/produkt\/dose-warme-wuerstchen\/\"]}]},{\"@type\":\"BreadcrumbList\",\"@id\":\"https:\/\/annette-ahrens.at\/onlineshop\/produkt\/dose-warme-wuerstchen\/#breadcrumb\",\"itemListElement\":[{\"@type\":\"ListItem\",\"position\":1,\"item\":{\"@type\":\"WebPage\",\"@id\":\"https:\/\/annette-ahrens.at\/onlineshop\/\",\"url\":\"https:\/\/annette-ahrens.at\/onlineshop\/\",\"name\":\"Home\"}},{\"@type\":\"ListItem\",\"position\":2,\"item\":{\"@type\":\"WebPage\",\"@id\":\"https:\/\/annette-ahrens.at\/onlineshop\/alle-tafelkultur-objekte\/\",\"url\":\"https:\/\/annette-ahrens.at\/onlineshop\/alle-tafelkultur-objekte\/\",\"name\":\"Alle Tafelkultur Objekte\"}},{\"@type\":\"ListItem\",\"position\":3,\"item\":{\"@type\":\"WebPage\",\"@id\":\"https:\/\/annette-ahrens.at\/onlineshop\/produkt\/dose-warme-wuerstchen\/\",\"url\":\"https:\/\/annette-ahrens.at\/onlineshop\/produkt\/dose-warme-wuerstchen\/\",\"name\":\"Dose &#8220;Warme W\\u00fcrstchen&#8221;, Theodor Paetsch, um 1930\"}}]}]}<\/script>\n<!-- \/ Yoast SEO Premium plugin. -->","_links":{"self":[{"href":"https:\/\/annette-ahrens.at\/onlineshop\/wp-json\/wp\/v2\/product\/248","targetHints":{"allow":["GET"]}}],"collection":[{"href":"https:\/\/annette-ahrens.at\/onlineshop\/wp-json\/wp\/v2\/product"}],"about":[{"href":"https:\/\/annette-ahrens.at\/onlineshop\/wp-json\/wp\/v2\/types\/product"}],"replies":[{"embeddable":true,"href":"https:\/\/annette-ahrens.at\/onlineshop\/wp-json\/wp\/v2\/comments?post=248"}],"wp:featuredmedia":[{"embeddable":true,"href":"https:\/\/annette-ahrens.at\/onlineshop\/wp-json\/wp\/v2\/media\/4769"}],"wp:attachment":[{"href":"https:\/\/annette-ahrens.at\/onlineshop\/wp-json\/wp\/v2\/media?parent=248"}],"wp:term":[{"taxonomy":"product_brand","embeddable":true,"href":"https:\/\/annette-ahrens.at\/onlineshop\/wp-json\/wp\/v2\/product_brand?post=248"},{"taxonomy":"product_cat","embeddable":true,"href":"https:\/\/annette-ahrens.at\/onlineshop\/wp-json\/wp\/v2\/product_cat?post=248"},{"taxonomy":"product_tag","embeddable":true,"href":"https:\/\/annette-ahrens.at\/onlineshop\/wp-json\/wp\/v2\/product_tag?post=248"}],"curies":[{"name":"wp","href":"https:\/\/api.w.org\/{rel}","templated":true}]}}