{"id":25132,"date":"2023-10-31T00:46:18","date_gmt":"2023-10-30T23:46:18","guid":{"rendered":"https:\/\/annette-ahrens.at\/onlineshop\/?post_type=product&#038;p=25132"},"modified":"2023-12-25T15:09:59","modified_gmt":"2023-12-25T14:09:59","slug":"grosse-biedermeier-vase-mit-blumenbouquet-kaiserliche-porzellanmanufaktur-wien-1838","status":"publish","type":"product","link":"https:\/\/annette-ahrens.at\/onlineshop\/produkt\/grosse-biedermeier-vase-mit-blumenbouquet-kaiserliche-porzellanmanufaktur-wien-1838\/","title":{"rendered":"Gro\u00dfe Biedermeier Vase mit Blumenbouquet, Kaiserliche Porzellanmanufaktur Wien, 1838"},"content":{"rendered":"<p>Gro\u00dfe Biedermeier Kratervase mit Blumenbouquet<\/p>\n<p>Kaiserliche Porzellanmanufaktur Wien, 1838<\/p>\n<p>Porzellan, farbig bemalt, Vorder- und R\u00fcckseite mit bunt gemaltem Blumenbukett in hochovaler Reserve mit Goldfond, vergoldete R\u00e4nderung, Schulter und Korpusabschluss mit glanz- und mattgoldenem Weinlaubfries, goldene Henkel mit reliefierten, wei\u00dfen, gold gezierten Bl\u00e4ttern, quadratische Plinthe, am Boden gemarkt mit\u00a0eingepresstem Bindenschild, eingepresster\u00a0Jahreszahl (1)838, Wei\u00dfdrehernummer 59 f\u00fcr Peter Dunkel, Gold am Sockel leicht berieben, sonst tadelloser Zustand<\/p>\n<p>H\u00f6he 33,5\u00a0cm<\/p>\n<p>&nbsp;<\/p>\n","protected":false},"excerpt":{"rendered":"<p>Gro\u00dfe Biedermeier Kratervase mit Blumenbouquet Kaiserliche Porzellanmanufaktur Wien, 1838 Porzellan, farbig bemalt, Vorder- und R\u00fcckseite mit bunt gemaltem Blumenbukett in hochovaler Reserve mit Goldfond, vergoldete R\u00e4nderung, Schulter und Korpusabschluss mit glanz- und mattgoldenem Weinlaubfries, goldene Henkel mit reliefierten, wei\u00dfen, gold gezierten Bl\u00e4ttern, quadratische Plinthe, am Boden gemarkt mit\u00a0eingepresstem Bindenschild, eingepresster\u00a0Jahreszahl (1)838, Wei\u00dfdrehernummer 59 f\u00fcr Peter [&hellip;]<\/p>\n","protected":false},"featured_media":25133,"comment_status":"open","ping_status":"closed","template":"","meta":[],"product_brand":[],"product_cat":[32,274,131,280,26],"product_tag":[],"class_list":{"0":"post-25132","1":"product","2":"type-product","3":"status-publish","4":"has-post-thumbnail","6":"product_cat-festefeiern","7":"product_cat-porzellan-fachbuecher","8":"product_cat-tafeldekorationen","9":"product_cat-vase","10":"product_cat-wiener-melange","12":"first","13":"instock","14":"sold-individually","15":"purchasable","16":"product-type-simple"},"yoast_head":"<!-- This site is optimized with the Yoast SEO Premium plugin v15.8.2 - https:\/\/yoast.com\/wordpress\/plugins\/seo\/ -->\n<title>Gro\u00dfe Biedermeier Vase mit Blumenbouquet, Kaiserliche Porzellanmanufaktur Wien, 1838<\/title>\n<meta name=\"description\" content=\"Gro\u00dfe Biedermeier Vase mit Blumenbouquet, Kaiserliche Porzellanmanufaktur Wien, 1838 \u2665 Antiquit\u00e4ten Online kaufen \u2713 Sichere Lieferung \u2713\" \/>\n<meta name=\"robots\" content=\"index, follow, max-snippet:-1, max-image-preview:large, max-video-preview:-1\" \/>\n<link rel=\"canonical\" href=\"https:\/\/annette-ahrens.at\/onlineshop\/produkt\/grosse-biedermeier-vase-mit-blumenbouquet-kaiserliche-porzellanmanufaktur-wien-1838\/\" \/>\n<meta property=\"og:locale\" content=\"de_DE\" \/>\n<meta property=\"og:type\" content=\"article\" \/>\n<meta property=\"og:title\" content=\"Gro\u00dfe Biedermeier Vase mit Blumenbouquet, Kaiserliche Porzellanmanufaktur Wien, 1838\" \/>\n<meta property=\"og:description\" content=\"Gro\u00dfe Biedermeier Vase mit Blumenbouquet, Kaiserliche Porzellanmanufaktur Wien, 1838 \u2665 Antiquit\u00e4ten Online kaufen \u2713 Sichere Lieferung \u2713\" \/>\n<meta property=\"og:url\" content=\"https:\/\/annette-ahrens.at\/onlineshop\/produkt\/grosse-biedermeier-vase-mit-blumenbouquet-kaiserliche-porzellanmanufaktur-wien-1838\/\" \/>\n<meta property=\"og:site_name\" content=\"Tafelkultur Onlineshop\" \/>\n<meta property=\"article:publisher\" content=\"https:\/\/www.facebook.com\/AnnetteAhrensTafelkultur\" \/>\n<meta property=\"article:modified_time\" content=\"2023-12-25T14:09:59+00:00\" \/>\n<meta property=\"og:image\" content=\"https:\/\/annette-ahrens.at\/onlineshop\/wp-content\/uploads\/2023\/10\/image-1-scaled.jpeg\" \/>\n\t<meta property=\"og:image:width\" content=\"2560\" \/>\n\t<meta property=\"og:image:height\" content=\"2507\" \/>\n<meta name=\"twitter:card\" content=\"summary_large_image\" \/>\n<meta name=\"twitter:label1\" content=\"Gesch\u00e4tzte Lesezeit\">\n\t<meta name=\"twitter:data1\" content=\"1\u00a0Minute\">\n<script type=\"application\/ld+json\" class=\"yoast-schema-graph\">{\"@context\":\"https:\/\/schema.org\",\"@graph\":[{\"@type\":[\"Person\",\"Organization\"],\"@id\":\"https:\/\/annette-ahrens.at\/onlineshop\/#\/schema\/person\/3e19676faae246bba0cb3b7e15f427d8\",\"name\":\"Annette Ahrens\",\"image\":{\"@type\":\"ImageObject\",\"@id\":\"https:\/\/annette-ahrens.at\/onlineshop\/#personlogo\",\"inLanguage\":\"de\",\"url\":\"https:\/\/annette-ahrens.at\/onlineshop\/wp-content\/uploads\/2020\/04\/aa_logo_End.png\",\"width\":800,\"height\":164,\"caption\":\"Annette Ahrens\"},\"logo\":{\"@id\":\"https:\/\/annette-ahrens.at\/onlineshop\/#personlogo\"},\"sameAs\":[\"https:\/\/annette-ahrens.at\",\"https:\/\/www.facebook.com\/AnnetteAhrensTafelkultur\",\"https:\/\/www.instagram.com\/tafelkulturistin\/\",\"https:\/\/de.wikipedia.org\/wiki\/Annette_Ahrens\"]},{\"@type\":\"WebSite\",\"@id\":\"https:\/\/annette-ahrens.at\/onlineshop\/#website\",\"url\":\"https:\/\/annette-ahrens.at\/onlineshop\/\",\"name\":\"Tafelkultur Onlineshop\",\"description\":\"Annette Ahrens\",\"publisher\":{\"@id\":\"https:\/\/annette-ahrens.at\/onlineshop\/#\/schema\/person\/3e19676faae246bba0cb3b7e15f427d8\"},\"potentialAction\":[{\"@type\":\"SearchAction\",\"target\":\"https:\/\/annette-ahrens.at\/onlineshop\/?s={search_term_string}\",\"query-input\":\"required name=search_term_string\"}],\"inLanguage\":\"de\"},{\"@type\":\"ImageObject\",\"@id\":\"https:\/\/annette-ahrens.at\/onlineshop\/produkt\/grosse-biedermeier-vase-mit-blumenbouquet-kaiserliche-porzellanmanufaktur-wien-1838\/#primaryimage\",\"inLanguage\":\"de\",\"url\":\"https:\/\/annette-ahrens.at\/onlineshop\/wp-content\/uploads\/2023\/10\/image-1-scaled.jpeg\",\"width\":2560,\"height\":2507,\"caption\":\"vase_alt_wien\"},{\"@type\":[\"WebPage\",\"ItemPage\"],\"@id\":\"https:\/\/annette-ahrens.at\/onlineshop\/produkt\/grosse-biedermeier-vase-mit-blumenbouquet-kaiserliche-porzellanmanufaktur-wien-1838\/#webpage\",\"url\":\"https:\/\/annette-ahrens.at\/onlineshop\/produkt\/grosse-biedermeier-vase-mit-blumenbouquet-kaiserliche-porzellanmanufaktur-wien-1838\/\",\"name\":\"Gro\\u00dfe Biedermeier Vase mit Blumenbouquet, Kaiserliche Porzellanmanufaktur Wien, 1838\",\"isPartOf\":{\"@id\":\"https:\/\/annette-ahrens.at\/onlineshop\/#website\"},\"primaryImageOfPage\":{\"@id\":\"https:\/\/annette-ahrens.at\/onlineshop\/produkt\/grosse-biedermeier-vase-mit-blumenbouquet-kaiserliche-porzellanmanufaktur-wien-1838\/#primaryimage\"},\"datePublished\":\"2023-10-30T23:46:18+00:00\",\"dateModified\":\"2023-12-25T14:09:59+00:00\",\"description\":\"Gro\\u00dfe Biedermeier Vase mit Blumenbouquet, Kaiserliche Porzellanmanufaktur Wien, 1838 \\u2665 Antiquit\\u00e4ten Online kaufen \\u2713 Sichere Lieferung \\u2713\",\"breadcrumb\":{\"@id\":\"https:\/\/annette-ahrens.at\/onlineshop\/produkt\/grosse-biedermeier-vase-mit-blumenbouquet-kaiserliche-porzellanmanufaktur-wien-1838\/#breadcrumb\"},\"inLanguage\":\"de\",\"potentialAction\":[{\"@type\":\"ReadAction\",\"target\":[\"https:\/\/annette-ahrens.at\/onlineshop\/produkt\/grosse-biedermeier-vase-mit-blumenbouquet-kaiserliche-porzellanmanufaktur-wien-1838\/\"]}]},{\"@type\":\"BreadcrumbList\",\"@id\":\"https:\/\/annette-ahrens.at\/onlineshop\/produkt\/grosse-biedermeier-vase-mit-blumenbouquet-kaiserliche-porzellanmanufaktur-wien-1838\/#breadcrumb\",\"itemListElement\":[{\"@type\":\"ListItem\",\"position\":1,\"item\":{\"@type\":\"WebPage\",\"@id\":\"https:\/\/annette-ahrens.at\/onlineshop\/\",\"url\":\"https:\/\/annette-ahrens.at\/onlineshop\/\",\"name\":\"Home\"}},{\"@type\":\"ListItem\",\"position\":2,\"item\":{\"@type\":\"WebPage\",\"@id\":\"https:\/\/annette-ahrens.at\/onlineshop\/alle-tafelkultur-objekte\/\",\"url\":\"https:\/\/annette-ahrens.at\/onlineshop\/alle-tafelkultur-objekte\/\",\"name\":\"Alle Tafelkultur Objekte\"}},{\"@type\":\"ListItem\",\"position\":3,\"item\":{\"@type\":\"WebPage\",\"@id\":\"https:\/\/annette-ahrens.at\/onlineshop\/produkt\/grosse-biedermeier-vase-mit-blumenbouquet-kaiserliche-porzellanmanufaktur-wien-1838\/\",\"url\":\"https:\/\/annette-ahrens.at\/onlineshop\/produkt\/grosse-biedermeier-vase-mit-blumenbouquet-kaiserliche-porzellanmanufaktur-wien-1838\/\",\"name\":\"Gro\\u00dfe Biedermeier Vase mit Blumenbouquet, Kaiserliche Porzellanmanufaktur Wien, 1838\"}}]}]}<\/script>\n<!-- \/ Yoast SEO Premium plugin. -->","_links":{"self":[{"href":"https:\/\/annette-ahrens.at\/onlineshop\/wp-json\/wp\/v2\/product\/25132","targetHints":{"allow":["GET"]}}],"collection":[{"href":"https:\/\/annette-ahrens.at\/onlineshop\/wp-json\/wp\/v2\/product"}],"about":[{"href":"https:\/\/annette-ahrens.at\/onlineshop\/wp-json\/wp\/v2\/types\/product"}],"replies":[{"embeddable":true,"href":"https:\/\/annette-ahrens.at\/onlineshop\/wp-json\/wp\/v2\/comments?post=25132"}],"wp:featuredmedia":[{"embeddable":true,"href":"https:\/\/annette-ahrens.at\/onlineshop\/wp-json\/wp\/v2\/media\/25133"}],"wp:attachment":[{"href":"https:\/\/annette-ahrens.at\/onlineshop\/wp-json\/wp\/v2\/media?parent=25132"}],"wp:term":[{"taxonomy":"product_brand","embeddable":true,"href":"https:\/\/annette-ahrens.at\/onlineshop\/wp-json\/wp\/v2\/product_brand?post=25132"},{"taxonomy":"product_cat","embeddable":true,"href":"https:\/\/annette-ahrens.at\/onlineshop\/wp-json\/wp\/v2\/product_cat?post=25132"},{"taxonomy":"product_tag","embeddable":true,"href":"https:\/\/annette-ahrens.at\/onlineshop\/wp-json\/wp\/v2\/product_tag?post=25132"}],"curies":[{"name":"wp","href":"https:\/\/api.w.org\/{rel}","templated":true}]}}