{"id":2580,"date":"2020-08-05T08:46:17","date_gmt":"2020-08-05T06:46:17","guid":{"rendered":"https:\/\/annette-ahrens.at\/onlineshop\/?post_type=product&#038;p=2580"},"modified":"2023-01-12T18:06:22","modified_gmt":"2023-01-12T17:06:22","slug":"6-kuchengabeln-vendome-hans-hansen-daenemark-um-1940-2","status":"publish","type":"product","link":"https:\/\/annette-ahrens.at\/onlineshop\/produkt\/6-kuchengabeln-vendome-hans-hansen-daenemark-um-1940-2\/","title":{"rendered":"6 Kuchengabeln \u201eVendome\u201c, Hans Hansen, D\u00e4nemark, um 1940"},"content":{"rendered":"<p>6 Kuchengabeln \u201eVendome\u201c<\/p>\n<p>Hans Hansen, D\u00e4nemark, um 1940<\/p>\n<p>Sterling Silber, gemarkt Hans Hansen Sterling Denmark<\/p>\n<p>L 13 cm<\/p>\n<p>157 g<\/p>\n","protected":false},"excerpt":{"rendered":"<p>Annettes Etikette: Die d\u00e4nische Silbermanufaktur von Hans Hansen (1884 &#8211; 1940) wurde um 1906 in der f\u00fcr Silber bekannten Stadt Kolding, auf der westlichen Insel D\u00e4nemarks gegr\u00fcndet und war auf Bestecke spezialisiert. 1932 wurde ein weiteres Gesch\u00e4ft mit von der Stra\u00dfe einsehbarer Werkstatt in Kopenhagen von Vater Hans Hansen und seinem Sohn Karl Gustav er\u00f6ffnet.<\/p>\n<p>Literatur: J\u00f6rg Schwandt: Karl Gustav Hansen. Solv \/ Silber 1930-1994.<br \/>\nGrassi Museum f\u00fcr Angewandte Kunst Leipzig, Ausstellung und Katalog, Made in Denmark, Formgestaltung seit 1900, Stuttgart 2018<\/p>\n","protected":false},"featured_media":2591,"comment_status":"open","ping_status":"closed","template":"","meta":[],"product_brand":[],"product_cat":[25,30,19,235,294,291,246,302],"product_tag":[],"class_list":{"0":"post-2580","1":"product","2":"type-product","3":"status-publish","4":"has-post-thumbnail","6":"product_cat-5o-clock-tea","7":"product_cat-besteck","8":"product_cat-gabelfruehstueck","9":"product_cat-gabeln","10":"product_cat-geburtstag","11":"product_cat-hochzeit","12":"product_cat-kuchengabeln","13":"product_cat-torte","15":"first","16":"instock","17":"sold-individually","18":"purchasable","19":"product-type-simple"},"yoast_head":"<!-- This site is optimized with the Yoast SEO Premium plugin v15.8.2 - https:\/\/yoast.com\/wordpress\/plugins\/seo\/ -->\n<title>6 Kuchengabeln \u201eVendome\u201c, Hans Hansen, D\u00e4nemark, um 1940<\/title>\n<meta name=\"description\" content=\"6 Kuchengabeln \u201eVendome\u201c, Hans Hansen, D\u00e4nemark, um 1940 \u2665 Antiquit\u00e4ten Online kaufen \u2713 Sichere Lieferung \u2713\" \/>\n<meta name=\"robots\" content=\"index, follow, max-snippet:-1, max-image-preview:large, max-video-preview:-1\" \/>\n<link rel=\"canonical\" href=\"https:\/\/annette-ahrens.at\/onlineshop\/produkt\/6-kuchengabeln-vendome-hans-hansen-daenemark-um-1940-2\/\" \/>\n<meta property=\"og:locale\" content=\"de_DE\" \/>\n<meta property=\"og:type\" content=\"article\" \/>\n<meta property=\"og:title\" content=\"6 Kuchengabeln \u201eVendome\u201c, Hans Hansen, D\u00e4nemark, um 1940\" \/>\n<meta property=\"og:description\" content=\"6 Kuchengabeln \u201eVendome\u201c, Hans Hansen, D\u00e4nemark, um 1940 \u2665 Antiquit\u00e4ten Online kaufen \u2713 Sichere Lieferung \u2713\" \/>\n<meta property=\"og:url\" content=\"https:\/\/annette-ahrens.at\/onlineshop\/produkt\/6-kuchengabeln-vendome-hans-hansen-daenemark-um-1940-2\/\" \/>\n<meta property=\"og:site_name\" content=\"Tafelkultur Onlineshop\" \/>\n<meta property=\"article:publisher\" content=\"https:\/\/www.facebook.com\/AnnetteAhrensTafelkultur\" \/>\n<meta property=\"article:modified_time\" content=\"2023-01-12T17:06:22+00:00\" \/>\n<meta property=\"og:image\" content=\"https:\/\/annette-ahrens.at\/onlineshop\/wp-content\/uploads\/2020\/08\/IMG_7639-scaled.jpeg\" \/>\n\t<meta property=\"og:image:width\" content=\"2560\" \/>\n\t<meta property=\"og:image:height\" content=\"2560\" \/>\n<meta name=\"twitter:card\" content=\"summary_large_image\" \/>\n<script type=\"application\/ld+json\" class=\"yoast-schema-graph\">{\"@context\":\"https:\/\/schema.org\",\"@graph\":[{\"@type\":[\"Person\",\"Organization\"],\"@id\":\"https:\/\/annette-ahrens.at\/onlineshop\/#\/schema\/person\/3e19676faae246bba0cb3b7e15f427d8\",\"name\":\"Annette Ahrens\",\"image\":{\"@type\":\"ImageObject\",\"@id\":\"https:\/\/annette-ahrens.at\/onlineshop\/#personlogo\",\"inLanguage\":\"de\",\"url\":\"https:\/\/annette-ahrens.at\/onlineshop\/wp-content\/uploads\/2020\/04\/aa_logo_End.png\",\"width\":800,\"height\":164,\"caption\":\"Annette Ahrens\"},\"logo\":{\"@id\":\"https:\/\/annette-ahrens.at\/onlineshop\/#personlogo\"},\"sameAs\":[\"https:\/\/annette-ahrens.at\",\"https:\/\/www.facebook.com\/AnnetteAhrensTafelkultur\",\"https:\/\/www.instagram.com\/tafelkulturistin\/\",\"https:\/\/de.wikipedia.org\/wiki\/Annette_Ahrens\"]},{\"@type\":\"WebSite\",\"@id\":\"https:\/\/annette-ahrens.at\/onlineshop\/#website\",\"url\":\"https:\/\/annette-ahrens.at\/onlineshop\/\",\"name\":\"Tafelkultur Onlineshop\",\"description\":\"Annette Ahrens\",\"publisher\":{\"@id\":\"https:\/\/annette-ahrens.at\/onlineshop\/#\/schema\/person\/3e19676faae246bba0cb3b7e15f427d8\"},\"potentialAction\":[{\"@type\":\"SearchAction\",\"target\":\"https:\/\/annette-ahrens.at\/onlineshop\/?s={search_term_string}\",\"query-input\":\"required name=search_term_string\"}],\"inLanguage\":\"de\"},{\"@type\":\"ImageObject\",\"@id\":\"https:\/\/annette-ahrens.at\/onlineshop\/produkt\/6-kuchengabeln-vendome-hans-hansen-daenemark-um-1940-2\/#primaryimage\",\"inLanguage\":\"de\",\"url\":\"https:\/\/annette-ahrens.at\/onlineshop\/wp-content\/uploads\/2020\/08\/IMG_7639-scaled.jpeg\",\"width\":2560,\"height\":2560,\"caption\":\"kuchengabeln\"},{\"@type\":[\"WebPage\",\"ItemPage\"],\"@id\":\"https:\/\/annette-ahrens.at\/onlineshop\/produkt\/6-kuchengabeln-vendome-hans-hansen-daenemark-um-1940-2\/#webpage\",\"url\":\"https:\/\/annette-ahrens.at\/onlineshop\/produkt\/6-kuchengabeln-vendome-hans-hansen-daenemark-um-1940-2\/\",\"name\":\"6 Kuchengabeln \\u201eVendome\\u201c, Hans Hansen, D\\u00e4nemark, um 1940\",\"isPartOf\":{\"@id\":\"https:\/\/annette-ahrens.at\/onlineshop\/#website\"},\"primaryImageOfPage\":{\"@id\":\"https:\/\/annette-ahrens.at\/onlineshop\/produkt\/6-kuchengabeln-vendome-hans-hansen-daenemark-um-1940-2\/#primaryimage\"},\"datePublished\":\"2020-08-05T06:46:17+00:00\",\"dateModified\":\"2023-01-12T17:06:22+00:00\",\"description\":\"6 Kuchengabeln \\u201eVendome\\u201c, Hans Hansen, D\\u00e4nemark, um 1940 \\u2665 Antiquit\\u00e4ten Online kaufen \\u2713 Sichere Lieferung \\u2713\",\"breadcrumb\":{\"@id\":\"https:\/\/annette-ahrens.at\/onlineshop\/produkt\/6-kuchengabeln-vendome-hans-hansen-daenemark-um-1940-2\/#breadcrumb\"},\"inLanguage\":\"de\",\"potentialAction\":[{\"@type\":\"ReadAction\",\"target\":[\"https:\/\/annette-ahrens.at\/onlineshop\/produkt\/6-kuchengabeln-vendome-hans-hansen-daenemark-um-1940-2\/\"]}]},{\"@type\":\"BreadcrumbList\",\"@id\":\"https:\/\/annette-ahrens.at\/onlineshop\/produkt\/6-kuchengabeln-vendome-hans-hansen-daenemark-um-1940-2\/#breadcrumb\",\"itemListElement\":[{\"@type\":\"ListItem\",\"position\":1,\"item\":{\"@type\":\"WebPage\",\"@id\":\"https:\/\/annette-ahrens.at\/onlineshop\/\",\"url\":\"https:\/\/annette-ahrens.at\/onlineshop\/\",\"name\":\"Home\"}},{\"@type\":\"ListItem\",\"position\":2,\"item\":{\"@type\":\"WebPage\",\"@id\":\"https:\/\/annette-ahrens.at\/onlineshop\/alle-tafelkultur-objekte\/\",\"url\":\"https:\/\/annette-ahrens.at\/onlineshop\/alle-tafelkultur-objekte\/\",\"name\":\"Alle Tafelkultur Objekte\"}},{\"@type\":\"ListItem\",\"position\":3,\"item\":{\"@type\":\"WebPage\",\"@id\":\"https:\/\/annette-ahrens.at\/onlineshop\/produkt\/6-kuchengabeln-vendome-hans-hansen-daenemark-um-1940-2\/\",\"url\":\"https:\/\/annette-ahrens.at\/onlineshop\/produkt\/6-kuchengabeln-vendome-hans-hansen-daenemark-um-1940-2\/\",\"name\":\"6 Kuchengabeln \\u201eVendome\\u201c, Hans Hansen, D\\u00e4nemark, um 1940\"}}]}]}<\/script>\n<!-- \/ Yoast SEO Premium plugin. -->","_links":{"self":[{"href":"https:\/\/annette-ahrens.at\/onlineshop\/wp-json\/wp\/v2\/product\/2580","targetHints":{"allow":["GET"]}}],"collection":[{"href":"https:\/\/annette-ahrens.at\/onlineshop\/wp-json\/wp\/v2\/product"}],"about":[{"href":"https:\/\/annette-ahrens.at\/onlineshop\/wp-json\/wp\/v2\/types\/product"}],"replies":[{"embeddable":true,"href":"https:\/\/annette-ahrens.at\/onlineshop\/wp-json\/wp\/v2\/comments?post=2580"}],"wp:featuredmedia":[{"embeddable":true,"href":"https:\/\/annette-ahrens.at\/onlineshop\/wp-json\/wp\/v2\/media\/2591"}],"wp:attachment":[{"href":"https:\/\/annette-ahrens.at\/onlineshop\/wp-json\/wp\/v2\/media?parent=2580"}],"wp:term":[{"taxonomy":"product_brand","embeddable":true,"href":"https:\/\/annette-ahrens.at\/onlineshop\/wp-json\/wp\/v2\/product_brand?post=2580"},{"taxonomy":"product_cat","embeddable":true,"href":"https:\/\/annette-ahrens.at\/onlineshop\/wp-json\/wp\/v2\/product_cat?post=2580"},{"taxonomy":"product_tag","embeddable":true,"href":"https:\/\/annette-ahrens.at\/onlineshop\/wp-json\/wp\/v2\/product_tag?post=2580"}],"curies":[{"name":"wp","href":"https:\/\/api.w.org\/{rel}","templated":true}]}}