{"id":26387,"date":"2023-12-17T15:14:02","date_gmt":"2023-12-17T14:14:02","guid":{"rendered":"https:\/\/annette-ahrens.at\/onlineshop\/?post_type=product&#038;p=26387"},"modified":"2023-12-29T11:39:35","modified_gmt":"2023-12-29T10:39:35","slug":"versilberte-jugendstil-deckelterrine-fa-berndorf-um-1900-2","status":"publish","type":"product","link":"https:\/\/annette-ahrens.at\/onlineshop\/produkt\/versilberte-jugendstil-deckelterrine-fa-berndorf-um-1900-2\/","title":{"rendered":"Versilberte Jugendstil Deckelterrine mit Gem\u00fcsekreuz, Fa. Berndorf, um 1900"},"content":{"rendered":"<p>Versilberte Jugendstil Gem\u00fcsesch\u00fcssel<\/p>\n<p>Fa. Berndorf, \u00d6sterreich, um 1900<\/p>\n<p>Alpacca, versilbert, runde Gem\u00fcsesch\u00fcssel, zugeh\u00f6riger Deckel und Kugelknauf, herausnehmbares Gem\u00fcsekreuz, am Boden gemarkt, tadelloser Erhaltungszustand<\/p>\n<p>Dm 22 cm (Legumi\u00e8re), 140 cl<\/p>\n<p>&nbsp;<\/p>\n","protected":false},"excerpt":{"rendered":"<p>Versilberte Jugendstil Gem\u00fcsesch\u00fcssel Fa. Berndorf, \u00d6sterreich, um 1900 Alpacca, versilbert, runde Gem\u00fcsesch\u00fcssel, zugeh\u00f6riger Deckel und Kugelknauf, herausnehmbares Gem\u00fcsekreuz, am Boden gemarkt, tadelloser Erhaltungszustand Dm 22 cm (Legumi\u00e8re), 140 cl &nbsp;<\/p>\n","protected":false},"featured_media":26406,"comment_status":"open","ping_status":"closed","template":"","meta":[],"product_brand":[],"product_cat":[276,298,32,301,20,190,193,281,131,52,53],"product_tag":[],"class_list":{"0":"post-26387","1":"product","2":"type-product","3":"status-publish","4":"has-post-thumbnail","6":"product_cat-alpacca","7":"product_cat-buffet","8":"product_cat-festefeiern","9":"product_cat-fondue","10":"product_cat-lunchtime","11":"product_cat-suppe","12":"product_cat-suppenterrrine","13":"product_cat-tafelaufsatz","14":"product_cat-tafeldekorationen","15":"product_cat-thanksgiving","16":"product_cat-weihnachten","18":"first","19":"instock","20":"sold-individually","21":"purchasable","22":"product-type-simple"},"yoast_head":"<!-- This site is optimized with the Yoast SEO Premium plugin v15.8.2 - https:\/\/yoast.com\/wordpress\/plugins\/seo\/ -->\n<title>Versilberte Jugendstil Deckelterrine mit Gem\u00fcsekreuz, Fa. Berndorf, um 1900<\/title>\n<meta name=\"description\" content=\"Versilberte Jugendstil Deckelterrine mit Gem\u00fcsekreuz, Fa. Berndorf, um 1900 \u2665 Antiquit\u00e4ten Online kaufen \u2713 Sichere Lieferung \u2713\" \/>\n<meta name=\"robots\" content=\"index, follow, max-snippet:-1, max-image-preview:large, max-video-preview:-1\" \/>\n<link rel=\"canonical\" href=\"https:\/\/annette-ahrens.at\/onlineshop\/produkt\/versilberte-jugendstil-deckelterrine-fa-berndorf-um-1900-2\/\" \/>\n<meta property=\"og:locale\" content=\"de_DE\" \/>\n<meta property=\"og:type\" content=\"article\" \/>\n<meta property=\"og:title\" content=\"Versilberte Jugendstil Deckelterrine mit Gem\u00fcsekreuz, Fa. Berndorf, um 1900\" \/>\n<meta property=\"og:description\" content=\"Versilberte Jugendstil Deckelterrine mit Gem\u00fcsekreuz, Fa. Berndorf, um 1900 \u2665 Antiquit\u00e4ten Online kaufen \u2713 Sichere Lieferung \u2713\" \/>\n<meta property=\"og:url\" content=\"https:\/\/annette-ahrens.at\/onlineshop\/produkt\/versilberte-jugendstil-deckelterrine-fa-berndorf-um-1900-2\/\" \/>\n<meta property=\"og:site_name\" content=\"Tafelkultur Onlineshop\" \/>\n<meta property=\"article:publisher\" content=\"https:\/\/www.facebook.com\/AnnetteAhrensTafelkultur\" \/>\n<meta property=\"article:modified_time\" content=\"2023-12-29T10:39:35+00:00\" \/>\n<meta property=\"og:image\" content=\"https:\/\/annette-ahrens.at\/onlineshop\/wp-content\/uploads\/2023\/12\/IMG_7286-rotated.jpeg\" \/>\n\t<meta property=\"og:image:width\" content=\"1936\" \/>\n\t<meta property=\"og:image:height\" content=\"1936\" \/>\n<meta name=\"twitter:card\" content=\"summary_large_image\" \/>\n<meta name=\"twitter:label1\" content=\"Gesch\u00e4tzte Lesezeit\">\n\t<meta name=\"twitter:data1\" content=\"1\u00a0Minute\">\n<script type=\"application\/ld+json\" class=\"yoast-schema-graph\">{\"@context\":\"https:\/\/schema.org\",\"@graph\":[{\"@type\":[\"Person\",\"Organization\"],\"@id\":\"https:\/\/annette-ahrens.at\/onlineshop\/#\/schema\/person\/3e19676faae246bba0cb3b7e15f427d8\",\"name\":\"Annette Ahrens\",\"image\":{\"@type\":\"ImageObject\",\"@id\":\"https:\/\/annette-ahrens.at\/onlineshop\/#personlogo\",\"inLanguage\":\"de\",\"url\":\"https:\/\/annette-ahrens.at\/onlineshop\/wp-content\/uploads\/2020\/04\/aa_logo_End.png\",\"width\":800,\"height\":164,\"caption\":\"Annette Ahrens\"},\"logo\":{\"@id\":\"https:\/\/annette-ahrens.at\/onlineshop\/#personlogo\"},\"sameAs\":[\"https:\/\/annette-ahrens.at\",\"https:\/\/www.facebook.com\/AnnetteAhrensTafelkultur\",\"https:\/\/www.instagram.com\/tafelkulturistin\/\",\"https:\/\/de.wikipedia.org\/wiki\/Annette_Ahrens\"]},{\"@type\":\"WebSite\",\"@id\":\"https:\/\/annette-ahrens.at\/onlineshop\/#website\",\"url\":\"https:\/\/annette-ahrens.at\/onlineshop\/\",\"name\":\"Tafelkultur Onlineshop\",\"description\":\"Annette Ahrens\",\"publisher\":{\"@id\":\"https:\/\/annette-ahrens.at\/onlineshop\/#\/schema\/person\/3e19676faae246bba0cb3b7e15f427d8\"},\"potentialAction\":[{\"@type\":\"SearchAction\",\"target\":\"https:\/\/annette-ahrens.at\/onlineshop\/?s={search_term_string}\",\"query-input\":\"required name=search_term_string\"}],\"inLanguage\":\"de\"},{\"@type\":\"ImageObject\",\"@id\":\"https:\/\/annette-ahrens.at\/onlineshop\/produkt\/versilberte-jugendstil-deckelterrine-fa-berndorf-um-1900-2\/#primaryimage\",\"inLanguage\":\"de\",\"url\":\"https:\/\/annette-ahrens.at\/onlineshop\/wp-content\/uploads\/2023\/12\/IMG_7286-rotated.jpeg\",\"width\":1936,\"height\":1936,\"caption\":\"deckelterrine_berndorf\"},{\"@type\":[\"WebPage\",\"ItemPage\"],\"@id\":\"https:\/\/annette-ahrens.at\/onlineshop\/produkt\/versilberte-jugendstil-deckelterrine-fa-berndorf-um-1900-2\/#webpage\",\"url\":\"https:\/\/annette-ahrens.at\/onlineshop\/produkt\/versilberte-jugendstil-deckelterrine-fa-berndorf-um-1900-2\/\",\"name\":\"Versilberte Jugendstil Deckelterrine mit Gem\\u00fcsekreuz, Fa. Berndorf, um 1900\",\"isPartOf\":{\"@id\":\"https:\/\/annette-ahrens.at\/onlineshop\/#website\"},\"primaryImageOfPage\":{\"@id\":\"https:\/\/annette-ahrens.at\/onlineshop\/produkt\/versilberte-jugendstil-deckelterrine-fa-berndorf-um-1900-2\/#primaryimage\"},\"datePublished\":\"2023-12-17T14:14:02+00:00\",\"dateModified\":\"2023-12-29T10:39:35+00:00\",\"description\":\"Versilberte Jugendstil Deckelterrine mit Gem\\u00fcsekreuz, Fa. Berndorf, um 1900 \\u2665 Antiquit\\u00e4ten Online kaufen \\u2713 Sichere Lieferung \\u2713\",\"breadcrumb\":{\"@id\":\"https:\/\/annette-ahrens.at\/onlineshop\/produkt\/versilberte-jugendstil-deckelterrine-fa-berndorf-um-1900-2\/#breadcrumb\"},\"inLanguage\":\"de\",\"potentialAction\":[{\"@type\":\"ReadAction\",\"target\":[\"https:\/\/annette-ahrens.at\/onlineshop\/produkt\/versilberte-jugendstil-deckelterrine-fa-berndorf-um-1900-2\/\"]}]},{\"@type\":\"BreadcrumbList\",\"@id\":\"https:\/\/annette-ahrens.at\/onlineshop\/produkt\/versilberte-jugendstil-deckelterrine-fa-berndorf-um-1900-2\/#breadcrumb\",\"itemListElement\":[{\"@type\":\"ListItem\",\"position\":1,\"item\":{\"@type\":\"WebPage\",\"@id\":\"https:\/\/annette-ahrens.at\/onlineshop\/\",\"url\":\"https:\/\/annette-ahrens.at\/onlineshop\/\",\"name\":\"Home\"}},{\"@type\":\"ListItem\",\"position\":2,\"item\":{\"@type\":\"WebPage\",\"@id\":\"https:\/\/annette-ahrens.at\/onlineshop\/alle-tafelkultur-objekte\/\",\"url\":\"https:\/\/annette-ahrens.at\/onlineshop\/alle-tafelkultur-objekte\/\",\"name\":\"Alle Tafelkultur Objekte\"}},{\"@type\":\"ListItem\",\"position\":3,\"item\":{\"@type\":\"WebPage\",\"@id\":\"https:\/\/annette-ahrens.at\/onlineshop\/produkt\/versilberte-jugendstil-deckelterrine-fa-berndorf-um-1900-2\/\",\"url\":\"https:\/\/annette-ahrens.at\/onlineshop\/produkt\/versilberte-jugendstil-deckelterrine-fa-berndorf-um-1900-2\/\",\"name\":\"Versilberte Jugendstil Deckelterrine mit Gem\\u00fcsekreuz, Fa. Berndorf, um 1900\"}}]}]}<\/script>\n<!-- \/ Yoast SEO Premium plugin. -->","_links":{"self":[{"href":"https:\/\/annette-ahrens.at\/onlineshop\/wp-json\/wp\/v2\/product\/26387","targetHints":{"allow":["GET"]}}],"collection":[{"href":"https:\/\/annette-ahrens.at\/onlineshop\/wp-json\/wp\/v2\/product"}],"about":[{"href":"https:\/\/annette-ahrens.at\/onlineshop\/wp-json\/wp\/v2\/types\/product"}],"replies":[{"embeddable":true,"href":"https:\/\/annette-ahrens.at\/onlineshop\/wp-json\/wp\/v2\/comments?post=26387"}],"wp:featuredmedia":[{"embeddable":true,"href":"https:\/\/annette-ahrens.at\/onlineshop\/wp-json\/wp\/v2\/media\/26406"}],"wp:attachment":[{"href":"https:\/\/annette-ahrens.at\/onlineshop\/wp-json\/wp\/v2\/media?parent=26387"}],"wp:term":[{"taxonomy":"product_brand","embeddable":true,"href":"https:\/\/annette-ahrens.at\/onlineshop\/wp-json\/wp\/v2\/product_brand?post=26387"},{"taxonomy":"product_cat","embeddable":true,"href":"https:\/\/annette-ahrens.at\/onlineshop\/wp-json\/wp\/v2\/product_cat?post=26387"},{"taxonomy":"product_tag","embeddable":true,"href":"https:\/\/annette-ahrens.at\/onlineshop\/wp-json\/wp\/v2\/product_tag?post=26387"}],"curies":[{"name":"wp","href":"https:\/\/api.w.org\/{rel}","templated":true}]}}