{"id":26461,"date":"2023-12-24T12:16:02","date_gmt":"2023-12-24T11:16:02","guid":{"rendered":"https:\/\/annette-ahrens.at\/onlineshop\/?post_type=product&#038;p=26461"},"modified":"2023-12-25T16:51:28","modified_gmt":"2023-12-25T15:51:28","slug":"silbernes-taufbesteck-in-kassette-fa-jarosinski-vaugoin-wien-um-1900","status":"publish","type":"product","link":"https:\/\/annette-ahrens.at\/onlineshop\/produkt\/silbernes-taufbesteck-in-kassette-fa-jarosinski-vaugoin-wien-um-1900\/","title":{"rendered":"Silbernes Taufbesteck in Kassette, Fa. Jarosinski &#038; Vaugoin, Wien, um 1900"},"content":{"rendered":"<p>Silbernes Taufbesteck<\/p>\n<p>Fa. Jarosinski &amp; Vaugoin f\u00fcr Fa. Schwarz &amp; Steiner, Wien, um 1900<\/p>\n<p>Silber, bestehend aus Messer mit originaler Klinge (bezeichnet &#8222;Schwarz &amp; Steiner Wien&#8220;), Gabel, L\u00f6ffel und Teel\u00f6ffel in der Facon &#8222;Kreuzband&#8220;,\u00a0silberner Taufbecher mit frontseitiger Kartusche, Innenvergoldung, alle Teile gemarkt mit Wiener Dianakopfpunze 1872 &#8211; 1922, Firmenzeichen Kelch f\u00fcr Fa. Jarosinski &amp; Vaugoin, mit Wiener Dianakopfpunze, in originaler, innen mit Rehleder tapezierter Lederkassette, innen im Deckel bezeichnet Schwarz &amp; Steiner, Juweliere Wien (Neuwirth 1977, Band II\/ Seite 202).<\/p>\n<p>28 x 13 cm (Kassette)<\/p>\n<p>247 g (netto ohne Klinge)<\/p>\n","protected":false},"excerpt":{"rendered":"<p>Annettes Etikette: Was f\u00fcr ein entz\u00fcckendes Taufgeschenk. Das Kind lernt nicht nur mit seinem eigenen Besteck zu essen, Messer &#8211; Gabel- L\u00f6ffel, sondern hat auch einen Becher aus Silber. Antiseptisch z\u00e4hlt das Edelmetall zu den gesunden Materialien, die auch ein Baby getrost\u00a0in den Mund nehmen kann. Diese originale Geschenkskassette ist dar\u00fcber hinaus so wunderbar erhalten. Jarosinski und Vaugoin war der Erzeuger, Schwarz und Steiner hatte sein 1872 gegr\u00fcndetes Verkaufsgesch\u00e4ft unter anderem auf der K\u00e4rntnerstrasse.<\/p>\n","protected":false},"featured_media":26504,"comment_status":"open","ping_status":"closed","template":"","meta":[],"product_brand":[],"product_cat":[30,294,239,305,245,293,250,26],"product_tag":[],"class_list":{"0":"post-26461","1":"product","2":"type-product","3":"status-publish","4":"has-post-thumbnail","6":"product_cat-besteck","7":"product_cat-geburtstag","8":"product_cat-spezialbestecke","9":"product_cat-taufbesteck-taufe","10":"product_cat-taufbesteck","11":"product_cat-taufe","12":"product_cat-teeloeffel-loeffeln","13":"product_cat-wiener-melange","15":"first","16":"instock","17":"sold-individually","18":"purchasable","19":"product-type-simple"},"yoast_head":"<!-- This site is optimized with the Yoast SEO Premium plugin v15.8.2 - https:\/\/yoast.com\/wordpress\/plugins\/seo\/ -->\n<title>Silbernes Taufbesteck in Kassette, Fa. Jarosinski &amp; Vaugoin, Wien, um 1900<\/title>\n<meta name=\"description\" content=\"Silbernes Taufbesteck in Kassette, Fa. Jarosinski &amp; Vaugoin, Wien, um 1900 \u2665 Antiquit\u00e4ten Online kaufen \u2713 Sichere Lieferung \u2713\" \/>\n<meta name=\"robots\" content=\"index, follow, max-snippet:-1, max-image-preview:large, max-video-preview:-1\" \/>\n<link rel=\"canonical\" href=\"https:\/\/annette-ahrens.at\/onlineshop\/produkt\/silbernes-taufbesteck-in-kassette-fa-jarosinski-vaugoin-wien-um-1900\/\" \/>\n<meta property=\"og:locale\" content=\"de_DE\" \/>\n<meta property=\"og:type\" content=\"article\" \/>\n<meta property=\"og:title\" content=\"Silbernes Taufbesteck in Kassette, Fa. Jarosinski &amp; Vaugoin, Wien, um 1900\" \/>\n<meta property=\"og:description\" content=\"Silbernes Taufbesteck in Kassette, Fa. Jarosinski &amp; Vaugoin, Wien, um 1900 \u2665 Antiquit\u00e4ten Online kaufen \u2713 Sichere Lieferung \u2713\" \/>\n<meta property=\"og:url\" content=\"https:\/\/annette-ahrens.at\/onlineshop\/produkt\/silbernes-taufbesteck-in-kassette-fa-jarosinski-vaugoin-wien-um-1900\/\" \/>\n<meta property=\"og:site_name\" content=\"Tafelkultur Onlineshop\" \/>\n<meta property=\"article:publisher\" content=\"https:\/\/www.facebook.com\/AnnetteAhrensTafelkultur\" \/>\n<meta property=\"article:modified_time\" content=\"2023-12-25T15:51:28+00:00\" \/>\n<meta property=\"og:image\" content=\"https:\/\/annette-ahrens.at\/onlineshop\/wp-content\/uploads\/2023\/12\/IMG_7396-scaled.jpeg\" \/>\n\t<meta property=\"og:image:width\" content=\"1912\" \/>\n\t<meta property=\"og:image:height\" content=\"2560\" \/>\n<meta name=\"twitter:card\" content=\"summary_large_image\" \/>\n<meta name=\"twitter:label1\" content=\"Gesch\u00e4tzte Lesezeit\">\n\t<meta name=\"twitter:data1\" content=\"1\u00a0Minute\">\n<script type=\"application\/ld+json\" class=\"yoast-schema-graph\">{\"@context\":\"https:\/\/schema.org\",\"@graph\":[{\"@type\":[\"Person\",\"Organization\"],\"@id\":\"https:\/\/annette-ahrens.at\/onlineshop\/#\/schema\/person\/3e19676faae246bba0cb3b7e15f427d8\",\"name\":\"Annette Ahrens\",\"image\":{\"@type\":\"ImageObject\",\"@id\":\"https:\/\/annette-ahrens.at\/onlineshop\/#personlogo\",\"inLanguage\":\"de\",\"url\":\"https:\/\/annette-ahrens.at\/onlineshop\/wp-content\/uploads\/2020\/04\/aa_logo_End.png\",\"width\":800,\"height\":164,\"caption\":\"Annette Ahrens\"},\"logo\":{\"@id\":\"https:\/\/annette-ahrens.at\/onlineshop\/#personlogo\"},\"sameAs\":[\"https:\/\/annette-ahrens.at\",\"https:\/\/www.facebook.com\/AnnetteAhrensTafelkultur\",\"https:\/\/www.instagram.com\/tafelkulturistin\/\",\"https:\/\/de.wikipedia.org\/wiki\/Annette_Ahrens\"]},{\"@type\":\"WebSite\",\"@id\":\"https:\/\/annette-ahrens.at\/onlineshop\/#website\",\"url\":\"https:\/\/annette-ahrens.at\/onlineshop\/\",\"name\":\"Tafelkultur Onlineshop\",\"description\":\"Annette Ahrens\",\"publisher\":{\"@id\":\"https:\/\/annette-ahrens.at\/onlineshop\/#\/schema\/person\/3e19676faae246bba0cb3b7e15f427d8\"},\"potentialAction\":[{\"@type\":\"SearchAction\",\"target\":\"https:\/\/annette-ahrens.at\/onlineshop\/?s={search_term_string}\",\"query-input\":\"required name=search_term_string\"}],\"inLanguage\":\"de\"},{\"@type\":\"ImageObject\",\"@id\":\"https:\/\/annette-ahrens.at\/onlineshop\/produkt\/silbernes-taufbesteck-in-kassette-fa-jarosinski-vaugoin-wien-um-1900\/#primaryimage\",\"inLanguage\":\"de\",\"url\":\"https:\/\/annette-ahrens.at\/onlineshop\/wp-content\/uploads\/2023\/12\/IMG_7396-scaled.jpeg\",\"width\":1912,\"height\":2560,\"caption\":\"taufbesteck_silber_vaugoin\"},{\"@type\":[\"WebPage\",\"ItemPage\"],\"@id\":\"https:\/\/annette-ahrens.at\/onlineshop\/produkt\/silbernes-taufbesteck-in-kassette-fa-jarosinski-vaugoin-wien-um-1900\/#webpage\",\"url\":\"https:\/\/annette-ahrens.at\/onlineshop\/produkt\/silbernes-taufbesteck-in-kassette-fa-jarosinski-vaugoin-wien-um-1900\/\",\"name\":\"Silbernes Taufbesteck in Kassette, Fa. Jarosinski & Vaugoin, Wien, um 1900\",\"isPartOf\":{\"@id\":\"https:\/\/annette-ahrens.at\/onlineshop\/#website\"},\"primaryImageOfPage\":{\"@id\":\"https:\/\/annette-ahrens.at\/onlineshop\/produkt\/silbernes-taufbesteck-in-kassette-fa-jarosinski-vaugoin-wien-um-1900\/#primaryimage\"},\"datePublished\":\"2023-12-24T11:16:02+00:00\",\"dateModified\":\"2023-12-25T15:51:28+00:00\",\"description\":\"Silbernes Taufbesteck in Kassette, Fa. Jarosinski & Vaugoin, Wien, um 1900 \\u2665 Antiquit\\u00e4ten Online kaufen \\u2713 Sichere Lieferung \\u2713\",\"breadcrumb\":{\"@id\":\"https:\/\/annette-ahrens.at\/onlineshop\/produkt\/silbernes-taufbesteck-in-kassette-fa-jarosinski-vaugoin-wien-um-1900\/#breadcrumb\"},\"inLanguage\":\"de\",\"potentialAction\":[{\"@type\":\"ReadAction\",\"target\":[\"https:\/\/annette-ahrens.at\/onlineshop\/produkt\/silbernes-taufbesteck-in-kassette-fa-jarosinski-vaugoin-wien-um-1900\/\"]}]},{\"@type\":\"BreadcrumbList\",\"@id\":\"https:\/\/annette-ahrens.at\/onlineshop\/produkt\/silbernes-taufbesteck-in-kassette-fa-jarosinski-vaugoin-wien-um-1900\/#breadcrumb\",\"itemListElement\":[{\"@type\":\"ListItem\",\"position\":1,\"item\":{\"@type\":\"WebPage\",\"@id\":\"https:\/\/annette-ahrens.at\/onlineshop\/\",\"url\":\"https:\/\/annette-ahrens.at\/onlineshop\/\",\"name\":\"Home\"}},{\"@type\":\"ListItem\",\"position\":2,\"item\":{\"@type\":\"WebPage\",\"@id\":\"https:\/\/annette-ahrens.at\/onlineshop\/alle-tafelkultur-objekte\/\",\"url\":\"https:\/\/annette-ahrens.at\/onlineshop\/alle-tafelkultur-objekte\/\",\"name\":\"Alle Tafelkultur Objekte\"}},{\"@type\":\"ListItem\",\"position\":3,\"item\":{\"@type\":\"WebPage\",\"@id\":\"https:\/\/annette-ahrens.at\/onlineshop\/produkt\/silbernes-taufbesteck-in-kassette-fa-jarosinski-vaugoin-wien-um-1900\/\",\"url\":\"https:\/\/annette-ahrens.at\/onlineshop\/produkt\/silbernes-taufbesteck-in-kassette-fa-jarosinski-vaugoin-wien-um-1900\/\",\"name\":\"Silbernes Taufbesteck in Kassette, Fa. Jarosinski &#038; Vaugoin, Wien, um 1900\"}}]}]}<\/script>\n<!-- \/ Yoast SEO Premium plugin. -->","_links":{"self":[{"href":"https:\/\/annette-ahrens.at\/onlineshop\/wp-json\/wp\/v2\/product\/26461","targetHints":{"allow":["GET"]}}],"collection":[{"href":"https:\/\/annette-ahrens.at\/onlineshop\/wp-json\/wp\/v2\/product"}],"about":[{"href":"https:\/\/annette-ahrens.at\/onlineshop\/wp-json\/wp\/v2\/types\/product"}],"replies":[{"embeddable":true,"href":"https:\/\/annette-ahrens.at\/onlineshop\/wp-json\/wp\/v2\/comments?post=26461"}],"wp:featuredmedia":[{"embeddable":true,"href":"https:\/\/annette-ahrens.at\/onlineshop\/wp-json\/wp\/v2\/media\/26504"}],"wp:attachment":[{"href":"https:\/\/annette-ahrens.at\/onlineshop\/wp-json\/wp\/v2\/media?parent=26461"}],"wp:term":[{"taxonomy":"product_brand","embeddable":true,"href":"https:\/\/annette-ahrens.at\/onlineshop\/wp-json\/wp\/v2\/product_brand?post=26461"},{"taxonomy":"product_cat","embeddable":true,"href":"https:\/\/annette-ahrens.at\/onlineshop\/wp-json\/wp\/v2\/product_cat?post=26461"},{"taxonomy":"product_tag","embeddable":true,"href":"https:\/\/annette-ahrens.at\/onlineshop\/wp-json\/wp\/v2\/product_tag?post=26461"}],"curies":[{"name":"wp","href":"https:\/\/api.w.org\/{rel}","templated":true}]}}