{"id":26551,"date":"2023-12-26T16:02:42","date_gmt":"2023-12-26T15:02:42","guid":{"rendered":"https:\/\/annette-ahrens.at\/onlineshop\/?post_type=product&#038;p=26551"},"modified":"2024-10-06T18:38:17","modified_gmt":"2024-10-06T16:38:17","slug":"silbernes-art-deco-tintenfass-gebrueder-kuehn-deutschland-nach-1888","status":"publish","type":"product","link":"https:\/\/annette-ahrens.at\/onlineshop\/produkt\/silbernes-art-deco-tintenfass-gebrueder-kuehn-deutschland-nach-1888\/","title":{"rendered":"Silbernes Art Deco Tintenfass, Gebr\u00fcder K\u00fchn, Deutschland, nach 1888"},"content":{"rendered":"<p>Silbernes Art Deco Tintenfass<\/p>\n<p>Gebr\u00fcder K\u00fchn, Schw\u00e4bisch-Gm\u00fcnd, Deutschland, nach 1888<\/p>\n<p>quadratischer Glask\u00f6rper mit Bodenschliff, farbloses Kristallglas, runder Silberdeckel mit Scharnier, gemarkt mit deutschem Staatszeichen Halbmond und Krone, Feingehaltszeichen 800, Firmenzeichen steigendes Einhorn f\u00fcr Gebr\u00fcder K\u00fchn, Schw\u00e4bisch-Gm\u00fcnd, handpolierter Zustand<\/p>\n<p>H 8,5 cm<\/p>\n<p>8,5 x 8,5 cm<\/p>\n","protected":false},"excerpt":{"rendered":"<p>Annette Etikette: Das Einhorn als Wappen entstand unter der Herrschaft der Stauferk\u00f6nige und wurde der Stadt Schw\u00e4bisch Gm\u00fcnd verliehen. Es ist eines der \u00e4ltesten Wappen Baden-W\u00fcrttembergs und wurde im Jahre 1277 das erste Mal als Siegelabdruck urkundlich erw\u00e4hnt. Das Einhorn-Wappen benutzten die Z\u00fcnfte als Eichzeichen und Beschauzeichen. Es diente als offizielles Pr\u00fcfzeichen und Qualit\u00e4tszeichen z.B. von der korrekten Bef\u00fcllung von F\u00e4ssern oder auch der Verarbeitung echter Materialien, wie echtem Silber f\u00fcr Tafelger\u00e4te. Als einzige Silberschmiede erhielt die Firma Gebr\u00fcder K\u00fchn 1860 das Recht das Einhorn als Punze zu verwenden um Qualit\u00e4t und Herkunft zu dokumentieren. Heute wird das Zeichen von der Silbermanufaktur Sonja Quandt weiterverwendet.<\/p>\n","protected":false},"featured_media":26552,"comment_status":"open","ping_status":"closed","template":"","meta":[],"product_brand":[],"product_cat":[31],"product_tag":[],"class_list":{"0":"post-26551","1":"product","2":"type-product","3":"status-publish","4":"has-post-thumbnail","6":"product_cat-gastgeschenke","8":"first","9":"instock","10":"sold-individually","11":"purchasable","12":"product-type-simple"},"yoast_head":"<!-- This site is optimized with the Yoast SEO Premium plugin v15.8.2 - https:\/\/yoast.com\/wordpress\/plugins\/seo\/ -->\n<title>Silbernes Art Deco Tintenfass, Gebr\u00fcder K\u00fchn, Deutschland, nach 1888<\/title>\n<meta name=\"description\" content=\"Silbernes Art Deco Tintenfass, Gebr\u00fcder K\u00fchn, Deutschland, nach 1888 \u2665 Antiquit\u00e4ten Online kaufen \u2713 Sichere Lieferung \u2713\" \/>\n<meta name=\"robots\" content=\"index, follow, max-snippet:-1, max-image-preview:large, max-video-preview:-1\" \/>\n<link rel=\"canonical\" href=\"https:\/\/annette-ahrens.at\/onlineshop\/produkt\/silbernes-art-deco-tintenfass-gebrueder-kuehn-deutschland-nach-1888\/\" \/>\n<meta property=\"og:locale\" content=\"de_DE\" \/>\n<meta property=\"og:type\" content=\"article\" \/>\n<meta property=\"og:title\" content=\"Silbernes Art Deco Tintenfass, Gebr\u00fcder K\u00fchn, Deutschland, nach 1888\" \/>\n<meta property=\"og:description\" content=\"Silbernes Art Deco Tintenfass, Gebr\u00fcder K\u00fchn, Deutschland, nach 1888 \u2665 Antiquit\u00e4ten Online kaufen \u2713 Sichere Lieferung \u2713\" \/>\n<meta property=\"og:url\" content=\"https:\/\/annette-ahrens.at\/onlineshop\/produkt\/silbernes-art-deco-tintenfass-gebrueder-kuehn-deutschland-nach-1888\/\" \/>\n<meta property=\"og:site_name\" content=\"Tafelkultur Onlineshop\" \/>\n<meta property=\"article:publisher\" content=\"https:\/\/www.facebook.com\/AnnetteAhrensTafelkultur\" \/>\n<meta property=\"article:modified_time\" content=\"2024-10-06T16:38:17+00:00\" \/>\n<meta property=\"og:image\" content=\"https:\/\/annette-ahrens.at\/onlineshop\/wp-content\/uploads\/2023\/12\/IMG_7416-rotated.jpeg\" \/>\n\t<meta property=\"og:image:width\" content=\"1936\" \/>\n\t<meta property=\"og:image:height\" content=\"1936\" \/>\n<meta name=\"twitter:card\" content=\"summary_large_image\" \/>\n<meta name=\"twitter:label1\" content=\"Gesch\u00e4tzte Lesezeit\">\n\t<meta name=\"twitter:data1\" content=\"1\u00a0Minute\">\n<script type=\"application\/ld+json\" class=\"yoast-schema-graph\">{\"@context\":\"https:\/\/schema.org\",\"@graph\":[{\"@type\":[\"Person\",\"Organization\"],\"@id\":\"https:\/\/annette-ahrens.at\/onlineshop\/#\/schema\/person\/3e19676faae246bba0cb3b7e15f427d8\",\"name\":\"Annette Ahrens\",\"image\":{\"@type\":\"ImageObject\",\"@id\":\"https:\/\/annette-ahrens.at\/onlineshop\/#personlogo\",\"inLanguage\":\"de\",\"url\":\"https:\/\/annette-ahrens.at\/onlineshop\/wp-content\/uploads\/2020\/04\/aa_logo_End.png\",\"width\":800,\"height\":164,\"caption\":\"Annette Ahrens\"},\"logo\":{\"@id\":\"https:\/\/annette-ahrens.at\/onlineshop\/#personlogo\"},\"sameAs\":[\"https:\/\/annette-ahrens.at\",\"https:\/\/www.facebook.com\/AnnetteAhrensTafelkultur\",\"https:\/\/www.instagram.com\/tafelkulturistin\/\",\"https:\/\/de.wikipedia.org\/wiki\/Annette_Ahrens\"]},{\"@type\":\"WebSite\",\"@id\":\"https:\/\/annette-ahrens.at\/onlineshop\/#website\",\"url\":\"https:\/\/annette-ahrens.at\/onlineshop\/\",\"name\":\"Tafelkultur Onlineshop\",\"description\":\"Annette Ahrens\",\"publisher\":{\"@id\":\"https:\/\/annette-ahrens.at\/onlineshop\/#\/schema\/person\/3e19676faae246bba0cb3b7e15f427d8\"},\"potentialAction\":[{\"@type\":\"SearchAction\",\"target\":\"https:\/\/annette-ahrens.at\/onlineshop\/?s={search_term_string}\",\"query-input\":\"required name=search_term_string\"}],\"inLanguage\":\"de\"},{\"@type\":\"ImageObject\",\"@id\":\"https:\/\/annette-ahrens.at\/onlineshop\/produkt\/silbernes-art-deco-tintenfass-gebrueder-kuehn-deutschland-nach-1888\/#primaryimage\",\"inLanguage\":\"de\",\"url\":\"https:\/\/annette-ahrens.at\/onlineshop\/wp-content\/uploads\/2023\/12\/IMG_7416-rotated.jpeg\",\"width\":1936,\"height\":1936,\"caption\":\"tintenfass_glas_silber\"},{\"@type\":[\"WebPage\",\"ItemPage\"],\"@id\":\"https:\/\/annette-ahrens.at\/onlineshop\/produkt\/silbernes-art-deco-tintenfass-gebrueder-kuehn-deutschland-nach-1888\/#webpage\",\"url\":\"https:\/\/annette-ahrens.at\/onlineshop\/produkt\/silbernes-art-deco-tintenfass-gebrueder-kuehn-deutschland-nach-1888\/\",\"name\":\"Silbernes Art Deco Tintenfass, Gebr\\u00fcder K\\u00fchn, Deutschland, nach 1888\",\"isPartOf\":{\"@id\":\"https:\/\/annette-ahrens.at\/onlineshop\/#website\"},\"primaryImageOfPage\":{\"@id\":\"https:\/\/annette-ahrens.at\/onlineshop\/produkt\/silbernes-art-deco-tintenfass-gebrueder-kuehn-deutschland-nach-1888\/#primaryimage\"},\"datePublished\":\"2023-12-26T15:02:42+00:00\",\"dateModified\":\"2024-10-06T16:38:17+00:00\",\"description\":\"Silbernes Art Deco Tintenfass, Gebr\\u00fcder K\\u00fchn, Deutschland, nach 1888 \\u2665 Antiquit\\u00e4ten Online kaufen \\u2713 Sichere Lieferung \\u2713\",\"breadcrumb\":{\"@id\":\"https:\/\/annette-ahrens.at\/onlineshop\/produkt\/silbernes-art-deco-tintenfass-gebrueder-kuehn-deutschland-nach-1888\/#breadcrumb\"},\"inLanguage\":\"de\",\"potentialAction\":[{\"@type\":\"ReadAction\",\"target\":[\"https:\/\/annette-ahrens.at\/onlineshop\/produkt\/silbernes-art-deco-tintenfass-gebrueder-kuehn-deutschland-nach-1888\/\"]}]},{\"@type\":\"BreadcrumbList\",\"@id\":\"https:\/\/annette-ahrens.at\/onlineshop\/produkt\/silbernes-art-deco-tintenfass-gebrueder-kuehn-deutschland-nach-1888\/#breadcrumb\",\"itemListElement\":[{\"@type\":\"ListItem\",\"position\":1,\"item\":{\"@type\":\"WebPage\",\"@id\":\"https:\/\/annette-ahrens.at\/onlineshop\/\",\"url\":\"https:\/\/annette-ahrens.at\/onlineshop\/\",\"name\":\"Home\"}},{\"@type\":\"ListItem\",\"position\":2,\"item\":{\"@type\":\"WebPage\",\"@id\":\"https:\/\/annette-ahrens.at\/onlineshop\/alle-tafelkultur-objekte\/\",\"url\":\"https:\/\/annette-ahrens.at\/onlineshop\/alle-tafelkultur-objekte\/\",\"name\":\"Alle Tafelkultur Objekte\"}},{\"@type\":\"ListItem\",\"position\":3,\"item\":{\"@type\":\"WebPage\",\"@id\":\"https:\/\/annette-ahrens.at\/onlineshop\/produkt\/silbernes-art-deco-tintenfass-gebrueder-kuehn-deutschland-nach-1888\/\",\"url\":\"https:\/\/annette-ahrens.at\/onlineshop\/produkt\/silbernes-art-deco-tintenfass-gebrueder-kuehn-deutschland-nach-1888\/\",\"name\":\"Silbernes Art Deco Tintenfass, Gebr\\u00fcder K\\u00fchn, Deutschland, nach 1888\"}}]}]}<\/script>\n<!-- \/ Yoast SEO Premium plugin. -->","_links":{"self":[{"href":"https:\/\/annette-ahrens.at\/onlineshop\/wp-json\/wp\/v2\/product\/26551","targetHints":{"allow":["GET"]}}],"collection":[{"href":"https:\/\/annette-ahrens.at\/onlineshop\/wp-json\/wp\/v2\/product"}],"about":[{"href":"https:\/\/annette-ahrens.at\/onlineshop\/wp-json\/wp\/v2\/types\/product"}],"replies":[{"embeddable":true,"href":"https:\/\/annette-ahrens.at\/onlineshop\/wp-json\/wp\/v2\/comments?post=26551"}],"wp:featuredmedia":[{"embeddable":true,"href":"https:\/\/annette-ahrens.at\/onlineshop\/wp-json\/wp\/v2\/media\/26552"}],"wp:attachment":[{"href":"https:\/\/annette-ahrens.at\/onlineshop\/wp-json\/wp\/v2\/media?parent=26551"}],"wp:term":[{"taxonomy":"product_brand","embeddable":true,"href":"https:\/\/annette-ahrens.at\/onlineshop\/wp-json\/wp\/v2\/product_brand?post=26551"},{"taxonomy":"product_cat","embeddable":true,"href":"https:\/\/annette-ahrens.at\/onlineshop\/wp-json\/wp\/v2\/product_cat?post=26551"},{"taxonomy":"product_tag","embeddable":true,"href":"https:\/\/annette-ahrens.at\/onlineshop\/wp-json\/wp\/v2\/product_tag?post=26551"}],"curies":[{"name":"wp","href":"https:\/\/api.w.org\/{rel}","templated":true}]}}