{"id":28087,"date":"2024-04-10T09:45:29","date_gmt":"2024-04-10T07:45:29","guid":{"rendered":"https:\/\/annette-ahrens.at\/onlineshop\/?post_type=product&#038;p=28087"},"modified":"2024-04-13T18:18:03","modified_gmt":"2024-04-13T16:18:03","slug":"silberne-art-deco-taufgarnitur-alfred-pollak-tschechoslowakei-nach-1930","status":"publish","type":"product","link":"https:\/\/annette-ahrens.at\/onlineshop\/produkt\/silberne-art-deco-taufgarnitur-alfred-pollak-tschechoslowakei-nach-1930\/","title":{"rendered":"Silberne Art Deco Taufgarnitur, Alfred Pollak, Tschechoslowakei, nach 1930"},"content":{"rendered":"<p>Silberne Art Deco Taufgarnitur<\/p>\n<p>Alfred Pollak, Prag, Tschechoslowakei, nach 1930<\/p>\n<p>Silber, Feingehalt 800, 5 teilig,\u00a0bestehend aus 2 L\u00f6ffel, 1 Gabel, 1 Messer mit rostfreier Klinge und Taufbecher, gemarkt mit tschechoslowakischem Beschauzeichen B\u00e4uerinpunze nach 1922, Meistermarke AP f\u00fcr Alfred Pollak, \u00a0in Geschenkkassette, diese innen mit hellem Hirschleder tapeziert, handpolierter Zustand<\/p>\n<p>214 g (inkl. Messer)<\/p>\n<p>&nbsp;<\/p>\n","protected":false},"excerpt":{"rendered":"<p>Annettes Etikette: \u00a0Diese Art Deco Taufgarnitur umfasst einen Taufbecher, ein Messer, eine Gabel, einen in der Gr\u00f6\u00dfe angepassten L\u00f6ffel und einen Teel\u00f6ffel. So hatte der beschenkte T\u00e4ufling Gelegenheit in die Welt des Essens mit Besteck von Anfang an sittlich einzutauchen.<\/p>\n","protected":false},"featured_media":28164,"comment_status":"open","ping_status":"closed","template":"","meta":[],"product_brand":[],"product_cat":[30,32,235,236,237,132,245,305,293,152],"product_tag":[],"class_list":{"0":"post-28087","1":"product","2":"type-product","3":"status-publish","4":"has-post-thumbnail","6":"product_cat-besteck","7":"product_cat-festefeiern","8":"product_cat-gabeln","9":"product_cat-loeffel","10":"product_cat-messer","11":"product_cat-silber","12":"product_cat-taufbesteck","13":"product_cat-taufbesteck-taufe","14":"product_cat-taufe","15":"product_cat-teeloeffel","17":"first","18":"instock","19":"sold-individually","20":"purchasable","21":"product-type-simple"},"yoast_head":"<!-- This site is optimized with the Yoast SEO Premium plugin v15.8.2 - https:\/\/yoast.com\/wordpress\/plugins\/seo\/ -->\n<title>Silberne Art Deco Taufgarnitur, Alfred Pollak, Tschechoslowakei, nach 1930<\/title>\n<meta name=\"description\" content=\"Silberne Art Deco Taufgarnitur, Alfred Pollak, Tschechoslowakei, nach 1930 \u2665 Antiquit\u00e4ten Online kaufen \u2713 Sichere Lieferung \u2713\" \/>\n<meta name=\"robots\" content=\"index, follow, max-snippet:-1, max-image-preview:large, max-video-preview:-1\" \/>\n<link rel=\"canonical\" href=\"https:\/\/annette-ahrens.at\/onlineshop\/produkt\/silberne-art-deco-taufgarnitur-alfred-pollak-tschechoslowakei-nach-1930\/\" \/>\n<meta property=\"og:locale\" content=\"de_DE\" \/>\n<meta property=\"og:type\" content=\"article\" \/>\n<meta property=\"og:title\" content=\"Silberne Art Deco Taufgarnitur, Alfred Pollak, Tschechoslowakei, nach 1930\" \/>\n<meta property=\"og:description\" content=\"Silberne Art Deco Taufgarnitur, Alfred Pollak, Tschechoslowakei, nach 1930 \u2665 Antiquit\u00e4ten Online kaufen \u2713 Sichere Lieferung \u2713\" \/>\n<meta property=\"og:url\" content=\"https:\/\/annette-ahrens.at\/onlineshop\/produkt\/silberne-art-deco-taufgarnitur-alfred-pollak-tschechoslowakei-nach-1930\/\" \/>\n<meta property=\"og:site_name\" content=\"Tafelkultur Onlineshop\" \/>\n<meta property=\"article:publisher\" content=\"https:\/\/www.facebook.com\/AnnetteAhrensTafelkultur\" \/>\n<meta property=\"article:modified_time\" content=\"2024-04-13T16:18:03+00:00\" \/>\n<meta property=\"og:image\" content=\"https:\/\/annette-ahrens.at\/onlineshop\/wp-content\/uploads\/2024\/04\/D98445BC-88D8-45A4-8A2D-C53637D282D1-rotated.jpeg\" \/>\n\t<meta property=\"og:image:width\" content=\"1936\" \/>\n\t<meta property=\"og:image:height\" content=\"1936\" \/>\n<meta name=\"twitter:card\" content=\"summary_large_image\" \/>\n<meta name=\"twitter:label1\" content=\"Gesch\u00e4tzte Lesezeit\">\n\t<meta name=\"twitter:data1\" content=\"1\u00a0Minute\">\n<script type=\"application\/ld+json\" class=\"yoast-schema-graph\">{\"@context\":\"https:\/\/schema.org\",\"@graph\":[{\"@type\":[\"Person\",\"Organization\"],\"@id\":\"https:\/\/annette-ahrens.at\/onlineshop\/#\/schema\/person\/3e19676faae246bba0cb3b7e15f427d8\",\"name\":\"Annette Ahrens\",\"image\":{\"@type\":\"ImageObject\",\"@id\":\"https:\/\/annette-ahrens.at\/onlineshop\/#personlogo\",\"inLanguage\":\"de\",\"url\":\"https:\/\/annette-ahrens.at\/onlineshop\/wp-content\/uploads\/2020\/04\/aa_logo_End.png\",\"width\":800,\"height\":164,\"caption\":\"Annette Ahrens\"},\"logo\":{\"@id\":\"https:\/\/annette-ahrens.at\/onlineshop\/#personlogo\"},\"sameAs\":[\"https:\/\/annette-ahrens.at\",\"https:\/\/www.facebook.com\/AnnetteAhrensTafelkultur\",\"https:\/\/www.instagram.com\/tafelkulturistin\/\",\"https:\/\/de.wikipedia.org\/wiki\/Annette_Ahrens\"]},{\"@type\":\"WebSite\",\"@id\":\"https:\/\/annette-ahrens.at\/onlineshop\/#website\",\"url\":\"https:\/\/annette-ahrens.at\/onlineshop\/\",\"name\":\"Tafelkultur Onlineshop\",\"description\":\"Annette Ahrens\",\"publisher\":{\"@id\":\"https:\/\/annette-ahrens.at\/onlineshop\/#\/schema\/person\/3e19676faae246bba0cb3b7e15f427d8\"},\"potentialAction\":[{\"@type\":\"SearchAction\",\"target\":\"https:\/\/annette-ahrens.at\/onlineshop\/?s={search_term_string}\",\"query-input\":\"required name=search_term_string\"}],\"inLanguage\":\"de\"},{\"@type\":\"ImageObject\",\"@id\":\"https:\/\/annette-ahrens.at\/onlineshop\/produkt\/silberne-art-deco-taufgarnitur-alfred-pollak-tschechoslowakei-nach-1930\/#primaryimage\",\"inLanguage\":\"de\",\"url\":\"https:\/\/annette-ahrens.at\/onlineshop\/wp-content\/uploads\/2024\/04\/D98445BC-88D8-45A4-8A2D-C53637D282D1-rotated.jpeg\",\"width\":1936,\"height\":1936,\"caption\":\"taufgarnitur_silber_pollak\"},{\"@type\":[\"WebPage\",\"ItemPage\"],\"@id\":\"https:\/\/annette-ahrens.at\/onlineshop\/produkt\/silberne-art-deco-taufgarnitur-alfred-pollak-tschechoslowakei-nach-1930\/#webpage\",\"url\":\"https:\/\/annette-ahrens.at\/onlineshop\/produkt\/silberne-art-deco-taufgarnitur-alfred-pollak-tschechoslowakei-nach-1930\/\",\"name\":\"Silberne Art Deco Taufgarnitur, Alfred Pollak, Tschechoslowakei, nach 1930\",\"isPartOf\":{\"@id\":\"https:\/\/annette-ahrens.at\/onlineshop\/#website\"},\"primaryImageOfPage\":{\"@id\":\"https:\/\/annette-ahrens.at\/onlineshop\/produkt\/silberne-art-deco-taufgarnitur-alfred-pollak-tschechoslowakei-nach-1930\/#primaryimage\"},\"datePublished\":\"2024-04-10T07:45:29+00:00\",\"dateModified\":\"2024-04-13T16:18:03+00:00\",\"description\":\"Silberne Art Deco Taufgarnitur, Alfred Pollak, Tschechoslowakei, nach 1930 \\u2665 Antiquit\\u00e4ten Online kaufen \\u2713 Sichere Lieferung \\u2713\",\"breadcrumb\":{\"@id\":\"https:\/\/annette-ahrens.at\/onlineshop\/produkt\/silberne-art-deco-taufgarnitur-alfred-pollak-tschechoslowakei-nach-1930\/#breadcrumb\"},\"inLanguage\":\"de\",\"potentialAction\":[{\"@type\":\"ReadAction\",\"target\":[\"https:\/\/annette-ahrens.at\/onlineshop\/produkt\/silberne-art-deco-taufgarnitur-alfred-pollak-tschechoslowakei-nach-1930\/\"]}]},{\"@type\":\"BreadcrumbList\",\"@id\":\"https:\/\/annette-ahrens.at\/onlineshop\/produkt\/silberne-art-deco-taufgarnitur-alfred-pollak-tschechoslowakei-nach-1930\/#breadcrumb\",\"itemListElement\":[{\"@type\":\"ListItem\",\"position\":1,\"item\":{\"@type\":\"WebPage\",\"@id\":\"https:\/\/annette-ahrens.at\/onlineshop\/\",\"url\":\"https:\/\/annette-ahrens.at\/onlineshop\/\",\"name\":\"Home\"}},{\"@type\":\"ListItem\",\"position\":2,\"item\":{\"@type\":\"WebPage\",\"@id\":\"https:\/\/annette-ahrens.at\/onlineshop\/alle-tafelkultur-objekte\/\",\"url\":\"https:\/\/annette-ahrens.at\/onlineshop\/alle-tafelkultur-objekte\/\",\"name\":\"Alle Tafelkultur Objekte\"}},{\"@type\":\"ListItem\",\"position\":3,\"item\":{\"@type\":\"WebPage\",\"@id\":\"https:\/\/annette-ahrens.at\/onlineshop\/produkt\/silberne-art-deco-taufgarnitur-alfred-pollak-tschechoslowakei-nach-1930\/\",\"url\":\"https:\/\/annette-ahrens.at\/onlineshop\/produkt\/silberne-art-deco-taufgarnitur-alfred-pollak-tschechoslowakei-nach-1930\/\",\"name\":\"Silberne Art Deco Taufgarnitur, Alfred Pollak, Tschechoslowakei, nach 1930\"}}]}]}<\/script>\n<!-- \/ Yoast SEO Premium plugin. -->","_links":{"self":[{"href":"https:\/\/annette-ahrens.at\/onlineshop\/wp-json\/wp\/v2\/product\/28087","targetHints":{"allow":["GET"]}}],"collection":[{"href":"https:\/\/annette-ahrens.at\/onlineshop\/wp-json\/wp\/v2\/product"}],"about":[{"href":"https:\/\/annette-ahrens.at\/onlineshop\/wp-json\/wp\/v2\/types\/product"}],"replies":[{"embeddable":true,"href":"https:\/\/annette-ahrens.at\/onlineshop\/wp-json\/wp\/v2\/comments?post=28087"}],"wp:featuredmedia":[{"embeddable":true,"href":"https:\/\/annette-ahrens.at\/onlineshop\/wp-json\/wp\/v2\/media\/28164"}],"wp:attachment":[{"href":"https:\/\/annette-ahrens.at\/onlineshop\/wp-json\/wp\/v2\/media?parent=28087"}],"wp:term":[{"taxonomy":"product_brand","embeddable":true,"href":"https:\/\/annette-ahrens.at\/onlineshop\/wp-json\/wp\/v2\/product_brand?post=28087"},{"taxonomy":"product_cat","embeddable":true,"href":"https:\/\/annette-ahrens.at\/onlineshop\/wp-json\/wp\/v2\/product_cat?post=28087"},{"taxonomy":"product_tag","embeddable":true,"href":"https:\/\/annette-ahrens.at\/onlineshop\/wp-json\/wp\/v2\/product_tag?post=28087"}],"curies":[{"name":"wp","href":"https:\/\/api.w.org\/{rel}","templated":true}]}}