{"id":2813,"date":"2020-08-17T18:52:29","date_gmt":"2020-08-17T16:52:29","guid":{"rendered":"https:\/\/annette-ahrens.at\/onlineshop\/?post_type=product&#038;p=2813"},"modified":"2022-10-30T21:17:51","modified_gmt":"2022-10-30T20:17:51","slug":"runder-art-deco-kaviarkuehler-fa-sandrik-boehmen-um-1920","status":"publish","type":"product","link":"https:\/\/annette-ahrens.at\/onlineshop\/produkt\/runder-art-deco-kaviarkuehler-fa-sandrik-boehmen-um-1920\/","title":{"rendered":"Runder Art Deco Kaviark\u00fchler, Gebr\u00fcder Hepp, Pforzheim, um 1920"},"content":{"rendered":"<p>Runder Art Deco Kaviark\u00fchler<\/p>\n<p>Gebr\u00fcder Hepp, Pforzheim, Deutschland, um 1920<\/p>\n<p>Alpacca, versilbert, runder, herausnehmbarer Glaseinsatz, Halterung am Stand gemarkt &#8222;Gebr. Hepp&#8220;<\/p>\n<p>Dm 16 cm<\/p>\n<p>Dm 8,5 cm (Innenschale)<\/p>\n","protected":false},"excerpt":{"rendered":"<p>Annettes Etikette: Die Silberwarenfabrik der Gebr\u00fcder Carl und Otto Hepp wurde 1863 in Pforzheim gegr\u00fcndet und bestand in Familienbesitz bis 1931. Als Ausstatter der gehobenen Gastronomie war das bereits im Jahre 1871 entwickelte Versilberungs-Verfahren sicherlich von Vorteil. 1988 wurde das Unternehmen von der W\u00fcrttemberg\u00b4schen Metallwarenfabrik mit den neu errichteten Werkhallen in Birkenfeld \u00fcbernommen.<\/p>\n","protected":false},"featured_media":2927,"comment_status":"open","ping_status":"closed","template":"","meta":[],"product_brand":[],"product_cat":[276,203,181,259],"product_tag":[],"class_list":{"0":"post-2813","1":"product","2":"type-product","3":"status-publish","4":"has-post-thumbnail","6":"product_cat-alpacca","7":"product_cat-fisch-speisen","8":"product_cat-kaviar","9":"product_cat-kaviarbesteck","11":"first","12":"instock","13":"sold-individually","14":"purchasable","15":"product-type-simple"},"yoast_head":"<!-- This site is optimized with the Yoast SEO Premium plugin v15.8.2 - https:\/\/yoast.com\/wordpress\/plugins\/seo\/ -->\n<title>Runder Art Deco Kaviark\u00fchler, Gebr\u00fcder Hepp, Pforzheim, um 1920<\/title>\n<meta name=\"description\" content=\"Runder Art Deco Kaviark\u00fchler, Gebr\u00fcder Hepp, Pforzheim, um 1920 \u2665 Antiquit\u00e4ten Online kaufen \u2713 Sichere Lieferung \u2713\" \/>\n<meta name=\"robots\" content=\"index, follow, max-snippet:-1, max-image-preview:large, max-video-preview:-1\" \/>\n<link rel=\"canonical\" href=\"https:\/\/annette-ahrens.at\/onlineshop\/produkt\/runder-art-deco-kaviarkuehler-fa-sandrik-boehmen-um-1920\/\" \/>\n<meta property=\"og:locale\" content=\"de_DE\" \/>\n<meta property=\"og:type\" content=\"article\" \/>\n<meta property=\"og:title\" content=\"Runder Art Deco Kaviark\u00fchler, Gebr\u00fcder Hepp, Pforzheim, um 1920\" \/>\n<meta property=\"og:description\" content=\"Runder Art Deco Kaviark\u00fchler, Gebr\u00fcder Hepp, Pforzheim, um 1920 \u2665 Antiquit\u00e4ten Online kaufen \u2713 Sichere Lieferung \u2713\" \/>\n<meta property=\"og:url\" content=\"https:\/\/annette-ahrens.at\/onlineshop\/produkt\/runder-art-deco-kaviarkuehler-fa-sandrik-boehmen-um-1920\/\" \/>\n<meta property=\"og:site_name\" content=\"Tafelkultur Onlineshop\" \/>\n<meta property=\"article:publisher\" content=\"https:\/\/www.facebook.com\/AnnetteAhrensTafelkultur\" \/>\n<meta property=\"article:modified_time\" content=\"2022-10-30T20:17:51+00:00\" \/>\n<meta property=\"og:image\" content=\"https:\/\/annette-ahrens.at\/onlineshop\/wp-content\/uploads\/2020\/08\/IMG_8984-scaled.jpeg\" \/>\n\t<meta property=\"og:image:width\" content=\"2560\" \/>\n\t<meta property=\"og:image:height\" content=\"2560\" \/>\n<meta name=\"twitter:card\" content=\"summary_large_image\" \/>\n<meta name=\"twitter:label1\" content=\"Gesch\u00e4tzte Lesezeit\">\n\t<meta name=\"twitter:data1\" content=\"1\u00a0Minute\">\n<script type=\"application\/ld+json\" class=\"yoast-schema-graph\">{\"@context\":\"https:\/\/schema.org\",\"@graph\":[{\"@type\":[\"Person\",\"Organization\"],\"@id\":\"https:\/\/annette-ahrens.at\/onlineshop\/#\/schema\/person\/3e19676faae246bba0cb3b7e15f427d8\",\"name\":\"Annette Ahrens\",\"image\":{\"@type\":\"ImageObject\",\"@id\":\"https:\/\/annette-ahrens.at\/onlineshop\/#personlogo\",\"inLanguage\":\"de\",\"url\":\"https:\/\/annette-ahrens.at\/onlineshop\/wp-content\/uploads\/2020\/04\/aa_logo_End.png\",\"width\":800,\"height\":164,\"caption\":\"Annette Ahrens\"},\"logo\":{\"@id\":\"https:\/\/annette-ahrens.at\/onlineshop\/#personlogo\"},\"sameAs\":[\"https:\/\/annette-ahrens.at\",\"https:\/\/www.facebook.com\/AnnetteAhrensTafelkultur\",\"https:\/\/www.instagram.com\/tafelkulturistin\/\",\"https:\/\/de.wikipedia.org\/wiki\/Annette_Ahrens\"]},{\"@type\":\"WebSite\",\"@id\":\"https:\/\/annette-ahrens.at\/onlineshop\/#website\",\"url\":\"https:\/\/annette-ahrens.at\/onlineshop\/\",\"name\":\"Tafelkultur Onlineshop\",\"description\":\"Annette Ahrens\",\"publisher\":{\"@id\":\"https:\/\/annette-ahrens.at\/onlineshop\/#\/schema\/person\/3e19676faae246bba0cb3b7e15f427d8\"},\"potentialAction\":[{\"@type\":\"SearchAction\",\"target\":\"https:\/\/annette-ahrens.at\/onlineshop\/?s={search_term_string}\",\"query-input\":\"required name=search_term_string\"}],\"inLanguage\":\"de\"},{\"@type\":\"ImageObject\",\"@id\":\"https:\/\/annette-ahrens.at\/onlineshop\/produkt\/runder-art-deco-kaviarkuehler-fa-sandrik-boehmen-um-1920\/#primaryimage\",\"inLanguage\":\"de\",\"url\":\"https:\/\/annette-ahrens.at\/onlineshop\/wp-content\/uploads\/2020\/08\/IMG_8984-scaled.jpeg\",\"width\":2560,\"height\":2560,\"caption\":\"kaviarschale\"},{\"@type\":[\"WebPage\",\"ItemPage\"],\"@id\":\"https:\/\/annette-ahrens.at\/onlineshop\/produkt\/runder-art-deco-kaviarkuehler-fa-sandrik-boehmen-um-1920\/#webpage\",\"url\":\"https:\/\/annette-ahrens.at\/onlineshop\/produkt\/runder-art-deco-kaviarkuehler-fa-sandrik-boehmen-um-1920\/\",\"name\":\"Runder Art Deco Kaviark\\u00fchler, Gebr\\u00fcder Hepp, Pforzheim, um 1920\",\"isPartOf\":{\"@id\":\"https:\/\/annette-ahrens.at\/onlineshop\/#website\"},\"primaryImageOfPage\":{\"@id\":\"https:\/\/annette-ahrens.at\/onlineshop\/produkt\/runder-art-deco-kaviarkuehler-fa-sandrik-boehmen-um-1920\/#primaryimage\"},\"datePublished\":\"2020-08-17T16:52:29+00:00\",\"dateModified\":\"2022-10-30T20:17:51+00:00\",\"description\":\"Runder Art Deco Kaviark\\u00fchler, Gebr\\u00fcder Hepp, Pforzheim, um 1920 \\u2665 Antiquit\\u00e4ten Online kaufen \\u2713 Sichere Lieferung \\u2713\",\"breadcrumb\":{\"@id\":\"https:\/\/annette-ahrens.at\/onlineshop\/produkt\/runder-art-deco-kaviarkuehler-fa-sandrik-boehmen-um-1920\/#breadcrumb\"},\"inLanguage\":\"de\",\"potentialAction\":[{\"@type\":\"ReadAction\",\"target\":[\"https:\/\/annette-ahrens.at\/onlineshop\/produkt\/runder-art-deco-kaviarkuehler-fa-sandrik-boehmen-um-1920\/\"]}]},{\"@type\":\"BreadcrumbList\",\"@id\":\"https:\/\/annette-ahrens.at\/onlineshop\/produkt\/runder-art-deco-kaviarkuehler-fa-sandrik-boehmen-um-1920\/#breadcrumb\",\"itemListElement\":[{\"@type\":\"ListItem\",\"position\":1,\"item\":{\"@type\":\"WebPage\",\"@id\":\"https:\/\/annette-ahrens.at\/onlineshop\/\",\"url\":\"https:\/\/annette-ahrens.at\/onlineshop\/\",\"name\":\"Home\"}},{\"@type\":\"ListItem\",\"position\":2,\"item\":{\"@type\":\"WebPage\",\"@id\":\"https:\/\/annette-ahrens.at\/onlineshop\/alle-tafelkultur-objekte\/\",\"url\":\"https:\/\/annette-ahrens.at\/onlineshop\/alle-tafelkultur-objekte\/\",\"name\":\"Alle Tafelkultur Objekte\"}},{\"@type\":\"ListItem\",\"position\":3,\"item\":{\"@type\":\"WebPage\",\"@id\":\"https:\/\/annette-ahrens.at\/onlineshop\/produkt\/runder-art-deco-kaviarkuehler-fa-sandrik-boehmen-um-1920\/\",\"url\":\"https:\/\/annette-ahrens.at\/onlineshop\/produkt\/runder-art-deco-kaviarkuehler-fa-sandrik-boehmen-um-1920\/\",\"name\":\"Runder Art Deco Kaviark\\u00fchler, Gebr\\u00fcder Hepp, Pforzheim, um 1920\"}}]}]}<\/script>\n<!-- \/ Yoast SEO Premium plugin. -->","_links":{"self":[{"href":"https:\/\/annette-ahrens.at\/onlineshop\/wp-json\/wp\/v2\/product\/2813","targetHints":{"allow":["GET"]}}],"collection":[{"href":"https:\/\/annette-ahrens.at\/onlineshop\/wp-json\/wp\/v2\/product"}],"about":[{"href":"https:\/\/annette-ahrens.at\/onlineshop\/wp-json\/wp\/v2\/types\/product"}],"replies":[{"embeddable":true,"href":"https:\/\/annette-ahrens.at\/onlineshop\/wp-json\/wp\/v2\/comments?post=2813"}],"wp:featuredmedia":[{"embeddable":true,"href":"https:\/\/annette-ahrens.at\/onlineshop\/wp-json\/wp\/v2\/media\/2927"}],"wp:attachment":[{"href":"https:\/\/annette-ahrens.at\/onlineshop\/wp-json\/wp\/v2\/media?parent=2813"}],"wp:term":[{"taxonomy":"product_brand","embeddable":true,"href":"https:\/\/annette-ahrens.at\/onlineshop\/wp-json\/wp\/v2\/product_brand?post=2813"},{"taxonomy":"product_cat","embeddable":true,"href":"https:\/\/annette-ahrens.at\/onlineshop\/wp-json\/wp\/v2\/product_cat?post=2813"},{"taxonomy":"product_tag","embeddable":true,"href":"https:\/\/annette-ahrens.at\/onlineshop\/wp-json\/wp\/v2\/product_tag?post=2813"}],"curies":[{"name":"wp","href":"https:\/\/api.w.org\/{rel}","templated":true}]}}