{"id":28323,"date":"2024-04-20T18:39:00","date_gmt":"2024-04-20T16:39:00","guid":{"rendered":"https:\/\/annette-ahrens.at\/onlineshop\/?post_type=product&#038;p=28323"},"modified":"2024-04-25T16:45:01","modified_gmt":"2024-04-25T14:45:01","slug":"paar-vergoldete-art-deco-eisvorleger-frankreich-um-1880","status":"publish","type":"product","link":"https:\/\/annette-ahrens.at\/onlineshop\/produkt\/paar-vergoldete-art-deco-eisvorleger-frankreich-um-1880\/","title":{"rendered":"Paar vergoldete Art Deco Eisvorleger, Frankreich, um 1880"},"content":{"rendered":"<p>Paar vergoldete Art Deco Eisvorleger<\/p>\n<p>Frankreich, um 1880<\/p>\n<p>Sichelf\u00f6rmige Schneidefl\u00e4che und Heber aus Silber, vergoldet, beide Hefte in Bambus-Optik, gemarkt mit franz\u00f6sischer Punze und Herstellermarke EP im Trapez, in originalem Etui, innen mit gr\u00fcnem Samt tapeziert, tadelloser, handpolierter Erhaltungszustand<\/p>\n<p>L\u00e4nge 23,3 cm<\/p>\n<p>L\u00e4nge Sichel 24,8 cm<\/p>\n<p>156 g<\/p>\n","protected":false},"excerpt":{"rendered":"<p>Annettes Etikette: Diese Art Eisvorleger ist sehr selten, denn so wurden Eisbomben stilgerecht serviert. Das etwas weichere Eis (Demi-Glace) wurde\u00a0mit Schlagobers und Fr\u00fcchten, das in drei Schichten in eine Form gef\u00fcllt wurde, gefroren. Mit dieser Eissichel (frz. &#8222;serpe \u00e0 glace&#8220;) konnte es geschmeidig dem Gast serviert werden. Der\u00a0Gartengestalter und Reiseschriftsteller\u00a0F\u00fcrst Hermann von P\u00fcckler-Muskau ( 1785-1871), auch \u201eder tolle P\u00fcckler\u201c genannt, f\u00fchrte zwar ab 1854 sogenannte &#8222;Tafelb\u00fccher&#8220;, jedoch ist dort kein F\u00fcrst P\u00fcckler-Eis sondern eher &#8222;Compotte&#8220; und Gefrorenes erw\u00e4hnt. Es d\u00fcrfte ihm wohl sp\u00e4ter gewidmet worden sein.<\/p>\n","protected":false},"featured_media":28368,"comment_status":"open","ping_status":"closed","template":"","meta":[],"product_brand":[],"product_cat":[30,298,192,197,198,239,238],"product_tag":[],"class_list":{"0":"post-28323","1":"product","2":"type-product","3":"status-publish","4":"has-post-thumbnail","6":"product_cat-besteck","7":"product_cat-buffet","8":"product_cat-dessert","9":"product_cat-eis","10":"product_cat-kuchen","11":"product_cat-spezialbestecke","12":"product_cat-vorleger","14":"first","15":"instock","16":"sold-individually","17":"purchasable","18":"product-type-simple"},"yoast_head":"<!-- This site is optimized with the Yoast SEO Premium plugin v15.8.2 - https:\/\/yoast.com\/wordpress\/plugins\/seo\/ -->\n<title>Paar vergoldete Art Deco Eisvorleger, Frankreich, um 1880<\/title>\n<meta name=\"description\" content=\"Paar vergoldete Art Deco Eisvorleger, Frankreich, um 1880 \u2665 Antiquit\u00e4ten Online kaufen \u2713 Sichere Lieferung \u2713\" \/>\n<meta name=\"robots\" content=\"index, follow, max-snippet:-1, max-image-preview:large, max-video-preview:-1\" \/>\n<link rel=\"canonical\" href=\"https:\/\/annette-ahrens.at\/onlineshop\/produkt\/paar-vergoldete-art-deco-eisvorleger-frankreich-um-1880\/\" \/>\n<meta property=\"og:locale\" content=\"de_DE\" \/>\n<meta property=\"og:type\" content=\"article\" \/>\n<meta property=\"og:title\" content=\"Paar vergoldete Art Deco Eisvorleger, Frankreich, um 1880\" \/>\n<meta property=\"og:description\" content=\"Paar vergoldete Art Deco Eisvorleger, Frankreich, um 1880 \u2665 Antiquit\u00e4ten Online kaufen \u2713 Sichere Lieferung \u2713\" \/>\n<meta property=\"og:url\" content=\"https:\/\/annette-ahrens.at\/onlineshop\/produkt\/paar-vergoldete-art-deco-eisvorleger-frankreich-um-1880\/\" \/>\n<meta property=\"og:site_name\" content=\"Tafelkultur Onlineshop\" \/>\n<meta property=\"article:publisher\" content=\"https:\/\/www.facebook.com\/AnnetteAhrensTafelkultur\" \/>\n<meta property=\"article:modified_time\" content=\"2024-04-25T14:45:01+00:00\" \/>\n<meta property=\"og:image\" content=\"https:\/\/annette-ahrens.at\/onlineshop\/wp-content\/uploads\/2024\/04\/9BAF855B-3F93-49C1-88C0-746A9B4A7292-scaled.jpeg\" \/>\n\t<meta property=\"og:image:width\" content=\"1912\" \/>\n\t<meta property=\"og:image:height\" content=\"2560\" \/>\n<meta name=\"twitter:card\" content=\"summary_large_image\" \/>\n<meta name=\"twitter:label1\" content=\"Gesch\u00e4tzte Lesezeit\">\n\t<meta name=\"twitter:data1\" content=\"1\u00a0Minute\">\n<script type=\"application\/ld+json\" class=\"yoast-schema-graph\">{\"@context\":\"https:\/\/schema.org\",\"@graph\":[{\"@type\":[\"Person\",\"Organization\"],\"@id\":\"https:\/\/annette-ahrens.at\/onlineshop\/#\/schema\/person\/3e19676faae246bba0cb3b7e15f427d8\",\"name\":\"Annette Ahrens\",\"image\":{\"@type\":\"ImageObject\",\"@id\":\"https:\/\/annette-ahrens.at\/onlineshop\/#personlogo\",\"inLanguage\":\"de\",\"url\":\"https:\/\/annette-ahrens.at\/onlineshop\/wp-content\/uploads\/2020\/04\/aa_logo_End.png\",\"width\":800,\"height\":164,\"caption\":\"Annette Ahrens\"},\"logo\":{\"@id\":\"https:\/\/annette-ahrens.at\/onlineshop\/#personlogo\"},\"sameAs\":[\"https:\/\/annette-ahrens.at\",\"https:\/\/www.facebook.com\/AnnetteAhrensTafelkultur\",\"https:\/\/www.instagram.com\/tafelkulturistin\/\",\"https:\/\/de.wikipedia.org\/wiki\/Annette_Ahrens\"]},{\"@type\":\"WebSite\",\"@id\":\"https:\/\/annette-ahrens.at\/onlineshop\/#website\",\"url\":\"https:\/\/annette-ahrens.at\/onlineshop\/\",\"name\":\"Tafelkultur Onlineshop\",\"description\":\"Annette Ahrens\",\"publisher\":{\"@id\":\"https:\/\/annette-ahrens.at\/onlineshop\/#\/schema\/person\/3e19676faae246bba0cb3b7e15f427d8\"},\"potentialAction\":[{\"@type\":\"SearchAction\",\"target\":\"https:\/\/annette-ahrens.at\/onlineshop\/?s={search_term_string}\",\"query-input\":\"required name=search_term_string\"}],\"inLanguage\":\"de\"},{\"@type\":\"ImageObject\",\"@id\":\"https:\/\/annette-ahrens.at\/onlineshop\/produkt\/paar-vergoldete-art-deco-eisvorleger-frankreich-um-1880\/#primaryimage\",\"inLanguage\":\"de\",\"url\":\"https:\/\/annette-ahrens.at\/onlineshop\/wp-content\/uploads\/2024\/04\/9BAF855B-3F93-49C1-88C0-746A9B4A7292-scaled.jpeg\",\"width\":1912,\"height\":2560,\"caption\":\"eisvorleger_silber\"},{\"@type\":[\"WebPage\",\"ItemPage\"],\"@id\":\"https:\/\/annette-ahrens.at\/onlineshop\/produkt\/paar-vergoldete-art-deco-eisvorleger-frankreich-um-1880\/#webpage\",\"url\":\"https:\/\/annette-ahrens.at\/onlineshop\/produkt\/paar-vergoldete-art-deco-eisvorleger-frankreich-um-1880\/\",\"name\":\"Paar vergoldete Art Deco Eisvorleger, Frankreich, um 1880\",\"isPartOf\":{\"@id\":\"https:\/\/annette-ahrens.at\/onlineshop\/#website\"},\"primaryImageOfPage\":{\"@id\":\"https:\/\/annette-ahrens.at\/onlineshop\/produkt\/paar-vergoldete-art-deco-eisvorleger-frankreich-um-1880\/#primaryimage\"},\"datePublished\":\"2024-04-20T16:39:00+00:00\",\"dateModified\":\"2024-04-25T14:45:01+00:00\",\"description\":\"Paar vergoldete Art Deco Eisvorleger, Frankreich, um 1880 \\u2665 Antiquit\\u00e4ten Online kaufen \\u2713 Sichere Lieferung \\u2713\",\"breadcrumb\":{\"@id\":\"https:\/\/annette-ahrens.at\/onlineshop\/produkt\/paar-vergoldete-art-deco-eisvorleger-frankreich-um-1880\/#breadcrumb\"},\"inLanguage\":\"de\",\"potentialAction\":[{\"@type\":\"ReadAction\",\"target\":[\"https:\/\/annette-ahrens.at\/onlineshop\/produkt\/paar-vergoldete-art-deco-eisvorleger-frankreich-um-1880\/\"]}]},{\"@type\":\"BreadcrumbList\",\"@id\":\"https:\/\/annette-ahrens.at\/onlineshop\/produkt\/paar-vergoldete-art-deco-eisvorleger-frankreich-um-1880\/#breadcrumb\",\"itemListElement\":[{\"@type\":\"ListItem\",\"position\":1,\"item\":{\"@type\":\"WebPage\",\"@id\":\"https:\/\/annette-ahrens.at\/onlineshop\/\",\"url\":\"https:\/\/annette-ahrens.at\/onlineshop\/\",\"name\":\"Home\"}},{\"@type\":\"ListItem\",\"position\":2,\"item\":{\"@type\":\"WebPage\",\"@id\":\"https:\/\/annette-ahrens.at\/onlineshop\/alle-tafelkultur-objekte\/\",\"url\":\"https:\/\/annette-ahrens.at\/onlineshop\/alle-tafelkultur-objekte\/\",\"name\":\"Alle Tafelkultur Objekte\"}},{\"@type\":\"ListItem\",\"position\":3,\"item\":{\"@type\":\"WebPage\",\"@id\":\"https:\/\/annette-ahrens.at\/onlineshop\/produkt\/paar-vergoldete-art-deco-eisvorleger-frankreich-um-1880\/\",\"url\":\"https:\/\/annette-ahrens.at\/onlineshop\/produkt\/paar-vergoldete-art-deco-eisvorleger-frankreich-um-1880\/\",\"name\":\"Paar vergoldete Art Deco Eisvorleger, Frankreich, um 1880\"}}]}]}<\/script>\n<!-- \/ Yoast SEO Premium plugin. -->","_links":{"self":[{"href":"https:\/\/annette-ahrens.at\/onlineshop\/wp-json\/wp\/v2\/product\/28323","targetHints":{"allow":["GET"]}}],"collection":[{"href":"https:\/\/annette-ahrens.at\/onlineshop\/wp-json\/wp\/v2\/product"}],"about":[{"href":"https:\/\/annette-ahrens.at\/onlineshop\/wp-json\/wp\/v2\/types\/product"}],"replies":[{"embeddable":true,"href":"https:\/\/annette-ahrens.at\/onlineshop\/wp-json\/wp\/v2\/comments?post=28323"}],"wp:featuredmedia":[{"embeddable":true,"href":"https:\/\/annette-ahrens.at\/onlineshop\/wp-json\/wp\/v2\/media\/28368"}],"wp:attachment":[{"href":"https:\/\/annette-ahrens.at\/onlineshop\/wp-json\/wp\/v2\/media?parent=28323"}],"wp:term":[{"taxonomy":"product_brand","embeddable":true,"href":"https:\/\/annette-ahrens.at\/onlineshop\/wp-json\/wp\/v2\/product_brand?post=28323"},{"taxonomy":"product_cat","embeddable":true,"href":"https:\/\/annette-ahrens.at\/onlineshop\/wp-json\/wp\/v2\/product_cat?post=28323"},{"taxonomy":"product_tag","embeddable":true,"href":"https:\/\/annette-ahrens.at\/onlineshop\/wp-json\/wp\/v2\/product_tag?post=28323"}],"curies":[{"name":"wp","href":"https:\/\/api.w.org\/{rel}","templated":true}]}}