{"id":28332,"date":"2024-04-23T09:55:06","date_gmt":"2024-04-23T07:55:06","guid":{"rendered":"https:\/\/annette-ahrens.at\/onlineshop\/?post_type=product&#038;p=28332"},"modified":"2026-01-10T16:26:48","modified_gmt":"2026-01-10T15:26:48","slug":"paar-silberne-historismus-girandolen-vincenz-czokally-wien-1872-1922","status":"publish","type":"product","link":"https:\/\/annette-ahrens.at\/onlineshop\/produkt\/paar-silberne-historismus-girandolen-vincenz-czokally-wien-1872-1922\/","title":{"rendered":"Paar silberne Historismus Girandolen, Vincenz Czokally, Wien, 1872-1922"},"content":{"rendered":"<p>Paar silberne\u00a0Historismus Girandolen<\/p>\n<p>Vincenz Czokally, Wien, \u00d6sterreichisch-Ungarische Monarchie, 1872-1922<\/p>\n<p>Silber, mehrpassiger Fu\u00df mit Faltenz\u00fcgen, Schaft mit Balusterringen, gravierter, fixe Kerzent\u00fclle, gemarkt mit Wiener Dianakopfpunze, Meisterzeichen VC im Oval (Vincenz Czokally\/ Neuwirth 1979, Band 1\/138), handpolierter, tadelloser Erhaltungszustand<\/p>\n<p>H 51 cm<\/p>\n<p>3.920 g<\/p>\n","protected":false},"excerpt":{"rendered":"<p>Annettes Etikette: Die Firma von Vincenz Czokally wurde um 1860 in Wien gegr\u00fcndet und bestand bis 1922 in der Halbgasse 22 in 1070 Wien. 1914 wurde sie von \u00a0Karl und Josef W\u00fcrbel \u00fcbernommen, wo Czokally weiterhin als Silberarbeiter t\u00e4tig war. Diese Wiener Kerzenleuchter faszinieren mich mit ihrem hochwertig gearbeiteten Faltenz\u00fcgen, die auch von innen die Hammerschlagtechnik sichtbar machen.<\/p>\n","protected":false},"featured_media":27191,"comment_status":"open","ping_status":"closed","template":"","meta":[],"product_brand":[],"product_cat":[31,278,48,28,289,131,53],"product_tag":[],"class_list":{"0":"post-28332","1":"product","2":"type-product","3":"status-publish","4":"has-post-thumbnail","6":"product_cat-gastgeschenke","7":"product_cat-kerzenleuchter-tafeldekorationen","8":"product_cat-kerzenleuchter","9":"product_cat-licht-rauch","10":"product_cat-paar-leuchter","11":"product_cat-tafeldekorationen","12":"product_cat-weihnachten","14":"first","15":"instock","16":"sold-individually","17":"purchasable","18":"product-type-simple"},"yoast_head":"<!-- This site is optimized with the Yoast SEO Premium plugin v15.8.2 - https:\/\/yoast.com\/wordpress\/plugins\/seo\/ -->\n<title>Paar silberne Historismus Girandolen, Vincenz Czokally, Wien, 1872-1922<\/title>\n<meta name=\"description\" content=\"Paar silberne Historismus Girandolen, Vincenz Czokally, Wien, 1872-1922 \u2665 Antiquit\u00e4ten Online kaufen \u2713 Sichere Lieferung \u2713\" \/>\n<meta name=\"robots\" content=\"index, follow, max-snippet:-1, max-image-preview:large, max-video-preview:-1\" \/>\n<link rel=\"canonical\" href=\"https:\/\/annette-ahrens.at\/onlineshop\/produkt\/paar-silberne-historismus-girandolen-vincenz-czokally-wien-1872-1922\/\" \/>\n<meta property=\"og:locale\" content=\"de_DE\" \/>\n<meta property=\"og:type\" content=\"article\" \/>\n<meta property=\"og:title\" content=\"Paar silberne Historismus Girandolen, Vincenz Czokally, Wien, 1872-1922\" \/>\n<meta property=\"og:description\" content=\"Paar silberne Historismus Girandolen, Vincenz Czokally, Wien, 1872-1922 \u2665 Antiquit\u00e4ten Online kaufen \u2713 Sichere Lieferung \u2713\" \/>\n<meta property=\"og:url\" content=\"https:\/\/annette-ahrens.at\/onlineshop\/produkt\/paar-silberne-historismus-girandolen-vincenz-czokally-wien-1872-1922\/\" \/>\n<meta property=\"og:site_name\" content=\"Tafelkultur Onlineshop\" \/>\n<meta property=\"article:publisher\" content=\"https:\/\/www.facebook.com\/AnnetteAhrensTafelkultur\" \/>\n<meta property=\"article:modified_time\" content=\"2026-01-10T15:26:48+00:00\" \/>\n<meta property=\"og:image\" content=\"https:\/\/annette-ahrens.at\/onlineshop\/wp-content\/uploads\/2022\/08\/IMG_7884.jpeg\" \/>\n\t<meta property=\"og:image:width\" content=\"1782\" \/>\n\t<meta property=\"og:image:height\" content=\"1721\" \/>\n<meta name=\"twitter:card\" content=\"summary_large_image\" \/>\n<meta name=\"twitter:label1\" content=\"Gesch\u00e4tzte Lesezeit\">\n\t<meta name=\"twitter:data1\" content=\"1\u00a0Minute\">\n<script type=\"application\/ld+json\" class=\"yoast-schema-graph\">{\"@context\":\"https:\/\/schema.org\",\"@graph\":[{\"@type\":[\"Person\",\"Organization\"],\"@id\":\"https:\/\/annette-ahrens.at\/onlineshop\/#\/schema\/person\/3e19676faae246bba0cb3b7e15f427d8\",\"name\":\"Annette Ahrens\",\"image\":{\"@type\":\"ImageObject\",\"@id\":\"https:\/\/annette-ahrens.at\/onlineshop\/#personlogo\",\"inLanguage\":\"de\",\"url\":\"https:\/\/annette-ahrens.at\/onlineshop\/wp-content\/uploads\/2020\/04\/aa_logo_End.png\",\"width\":800,\"height\":164,\"caption\":\"Annette Ahrens\"},\"logo\":{\"@id\":\"https:\/\/annette-ahrens.at\/onlineshop\/#personlogo\"},\"sameAs\":[\"https:\/\/annette-ahrens.at\",\"https:\/\/www.facebook.com\/AnnetteAhrensTafelkultur\",\"https:\/\/www.instagram.com\/tafelkulturistin\/\",\"https:\/\/de.wikipedia.org\/wiki\/Annette_Ahrens\"]},{\"@type\":\"WebSite\",\"@id\":\"https:\/\/annette-ahrens.at\/onlineshop\/#website\",\"url\":\"https:\/\/annette-ahrens.at\/onlineshop\/\",\"name\":\"Tafelkultur Onlineshop\",\"description\":\"Annette Ahrens\",\"publisher\":{\"@id\":\"https:\/\/annette-ahrens.at\/onlineshop\/#\/schema\/person\/3e19676faae246bba0cb3b7e15f427d8\"},\"potentialAction\":[{\"@type\":\"SearchAction\",\"target\":\"https:\/\/annette-ahrens.at\/onlineshop\/?s={search_term_string}\",\"query-input\":\"required name=search_term_string\"}],\"inLanguage\":\"de\"},{\"@type\":\"ImageObject\",\"@id\":\"https:\/\/annette-ahrens.at\/onlineshop\/produkt\/paar-silberne-historismus-girandolen-vincenz-czokally-wien-1872-1922\/#primaryimage\",\"inLanguage\":\"de\",\"url\":\"https:\/\/annette-ahrens.at\/onlineshop\/wp-content\/uploads\/2022\/08\/IMG_7884.jpeg\",\"width\":1782,\"height\":1721,\"caption\":\"girandolen_silber_wien\"},{\"@type\":[\"WebPage\",\"ItemPage\"],\"@id\":\"https:\/\/annette-ahrens.at\/onlineshop\/produkt\/paar-silberne-historismus-girandolen-vincenz-czokally-wien-1872-1922\/#webpage\",\"url\":\"https:\/\/annette-ahrens.at\/onlineshop\/produkt\/paar-silberne-historismus-girandolen-vincenz-czokally-wien-1872-1922\/\",\"name\":\"Paar silberne Historismus Girandolen, Vincenz Czokally, Wien, 1872-1922\",\"isPartOf\":{\"@id\":\"https:\/\/annette-ahrens.at\/onlineshop\/#website\"},\"primaryImageOfPage\":{\"@id\":\"https:\/\/annette-ahrens.at\/onlineshop\/produkt\/paar-silberne-historismus-girandolen-vincenz-czokally-wien-1872-1922\/#primaryimage\"},\"datePublished\":\"2024-04-23T07:55:06+00:00\",\"dateModified\":\"2026-01-10T15:26:48+00:00\",\"description\":\"Paar silberne Historismus Girandolen, Vincenz Czokally, Wien, 1872-1922 \\u2665 Antiquit\\u00e4ten Online kaufen \\u2713 Sichere Lieferung \\u2713\",\"breadcrumb\":{\"@id\":\"https:\/\/annette-ahrens.at\/onlineshop\/produkt\/paar-silberne-historismus-girandolen-vincenz-czokally-wien-1872-1922\/#breadcrumb\"},\"inLanguage\":\"de\",\"potentialAction\":[{\"@type\":\"ReadAction\",\"target\":[\"https:\/\/annette-ahrens.at\/onlineshop\/produkt\/paar-silberne-historismus-girandolen-vincenz-czokally-wien-1872-1922\/\"]}]},{\"@type\":\"BreadcrumbList\",\"@id\":\"https:\/\/annette-ahrens.at\/onlineshop\/produkt\/paar-silberne-historismus-girandolen-vincenz-czokally-wien-1872-1922\/#breadcrumb\",\"itemListElement\":[{\"@type\":\"ListItem\",\"position\":1,\"item\":{\"@type\":\"WebPage\",\"@id\":\"https:\/\/annette-ahrens.at\/onlineshop\/\",\"url\":\"https:\/\/annette-ahrens.at\/onlineshop\/\",\"name\":\"Home\"}},{\"@type\":\"ListItem\",\"position\":2,\"item\":{\"@type\":\"WebPage\",\"@id\":\"https:\/\/annette-ahrens.at\/onlineshop\/alle-tafelkultur-objekte\/\",\"url\":\"https:\/\/annette-ahrens.at\/onlineshop\/alle-tafelkultur-objekte\/\",\"name\":\"Alle Tafelkultur Objekte\"}},{\"@type\":\"ListItem\",\"position\":3,\"item\":{\"@type\":\"WebPage\",\"@id\":\"https:\/\/annette-ahrens.at\/onlineshop\/produkt\/paar-silberne-historismus-girandolen-vincenz-czokally-wien-1872-1922\/\",\"url\":\"https:\/\/annette-ahrens.at\/onlineshop\/produkt\/paar-silberne-historismus-girandolen-vincenz-czokally-wien-1872-1922\/\",\"name\":\"Paar silberne Historismus Girandolen, Vincenz Czokally, Wien, 1872-1922\"}}]}]}<\/script>\n<!-- \/ Yoast SEO Premium plugin. -->","_links":{"self":[{"href":"https:\/\/annette-ahrens.at\/onlineshop\/wp-json\/wp\/v2\/product\/28332","targetHints":{"allow":["GET"]}}],"collection":[{"href":"https:\/\/annette-ahrens.at\/onlineshop\/wp-json\/wp\/v2\/product"}],"about":[{"href":"https:\/\/annette-ahrens.at\/onlineshop\/wp-json\/wp\/v2\/types\/product"}],"replies":[{"embeddable":true,"href":"https:\/\/annette-ahrens.at\/onlineshop\/wp-json\/wp\/v2\/comments?post=28332"}],"wp:featuredmedia":[{"embeddable":true,"href":"https:\/\/annette-ahrens.at\/onlineshop\/wp-json\/wp\/v2\/media\/27191"}],"wp:attachment":[{"href":"https:\/\/annette-ahrens.at\/onlineshop\/wp-json\/wp\/v2\/media?parent=28332"}],"wp:term":[{"taxonomy":"product_brand","embeddable":true,"href":"https:\/\/annette-ahrens.at\/onlineshop\/wp-json\/wp\/v2\/product_brand?post=28332"},{"taxonomy":"product_cat","embeddable":true,"href":"https:\/\/annette-ahrens.at\/onlineshop\/wp-json\/wp\/v2\/product_cat?post=28332"},{"taxonomy":"product_tag","embeddable":true,"href":"https:\/\/annette-ahrens.at\/onlineshop\/wp-json\/wp\/v2\/product_tag?post=28332"}],"curies":[{"name":"wp","href":"https:\/\/api.w.org\/{rel}","templated":true}]}}