{"id":28538,"date":"2024-04-30T09:49:39","date_gmt":"2024-04-30T07:49:39","guid":{"rendered":"https:\/\/annette-ahrens.at\/onlineshop\/?post_type=product&#038;p=28538"},"modified":"2024-07-03T21:25:11","modified_gmt":"2024-07-03T19:25:11","slug":"grosse-versilberte-butterdose-england-um-1920-2","status":"publish","type":"product","link":"https:\/\/annette-ahrens.at\/onlineshop\/produkt\/grosse-versilberte-butterdose-england-um-1920-2\/","title":{"rendered":"Versilberte Art Deco Butterdose, Fa. Mappin &#038; Webb, England, um 1920"},"content":{"rendered":"<p>Versilberte Art Deco Butterdose<\/p>\n<p>Fa. Mappin &amp; Webb, Sheffield, England, um 1920<\/p>\n<p>Alpacca, versilbert, rechteckiges Henkeltablett, zugeh\u00f6riger Deckel mit Henkel, Einsatzschale aus farblosem Glas, Bodenschliffstern, Tablett am Boden gemarkt &#8222;Mappin &amp; Webb, London &amp; Sheffield, Princess Plate, E.P.N.S., Made in England&#8220;, tadelloser Erhaltungszustand<\/p>\n<p>13 x 11 cm<\/p>\n<p>22,5 x 16 cm<\/p>\n<p>H 6,5 cm<\/p>\n<p>&nbsp;<\/p>\n","protected":false},"excerpt":{"rendered":"<p>Annettes Etikette: Das englische Unternehmen von Jonathan\u00a0Mappin wurde bereits 1775 in Sheffield gegr\u00fcndet. Die weitere Generation er\u00f6ffnete als Mappin &amp; Webb im Jahre 1860 in der 77\/78 Oxford Street ein Ladengesch\u00e4ft. 1897 erh\u00e4lt Mappin &amp; Webb von Queen Victoria die Hoflieferantenw\u00fcrde. Ein Showroom in der Queen Victoria Street wurde eingerichtet. Der erhaltene, wohl bereits um 1890 zu datierende Firmenkatalog der renommierten Firma Walker &amp; Hall dient mir als wichtige Bestimmungsgrundlage.<\/p>\n","protected":false},"featured_media":28442,"comment_status":"open","ping_status":"closed","template":"","meta":[],"product_brand":[],"product_cat":[25,136,298,139,141,140,18,19],"product_tag":[],"class_list":{"0":"post-28538","1":"product","2":"type-product","3":"status-publish","4":"has-post-thumbnail","6":"product_cat-5o-clock-tea","7":"product_cat-aufs-brot","8":"product_cat-buffet","9":"product_cat-butter","10":"product_cat-butterdose","11":"product_cat-buttermesser","12":"product_cat-fruehstueck","13":"product_cat-gabelfruehstueck","15":"first","16":"instock","17":"sold-individually","18":"purchasable","19":"product-type-simple"},"yoast_head":"<!-- This site is optimized with the Yoast SEO Premium plugin v15.8.2 - https:\/\/yoast.com\/wordpress\/plugins\/seo\/ -->\n<title>Versilberte Art Deco Butterdose, Fa. Mappin &amp; Webb, England, um 1920<\/title>\n<meta name=\"description\" content=\"Versilberte Art Deco Butterdose, Fa. Mappin &amp; Webb, England, um 1920 \u2665 Antiquit\u00e4ten Online kaufen \u2713 Sichere Lieferung \u2713\" \/>\n<meta name=\"robots\" content=\"index, follow, max-snippet:-1, max-image-preview:large, max-video-preview:-1\" \/>\n<link rel=\"canonical\" href=\"https:\/\/annette-ahrens.at\/onlineshop\/produkt\/grosse-versilberte-butterdose-england-um-1920-2\/\" \/>\n<meta property=\"og:locale\" content=\"de_DE\" \/>\n<meta property=\"og:type\" content=\"article\" \/>\n<meta property=\"og:title\" content=\"Versilberte Art Deco Butterdose, Fa. Mappin &amp; Webb, England, um 1920\" \/>\n<meta property=\"og:description\" content=\"Versilberte Art Deco Butterdose, Fa. Mappin &amp; Webb, England, um 1920 \u2665 Antiquit\u00e4ten Online kaufen \u2713 Sichere Lieferung \u2713\" \/>\n<meta property=\"og:url\" content=\"https:\/\/annette-ahrens.at\/onlineshop\/produkt\/grosse-versilberte-butterdose-england-um-1920-2\/\" \/>\n<meta property=\"og:site_name\" content=\"Tafelkultur Onlineshop\" \/>\n<meta property=\"article:publisher\" content=\"https:\/\/www.facebook.com\/AnnetteAhrensTafelkultur\" \/>\n<meta property=\"article:modified_time\" content=\"2024-07-03T19:25:11+00:00\" \/>\n<meta property=\"og:image\" content=\"https:\/\/annette-ahrens.at\/onlineshop\/wp-content\/uploads\/2024\/04\/DEE63CCA-D5A8-4D7F-8566-526BB61960C5-rotated.jpeg\" \/>\n\t<meta property=\"og:image:width\" content=\"1936\" \/>\n\t<meta property=\"og:image:height\" content=\"1936\" \/>\n<meta name=\"twitter:card\" content=\"summary_large_image\" \/>\n<meta name=\"twitter:label1\" content=\"Gesch\u00e4tzte Lesezeit\">\n\t<meta name=\"twitter:data1\" content=\"1\u00a0Minute\">\n<script type=\"application\/ld+json\" class=\"yoast-schema-graph\">{\"@context\":\"https:\/\/schema.org\",\"@graph\":[{\"@type\":[\"Person\",\"Organization\"],\"@id\":\"https:\/\/annette-ahrens.at\/onlineshop\/#\/schema\/person\/3e19676faae246bba0cb3b7e15f427d8\",\"name\":\"Annette Ahrens\",\"image\":{\"@type\":\"ImageObject\",\"@id\":\"https:\/\/annette-ahrens.at\/onlineshop\/#personlogo\",\"inLanguage\":\"de\",\"url\":\"https:\/\/annette-ahrens.at\/onlineshop\/wp-content\/uploads\/2020\/04\/aa_logo_End.png\",\"width\":800,\"height\":164,\"caption\":\"Annette Ahrens\"},\"logo\":{\"@id\":\"https:\/\/annette-ahrens.at\/onlineshop\/#personlogo\"},\"sameAs\":[\"https:\/\/annette-ahrens.at\",\"https:\/\/www.facebook.com\/AnnetteAhrensTafelkultur\",\"https:\/\/www.instagram.com\/tafelkulturistin\/\",\"https:\/\/de.wikipedia.org\/wiki\/Annette_Ahrens\"]},{\"@type\":\"WebSite\",\"@id\":\"https:\/\/annette-ahrens.at\/onlineshop\/#website\",\"url\":\"https:\/\/annette-ahrens.at\/onlineshop\/\",\"name\":\"Tafelkultur Onlineshop\",\"description\":\"Annette Ahrens\",\"publisher\":{\"@id\":\"https:\/\/annette-ahrens.at\/onlineshop\/#\/schema\/person\/3e19676faae246bba0cb3b7e15f427d8\"},\"potentialAction\":[{\"@type\":\"SearchAction\",\"target\":\"https:\/\/annette-ahrens.at\/onlineshop\/?s={search_term_string}\",\"query-input\":\"required name=search_term_string\"}],\"inLanguage\":\"de\"},{\"@type\":\"ImageObject\",\"@id\":\"https:\/\/annette-ahrens.at\/onlineshop\/produkt\/grosse-versilberte-butterdose-england-um-1920-2\/#primaryimage\",\"inLanguage\":\"de\",\"url\":\"https:\/\/annette-ahrens.at\/onlineshop\/wp-content\/uploads\/2024\/04\/DEE63CCA-D5A8-4D7F-8566-526BB61960C5-rotated.jpeg\",\"width\":1936,\"height\":1936,\"caption\":\"butterdose_england\"},{\"@type\":[\"WebPage\",\"ItemPage\"],\"@id\":\"https:\/\/annette-ahrens.at\/onlineshop\/produkt\/grosse-versilberte-butterdose-england-um-1920-2\/#webpage\",\"url\":\"https:\/\/annette-ahrens.at\/onlineshop\/produkt\/grosse-versilberte-butterdose-england-um-1920-2\/\",\"name\":\"Versilberte Art Deco Butterdose, Fa. Mappin & Webb, England, um 1920\",\"isPartOf\":{\"@id\":\"https:\/\/annette-ahrens.at\/onlineshop\/#website\"},\"primaryImageOfPage\":{\"@id\":\"https:\/\/annette-ahrens.at\/onlineshop\/produkt\/grosse-versilberte-butterdose-england-um-1920-2\/#primaryimage\"},\"datePublished\":\"2024-04-30T07:49:39+00:00\",\"dateModified\":\"2024-07-03T19:25:11+00:00\",\"description\":\"Versilberte Art Deco Butterdose, Fa. Mappin & Webb, England, um 1920 \\u2665 Antiquit\\u00e4ten Online kaufen \\u2713 Sichere Lieferung \\u2713\",\"breadcrumb\":{\"@id\":\"https:\/\/annette-ahrens.at\/onlineshop\/produkt\/grosse-versilberte-butterdose-england-um-1920-2\/#breadcrumb\"},\"inLanguage\":\"de\",\"potentialAction\":[{\"@type\":\"ReadAction\",\"target\":[\"https:\/\/annette-ahrens.at\/onlineshop\/produkt\/grosse-versilberte-butterdose-england-um-1920-2\/\"]}]},{\"@type\":\"BreadcrumbList\",\"@id\":\"https:\/\/annette-ahrens.at\/onlineshop\/produkt\/grosse-versilberte-butterdose-england-um-1920-2\/#breadcrumb\",\"itemListElement\":[{\"@type\":\"ListItem\",\"position\":1,\"item\":{\"@type\":\"WebPage\",\"@id\":\"https:\/\/annette-ahrens.at\/onlineshop\/\",\"url\":\"https:\/\/annette-ahrens.at\/onlineshop\/\",\"name\":\"Home\"}},{\"@type\":\"ListItem\",\"position\":2,\"item\":{\"@type\":\"WebPage\",\"@id\":\"https:\/\/annette-ahrens.at\/onlineshop\/alle-tafelkultur-objekte\/\",\"url\":\"https:\/\/annette-ahrens.at\/onlineshop\/alle-tafelkultur-objekte\/\",\"name\":\"Alle Tafelkultur Objekte\"}},{\"@type\":\"ListItem\",\"position\":3,\"item\":{\"@type\":\"WebPage\",\"@id\":\"https:\/\/annette-ahrens.at\/onlineshop\/produkt\/grosse-versilberte-butterdose-england-um-1920-2\/\",\"url\":\"https:\/\/annette-ahrens.at\/onlineshop\/produkt\/grosse-versilberte-butterdose-england-um-1920-2\/\",\"name\":\"Versilberte Art Deco Butterdose, Fa. Mappin &#038; Webb, England, um 1920\"}}]}]}<\/script>\n<!-- \/ Yoast SEO Premium plugin. -->","_links":{"self":[{"href":"https:\/\/annette-ahrens.at\/onlineshop\/wp-json\/wp\/v2\/product\/28538","targetHints":{"allow":["GET"]}}],"collection":[{"href":"https:\/\/annette-ahrens.at\/onlineshop\/wp-json\/wp\/v2\/product"}],"about":[{"href":"https:\/\/annette-ahrens.at\/onlineshop\/wp-json\/wp\/v2\/types\/product"}],"replies":[{"embeddable":true,"href":"https:\/\/annette-ahrens.at\/onlineshop\/wp-json\/wp\/v2\/comments?post=28538"}],"wp:featuredmedia":[{"embeddable":true,"href":"https:\/\/annette-ahrens.at\/onlineshop\/wp-json\/wp\/v2\/media\/28442"}],"wp:attachment":[{"href":"https:\/\/annette-ahrens.at\/onlineshop\/wp-json\/wp\/v2\/media?parent=28538"}],"wp:term":[{"taxonomy":"product_brand","embeddable":true,"href":"https:\/\/annette-ahrens.at\/onlineshop\/wp-json\/wp\/v2\/product_brand?post=28538"},{"taxonomy":"product_cat","embeddable":true,"href":"https:\/\/annette-ahrens.at\/onlineshop\/wp-json\/wp\/v2\/product_cat?post=28538"},{"taxonomy":"product_tag","embeddable":true,"href":"https:\/\/annette-ahrens.at\/onlineshop\/wp-json\/wp\/v2\/product_tag?post=28538"}],"curies":[{"name":"wp","href":"https:\/\/api.w.org\/{rel}","templated":true}]}}