{"id":28709,"date":"2024-05-13T21:36:10","date_gmt":"2024-05-13T19:36:10","guid":{"rendered":"https:\/\/annette-ahrens.at\/onlineshop\/?post_type=product&#038;p=28709"},"modified":"2024-05-16T22:52:02","modified_gmt":"2024-05-16T20:52:02","slug":"silberner-fischvorleger-mit-delphin-wien-um-1900-2","status":"publish","type":"product","link":"https:\/\/annette-ahrens.at\/onlineshop\/produkt\/silberner-fischvorleger-mit-delphin-wien-um-1900-2\/","title":{"rendered":"Silberner Fischvorleger mit Delphin, H. S\u00fcdfeld, Wien, um 1900"},"content":{"rendered":"<p>Silberner Fischvorleger &#8222;Eselsr\u00fccken&#8220;<\/p>\n<p>Hermann S\u00fcdfeld, Wien, \u00d6sterreich, um 1900<\/p>\n<p>Heft in Eselsr\u00fcckenfacon aus Silber, Monogrammgravur, Heber mit feiner Laubs\u00e4gearbeit eines Delphins, gemarkt mit Wiener Dianakopfpunze 1872 &#8211; 1922, Meisterzeichen HS f\u00fcr Hermann S\u00fcdfeld (siehe Neuwirth 1977, Band 2, Seite 240), handpolierter Zustand<\/p>\n<p>L\u00e4nge 30,4 cm<\/p>\n<p>136 g<\/p>\n","protected":false},"excerpt":{"rendered":"<p>Annettes Etikette: Der fein in Laubs\u00e4gearbeit gefertigte Heber zeigt einen Delphin. Somit ist klar, dass dieser Vorleger f\u00fcr Fisch und nicht f\u00fcr Torten konzipiert wurde. Das Heft ist in Eselsr\u00fcckenfacon ausgef\u00fchrt, einer sehr beliebten Besteckform in Wien. Heute wird sie meist Baguette genannt. Der Silberwarenfabrikant Hermann S\u00fcdfeld &amp; Co erhielt sein Gewerbe 1883 verliehen. Die Werkstatt d\u00fcrfte im 6. Bezirk in der Lambrechtsgasse 18 situiert gewesen sein, am Bauernmarkt 14 wurde eine Niederlage er\u00f6ffnet. Gemeinsam sind 80 &#8211; 100 Arbeiter belegt.<\/p>\n","protected":false},"featured_media":28692,"comment_status":"open","ping_status":"closed","template":"","meta":[],"product_brand":[],"product_cat":[30,32,203,309,240,267,265,176,47,273,239,52,53,26],"product_tag":[],"class_list":{"0":"post-28709","1":"product","2":"type-product","3":"status-publish","4":"has-post-thumbnail","6":"product_cat-besteck","7":"product_cat-festefeiern","8":"product_cat-fisch-speisen","9":"product_cat-fisch-weihnachten","10":"product_cat-fischbesteck","11":"product_cat-fischvorleger","12":"product_cat-heber","13":"product_cat-lachs","14":"product_cat-meerestiere","15":"product_cat-silber-fachbuecher","16":"product_cat-spezialbestecke","17":"product_cat-thanksgiving","18":"product_cat-weihnachten","19":"product_cat-wiener-melange","21":"first","22":"instock","23":"sold-individually","24":"purchasable","25":"product-type-simple"},"yoast_head":"<!-- This site is optimized with the Yoast SEO Premium plugin v15.8.2 - https:\/\/yoast.com\/wordpress\/plugins\/seo\/ -->\n<title>Silberner Fischvorleger mit Delphin, H. S\u00fcdfeld, Wien, um 1900<\/title>\n<meta name=\"description\" content=\"Silberner Fischvorleger mit Delphin, H. S\u00fcdfeld, Wien, um 1900 \u2665 Antiquit\u00e4ten Online kaufen \u2713 Sichere Lieferung \u2713\" \/>\n<meta name=\"robots\" content=\"index, follow, max-snippet:-1, max-image-preview:large, max-video-preview:-1\" \/>\n<link rel=\"canonical\" href=\"https:\/\/annette-ahrens.at\/onlineshop\/produkt\/silberner-fischvorleger-mit-delphin-wien-um-1900-2\/\" \/>\n<meta property=\"og:locale\" content=\"de_DE\" \/>\n<meta property=\"og:type\" content=\"article\" \/>\n<meta property=\"og:title\" content=\"Silberner Fischvorleger mit Delphin, H. S\u00fcdfeld, Wien, um 1900\" \/>\n<meta property=\"og:description\" content=\"Silberner Fischvorleger mit Delphin, H. S\u00fcdfeld, Wien, um 1900 \u2665 Antiquit\u00e4ten Online kaufen \u2713 Sichere Lieferung \u2713\" \/>\n<meta property=\"og:url\" content=\"https:\/\/annette-ahrens.at\/onlineshop\/produkt\/silberner-fischvorleger-mit-delphin-wien-um-1900-2\/\" \/>\n<meta property=\"og:site_name\" content=\"Tafelkultur Onlineshop\" \/>\n<meta property=\"article:publisher\" content=\"https:\/\/www.facebook.com\/AnnetteAhrensTafelkultur\" \/>\n<meta property=\"article:modified_time\" content=\"2024-05-16T20:52:02+00:00\" \/>\n<meta property=\"og:image\" content=\"https:\/\/annette-ahrens.at\/onlineshop\/wp-content\/uploads\/2024\/05\/758C82C4-EBB1-45D8-9790-78BF284FA52A-rotated.jpeg\" \/>\n\t<meta property=\"og:image:width\" content=\"1936\" \/>\n\t<meta property=\"og:image:height\" content=\"1936\" \/>\n<meta name=\"twitter:card\" content=\"summary_large_image\" \/>\n<meta name=\"twitter:label1\" content=\"Gesch\u00e4tzte Lesezeit\">\n\t<meta name=\"twitter:data1\" content=\"1\u00a0Minute\">\n<script type=\"application\/ld+json\" class=\"yoast-schema-graph\">{\"@context\":\"https:\/\/schema.org\",\"@graph\":[{\"@type\":[\"Person\",\"Organization\"],\"@id\":\"https:\/\/annette-ahrens.at\/onlineshop\/#\/schema\/person\/3e19676faae246bba0cb3b7e15f427d8\",\"name\":\"Annette Ahrens\",\"image\":{\"@type\":\"ImageObject\",\"@id\":\"https:\/\/annette-ahrens.at\/onlineshop\/#personlogo\",\"inLanguage\":\"de\",\"url\":\"https:\/\/annette-ahrens.at\/onlineshop\/wp-content\/uploads\/2020\/04\/aa_logo_End.png\",\"width\":800,\"height\":164,\"caption\":\"Annette Ahrens\"},\"logo\":{\"@id\":\"https:\/\/annette-ahrens.at\/onlineshop\/#personlogo\"},\"sameAs\":[\"https:\/\/annette-ahrens.at\",\"https:\/\/www.facebook.com\/AnnetteAhrensTafelkultur\",\"https:\/\/www.instagram.com\/tafelkulturistin\/\",\"https:\/\/de.wikipedia.org\/wiki\/Annette_Ahrens\"]},{\"@type\":\"WebSite\",\"@id\":\"https:\/\/annette-ahrens.at\/onlineshop\/#website\",\"url\":\"https:\/\/annette-ahrens.at\/onlineshop\/\",\"name\":\"Tafelkultur Onlineshop\",\"description\":\"Annette Ahrens\",\"publisher\":{\"@id\":\"https:\/\/annette-ahrens.at\/onlineshop\/#\/schema\/person\/3e19676faae246bba0cb3b7e15f427d8\"},\"potentialAction\":[{\"@type\":\"SearchAction\",\"target\":\"https:\/\/annette-ahrens.at\/onlineshop\/?s={search_term_string}\",\"query-input\":\"required name=search_term_string\"}],\"inLanguage\":\"de\"},{\"@type\":\"ImageObject\",\"@id\":\"https:\/\/annette-ahrens.at\/onlineshop\/produkt\/silberner-fischvorleger-mit-delphin-wien-um-1900-2\/#primaryimage\",\"inLanguage\":\"de\",\"url\":\"https:\/\/annette-ahrens.at\/onlineshop\/wp-content\/uploads\/2024\/05\/758C82C4-EBB1-45D8-9790-78BF284FA52A-rotated.jpeg\",\"width\":1936,\"height\":1936,\"caption\":\"fischvorleger_silber\"},{\"@type\":[\"WebPage\",\"ItemPage\"],\"@id\":\"https:\/\/annette-ahrens.at\/onlineshop\/produkt\/silberner-fischvorleger-mit-delphin-wien-um-1900-2\/#webpage\",\"url\":\"https:\/\/annette-ahrens.at\/onlineshop\/produkt\/silberner-fischvorleger-mit-delphin-wien-um-1900-2\/\",\"name\":\"Silberner Fischvorleger mit Delphin, H. S\\u00fcdfeld, Wien, um 1900\",\"isPartOf\":{\"@id\":\"https:\/\/annette-ahrens.at\/onlineshop\/#website\"},\"primaryImageOfPage\":{\"@id\":\"https:\/\/annette-ahrens.at\/onlineshop\/produkt\/silberner-fischvorleger-mit-delphin-wien-um-1900-2\/#primaryimage\"},\"datePublished\":\"2024-05-13T19:36:10+00:00\",\"dateModified\":\"2024-05-16T20:52:02+00:00\",\"description\":\"Silberner Fischvorleger mit Delphin, H. S\\u00fcdfeld, Wien, um 1900 \\u2665 Antiquit\\u00e4ten Online kaufen \\u2713 Sichere Lieferung \\u2713\",\"breadcrumb\":{\"@id\":\"https:\/\/annette-ahrens.at\/onlineshop\/produkt\/silberner-fischvorleger-mit-delphin-wien-um-1900-2\/#breadcrumb\"},\"inLanguage\":\"de\",\"potentialAction\":[{\"@type\":\"ReadAction\",\"target\":[\"https:\/\/annette-ahrens.at\/onlineshop\/produkt\/silberner-fischvorleger-mit-delphin-wien-um-1900-2\/\"]}]},{\"@type\":\"BreadcrumbList\",\"@id\":\"https:\/\/annette-ahrens.at\/onlineshop\/produkt\/silberner-fischvorleger-mit-delphin-wien-um-1900-2\/#breadcrumb\",\"itemListElement\":[{\"@type\":\"ListItem\",\"position\":1,\"item\":{\"@type\":\"WebPage\",\"@id\":\"https:\/\/annette-ahrens.at\/onlineshop\/\",\"url\":\"https:\/\/annette-ahrens.at\/onlineshop\/\",\"name\":\"Home\"}},{\"@type\":\"ListItem\",\"position\":2,\"item\":{\"@type\":\"WebPage\",\"@id\":\"https:\/\/annette-ahrens.at\/onlineshop\/alle-tafelkultur-objekte\/\",\"url\":\"https:\/\/annette-ahrens.at\/onlineshop\/alle-tafelkultur-objekte\/\",\"name\":\"Alle Tafelkultur Objekte\"}},{\"@type\":\"ListItem\",\"position\":3,\"item\":{\"@type\":\"WebPage\",\"@id\":\"https:\/\/annette-ahrens.at\/onlineshop\/produkt\/silberner-fischvorleger-mit-delphin-wien-um-1900-2\/\",\"url\":\"https:\/\/annette-ahrens.at\/onlineshop\/produkt\/silberner-fischvorleger-mit-delphin-wien-um-1900-2\/\",\"name\":\"Silberner Fischvorleger mit Delphin, H. S\\u00fcdfeld, Wien, um 1900\"}}]}]}<\/script>\n<!-- \/ Yoast SEO Premium plugin. -->","_links":{"self":[{"href":"https:\/\/annette-ahrens.at\/onlineshop\/wp-json\/wp\/v2\/product\/28709","targetHints":{"allow":["GET"]}}],"collection":[{"href":"https:\/\/annette-ahrens.at\/onlineshop\/wp-json\/wp\/v2\/product"}],"about":[{"href":"https:\/\/annette-ahrens.at\/onlineshop\/wp-json\/wp\/v2\/types\/product"}],"replies":[{"embeddable":true,"href":"https:\/\/annette-ahrens.at\/onlineshop\/wp-json\/wp\/v2\/comments?post=28709"}],"wp:featuredmedia":[{"embeddable":true,"href":"https:\/\/annette-ahrens.at\/onlineshop\/wp-json\/wp\/v2\/media\/28692"}],"wp:attachment":[{"href":"https:\/\/annette-ahrens.at\/onlineshop\/wp-json\/wp\/v2\/media?parent=28709"}],"wp:term":[{"taxonomy":"product_brand","embeddable":true,"href":"https:\/\/annette-ahrens.at\/onlineshop\/wp-json\/wp\/v2\/product_brand?post=28709"},{"taxonomy":"product_cat","embeddable":true,"href":"https:\/\/annette-ahrens.at\/onlineshop\/wp-json\/wp\/v2\/product_cat?post=28709"},{"taxonomy":"product_tag","embeddable":true,"href":"https:\/\/annette-ahrens.at\/onlineshop\/wp-json\/wp\/v2\/product_tag?post=28709"}],"curies":[{"name":"wp","href":"https:\/\/api.w.org\/{rel}","templated":true}]}}