{"id":28713,"date":"2024-05-14T23:26:33","date_gmt":"2024-05-14T21:26:33","guid":{"rendered":"https:\/\/annette-ahrens.at\/onlineshop\/?post_type=product&#038;p=28713"},"modified":"2024-05-15T18:49:36","modified_gmt":"2024-05-15T16:49:36","slug":"silberner-taufbecher-mit-serviettenring-frankreich-19-jahrhundert","status":"publish","type":"product","link":"https:\/\/annette-ahrens.at\/onlineshop\/produkt\/silberner-taufbecher-mit-serviettenring-frankreich-19-jahrhundert\/","title":{"rendered":"Silberner Taufbecher mit Serviettenring, Frankreich, 19. Jahrhundert"},"content":{"rendered":"<p>Silberner Taufbecher mit Serviettenring in Etui<\/p>\n<p>Frankreich, 19. Jahrhundert<\/p>\n<p>Silber, konischer Becher mit umlaufendem Kleeblatt-Band, zugeh\u00f6riger Serviettenring, beide Teile mit identer Monogrammgravur &#8222;AJ&#8220;, gemarkt mit franz\u00f6sischer Silberpunze Minervakopf, handpolierter Zustand, originales Etui aus gr\u00fcnem Leder, innen mit wei\u00dfem Satin tapeziert<\/p>\n<p>H 7,5 cm<\/p>\n<p>Dm 6,7 cm<\/p>\n<p>Dm 5,1 cm (Serviettenring)<\/p>\n<p>55 g<\/p>\n","protected":false},"excerpt":{"rendered":"<p>Silberner Taufbecher mit Serviettenring in Etui Frankreich, 19. Jahrhundert Silber, konischer Becher mit umlaufendem Kleeblatt-Band, zugeh\u00f6riger Serviettenring, beide Teile mit identer Monogrammgravur &#8222;AJ&#8220;, gemarkt mit franz\u00f6sischer Silberpunze Minervakopf, handpolierter Zustand, originales Etui aus gr\u00fcnem Leder, innen mit wei\u00dfem Satin tapeziert H 7,5 cm Dm 6,7 cm Dm 5,1 cm (Serviettenring) 55 g<\/p>\n","protected":false},"featured_media":28728,"comment_status":"open","ping_status":"closed","template":"","meta":[],"product_brand":[],"product_cat":[142,36,32,18,51,273],"product_tag":[],"class_list":{"0":"post-28713","1":"product","2":"type-product","3":"status-publish","4":"has-post-thumbnail","6":"product_cat-eier","7":"product_cat-eierbecher","8":"product_cat-festefeiern","9":"product_cat-fruehstueck","10":"product_cat-ostern","11":"product_cat-silber-fachbuecher","13":"first","14":"instock","15":"sold-individually","16":"purchasable","17":"product-type-simple"},"yoast_head":"<!-- This site is optimized with the Yoast SEO Premium plugin v15.8.2 - https:\/\/yoast.com\/wordpress\/plugins\/seo\/ -->\n<title>Silberner Taufbecher mit Serviettenring, Frankreich, 19. Jahrhundert<\/title>\n<meta name=\"description\" content=\"Silberner Taufbecher mit Serviettenring, Frankreich, 19. Jahrhundert \u2665 Antiquit\u00e4ten Online kaufen \u2713 Sichere Lieferung \u2713\" \/>\n<meta name=\"robots\" content=\"index, follow, max-snippet:-1, max-image-preview:large, max-video-preview:-1\" \/>\n<link rel=\"canonical\" href=\"https:\/\/annette-ahrens.at\/onlineshop\/produkt\/silberner-taufbecher-mit-serviettenring-frankreich-19-jahrhundert\/\" \/>\n<meta property=\"og:locale\" content=\"de_DE\" \/>\n<meta property=\"og:type\" content=\"article\" \/>\n<meta property=\"og:title\" content=\"Silberner Taufbecher mit Serviettenring, Frankreich, 19. Jahrhundert\" \/>\n<meta property=\"og:description\" content=\"Silberner Taufbecher mit Serviettenring, Frankreich, 19. Jahrhundert \u2665 Antiquit\u00e4ten Online kaufen \u2713 Sichere Lieferung \u2713\" \/>\n<meta property=\"og:url\" content=\"https:\/\/annette-ahrens.at\/onlineshop\/produkt\/silberner-taufbecher-mit-serviettenring-frankreich-19-jahrhundert\/\" \/>\n<meta property=\"og:site_name\" content=\"Tafelkultur Onlineshop\" \/>\n<meta property=\"article:publisher\" content=\"https:\/\/www.facebook.com\/AnnetteAhrensTafelkultur\" \/>\n<meta property=\"article:modified_time\" content=\"2024-05-15T16:49:36+00:00\" \/>\n<meta property=\"og:image\" content=\"https:\/\/annette-ahrens.at\/onlineshop\/wp-content\/uploads\/2024\/05\/14D73722-ABA6-418E-BBB0-7FF0696E2101-scaled.jpeg\" \/>\n\t<meta property=\"og:image:width\" content=\"1912\" \/>\n\t<meta property=\"og:image:height\" content=\"2560\" \/>\n<meta name=\"twitter:card\" content=\"summary_large_image\" \/>\n<meta name=\"twitter:label1\" content=\"Gesch\u00e4tzte Lesezeit\">\n\t<meta name=\"twitter:data1\" content=\"1\u00a0Minute\">\n<script type=\"application\/ld+json\" class=\"yoast-schema-graph\">{\"@context\":\"https:\/\/schema.org\",\"@graph\":[{\"@type\":[\"Person\",\"Organization\"],\"@id\":\"https:\/\/annette-ahrens.at\/onlineshop\/#\/schema\/person\/3e19676faae246bba0cb3b7e15f427d8\",\"name\":\"Annette Ahrens\",\"image\":{\"@type\":\"ImageObject\",\"@id\":\"https:\/\/annette-ahrens.at\/onlineshop\/#personlogo\",\"inLanguage\":\"de\",\"url\":\"https:\/\/annette-ahrens.at\/onlineshop\/wp-content\/uploads\/2020\/04\/aa_logo_End.png\",\"width\":800,\"height\":164,\"caption\":\"Annette Ahrens\"},\"logo\":{\"@id\":\"https:\/\/annette-ahrens.at\/onlineshop\/#personlogo\"},\"sameAs\":[\"https:\/\/annette-ahrens.at\",\"https:\/\/www.facebook.com\/AnnetteAhrensTafelkultur\",\"https:\/\/www.instagram.com\/tafelkulturistin\/\",\"https:\/\/de.wikipedia.org\/wiki\/Annette_Ahrens\"]},{\"@type\":\"WebSite\",\"@id\":\"https:\/\/annette-ahrens.at\/onlineshop\/#website\",\"url\":\"https:\/\/annette-ahrens.at\/onlineshop\/\",\"name\":\"Tafelkultur Onlineshop\",\"description\":\"Annette Ahrens\",\"publisher\":{\"@id\":\"https:\/\/annette-ahrens.at\/onlineshop\/#\/schema\/person\/3e19676faae246bba0cb3b7e15f427d8\"},\"potentialAction\":[{\"@type\":\"SearchAction\",\"target\":\"https:\/\/annette-ahrens.at\/onlineshop\/?s={search_term_string}\",\"query-input\":\"required name=search_term_string\"}],\"inLanguage\":\"de\"},{\"@type\":\"ImageObject\",\"@id\":\"https:\/\/annette-ahrens.at\/onlineshop\/produkt\/silberner-taufbecher-mit-serviettenring-frankreich-19-jahrhundert\/#primaryimage\",\"inLanguage\":\"de\",\"url\":\"https:\/\/annette-ahrens.at\/onlineshop\/wp-content\/uploads\/2024\/05\/14D73722-ABA6-418E-BBB0-7FF0696E2101-scaled.jpeg\",\"width\":1912,\"height\":2560,\"caption\":\"taufgarnitur_silber\"},{\"@type\":[\"WebPage\",\"ItemPage\"],\"@id\":\"https:\/\/annette-ahrens.at\/onlineshop\/produkt\/silberner-taufbecher-mit-serviettenring-frankreich-19-jahrhundert\/#webpage\",\"url\":\"https:\/\/annette-ahrens.at\/onlineshop\/produkt\/silberner-taufbecher-mit-serviettenring-frankreich-19-jahrhundert\/\",\"name\":\"Silberner Taufbecher mit Serviettenring, Frankreich, 19. Jahrhundert\",\"isPartOf\":{\"@id\":\"https:\/\/annette-ahrens.at\/onlineshop\/#website\"},\"primaryImageOfPage\":{\"@id\":\"https:\/\/annette-ahrens.at\/onlineshop\/produkt\/silberner-taufbecher-mit-serviettenring-frankreich-19-jahrhundert\/#primaryimage\"},\"datePublished\":\"2024-05-14T21:26:33+00:00\",\"dateModified\":\"2024-05-15T16:49:36+00:00\",\"description\":\"Silberner Taufbecher mit Serviettenring, Frankreich, 19. Jahrhundert \\u2665 Antiquit\\u00e4ten Online kaufen \\u2713 Sichere Lieferung \\u2713\",\"breadcrumb\":{\"@id\":\"https:\/\/annette-ahrens.at\/onlineshop\/produkt\/silberner-taufbecher-mit-serviettenring-frankreich-19-jahrhundert\/#breadcrumb\"},\"inLanguage\":\"de\",\"potentialAction\":[{\"@type\":\"ReadAction\",\"target\":[\"https:\/\/annette-ahrens.at\/onlineshop\/produkt\/silberner-taufbecher-mit-serviettenring-frankreich-19-jahrhundert\/\"]}]},{\"@type\":\"BreadcrumbList\",\"@id\":\"https:\/\/annette-ahrens.at\/onlineshop\/produkt\/silberner-taufbecher-mit-serviettenring-frankreich-19-jahrhundert\/#breadcrumb\",\"itemListElement\":[{\"@type\":\"ListItem\",\"position\":1,\"item\":{\"@type\":\"WebPage\",\"@id\":\"https:\/\/annette-ahrens.at\/onlineshop\/\",\"url\":\"https:\/\/annette-ahrens.at\/onlineshop\/\",\"name\":\"Home\"}},{\"@type\":\"ListItem\",\"position\":2,\"item\":{\"@type\":\"WebPage\",\"@id\":\"https:\/\/annette-ahrens.at\/onlineshop\/alle-tafelkultur-objekte\/\",\"url\":\"https:\/\/annette-ahrens.at\/onlineshop\/alle-tafelkultur-objekte\/\",\"name\":\"Alle Tafelkultur Objekte\"}},{\"@type\":\"ListItem\",\"position\":3,\"item\":{\"@type\":\"WebPage\",\"@id\":\"https:\/\/annette-ahrens.at\/onlineshop\/produkt\/silberner-taufbecher-mit-serviettenring-frankreich-19-jahrhundert\/\",\"url\":\"https:\/\/annette-ahrens.at\/onlineshop\/produkt\/silberner-taufbecher-mit-serviettenring-frankreich-19-jahrhundert\/\",\"name\":\"Silberner Taufbecher mit Serviettenring, Frankreich, 19. Jahrhundert\"}}]}]}<\/script>\n<!-- \/ Yoast SEO Premium plugin. -->","_links":{"self":[{"href":"https:\/\/annette-ahrens.at\/onlineshop\/wp-json\/wp\/v2\/product\/28713","targetHints":{"allow":["GET"]}}],"collection":[{"href":"https:\/\/annette-ahrens.at\/onlineshop\/wp-json\/wp\/v2\/product"}],"about":[{"href":"https:\/\/annette-ahrens.at\/onlineshop\/wp-json\/wp\/v2\/types\/product"}],"replies":[{"embeddable":true,"href":"https:\/\/annette-ahrens.at\/onlineshop\/wp-json\/wp\/v2\/comments?post=28713"}],"wp:featuredmedia":[{"embeddable":true,"href":"https:\/\/annette-ahrens.at\/onlineshop\/wp-json\/wp\/v2\/media\/28728"}],"wp:attachment":[{"href":"https:\/\/annette-ahrens.at\/onlineshop\/wp-json\/wp\/v2\/media?parent=28713"}],"wp:term":[{"taxonomy":"product_brand","embeddable":true,"href":"https:\/\/annette-ahrens.at\/onlineshop\/wp-json\/wp\/v2\/product_brand?post=28713"},{"taxonomy":"product_cat","embeddable":true,"href":"https:\/\/annette-ahrens.at\/onlineshop\/wp-json\/wp\/v2\/product_cat?post=28713"},{"taxonomy":"product_tag","embeddable":true,"href":"https:\/\/annette-ahrens.at\/onlineshop\/wp-json\/wp\/v2\/product_tag?post=28713"}],"curies":[{"name":"wp","href":"https:\/\/api.w.org\/{rel}","templated":true}]}}