{"id":28792,"date":"2024-05-18T10:57:34","date_gmt":"2024-05-18T08:57:34","guid":{"rendered":"https:\/\/annette-ahrens.at\/onlineshop\/?post_type=product&#038;p=28792"},"modified":"2026-03-02T13:57:53","modified_gmt":"2026-03-02T12:57:53","slug":"6-silberne-mokkaloeffel-hellbrunn-fa-alexander-sturm-wien-nach-1922","status":"publish","type":"product","link":"https:\/\/annette-ahrens.at\/onlineshop\/produkt\/6-silberne-mokkaloeffel-hellbrunn-fa-alexander-sturm-wien-nach-1922\/","title":{"rendered":"6 silberne Mokkal\u00f6ffel \u201eHellbrunn\u201c, Fa. Alexander Sturm, Wien, nach 1922"},"content":{"rendered":"<p>6 silberne Mokkal\u00f6ffel \u201eHellbrunn\u201c<\/p>\n<p>Fa. Alexander Sturm, Wien, \u00d6sterreich, nach 1922<\/p>\n<p>Silber, Facon Nr. 178 \u201eHellbrunn\u201c, gemarkt mit Wiener Tukankopfpunze verwendet nach 1922, Kleeblatt als Firmenmarke f\u00fcr Alexander Sturm, Feingehalt 800, tadelloser Zustand<\/p>\n<p>L\u00e4nge 9,8 cm<\/p>\n<p>69 g<\/p>\n<p>Die Mokkatasse ist kein Teil der Lieferung.<\/p>\n","protected":false},"excerpt":{"rendered":"<p>Annettes Etikette: Die markante Bildmarke mit dem Kleeblatt steht f\u00fcr die renommierte Silberwarenfabrik von Alexander Sturm in Wien. 1882 gegr\u00fcndet, produziert die Firma mit wechselnden Eigent\u00fcmern bis heute Bestecke, Geschenkartikel und hochwertige Silberwaren. Unter der Nummer 178 wurde diese Besteckfacon mit dem klingenden Namen &#8222;Hellbrunn&#8220; angeboten. Prominenter Namensgeber ist die nahe Salzburg gelegene Sommerresidenz der F\u00fcrsterzbisch\u00f6fe.<\/p>\n","protected":false},"featured_media":28793,"comment_status":"open","ping_status":"closed","template":"","meta":[],"product_brand":[],"product_cat":[30,37,236,248,273,26],"product_tag":[],"class_list":{"0":"post-28792","1":"product","2":"type-product","3":"status-publish","4":"has-post-thumbnail","6":"product_cat-besteck","7":"product_cat-kaffee","8":"product_cat-loeffel","9":"product_cat-mokkakloeffel","10":"product_cat-silber-fachbuecher","11":"product_cat-wiener-melange","13":"first","14":"instock","15":"sold-individually","16":"purchasable","17":"product-type-simple"},"yoast_head":"<!-- This site is optimized with the Yoast SEO Premium plugin v15.8.2 - https:\/\/yoast.com\/wordpress\/plugins\/seo\/ -->\n<title>6 silberne Mokkal\u00f6ffel \u201eHellbrunn\u201c, Fa. Alexander Sturm, Wien, nach 1922<\/title>\n<meta name=\"description\" content=\"6 silberne Mokkal\u00f6ffel \u201eHellbrunn\u201c, Fa. Alexander Sturm, Wien, nach 1922 \u2665 Antiquit\u00e4ten Online kaufen \u2713 Sichere Lieferung \u2713\" \/>\n<meta name=\"robots\" content=\"index, follow, max-snippet:-1, max-image-preview:large, max-video-preview:-1\" \/>\n<link rel=\"canonical\" href=\"https:\/\/annette-ahrens.at\/onlineshop\/produkt\/6-silberne-mokkaloeffel-hellbrunn-fa-alexander-sturm-wien-nach-1922\/\" \/>\n<meta property=\"og:locale\" content=\"de_DE\" \/>\n<meta property=\"og:type\" content=\"article\" \/>\n<meta property=\"og:title\" content=\"6 silberne Mokkal\u00f6ffel \u201eHellbrunn\u201c, Fa. Alexander Sturm, Wien, nach 1922\" \/>\n<meta property=\"og:description\" content=\"6 silberne Mokkal\u00f6ffel \u201eHellbrunn\u201c, Fa. Alexander Sturm, Wien, nach 1922 \u2665 Antiquit\u00e4ten Online kaufen \u2713 Sichere Lieferung \u2713\" \/>\n<meta property=\"og:url\" content=\"https:\/\/annette-ahrens.at\/onlineshop\/produkt\/6-silberne-mokkaloeffel-hellbrunn-fa-alexander-sturm-wien-nach-1922\/\" \/>\n<meta property=\"og:site_name\" content=\"Tafelkultur Onlineshop\" \/>\n<meta property=\"article:publisher\" content=\"https:\/\/www.facebook.com\/AnnetteAhrensTafelkultur\" \/>\n<meta property=\"article:modified_time\" content=\"2026-03-02T12:57:53+00:00\" \/>\n<meta property=\"og:image\" content=\"https:\/\/annette-ahrens.at\/onlineshop\/wp-content\/uploads\/2024\/05\/46B5179F-882D-44A0-942E-1B282FD9B6B3-rotated.jpeg\" \/>\n\t<meta property=\"og:image:width\" content=\"1936\" \/>\n\t<meta property=\"og:image:height\" content=\"1936\" \/>\n<meta name=\"twitter:card\" content=\"summary_large_image\" \/>\n<meta name=\"twitter:label1\" content=\"Gesch\u00e4tzte Lesezeit\">\n\t<meta name=\"twitter:data1\" content=\"1\u00a0Minute\">\n<script type=\"application\/ld+json\" class=\"yoast-schema-graph\">{\"@context\":\"https:\/\/schema.org\",\"@graph\":[{\"@type\":[\"Person\",\"Organization\"],\"@id\":\"https:\/\/annette-ahrens.at\/onlineshop\/#\/schema\/person\/3e19676faae246bba0cb3b7e15f427d8\",\"name\":\"Annette Ahrens\",\"image\":{\"@type\":\"ImageObject\",\"@id\":\"https:\/\/annette-ahrens.at\/onlineshop\/#personlogo\",\"inLanguage\":\"de\",\"url\":\"https:\/\/annette-ahrens.at\/onlineshop\/wp-content\/uploads\/2020\/04\/aa_logo_End.png\",\"width\":800,\"height\":164,\"caption\":\"Annette Ahrens\"},\"logo\":{\"@id\":\"https:\/\/annette-ahrens.at\/onlineshop\/#personlogo\"},\"sameAs\":[\"https:\/\/annette-ahrens.at\",\"https:\/\/www.facebook.com\/AnnetteAhrensTafelkultur\",\"https:\/\/www.instagram.com\/tafelkulturistin\/\",\"https:\/\/de.wikipedia.org\/wiki\/Annette_Ahrens\"]},{\"@type\":\"WebSite\",\"@id\":\"https:\/\/annette-ahrens.at\/onlineshop\/#website\",\"url\":\"https:\/\/annette-ahrens.at\/onlineshop\/\",\"name\":\"Tafelkultur Onlineshop\",\"description\":\"Annette Ahrens\",\"publisher\":{\"@id\":\"https:\/\/annette-ahrens.at\/onlineshop\/#\/schema\/person\/3e19676faae246bba0cb3b7e15f427d8\"},\"potentialAction\":[{\"@type\":\"SearchAction\",\"target\":\"https:\/\/annette-ahrens.at\/onlineshop\/?s={search_term_string}\",\"query-input\":\"required name=search_term_string\"}],\"inLanguage\":\"de\"},{\"@type\":\"ImageObject\",\"@id\":\"https:\/\/annette-ahrens.at\/onlineshop\/produkt\/6-silberne-mokkaloeffel-hellbrunn-fa-alexander-sturm-wien-nach-1922\/#primaryimage\",\"inLanguage\":\"de\",\"url\":\"https:\/\/annette-ahrens.at\/onlineshop\/wp-content\/uploads\/2024\/05\/46B5179F-882D-44A0-942E-1B282FD9B6B3-rotated.jpeg\",\"width\":1936,\"height\":1936,\"caption\":\"mokkal\\u00f6ffel_sturm_silber_hellbrunn\"},{\"@type\":[\"WebPage\",\"ItemPage\"],\"@id\":\"https:\/\/annette-ahrens.at\/onlineshop\/produkt\/6-silberne-mokkaloeffel-hellbrunn-fa-alexander-sturm-wien-nach-1922\/#webpage\",\"url\":\"https:\/\/annette-ahrens.at\/onlineshop\/produkt\/6-silberne-mokkaloeffel-hellbrunn-fa-alexander-sturm-wien-nach-1922\/\",\"name\":\"6 silberne Mokkal\\u00f6ffel \\u201eHellbrunn\\u201c, Fa. Alexander Sturm, Wien, nach 1922\",\"isPartOf\":{\"@id\":\"https:\/\/annette-ahrens.at\/onlineshop\/#website\"},\"primaryImageOfPage\":{\"@id\":\"https:\/\/annette-ahrens.at\/onlineshop\/produkt\/6-silberne-mokkaloeffel-hellbrunn-fa-alexander-sturm-wien-nach-1922\/#primaryimage\"},\"datePublished\":\"2024-05-18T08:57:34+00:00\",\"dateModified\":\"2026-03-02T12:57:53+00:00\",\"description\":\"6 silberne Mokkal\\u00f6ffel \\u201eHellbrunn\\u201c, Fa. Alexander Sturm, Wien, nach 1922 \\u2665 Antiquit\\u00e4ten Online kaufen \\u2713 Sichere Lieferung \\u2713\",\"breadcrumb\":{\"@id\":\"https:\/\/annette-ahrens.at\/onlineshop\/produkt\/6-silberne-mokkaloeffel-hellbrunn-fa-alexander-sturm-wien-nach-1922\/#breadcrumb\"},\"inLanguage\":\"de\",\"potentialAction\":[{\"@type\":\"ReadAction\",\"target\":[\"https:\/\/annette-ahrens.at\/onlineshop\/produkt\/6-silberne-mokkaloeffel-hellbrunn-fa-alexander-sturm-wien-nach-1922\/\"]}]},{\"@type\":\"BreadcrumbList\",\"@id\":\"https:\/\/annette-ahrens.at\/onlineshop\/produkt\/6-silberne-mokkaloeffel-hellbrunn-fa-alexander-sturm-wien-nach-1922\/#breadcrumb\",\"itemListElement\":[{\"@type\":\"ListItem\",\"position\":1,\"item\":{\"@type\":\"WebPage\",\"@id\":\"https:\/\/annette-ahrens.at\/onlineshop\/\",\"url\":\"https:\/\/annette-ahrens.at\/onlineshop\/\",\"name\":\"Home\"}},{\"@type\":\"ListItem\",\"position\":2,\"item\":{\"@type\":\"WebPage\",\"@id\":\"https:\/\/annette-ahrens.at\/onlineshop\/alle-tafelkultur-objekte\/\",\"url\":\"https:\/\/annette-ahrens.at\/onlineshop\/alle-tafelkultur-objekte\/\",\"name\":\"Alle Tafelkultur Objekte\"}},{\"@type\":\"ListItem\",\"position\":3,\"item\":{\"@type\":\"WebPage\",\"@id\":\"https:\/\/annette-ahrens.at\/onlineshop\/produkt\/6-silberne-mokkaloeffel-hellbrunn-fa-alexander-sturm-wien-nach-1922\/\",\"url\":\"https:\/\/annette-ahrens.at\/onlineshop\/produkt\/6-silberne-mokkaloeffel-hellbrunn-fa-alexander-sturm-wien-nach-1922\/\",\"name\":\"6 silberne Mokkal\\u00f6ffel \\u201eHellbrunn\\u201c, Fa. Alexander Sturm, Wien, nach 1922\"}}]}]}<\/script>\n<!-- \/ Yoast SEO Premium plugin. -->","_links":{"self":[{"href":"https:\/\/annette-ahrens.at\/onlineshop\/wp-json\/wp\/v2\/product\/28792","targetHints":{"allow":["GET"]}}],"collection":[{"href":"https:\/\/annette-ahrens.at\/onlineshop\/wp-json\/wp\/v2\/product"}],"about":[{"href":"https:\/\/annette-ahrens.at\/onlineshop\/wp-json\/wp\/v2\/types\/product"}],"replies":[{"embeddable":true,"href":"https:\/\/annette-ahrens.at\/onlineshop\/wp-json\/wp\/v2\/comments?post=28792"}],"wp:featuredmedia":[{"embeddable":true,"href":"https:\/\/annette-ahrens.at\/onlineshop\/wp-json\/wp\/v2\/media\/28793"}],"wp:attachment":[{"href":"https:\/\/annette-ahrens.at\/onlineshop\/wp-json\/wp\/v2\/media?parent=28792"}],"wp:term":[{"taxonomy":"product_brand","embeddable":true,"href":"https:\/\/annette-ahrens.at\/onlineshop\/wp-json\/wp\/v2\/product_brand?post=28792"},{"taxonomy":"product_cat","embeddable":true,"href":"https:\/\/annette-ahrens.at\/onlineshop\/wp-json\/wp\/v2\/product_cat?post=28792"},{"taxonomy":"product_tag","embeddable":true,"href":"https:\/\/annette-ahrens.at\/onlineshop\/wp-json\/wp\/v2\/product_tag?post=28792"}],"curies":[{"name":"wp","href":"https:\/\/api.w.org\/{rel}","templated":true}]}}