{"id":29003,"date":"2024-05-30T12:40:28","date_gmt":"2024-05-30T10:40:28","guid":{"rendered":"https:\/\/annette-ahrens.at\/onlineshop\/?post_type=product&#038;p=29003"},"modified":"2024-07-02T20:05:55","modified_gmt":"2024-07-02T18:05:55","slug":"versilberter-jugendstil-teekessel-mit-rechaud-england-um-1900-4","status":"publish","type":"product","link":"https:\/\/annette-ahrens.at\/onlineshop\/produkt\/versilberter-jugendstil-teekessel-mit-rechaud-england-um-1900-4\/","title":{"rendered":"Versilberter Jugendstil Teekessel mit Rechaud, England, um 1900"},"content":{"rendered":"<p>Versilberter Jugendstil Teekessel mit Rechaud<\/p>\n<p>England, um 1900<\/p>\n<p>Metall, versilbert, ovaler Gef\u00e4\u00dfk\u00f6rper mit kannellierter Wandung, fest arretierter Holzhenkel mit isolierendem Griff aus Ebenholz, ovaler Scharnierdeckel mit Isolierknauf aus Ebenholz, Rechaud auf vier geschwungenen F\u00fcssen, ovale Abstellfl\u00e4che, runder Brenner mit Scharnierdeckel, gemarkt mit englischer Firmenmarke M &amp; Co E.P.N.S., tadelloser Zustand<\/p>\n<p>H 33,5 cm, B 19 cm<\/p>\n<p>Fassungsverm\u00f6gen 1,5 l<\/p>\n","protected":false},"excerpt":{"rendered":"<p>Annettes Etikette: Die Freude eine silberne oder versilberte Teekanne zu verwenden, zeigt sich sp\u00e4testens beim Einschenken: meist tropft sie nicht, denn der Silberschmied hat exakt gearbeitet, um dies zu verhindern. Dar\u00fcber hinaus kann auch die dritte Tasse Tee in angenehm heisser Temperatur genossen werden, da das Edelmetall nicht nur antiseptisch sondern auch leitend ist und so das Heisswasser temperiert h\u00e4lt.<\/p>\n","protected":false},"featured_media":29069,"comment_status":"open","ping_status":"closed","template":"","meta":[],"product_brand":[],"product_cat":[25,297,276,18,268,38,149,271,53],"product_tag":[],"class_list":{"0":"post-29003","1":"product","2":"type-product","3":"status-publish","4":"has-post-thumbnail","6":"product_cat-5o-clock-tea","7":"product_cat-adventjause","8":"product_cat-alpacca","9":"product_cat-fruehstueck","10":"product_cat-tee-5o-clock-tea","11":"product_cat-tee","12":"product_cat-teekanne","13":"product_cat-teekessel","14":"product_cat-weihnachten","16":"first","17":"instock","18":"sold-individually","19":"purchasable","20":"product-type-simple"},"yoast_head":"<!-- This site is optimized with the Yoast SEO Premium plugin v15.8.2 - https:\/\/yoast.com\/wordpress\/plugins\/seo\/ -->\n<title>Versilberter Jugendstil Teekessel mit Rechaud, England, um 1900<\/title>\n<meta name=\"description\" content=\"Versilberter Jugendstil Teekessel mit Rechaud, England, um 1900 \u2665 Antiquit\u00e4ten Online kaufen \u2713 Sichere Lieferung \u2713\" \/>\n<meta name=\"robots\" content=\"index, follow, max-snippet:-1, max-image-preview:large, max-video-preview:-1\" \/>\n<link rel=\"canonical\" href=\"https:\/\/annette-ahrens.at\/onlineshop\/produkt\/versilberter-jugendstil-teekessel-mit-rechaud-england-um-1900-4\/\" \/>\n<meta property=\"og:locale\" content=\"de_DE\" \/>\n<meta property=\"og:type\" content=\"article\" \/>\n<meta property=\"og:title\" content=\"Versilberter Jugendstil Teekessel mit Rechaud, England, um 1900\" \/>\n<meta property=\"og:description\" content=\"Versilberter Jugendstil Teekessel mit Rechaud, England, um 1900 \u2665 Antiquit\u00e4ten Online kaufen \u2713 Sichere Lieferung \u2713\" \/>\n<meta property=\"og:url\" content=\"https:\/\/annette-ahrens.at\/onlineshop\/produkt\/versilberter-jugendstil-teekessel-mit-rechaud-england-um-1900-4\/\" \/>\n<meta property=\"og:site_name\" content=\"Tafelkultur Onlineshop\" \/>\n<meta property=\"article:publisher\" content=\"https:\/\/www.facebook.com\/AnnetteAhrensTafelkultur\" \/>\n<meta property=\"article:modified_time\" content=\"2024-07-02T18:05:55+00:00\" \/>\n<meta property=\"og:image\" content=\"https:\/\/annette-ahrens.at\/onlineshop\/wp-content\/uploads\/2024\/05\/5879941F-7FDB-439F-B6BE-31132B04B262-scaled.jpeg\" \/>\n\t<meta property=\"og:image:width\" content=\"1912\" \/>\n\t<meta property=\"og:image:height\" content=\"2560\" \/>\n<meta name=\"twitter:card\" content=\"summary_large_image\" \/>\n<meta name=\"twitter:label1\" content=\"Gesch\u00e4tzte Lesezeit\">\n\t<meta name=\"twitter:data1\" content=\"1\u00a0Minute\">\n<script type=\"application\/ld+json\" class=\"yoast-schema-graph\">{\"@context\":\"https:\/\/schema.org\",\"@graph\":[{\"@type\":[\"Person\",\"Organization\"],\"@id\":\"https:\/\/annette-ahrens.at\/onlineshop\/#\/schema\/person\/3e19676faae246bba0cb3b7e15f427d8\",\"name\":\"Annette Ahrens\",\"image\":{\"@type\":\"ImageObject\",\"@id\":\"https:\/\/annette-ahrens.at\/onlineshop\/#personlogo\",\"inLanguage\":\"de\",\"url\":\"https:\/\/annette-ahrens.at\/onlineshop\/wp-content\/uploads\/2020\/04\/aa_logo_End.png\",\"width\":800,\"height\":164,\"caption\":\"Annette Ahrens\"},\"logo\":{\"@id\":\"https:\/\/annette-ahrens.at\/onlineshop\/#personlogo\"},\"sameAs\":[\"https:\/\/annette-ahrens.at\",\"https:\/\/www.facebook.com\/AnnetteAhrensTafelkultur\",\"https:\/\/www.instagram.com\/tafelkulturistin\/\",\"https:\/\/de.wikipedia.org\/wiki\/Annette_Ahrens\"]},{\"@type\":\"WebSite\",\"@id\":\"https:\/\/annette-ahrens.at\/onlineshop\/#website\",\"url\":\"https:\/\/annette-ahrens.at\/onlineshop\/\",\"name\":\"Tafelkultur Onlineshop\",\"description\":\"Annette Ahrens\",\"publisher\":{\"@id\":\"https:\/\/annette-ahrens.at\/onlineshop\/#\/schema\/person\/3e19676faae246bba0cb3b7e15f427d8\"},\"potentialAction\":[{\"@type\":\"SearchAction\",\"target\":\"https:\/\/annette-ahrens.at\/onlineshop\/?s={search_term_string}\",\"query-input\":\"required name=search_term_string\"}],\"inLanguage\":\"de\"},{\"@type\":\"ImageObject\",\"@id\":\"https:\/\/annette-ahrens.at\/onlineshop\/produkt\/versilberter-jugendstil-teekessel-mit-rechaud-england-um-1900-4\/#primaryimage\",\"inLanguage\":\"de\",\"url\":\"https:\/\/annette-ahrens.at\/onlineshop\/wp-content\/uploads\/2024\/05\/5879941F-7FDB-439F-B6BE-31132B04B262-scaled.jpeg\",\"width\":1912,\"height\":2560,\"caption\":\"teekessel_england_versilbert\"},{\"@type\":[\"WebPage\",\"ItemPage\"],\"@id\":\"https:\/\/annette-ahrens.at\/onlineshop\/produkt\/versilberter-jugendstil-teekessel-mit-rechaud-england-um-1900-4\/#webpage\",\"url\":\"https:\/\/annette-ahrens.at\/onlineshop\/produkt\/versilberter-jugendstil-teekessel-mit-rechaud-england-um-1900-4\/\",\"name\":\"Versilberter Jugendstil Teekessel mit Rechaud, England, um 1900\",\"isPartOf\":{\"@id\":\"https:\/\/annette-ahrens.at\/onlineshop\/#website\"},\"primaryImageOfPage\":{\"@id\":\"https:\/\/annette-ahrens.at\/onlineshop\/produkt\/versilberter-jugendstil-teekessel-mit-rechaud-england-um-1900-4\/#primaryimage\"},\"datePublished\":\"2024-05-30T10:40:28+00:00\",\"dateModified\":\"2024-07-02T18:05:55+00:00\",\"description\":\"Versilberter Jugendstil Teekessel mit Rechaud, England, um 1900 \\u2665 Antiquit\\u00e4ten Online kaufen \\u2713 Sichere Lieferung \\u2713\",\"breadcrumb\":{\"@id\":\"https:\/\/annette-ahrens.at\/onlineshop\/produkt\/versilberter-jugendstil-teekessel-mit-rechaud-england-um-1900-4\/#breadcrumb\"},\"inLanguage\":\"de\",\"potentialAction\":[{\"@type\":\"ReadAction\",\"target\":[\"https:\/\/annette-ahrens.at\/onlineshop\/produkt\/versilberter-jugendstil-teekessel-mit-rechaud-england-um-1900-4\/\"]}]},{\"@type\":\"BreadcrumbList\",\"@id\":\"https:\/\/annette-ahrens.at\/onlineshop\/produkt\/versilberter-jugendstil-teekessel-mit-rechaud-england-um-1900-4\/#breadcrumb\",\"itemListElement\":[{\"@type\":\"ListItem\",\"position\":1,\"item\":{\"@type\":\"WebPage\",\"@id\":\"https:\/\/annette-ahrens.at\/onlineshop\/\",\"url\":\"https:\/\/annette-ahrens.at\/onlineshop\/\",\"name\":\"Home\"}},{\"@type\":\"ListItem\",\"position\":2,\"item\":{\"@type\":\"WebPage\",\"@id\":\"https:\/\/annette-ahrens.at\/onlineshop\/alle-tafelkultur-objekte\/\",\"url\":\"https:\/\/annette-ahrens.at\/onlineshop\/alle-tafelkultur-objekte\/\",\"name\":\"Alle Tafelkultur Objekte\"}},{\"@type\":\"ListItem\",\"position\":3,\"item\":{\"@type\":\"WebPage\",\"@id\":\"https:\/\/annette-ahrens.at\/onlineshop\/produkt\/versilberter-jugendstil-teekessel-mit-rechaud-england-um-1900-4\/\",\"url\":\"https:\/\/annette-ahrens.at\/onlineshop\/produkt\/versilberter-jugendstil-teekessel-mit-rechaud-england-um-1900-4\/\",\"name\":\"Versilberter Jugendstil Teekessel mit Rechaud, England, um 1900\"}}]}]}<\/script>\n<!-- \/ Yoast SEO Premium plugin. -->","_links":{"self":[{"href":"https:\/\/annette-ahrens.at\/onlineshop\/wp-json\/wp\/v2\/product\/29003","targetHints":{"allow":["GET"]}}],"collection":[{"href":"https:\/\/annette-ahrens.at\/onlineshop\/wp-json\/wp\/v2\/product"}],"about":[{"href":"https:\/\/annette-ahrens.at\/onlineshop\/wp-json\/wp\/v2\/types\/product"}],"replies":[{"embeddable":true,"href":"https:\/\/annette-ahrens.at\/onlineshop\/wp-json\/wp\/v2\/comments?post=29003"}],"wp:featuredmedia":[{"embeddable":true,"href":"https:\/\/annette-ahrens.at\/onlineshop\/wp-json\/wp\/v2\/media\/29069"}],"wp:attachment":[{"href":"https:\/\/annette-ahrens.at\/onlineshop\/wp-json\/wp\/v2\/media?parent=29003"}],"wp:term":[{"taxonomy":"product_brand","embeddable":true,"href":"https:\/\/annette-ahrens.at\/onlineshop\/wp-json\/wp\/v2\/product_brand?post=29003"},{"taxonomy":"product_cat","embeddable":true,"href":"https:\/\/annette-ahrens.at\/onlineshop\/wp-json\/wp\/v2\/product_cat?post=29003"},{"taxonomy":"product_tag","embeddable":true,"href":"https:\/\/annette-ahrens.at\/onlineshop\/wp-json\/wp\/v2\/product_tag?post=29003"}],"curies":[{"name":"wp","href":"https:\/\/api.w.org\/{rel}","templated":true}]}}