{"id":29109,"date":"2024-07-22T20:21:04","date_gmt":"2024-07-22T18:21:04","guid":{"rendered":"https:\/\/annette-ahrens.at\/onlineshop\/?post_type=product&#038;p=29109"},"modified":"2026-02-02T21:52:38","modified_gmt":"2026-02-02T20:52:38","slug":"199-teiliges-silberbesteck-eselsruecken-fuer-12-personen-wien-um-1920","status":"publish","type":"product","link":"https:\/\/annette-ahrens.at\/onlineshop\/produkt\/199-teiliges-silberbesteck-eselsruecken-fuer-12-personen-wien-um-1920\/","title":{"rendered":"199 teiliges Silberbesteck &#8222;Eselsr\u00fccken&#8220; f\u00fcr 12 Personen, Wien, um 1920"},"content":{"rendered":"<p>199 teiliges Silberbesteck &#8222;Eselsr\u00fccken&#8220; f\u00fcr 12 Personen<\/p>\n<p>Wien, \u00d6sterreich, um 1922<\/p>\n<p>Silber; &#8222;Eselsr\u00fccken&#8220;-Facon; 199 Teile; punziert mit Wiener Beschauzeichen, dem Dianakopf verwendet in den Jahren 1872 &#8211; 1922, Meisterzeichen; Monogrammgravur &#8222;HS&#8220; alle Messer mit rostfreien Klingen, bezeichnet &#8222;SOLINGEN&#8220;, franz\u00f6sische Facon, ca. XX g (Messer nur ein Drittel gewogen), komplett in Eichenholz-Kassette mit 5 Laden, innen mit gr\u00fcnem Jersey tapeziert; tadelloser, kompletter Erhaltungszustand;<\/p>\n<p style=\"font-weight: 400;\">E\u00dfbesteck (168 Teile):<\/p>\n<p style=\"font-weight: 400;\">12 Suppenl\u00f6ffel<\/p>\n<p style=\"font-weight: 400;\">12 Menugabeln<\/p>\n<p style=\"font-weight: 400;\">12 Menumesser<\/p>\n<p style=\"font-weight: 400;\">12 Kaffeel\u00f6ffel<\/p>\n<p style=\"font-weight: 400;\">12 Mokkal\u00f6ffel<\/p>\n<p style=\"font-weight: 400;\">12 Vorspeisgabeln<\/p>\n<p style=\"font-weight: 400;\">12 Vorspeismesser<\/p>\n<p style=\"font-weight: 400;\">12 Dessertl\u00f6ffel<\/p>\n<p style=\"font-weight: 400;\">12 Fischgabeln<\/p>\n<p style=\"font-weight: 400;\">12 Fischmesser<\/p>\n<p style=\"font-weight: 400;\">12 Eisl\u00f6ffel<\/p>\n<p style=\"font-weight: 400;\">12 Obstgabeln<\/p>\n<p style=\"font-weight: 400;\">12 Obstmesser<\/p>\n<p style=\"font-weight: 400;\">Vorleger (31 Teile):<\/p>\n<p style=\"font-weight: 400;\">1 Suppensch\u00f6pfer<\/p>\n<p style=\"font-weight: 400;\">1 Tortenheber<\/p>\n<p style=\"font-weight: 400;\">1 Pastetenheber<\/p>\n<p style=\"font-weight: 400;\">2 K\u00e4semesser<\/p>\n<p style=\"font-weight: 400;\">1 Butterspachtel<\/p>\n<p style=\"font-weight: 400;\">6 Gew\u00fcrzl\u00f6ffel<\/p>\n<p style=\"font-weight: 400;\">6 Gew\u00fcrzschalen inkl. Glaseins\u00e4tzen<\/p>\n<p style=\"font-weight: 400;\">2 Wurstgabeln<\/p>\n<p style=\"font-weight: 400;\">1 Teesieb<\/p>\n<p style=\"font-weight: 400;\">1 Zuckerzange<\/p>\n<p style=\"font-weight: 400;\">1 kleiner Sch\u00f6pfer<\/p>\n<p style=\"font-weight: 400;\">2 Fischvorleger<\/p>\n<p style=\"font-weight: 400;\">2 Gem\u00fcsel\u00f6ffel<\/p>\n<p style=\"font-weight: 400;\">1 Salatgabel mit Horn<\/p>\n<p style=\"font-weight: 400;\">1 Salatl\u00f6ffel mit Horn<\/p>\n<p><span style=\"font-weight: 400;\">1 Brotmesser<\/span><\/p>\n","protected":false},"excerpt":{"rendered":"<p>199 teiliges Silberbesteck &#8222;Eselsr\u00fccken&#8220; f\u00fcr 12 Personen Wien, \u00d6sterreich, um 1922 Silber; &#8222;Eselsr\u00fccken&#8220;-Facon; 199 Teile; punziert mit Wiener Beschauzeichen, dem Dianakopf verwendet in den Jahren 1872 &#8211; 1922, Meisterzeichen; Monogrammgravur &#8222;HS&#8220; alle Messer mit rostfreien Klingen, bezeichnet &#8222;SOLINGEN&#8220;, franz\u00f6sische Facon, ca. XX g (Messer nur ein Drittel gewogen), komplett in Eichenholz-Kassette mit 5 Laden, innen [&hellip;]<\/p>\n","protected":false},"featured_media":29307,"comment_status":"open","ping_status":"closed","template":"","meta":[],"product_brand":[],"product_cat":[30,235,300,291,236,273],"product_tag":[],"class_list":{"0":"post-29109","1":"product","2":"type-product","3":"status-publish","4":"has-post-thumbnail","6":"product_cat-besteck","7":"product_cat-gabeln","8":"product_cat-gartenfest","9":"product_cat-hochzeit","10":"product_cat-loeffel","11":"product_cat-silber-fachbuecher","13":"first","14":"instock","15":"sold-individually","16":"purchasable","17":"product-type-simple"},"yoast_head":"<!-- This site is optimized with the Yoast SEO Premium plugin v15.8.2 - https:\/\/yoast.com\/wordpress\/plugins\/seo\/ -->\n<title>199 teiliges Silberbesteck &quot;Eselsr\u00fccken&quot; f\u00fcr 12 Personen, Wien, um 1920<\/title>\n<meta name=\"description\" content=\"199 teiliges Silberbesteck &quot;Eselsr\u00fccken&quot; f\u00fcr 12 Personen, Wien, um 1920 \u2665 Antiquit\u00e4ten Online kaufen \u2713 Sichere Lieferung \u2713\" \/>\n<meta name=\"robots\" content=\"index, follow, max-snippet:-1, max-image-preview:large, max-video-preview:-1\" \/>\n<link rel=\"canonical\" href=\"https:\/\/annette-ahrens.at\/onlineshop\/produkt\/199-teiliges-silberbesteck-eselsruecken-fuer-12-personen-wien-um-1920\/\" \/>\n<meta property=\"og:locale\" content=\"de_DE\" \/>\n<meta property=\"og:type\" content=\"article\" \/>\n<meta property=\"og:title\" content=\"199 teiliges Silberbesteck &quot;Eselsr\u00fccken&quot; f\u00fcr 12 Personen, Wien, um 1920\" \/>\n<meta property=\"og:description\" content=\"199 teiliges Silberbesteck &quot;Eselsr\u00fccken&quot; f\u00fcr 12 Personen, Wien, um 1920 \u2665 Antiquit\u00e4ten Online kaufen \u2713 Sichere Lieferung \u2713\" \/>\n<meta property=\"og:url\" content=\"https:\/\/annette-ahrens.at\/onlineshop\/produkt\/199-teiliges-silberbesteck-eselsruecken-fuer-12-personen-wien-um-1920\/\" \/>\n<meta property=\"og:site_name\" content=\"Tafelkultur Onlineshop\" \/>\n<meta property=\"article:publisher\" content=\"https:\/\/www.facebook.com\/AnnetteAhrensTafelkultur\" \/>\n<meta property=\"article:modified_time\" content=\"2026-02-02T20:52:38+00:00\" \/>\n<meta property=\"og:image\" content=\"https:\/\/annette-ahrens.at\/onlineshop\/wp-content\/uploads\/2024\/06\/462DD066-D312-4A36-8199-1FE3A7B702A0_1_201_a-scaled.jpeg\" \/>\n\t<meta property=\"og:image:width\" content=\"1912\" \/>\n\t<meta property=\"og:image:height\" content=\"2560\" \/>\n<meta name=\"twitter:card\" content=\"summary_large_image\" \/>\n<meta name=\"twitter:label1\" content=\"Gesch\u00e4tzte Lesezeit\">\n\t<meta name=\"twitter:data1\" content=\"1\u00a0Minute\">\n<script type=\"application\/ld+json\" class=\"yoast-schema-graph\">{\"@context\":\"https:\/\/schema.org\",\"@graph\":[{\"@type\":[\"Person\",\"Organization\"],\"@id\":\"https:\/\/annette-ahrens.at\/onlineshop\/#\/schema\/person\/3e19676faae246bba0cb3b7e15f427d8\",\"name\":\"Annette Ahrens\",\"image\":{\"@type\":\"ImageObject\",\"@id\":\"https:\/\/annette-ahrens.at\/onlineshop\/#personlogo\",\"inLanguage\":\"de\",\"url\":\"https:\/\/annette-ahrens.at\/onlineshop\/wp-content\/uploads\/2020\/04\/aa_logo_End.png\",\"width\":800,\"height\":164,\"caption\":\"Annette Ahrens\"},\"logo\":{\"@id\":\"https:\/\/annette-ahrens.at\/onlineshop\/#personlogo\"},\"sameAs\":[\"https:\/\/annette-ahrens.at\",\"https:\/\/www.facebook.com\/AnnetteAhrensTafelkultur\",\"https:\/\/www.instagram.com\/tafelkulturistin\/\",\"https:\/\/de.wikipedia.org\/wiki\/Annette_Ahrens\"]},{\"@type\":\"WebSite\",\"@id\":\"https:\/\/annette-ahrens.at\/onlineshop\/#website\",\"url\":\"https:\/\/annette-ahrens.at\/onlineshop\/\",\"name\":\"Tafelkultur Onlineshop\",\"description\":\"Annette Ahrens\",\"publisher\":{\"@id\":\"https:\/\/annette-ahrens.at\/onlineshop\/#\/schema\/person\/3e19676faae246bba0cb3b7e15f427d8\"},\"potentialAction\":[{\"@type\":\"SearchAction\",\"target\":\"https:\/\/annette-ahrens.at\/onlineshop\/?s={search_term_string}\",\"query-input\":\"required name=search_term_string\"}],\"inLanguage\":\"de\"},{\"@type\":\"ImageObject\",\"@id\":\"https:\/\/annette-ahrens.at\/onlineshop\/produkt\/199-teiliges-silberbesteck-eselsruecken-fuer-12-personen-wien-um-1920\/#primaryimage\",\"inLanguage\":\"de\",\"url\":\"https:\/\/annette-ahrens.at\/onlineshop\/wp-content\/uploads\/2024\/06\/462DD066-D312-4A36-8199-1FE3A7B702A0_1_201_a-scaled.jpeg\",\"width\":1912,\"height\":2560,\"caption\":\"silberbesteck_eselsr\\u00fccken_wien\"},{\"@type\":[\"WebPage\",\"ItemPage\"],\"@id\":\"https:\/\/annette-ahrens.at\/onlineshop\/produkt\/199-teiliges-silberbesteck-eselsruecken-fuer-12-personen-wien-um-1920\/#webpage\",\"url\":\"https:\/\/annette-ahrens.at\/onlineshop\/produkt\/199-teiliges-silberbesteck-eselsruecken-fuer-12-personen-wien-um-1920\/\",\"name\":\"199 teiliges Silberbesteck \\\"Eselsr\\u00fccken\\\" f\\u00fcr 12 Personen, Wien, um 1920\",\"isPartOf\":{\"@id\":\"https:\/\/annette-ahrens.at\/onlineshop\/#website\"},\"primaryImageOfPage\":{\"@id\":\"https:\/\/annette-ahrens.at\/onlineshop\/produkt\/199-teiliges-silberbesteck-eselsruecken-fuer-12-personen-wien-um-1920\/#primaryimage\"},\"datePublished\":\"2024-07-22T18:21:04+00:00\",\"dateModified\":\"2026-02-02T20:52:38+00:00\",\"description\":\"199 teiliges Silberbesteck \\\"Eselsr\\u00fccken\\\" f\\u00fcr 12 Personen, Wien, um 1920 \\u2665 Antiquit\\u00e4ten Online kaufen \\u2713 Sichere Lieferung \\u2713\",\"breadcrumb\":{\"@id\":\"https:\/\/annette-ahrens.at\/onlineshop\/produkt\/199-teiliges-silberbesteck-eselsruecken-fuer-12-personen-wien-um-1920\/#breadcrumb\"},\"inLanguage\":\"de\",\"potentialAction\":[{\"@type\":\"ReadAction\",\"target\":[\"https:\/\/annette-ahrens.at\/onlineshop\/produkt\/199-teiliges-silberbesteck-eselsruecken-fuer-12-personen-wien-um-1920\/\"]}]},{\"@type\":\"BreadcrumbList\",\"@id\":\"https:\/\/annette-ahrens.at\/onlineshop\/produkt\/199-teiliges-silberbesteck-eselsruecken-fuer-12-personen-wien-um-1920\/#breadcrumb\",\"itemListElement\":[{\"@type\":\"ListItem\",\"position\":1,\"item\":{\"@type\":\"WebPage\",\"@id\":\"https:\/\/annette-ahrens.at\/onlineshop\/\",\"url\":\"https:\/\/annette-ahrens.at\/onlineshop\/\",\"name\":\"Home\"}},{\"@type\":\"ListItem\",\"position\":2,\"item\":{\"@type\":\"WebPage\",\"@id\":\"https:\/\/annette-ahrens.at\/onlineshop\/alle-tafelkultur-objekte\/\",\"url\":\"https:\/\/annette-ahrens.at\/onlineshop\/alle-tafelkultur-objekte\/\",\"name\":\"Alle Tafelkultur Objekte\"}},{\"@type\":\"ListItem\",\"position\":3,\"item\":{\"@type\":\"WebPage\",\"@id\":\"https:\/\/annette-ahrens.at\/onlineshop\/produkt\/199-teiliges-silberbesteck-eselsruecken-fuer-12-personen-wien-um-1920\/\",\"url\":\"https:\/\/annette-ahrens.at\/onlineshop\/produkt\/199-teiliges-silberbesteck-eselsruecken-fuer-12-personen-wien-um-1920\/\",\"name\":\"199 teiliges Silberbesteck &#8222;Eselsr\\u00fccken&#8220; f\\u00fcr 12 Personen, Wien, um 1920\"}}]}]}<\/script>\n<!-- \/ Yoast SEO Premium plugin. -->","_links":{"self":[{"href":"https:\/\/annette-ahrens.at\/onlineshop\/wp-json\/wp\/v2\/product\/29109","targetHints":{"allow":["GET"]}}],"collection":[{"href":"https:\/\/annette-ahrens.at\/onlineshop\/wp-json\/wp\/v2\/product"}],"about":[{"href":"https:\/\/annette-ahrens.at\/onlineshop\/wp-json\/wp\/v2\/types\/product"}],"replies":[{"embeddable":true,"href":"https:\/\/annette-ahrens.at\/onlineshop\/wp-json\/wp\/v2\/comments?post=29109"}],"wp:featuredmedia":[{"embeddable":true,"href":"https:\/\/annette-ahrens.at\/onlineshop\/wp-json\/wp\/v2\/media\/29307"}],"wp:attachment":[{"href":"https:\/\/annette-ahrens.at\/onlineshop\/wp-json\/wp\/v2\/media?parent=29109"}],"wp:term":[{"taxonomy":"product_brand","embeddable":true,"href":"https:\/\/annette-ahrens.at\/onlineshop\/wp-json\/wp\/v2\/product_brand?post=29109"},{"taxonomy":"product_cat","embeddable":true,"href":"https:\/\/annette-ahrens.at\/onlineshop\/wp-json\/wp\/v2\/product_cat?post=29109"},{"taxonomy":"product_tag","embeddable":true,"href":"https:\/\/annette-ahrens.at\/onlineshop\/wp-json\/wp\/v2\/product_tag?post=29109"}],"curies":[{"name":"wp","href":"https:\/\/api.w.org\/{rel}","templated":true}]}}