{"id":29137,"date":"2024-06-14T13:40:20","date_gmt":"2024-06-14T11:40:20","guid":{"rendered":"https:\/\/annette-ahrens.at\/onlineshop\/?post_type=product&#038;p=29137"},"modified":"2024-06-10T08:35:19","modified_gmt":"2024-06-10T06:35:19","slug":"versilberter-jugendstil-eierwaermer-mit-nest-england-um-1900","status":"publish","type":"product","link":"https:\/\/annette-ahrens.at\/onlineshop\/produkt\/versilberter-jugendstil-eierwaermer-mit-nest-england-um-1900\/","title":{"rendered":"Versilberter Jugendstil Eierw\u00e4rmer mit Nest, England, um 1900"},"content":{"rendered":"<p>Versilberter Jugendstil Eierw\u00e4rmer mit Nest<\/p>\n<p>England, um 1900<\/p>\n<p>Gef\u00e4\u00dfk\u00f6rper aus versilbertem Metall (berieben), in Gestalt eines Eies, Hammerschlagdekor, herausnehmbarer Einsatz f\u00fcr 4 Eier, runder Deckel mit br\u00fctendem Vogel als Knauf, \u00a0Nest mit drei Eiern, zugeh\u00f6riger Brenner, am Boden gemarkt mit englischer Herstellermarke und EPNS (Electro Plated Nickel Silver)<\/p>\n<p>H 25,5 cm<\/p>\n","protected":false},"excerpt":{"rendered":"<p>Annettes Etikette: Mehr als originell ist dieser &#8222;Eggwarmer&#8220; aus der Jugendstil Zeit. Nat\u00fcrlich ist England der Ursprungs dieser Idee f\u00fcr die Tafel. Der Einsatz erleichtert das Herausnehmen der wohl temperierten Eier. Der erhaltene, wohl bereits um 1890 zu datierende Firmenkatalog der renommierten Firma Walker &amp; Hall dient mir als dankbare Best\u00e4tigung: ein Egg Boiler. F\u00fcr hart gekochte Eier werden 2 Teel\u00f6ffel Wasser in den Eierkocher gegeben und die tiefe Seite des Brenners mit Alkohol gef\u00fcllt. F\u00fcr weich gekochte Eier wird 1 Teel\u00f6ffel Wasser in den Eierkocher gegeben und die flache Seite des Brenners mit Alkohol gef\u00fcllt. In beiden F\u00e4llen wird der Deckel auf das Gef\u00e4\u00df gesetzt und der Alkohol im Brenner entz\u00fcndet. Nach Erl\u00f6schen verbleiben die Eier noch einige Minuten im Eggboiler. Der Brenner verlangt keinen Docht.<\/p>\n","protected":false},"featured_media":29209,"comment_status":"open","ping_status":"closed","template":"","meta":[],"product_brand":[],"product_cat":[276,298,142,36,32,18,51,131,311],"product_tag":[],"class_list":{"0":"post-29137","1":"product","2":"type-product","3":"status-publish","4":"has-post-thumbnail","6":"product_cat-alpacca","7":"product_cat-buffet","8":"product_cat-eier","9":"product_cat-eierbecher","10":"product_cat-festefeiern","11":"product_cat-fruehstueck","12":"product_cat-ostern","13":"product_cat-tafeldekorationen","14":"product_cat-tafelinventar","16":"first","17":"instock","18":"purchasable","19":"product-type-simple"},"yoast_head":"<!-- This site is optimized with the Yoast SEO Premium plugin v15.8.2 - https:\/\/yoast.com\/wordpress\/plugins\/seo\/ -->\n<title>Versilberter Jugendstil Eierw\u00e4rmer mit Nest, England, um 1900<\/title>\n<meta name=\"description\" content=\"Versilberter Jugendstil Eierw\u00e4rmer mit Nest, England, um 1900 \u2665 Antiquit\u00e4ten Online kaufen \u2713 Sichere Lieferung \u2713\" \/>\n<meta name=\"robots\" content=\"index, follow, max-snippet:-1, max-image-preview:large, max-video-preview:-1\" \/>\n<link rel=\"canonical\" href=\"https:\/\/annette-ahrens.at\/onlineshop\/produkt\/versilberter-jugendstil-eierwaermer-mit-nest-england-um-1900\/\" \/>\n<meta property=\"og:locale\" content=\"de_DE\" \/>\n<meta property=\"og:type\" content=\"article\" \/>\n<meta property=\"og:title\" content=\"Versilberter Jugendstil Eierw\u00e4rmer mit Nest, England, um 1900\" \/>\n<meta property=\"og:description\" content=\"Versilberter Jugendstil Eierw\u00e4rmer mit Nest, England, um 1900 \u2665 Antiquit\u00e4ten Online kaufen \u2713 Sichere Lieferung \u2713\" \/>\n<meta property=\"og:url\" content=\"https:\/\/annette-ahrens.at\/onlineshop\/produkt\/versilberter-jugendstil-eierwaermer-mit-nest-england-um-1900\/\" \/>\n<meta property=\"og:site_name\" content=\"Tafelkultur Onlineshop\" \/>\n<meta property=\"article:publisher\" content=\"https:\/\/www.facebook.com\/AnnetteAhrensTafelkultur\" \/>\n<meta property=\"article:modified_time\" content=\"2024-06-10T06:35:19+00:00\" \/>\n<meta property=\"og:image\" content=\"https:\/\/annette-ahrens.at\/onlineshop\/wp-content\/uploads\/2024\/06\/F17C1D3C-EDED-4F58-AC21-9859614D2579_1_201_a.jpeg\" \/>\n\t<meta property=\"og:image:width\" content=\"1576\" \/>\n\t<meta property=\"og:image:height\" content=\"1863\" \/>\n<meta name=\"twitter:card\" content=\"summary_large_image\" \/>\n<meta name=\"twitter:label1\" content=\"Gesch\u00e4tzte Lesezeit\">\n\t<meta name=\"twitter:data1\" content=\"1\u00a0Minute\">\n<script type=\"application\/ld+json\" class=\"yoast-schema-graph\">{\"@context\":\"https:\/\/schema.org\",\"@graph\":[{\"@type\":[\"Person\",\"Organization\"],\"@id\":\"https:\/\/annette-ahrens.at\/onlineshop\/#\/schema\/person\/3e19676faae246bba0cb3b7e15f427d8\",\"name\":\"Annette Ahrens\",\"image\":{\"@type\":\"ImageObject\",\"@id\":\"https:\/\/annette-ahrens.at\/onlineshop\/#personlogo\",\"inLanguage\":\"de\",\"url\":\"https:\/\/annette-ahrens.at\/onlineshop\/wp-content\/uploads\/2020\/04\/aa_logo_End.png\",\"width\":800,\"height\":164,\"caption\":\"Annette Ahrens\"},\"logo\":{\"@id\":\"https:\/\/annette-ahrens.at\/onlineshop\/#personlogo\"},\"sameAs\":[\"https:\/\/annette-ahrens.at\",\"https:\/\/www.facebook.com\/AnnetteAhrensTafelkultur\",\"https:\/\/www.instagram.com\/tafelkulturistin\/\",\"https:\/\/de.wikipedia.org\/wiki\/Annette_Ahrens\"]},{\"@type\":\"WebSite\",\"@id\":\"https:\/\/annette-ahrens.at\/onlineshop\/#website\",\"url\":\"https:\/\/annette-ahrens.at\/onlineshop\/\",\"name\":\"Tafelkultur Onlineshop\",\"description\":\"Annette Ahrens\",\"publisher\":{\"@id\":\"https:\/\/annette-ahrens.at\/onlineshop\/#\/schema\/person\/3e19676faae246bba0cb3b7e15f427d8\"},\"potentialAction\":[{\"@type\":\"SearchAction\",\"target\":\"https:\/\/annette-ahrens.at\/onlineshop\/?s={search_term_string}\",\"query-input\":\"required name=search_term_string\"}],\"inLanguage\":\"de\"},{\"@type\":\"ImageObject\",\"@id\":\"https:\/\/annette-ahrens.at\/onlineshop\/produkt\/versilberter-jugendstil-eierwaermer-mit-nest-england-um-1900\/#primaryimage\",\"inLanguage\":\"de\",\"url\":\"https:\/\/annette-ahrens.at\/onlineshop\/wp-content\/uploads\/2024\/06\/F17C1D3C-EDED-4F58-AC21-9859614D2579_1_201_a.jpeg\",\"width\":1576,\"height\":1863,\"caption\":\"eggboiler_england_versilbert\"},{\"@type\":[\"WebPage\",\"ItemPage\"],\"@id\":\"https:\/\/annette-ahrens.at\/onlineshop\/produkt\/versilberter-jugendstil-eierwaermer-mit-nest-england-um-1900\/#webpage\",\"url\":\"https:\/\/annette-ahrens.at\/onlineshop\/produkt\/versilberter-jugendstil-eierwaermer-mit-nest-england-um-1900\/\",\"name\":\"Versilberter Jugendstil Eierw\\u00e4rmer mit Nest, England, um 1900\",\"isPartOf\":{\"@id\":\"https:\/\/annette-ahrens.at\/onlineshop\/#website\"},\"primaryImageOfPage\":{\"@id\":\"https:\/\/annette-ahrens.at\/onlineshop\/produkt\/versilberter-jugendstil-eierwaermer-mit-nest-england-um-1900\/#primaryimage\"},\"datePublished\":\"2024-06-14T11:40:20+00:00\",\"dateModified\":\"2024-06-10T06:35:19+00:00\",\"description\":\"Versilberter Jugendstil Eierw\\u00e4rmer mit Nest, England, um 1900 \\u2665 Antiquit\\u00e4ten Online kaufen \\u2713 Sichere Lieferung \\u2713\",\"breadcrumb\":{\"@id\":\"https:\/\/annette-ahrens.at\/onlineshop\/produkt\/versilberter-jugendstil-eierwaermer-mit-nest-england-um-1900\/#breadcrumb\"},\"inLanguage\":\"de\",\"potentialAction\":[{\"@type\":\"ReadAction\",\"target\":[\"https:\/\/annette-ahrens.at\/onlineshop\/produkt\/versilberter-jugendstil-eierwaermer-mit-nest-england-um-1900\/\"]}]},{\"@type\":\"BreadcrumbList\",\"@id\":\"https:\/\/annette-ahrens.at\/onlineshop\/produkt\/versilberter-jugendstil-eierwaermer-mit-nest-england-um-1900\/#breadcrumb\",\"itemListElement\":[{\"@type\":\"ListItem\",\"position\":1,\"item\":{\"@type\":\"WebPage\",\"@id\":\"https:\/\/annette-ahrens.at\/onlineshop\/\",\"url\":\"https:\/\/annette-ahrens.at\/onlineshop\/\",\"name\":\"Home\"}},{\"@type\":\"ListItem\",\"position\":2,\"item\":{\"@type\":\"WebPage\",\"@id\":\"https:\/\/annette-ahrens.at\/onlineshop\/alle-tafelkultur-objekte\/\",\"url\":\"https:\/\/annette-ahrens.at\/onlineshop\/alle-tafelkultur-objekte\/\",\"name\":\"Alle Tafelkultur Objekte\"}},{\"@type\":\"ListItem\",\"position\":3,\"item\":{\"@type\":\"WebPage\",\"@id\":\"https:\/\/annette-ahrens.at\/onlineshop\/produkt\/versilberter-jugendstil-eierwaermer-mit-nest-england-um-1900\/\",\"url\":\"https:\/\/annette-ahrens.at\/onlineshop\/produkt\/versilberter-jugendstil-eierwaermer-mit-nest-england-um-1900\/\",\"name\":\"Versilberter Jugendstil Eierw\\u00e4rmer mit Nest, England, um 1900\"}}]}]}<\/script>\n<!-- \/ Yoast SEO Premium plugin. -->","_links":{"self":[{"href":"https:\/\/annette-ahrens.at\/onlineshop\/wp-json\/wp\/v2\/product\/29137","targetHints":{"allow":["GET"]}}],"collection":[{"href":"https:\/\/annette-ahrens.at\/onlineshop\/wp-json\/wp\/v2\/product"}],"about":[{"href":"https:\/\/annette-ahrens.at\/onlineshop\/wp-json\/wp\/v2\/types\/product"}],"replies":[{"embeddable":true,"href":"https:\/\/annette-ahrens.at\/onlineshop\/wp-json\/wp\/v2\/comments?post=29137"}],"wp:featuredmedia":[{"embeddable":true,"href":"https:\/\/annette-ahrens.at\/onlineshop\/wp-json\/wp\/v2\/media\/29209"}],"wp:attachment":[{"href":"https:\/\/annette-ahrens.at\/onlineshop\/wp-json\/wp\/v2\/media?parent=29137"}],"wp:term":[{"taxonomy":"product_brand","embeddable":true,"href":"https:\/\/annette-ahrens.at\/onlineshop\/wp-json\/wp\/v2\/product_brand?post=29137"},{"taxonomy":"product_cat","embeddable":true,"href":"https:\/\/annette-ahrens.at\/onlineshop\/wp-json\/wp\/v2\/product_cat?post=29137"},{"taxonomy":"product_tag","embeddable":true,"href":"https:\/\/annette-ahrens.at\/onlineshop\/wp-json\/wp\/v2\/product_tag?post=29137"}],"curies":[{"name":"wp","href":"https:\/\/api.w.org\/{rel}","templated":true}]}}