{"id":29358,"date":"2024-07-11T11:11:22","date_gmt":"2024-07-11T09:11:22","guid":{"rendered":"https:\/\/annette-ahrens.at\/onlineshop\/?post_type=product&#038;p=29358"},"modified":"2024-07-11T13:50:52","modified_gmt":"2024-07-11T11:50:52","slug":"jagdliche-art-deco-schatulle-mit-hirschmotiv-wien-nach-1922-5","status":"publish","type":"product","link":"https:\/\/annette-ahrens.at\/onlineshop\/produkt\/jagdliche-art-deco-schatulle-mit-hirschmotiv-wien-nach-1922-5\/","title":{"rendered":"Jagdliche Art Deco Schatulle mit Hirschmotiv, Wien,\u00a0nach 1922"},"content":{"rendered":"<p>Jagdliche Art Deco Schatulle mit Hirschmotiv<\/p>\n<p>Wien, \u00d6sterreich, nach 1922<\/p>\n<p>bombierter Deckel aus Silber, tiefen geschw\u00e4rzte Gravur eines r\u00f6hrenden Hirsches und acht weiteren jagdbaren Tieren, rechteckige Form, Seitenteile aus geschnitztem Horn, Innenausstattung aus Holz, gemarkt mit Tukankopfpunze, Wien nach 1922, Feingehaltszeichen 900, Meisterzeichen F.P. im eingezogenem Oval<\/p>\n<p>B 16 x T 13 x H 5 cm<\/p>\n<p>500 g (brutto)<\/p>\n","protected":false},"excerpt":{"rendered":"<p>Jagdliche Art Deco Schatulle mit Hirschmotiv Wien, \u00d6sterreich, nach 1922 bombierter Deckel aus Silber, tiefen geschw\u00e4rzte Gravur eines r\u00f6hrenden Hirsches und acht weiteren jagdbaren Tieren, rechteckige Form, Seitenteile aus geschnitztem Horn, Innenausstattung aus Holz, gemarkt mit Tukankopfpunze, Wien nach 1922, Feingehaltszeichen 900, Meisterzeichen F.P. im eingezogenem Oval B 16 x T 13 x H 5 [&hellip;]<\/p>\n","protected":false},"featured_media":30046,"comment_status":"open","ping_status":"closed","template":"","meta":[],"product_brand":[],"product_cat":[32,291,295,28,50,131],"product_tag":[],"class_list":{"0":"post-29358","1":"product","2":"type-product","3":"status-publish","4":"has-post-thumbnail","6":"product_cat-festefeiern","7":"product_cat-hochzeit","8":"product_cat-jagdeinladung","9":"product_cat-licht-rauch","10":"product_cat-rauchutensilien","11":"product_cat-tafeldekorationen","13":"first","14":"instock","15":"sold-individually","16":"purchasable","17":"product-type-simple"},"yoast_head":"<!-- This site is optimized with the Yoast SEO Premium plugin v15.8.2 - https:\/\/yoast.com\/wordpress\/plugins\/seo\/ -->\n<title>Jagdliche Art Deco Schatulle mit Hirschmotiv, Wien,\u00a0nach 1922<\/title>\n<meta name=\"description\" content=\"Jagdliche Art Deco Schatulle mit Hirschmotiv, Wien,\u00a0nach 1922 \u2665 Antiquit\u00e4ten Online kaufen \u2713 Sichere Lieferung \u2713\" \/>\n<meta name=\"robots\" content=\"index, follow, max-snippet:-1, max-image-preview:large, max-video-preview:-1\" \/>\n<link rel=\"canonical\" href=\"https:\/\/annette-ahrens.at\/onlineshop\/produkt\/jagdliche-art-deco-schatulle-mit-hirschmotiv-wien-nach-1922-5\/\" \/>\n<meta property=\"og:locale\" content=\"de_DE\" \/>\n<meta property=\"og:type\" content=\"article\" \/>\n<meta property=\"og:title\" content=\"Jagdliche Art Deco Schatulle mit Hirschmotiv, Wien,\u00a0nach 1922\" \/>\n<meta property=\"og:description\" content=\"Jagdliche Art Deco Schatulle mit Hirschmotiv, Wien,\u00a0nach 1922 \u2665 Antiquit\u00e4ten Online kaufen \u2713 Sichere Lieferung \u2713\" \/>\n<meta property=\"og:url\" content=\"https:\/\/annette-ahrens.at\/onlineshop\/produkt\/jagdliche-art-deco-schatulle-mit-hirschmotiv-wien-nach-1922-5\/\" \/>\n<meta property=\"og:site_name\" content=\"Tafelkultur Onlineshop\" \/>\n<meta property=\"article:publisher\" content=\"https:\/\/www.facebook.com\/AnnetteAhrensTafelkultur\" \/>\n<meta property=\"article:modified_time\" content=\"2024-07-11T11:50:52+00:00\" \/>\n<meta property=\"og:image\" content=\"https:\/\/annette-ahrens.at\/onlineshop\/wp-content\/uploads\/2024\/07\/B36325EE-3E55-42EC-91F1-E110BA21470B-rotated.jpeg\" \/>\n\t<meta property=\"og:image:width\" content=\"1936\" \/>\n\t<meta property=\"og:image:height\" content=\"1936\" \/>\n<meta name=\"twitter:card\" content=\"summary_large_image\" \/>\n<meta name=\"twitter:label1\" content=\"Gesch\u00e4tzte Lesezeit\">\n\t<meta name=\"twitter:data1\" content=\"1\u00a0Minute\">\n<script type=\"application\/ld+json\" class=\"yoast-schema-graph\">{\"@context\":\"https:\/\/schema.org\",\"@graph\":[{\"@type\":[\"Person\",\"Organization\"],\"@id\":\"https:\/\/annette-ahrens.at\/onlineshop\/#\/schema\/person\/3e19676faae246bba0cb3b7e15f427d8\",\"name\":\"Annette Ahrens\",\"image\":{\"@type\":\"ImageObject\",\"@id\":\"https:\/\/annette-ahrens.at\/onlineshop\/#personlogo\",\"inLanguage\":\"de\",\"url\":\"https:\/\/annette-ahrens.at\/onlineshop\/wp-content\/uploads\/2020\/04\/aa_logo_End.png\",\"width\":800,\"height\":164,\"caption\":\"Annette Ahrens\"},\"logo\":{\"@id\":\"https:\/\/annette-ahrens.at\/onlineshop\/#personlogo\"},\"sameAs\":[\"https:\/\/annette-ahrens.at\",\"https:\/\/www.facebook.com\/AnnetteAhrensTafelkultur\",\"https:\/\/www.instagram.com\/tafelkulturistin\/\",\"https:\/\/de.wikipedia.org\/wiki\/Annette_Ahrens\"]},{\"@type\":\"WebSite\",\"@id\":\"https:\/\/annette-ahrens.at\/onlineshop\/#website\",\"url\":\"https:\/\/annette-ahrens.at\/onlineshop\/\",\"name\":\"Tafelkultur Onlineshop\",\"description\":\"Annette Ahrens\",\"publisher\":{\"@id\":\"https:\/\/annette-ahrens.at\/onlineshop\/#\/schema\/person\/3e19676faae246bba0cb3b7e15f427d8\"},\"potentialAction\":[{\"@type\":\"SearchAction\",\"target\":\"https:\/\/annette-ahrens.at\/onlineshop\/?s={search_term_string}\",\"query-input\":\"required name=search_term_string\"}],\"inLanguage\":\"de\"},{\"@type\":\"ImageObject\",\"@id\":\"https:\/\/annette-ahrens.at\/onlineshop\/produkt\/jagdliche-art-deco-schatulle-mit-hirschmotiv-wien-nach-1922-5\/#primaryimage\",\"inLanguage\":\"de\",\"url\":\"https:\/\/annette-ahrens.at\/onlineshop\/wp-content\/uploads\/2024\/07\/B36325EE-3E55-42EC-91F1-E110BA21470B-rotated.jpeg\",\"width\":1936,\"height\":1936,\"caption\":\"jagdschatulle_silber_hirsch\"},{\"@type\":[\"WebPage\",\"ItemPage\"],\"@id\":\"https:\/\/annette-ahrens.at\/onlineshop\/produkt\/jagdliche-art-deco-schatulle-mit-hirschmotiv-wien-nach-1922-5\/#webpage\",\"url\":\"https:\/\/annette-ahrens.at\/onlineshop\/produkt\/jagdliche-art-deco-schatulle-mit-hirschmotiv-wien-nach-1922-5\/\",\"name\":\"Jagdliche Art Deco Schatulle mit Hirschmotiv, Wien,\\u00a0nach 1922\",\"isPartOf\":{\"@id\":\"https:\/\/annette-ahrens.at\/onlineshop\/#website\"},\"primaryImageOfPage\":{\"@id\":\"https:\/\/annette-ahrens.at\/onlineshop\/produkt\/jagdliche-art-deco-schatulle-mit-hirschmotiv-wien-nach-1922-5\/#primaryimage\"},\"datePublished\":\"2024-07-11T09:11:22+00:00\",\"dateModified\":\"2024-07-11T11:50:52+00:00\",\"description\":\"Jagdliche Art Deco Schatulle mit Hirschmotiv, Wien,\\u00a0nach 1922 \\u2665 Antiquit\\u00e4ten Online kaufen \\u2713 Sichere Lieferung \\u2713\",\"breadcrumb\":{\"@id\":\"https:\/\/annette-ahrens.at\/onlineshop\/produkt\/jagdliche-art-deco-schatulle-mit-hirschmotiv-wien-nach-1922-5\/#breadcrumb\"},\"inLanguage\":\"de\",\"potentialAction\":[{\"@type\":\"ReadAction\",\"target\":[\"https:\/\/annette-ahrens.at\/onlineshop\/produkt\/jagdliche-art-deco-schatulle-mit-hirschmotiv-wien-nach-1922-5\/\"]}]},{\"@type\":\"BreadcrumbList\",\"@id\":\"https:\/\/annette-ahrens.at\/onlineshop\/produkt\/jagdliche-art-deco-schatulle-mit-hirschmotiv-wien-nach-1922-5\/#breadcrumb\",\"itemListElement\":[{\"@type\":\"ListItem\",\"position\":1,\"item\":{\"@type\":\"WebPage\",\"@id\":\"https:\/\/annette-ahrens.at\/onlineshop\/\",\"url\":\"https:\/\/annette-ahrens.at\/onlineshop\/\",\"name\":\"Home\"}},{\"@type\":\"ListItem\",\"position\":2,\"item\":{\"@type\":\"WebPage\",\"@id\":\"https:\/\/annette-ahrens.at\/onlineshop\/alle-tafelkultur-objekte\/\",\"url\":\"https:\/\/annette-ahrens.at\/onlineshop\/alle-tafelkultur-objekte\/\",\"name\":\"Alle Tafelkultur Objekte\"}},{\"@type\":\"ListItem\",\"position\":3,\"item\":{\"@type\":\"WebPage\",\"@id\":\"https:\/\/annette-ahrens.at\/onlineshop\/produkt\/jagdliche-art-deco-schatulle-mit-hirschmotiv-wien-nach-1922-5\/\",\"url\":\"https:\/\/annette-ahrens.at\/onlineshop\/produkt\/jagdliche-art-deco-schatulle-mit-hirschmotiv-wien-nach-1922-5\/\",\"name\":\"Jagdliche Art Deco Schatulle mit Hirschmotiv, Wien,\\u00a0nach 1922\"}}]}]}<\/script>\n<!-- \/ Yoast SEO Premium plugin. -->","_links":{"self":[{"href":"https:\/\/annette-ahrens.at\/onlineshop\/wp-json\/wp\/v2\/product\/29358","targetHints":{"allow":["GET"]}}],"collection":[{"href":"https:\/\/annette-ahrens.at\/onlineshop\/wp-json\/wp\/v2\/product"}],"about":[{"href":"https:\/\/annette-ahrens.at\/onlineshop\/wp-json\/wp\/v2\/types\/product"}],"replies":[{"embeddable":true,"href":"https:\/\/annette-ahrens.at\/onlineshop\/wp-json\/wp\/v2\/comments?post=29358"}],"wp:featuredmedia":[{"embeddable":true,"href":"https:\/\/annette-ahrens.at\/onlineshop\/wp-json\/wp\/v2\/media\/30046"}],"wp:attachment":[{"href":"https:\/\/annette-ahrens.at\/onlineshop\/wp-json\/wp\/v2\/media?parent=29358"}],"wp:term":[{"taxonomy":"product_brand","embeddable":true,"href":"https:\/\/annette-ahrens.at\/onlineshop\/wp-json\/wp\/v2\/product_brand?post=29358"},{"taxonomy":"product_cat","embeddable":true,"href":"https:\/\/annette-ahrens.at\/onlineshop\/wp-json\/wp\/v2\/product_cat?post=29358"},{"taxonomy":"product_tag","embeddable":true,"href":"https:\/\/annette-ahrens.at\/onlineshop\/wp-json\/wp\/v2\/product_tag?post=29358"}],"curies":[{"name":"wp","href":"https:\/\/api.w.org\/{rel}","templated":true}]}}