{"id":2948,"date":"2020-09-01T23:19:04","date_gmt":"2020-09-01T21:19:04","guid":{"rendered":"https:\/\/annette-ahrens.at\/onlineshop\/?post_type=product&#038;p=2948"},"modified":"2025-11-14T14:32:56","modified_gmt":"2025-11-14T13:32:56","slug":"philipp-haeusler-versilberte-milchkanne-fa-berndorf-um-1930","status":"publish","type":"product","link":"https:\/\/annette-ahrens.at\/onlineshop\/produkt\/philipp-haeusler-versilberte-milchkanne-fa-berndorf-um-1930\/","title":{"rendered":"Philipp H\u00e4usler, Versilberte Milchkanne 50 cl, Fa. Berndorf, um 1930"},"content":{"rendered":"<p>Versilberte Milchkanne<\/p>\n<p>Entwurf: Philipp H\u00e4usler (geb. am 7. 11. 1887 in Panczowa (Ungarn), gest. am 18. 2. 1966 in Frankfurt am Main)<\/p>\n<p>Fa. Berndorf, um 1930<\/p>\n<p>Alpacca, versilbert, leichter Abrieb am Ausguss, runde B\u00e4renmarke KRUPP BERNDORF, 50 cl<\/p>\n<p>H 12 cm<\/p>\n","protected":false},"excerpt":{"rendered":"<p>Annettes Etikette: Der Architekt Philipp H\u00e4usler (geb. am 7. 11. 1887 in Panczowa (Ungarn), gest. am 18. 2. 1966 in Frankfurt am Main) besuchte die k.k. Lehranstalt f\u00fcr Textilindustrie und studierte von 1905 bis 1911 an der Wiener Kunstgewerbeschule bei Franz Cizek, Hermann Herdtle und Josef Hoffmann. 1911 absolvierte er einen Sonderkurs in Keramik und Email und arbeitete zwischen 1911 und 1913 als Assistent bei Hoffmann. Er lehrte an den Gewerbeschulen in Offenbach am Main und in K\u00f6ln. Von 1920 bis 1925 war er beim Wiener Werkbund t\u00e4tig. H\u00e4usler nahm an der Dessin-Ausstellung (1910), der Winterausstellung des \u00d6sterreichischen Museums f\u00fcr Kunst und Industrie, der Werkbund-Ausstellung 1913, der Ausstellung von Arbeiten des modernen \u00f6sterreichischen Kunsthandwerks und der \u201cDagobert-Peche-Ged\u00e4chtnis-Ausstellung\u201d teil. H\u00e4usler bem\u00fchte sich als ihr letzter Direktor um die Reorganisation und Sanierung der Wiener Werkst\u00e4tte. H\u00e4uslers Nachlass befindet sich zum Teil in der Nationalbibliothek in Wien und weiters in der Wienbibliothek im Rathaus.<\/p>\n","protected":false},"featured_media":3230,"comment_status":"open","ping_status":"closed","template":"","meta":[],"product_brand":[],"product_cat":[25,276,18,37,154,155,268],"product_tag":[],"class_list":{"0":"post-2948","1":"product","2":"type-product","3":"status-publish","4":"has-post-thumbnail","6":"product_cat-5o-clock-tea","7":"product_cat-alpacca","8":"product_cat-fruehstueck","9":"product_cat-kaffee","10":"product_cat-milch","11":"product_cat-milchgiesser","12":"product_cat-tee-5o-clock-tea","14":"first","15":"instock","16":"sold-individually","17":"purchasable","18":"product-type-simple"},"yoast_head":"<!-- This site is optimized with the Yoast SEO Premium plugin v15.8.2 - https:\/\/yoast.com\/wordpress\/plugins\/seo\/ -->\n<title>Philipp H\u00e4usler, Versilberte Milchkanne 50 cl, Fa. Berndorf, um 1930<\/title>\n<meta name=\"description\" content=\"Philipp H\u00e4usler, Versilberte Milchkanne 50 cl, Fa. Berndorf, um 1930 \u2665 Antiquit\u00e4ten Online kaufen \u2713 Sichere Lieferung \u2713\" \/>\n<meta name=\"robots\" content=\"index, follow, max-snippet:-1, max-image-preview:large, max-video-preview:-1\" \/>\n<link rel=\"canonical\" href=\"https:\/\/annette-ahrens.at\/onlineshop\/produkt\/philipp-haeusler-versilberte-milchkanne-fa-berndorf-um-1930\/\" \/>\n<meta property=\"og:locale\" content=\"de_DE\" \/>\n<meta property=\"og:type\" content=\"article\" \/>\n<meta property=\"og:title\" content=\"Philipp H\u00e4usler, Versilberte Milchkanne 50 cl, Fa. Berndorf, um 1930\" \/>\n<meta property=\"og:description\" content=\"Philipp H\u00e4usler, Versilberte Milchkanne 50 cl, Fa. Berndorf, um 1930 \u2665 Antiquit\u00e4ten Online kaufen \u2713 Sichere Lieferung \u2713\" \/>\n<meta property=\"og:url\" content=\"https:\/\/annette-ahrens.at\/onlineshop\/produkt\/philipp-haeusler-versilberte-milchkanne-fa-berndorf-um-1930\/\" \/>\n<meta property=\"og:site_name\" content=\"Tafelkultur Onlineshop\" \/>\n<meta property=\"article:publisher\" content=\"https:\/\/www.facebook.com\/AnnetteAhrensTafelkultur\" \/>\n<meta property=\"article:modified_time\" content=\"2025-11-14T13:32:56+00:00\" \/>\n<meta property=\"og:image\" content=\"https:\/\/annette-ahrens.at\/onlineshop\/wp-content\/uploads\/2020\/10\/IMG_1071-scaled.jpeg\" \/>\n\t<meta property=\"og:image:width\" content=\"2560\" \/>\n\t<meta property=\"og:image:height\" content=\"2560\" \/>\n<meta name=\"twitter:card\" content=\"summary_large_image\" \/>\n<meta name=\"twitter:label1\" content=\"Gesch\u00e4tzte Lesezeit\">\n\t<meta name=\"twitter:data1\" content=\"1\u00a0Minute\">\n<script type=\"application\/ld+json\" class=\"yoast-schema-graph\">{\"@context\":\"https:\/\/schema.org\",\"@graph\":[{\"@type\":[\"Person\",\"Organization\"],\"@id\":\"https:\/\/annette-ahrens.at\/onlineshop\/#\/schema\/person\/3e19676faae246bba0cb3b7e15f427d8\",\"name\":\"Annette Ahrens\",\"image\":{\"@type\":\"ImageObject\",\"@id\":\"https:\/\/annette-ahrens.at\/onlineshop\/#personlogo\",\"inLanguage\":\"de\",\"url\":\"https:\/\/annette-ahrens.at\/onlineshop\/wp-content\/uploads\/2020\/04\/aa_logo_End.png\",\"width\":800,\"height\":164,\"caption\":\"Annette Ahrens\"},\"logo\":{\"@id\":\"https:\/\/annette-ahrens.at\/onlineshop\/#personlogo\"},\"sameAs\":[\"https:\/\/annette-ahrens.at\",\"https:\/\/www.facebook.com\/AnnetteAhrensTafelkultur\",\"https:\/\/www.instagram.com\/tafelkulturistin\/\",\"https:\/\/de.wikipedia.org\/wiki\/Annette_Ahrens\"]},{\"@type\":\"WebSite\",\"@id\":\"https:\/\/annette-ahrens.at\/onlineshop\/#website\",\"url\":\"https:\/\/annette-ahrens.at\/onlineshop\/\",\"name\":\"Tafelkultur Onlineshop\",\"description\":\"Annette Ahrens\",\"publisher\":{\"@id\":\"https:\/\/annette-ahrens.at\/onlineshop\/#\/schema\/person\/3e19676faae246bba0cb3b7e15f427d8\"},\"potentialAction\":[{\"@type\":\"SearchAction\",\"target\":\"https:\/\/annette-ahrens.at\/onlineshop\/?s={search_term_string}\",\"query-input\":\"required name=search_term_string\"}],\"inLanguage\":\"de\"},{\"@type\":\"ImageObject\",\"@id\":\"https:\/\/annette-ahrens.at\/onlineshop\/produkt\/philipp-haeusler-versilberte-milchkanne-fa-berndorf-um-1930\/#primaryimage\",\"inLanguage\":\"de\",\"url\":\"https:\/\/annette-ahrens.at\/onlineshop\/wp-content\/uploads\/2020\/10\/IMG_1071-scaled.jpeg\",\"width\":2560,\"height\":2560,\"caption\":\"Milchkanne_H\\u00e4usler\"},{\"@type\":[\"WebPage\",\"ItemPage\"],\"@id\":\"https:\/\/annette-ahrens.at\/onlineshop\/produkt\/philipp-haeusler-versilberte-milchkanne-fa-berndorf-um-1930\/#webpage\",\"url\":\"https:\/\/annette-ahrens.at\/onlineshop\/produkt\/philipp-haeusler-versilberte-milchkanne-fa-berndorf-um-1930\/\",\"name\":\"Philipp H\\u00e4usler, Versilberte Milchkanne 50 cl, Fa. Berndorf, um 1930\",\"isPartOf\":{\"@id\":\"https:\/\/annette-ahrens.at\/onlineshop\/#website\"},\"primaryImageOfPage\":{\"@id\":\"https:\/\/annette-ahrens.at\/onlineshop\/produkt\/philipp-haeusler-versilberte-milchkanne-fa-berndorf-um-1930\/#primaryimage\"},\"datePublished\":\"2020-09-01T21:19:04+00:00\",\"dateModified\":\"2025-11-14T13:32:56+00:00\",\"description\":\"Philipp H\\u00e4usler, Versilberte Milchkanne 50 cl, Fa. Berndorf, um 1930 \\u2665 Antiquit\\u00e4ten Online kaufen \\u2713 Sichere Lieferung \\u2713\",\"breadcrumb\":{\"@id\":\"https:\/\/annette-ahrens.at\/onlineshop\/produkt\/philipp-haeusler-versilberte-milchkanne-fa-berndorf-um-1930\/#breadcrumb\"},\"inLanguage\":\"de\",\"potentialAction\":[{\"@type\":\"ReadAction\",\"target\":[\"https:\/\/annette-ahrens.at\/onlineshop\/produkt\/philipp-haeusler-versilberte-milchkanne-fa-berndorf-um-1930\/\"]}]},{\"@type\":\"BreadcrumbList\",\"@id\":\"https:\/\/annette-ahrens.at\/onlineshop\/produkt\/philipp-haeusler-versilberte-milchkanne-fa-berndorf-um-1930\/#breadcrumb\",\"itemListElement\":[{\"@type\":\"ListItem\",\"position\":1,\"item\":{\"@type\":\"WebPage\",\"@id\":\"https:\/\/annette-ahrens.at\/onlineshop\/\",\"url\":\"https:\/\/annette-ahrens.at\/onlineshop\/\",\"name\":\"Home\"}},{\"@type\":\"ListItem\",\"position\":2,\"item\":{\"@type\":\"WebPage\",\"@id\":\"https:\/\/annette-ahrens.at\/onlineshop\/alle-tafelkultur-objekte\/\",\"url\":\"https:\/\/annette-ahrens.at\/onlineshop\/alle-tafelkultur-objekte\/\",\"name\":\"Alle Tafelkultur Objekte\"}},{\"@type\":\"ListItem\",\"position\":3,\"item\":{\"@type\":\"WebPage\",\"@id\":\"https:\/\/annette-ahrens.at\/onlineshop\/produkt\/philipp-haeusler-versilberte-milchkanne-fa-berndorf-um-1930\/\",\"url\":\"https:\/\/annette-ahrens.at\/onlineshop\/produkt\/philipp-haeusler-versilberte-milchkanne-fa-berndorf-um-1930\/\",\"name\":\"Philipp H\\u00e4usler, Versilberte Milchkanne 50 cl, Fa. Berndorf, um 1930\"}}]}]}<\/script>\n<!-- \/ Yoast SEO Premium plugin. -->","_links":{"self":[{"href":"https:\/\/annette-ahrens.at\/onlineshop\/wp-json\/wp\/v2\/product\/2948","targetHints":{"allow":["GET"]}}],"collection":[{"href":"https:\/\/annette-ahrens.at\/onlineshop\/wp-json\/wp\/v2\/product"}],"about":[{"href":"https:\/\/annette-ahrens.at\/onlineshop\/wp-json\/wp\/v2\/types\/product"}],"replies":[{"embeddable":true,"href":"https:\/\/annette-ahrens.at\/onlineshop\/wp-json\/wp\/v2\/comments?post=2948"}],"wp:featuredmedia":[{"embeddable":true,"href":"https:\/\/annette-ahrens.at\/onlineshop\/wp-json\/wp\/v2\/media\/3230"}],"wp:attachment":[{"href":"https:\/\/annette-ahrens.at\/onlineshop\/wp-json\/wp\/v2\/media?parent=2948"}],"wp:term":[{"taxonomy":"product_brand","embeddable":true,"href":"https:\/\/annette-ahrens.at\/onlineshop\/wp-json\/wp\/v2\/product_brand?post=2948"},{"taxonomy":"product_cat","embeddable":true,"href":"https:\/\/annette-ahrens.at\/onlineshop\/wp-json\/wp\/v2\/product_cat?post=2948"},{"taxonomy":"product_tag","embeddable":true,"href":"https:\/\/annette-ahrens.at\/onlineshop\/wp-json\/wp\/v2\/product_tag?post=2948"}],"curies":[{"name":"wp","href":"https:\/\/api.w.org\/{rel}","templated":true}]}}