{"id":29709,"date":"2024-07-05T07:41:04","date_gmt":"2024-07-05T05:41:04","guid":{"rendered":"https:\/\/annette-ahrens.at\/onlineshop\/?post_type=product&#038;p=29709"},"modified":"2024-07-01T20:51:06","modified_gmt":"2024-07-01T18:51:06","slug":"midcentury-eiskuehler-als-kuerbis-mauro-manetti-florenz-italien-um-1970","status":"publish","type":"product","link":"https:\/\/annette-ahrens.at\/onlineshop\/produkt\/midcentury-eiskuehler-als-kuerbis-mauro-manetti-florenz-italien-um-1970\/","title":{"rendered":"Midcentury Eisk\u00fchler als K\u00fcrbis, Mauro Manetti, Florenz, Italien, um 1970"},"content":{"rendered":"<p>Midcentury Eisk\u00fchler als K\u00fcrbis<\/p>\n<p>Mauro Manetti, Florenz, Italien, um 1970<\/p>\n<p>Aluminium, versilbert, in Gestalt eines K\u00fcrbisses, Deckel mit naturalistischem Blatt als Knauf, innen farbloser, isolierender Einsatz aus weisslackiertem Metall<\/p>\n<p>H 19 cm<\/p>\n<p>Dm 18 cm<\/p>\n","protected":false},"excerpt":{"rendered":"<p>Annettes Etikette: Die in den 60er Jahren in Florenz gegr\u00fcndete Schmuckfirma Roberts &amp; Manetti geh\u00f6rt zu den bekannten Firmen von Florenz. Mauro Manetti (gestorben 2018) zeichnet f\u00fcr Eisk\u00fchler in Gestalt einer Ananas, Erdbeere, Eule oder auch Ente verantwortlich. Ich liebe nicht nur die dekorative Form dieses seltenen K\u00fcrbises, sondern auch die Idee darin nicht nur Eisw\u00fcrfel sondern K\u00fcrbis-Eis zu servieren. Diese Doppelfunktion von Eisk\u00fchler und Gem\u00fcse macht den Eisk\u00fchler zum Hauptdarsteller bei Tisch.<\/p>\n","protected":false},"featured_media":29820,"comment_status":"open","ping_status":"closed","template":"","meta":[],"product_brand":[],"product_cat":[212,219,27,221,298,215,299,32,300,232,20,213],"product_tag":[],"class_list":{"0":"post-29709","1":"product","2":"type-product","3":"status-publish","4":"has-post-thumbnail","6":"product_cat-apertif","7":"product_cat-barutensilien","8":"product_cat-barware","9":"product_cat-bowle","10":"product_cat-buffet","11":"product_cat-champagnerschalen","12":"product_cat-cocktailparty","13":"product_cat-festefeiern","14":"product_cat-gartenfest","15":"product_cat-longdrink","16":"product_cat-lunchtime","17":"product_cat-wein","19":"first","20":"instock","21":"sold-individually","22":"purchasable","23":"product-type-simple"},"yoast_head":"<!-- This site is optimized with the Yoast SEO Premium plugin v15.8.2 - https:\/\/yoast.com\/wordpress\/plugins\/seo\/ -->\n<title>Midcentury Eisk\u00fchler als K\u00fcrbis, Mauro Manetti, Florenz, Italien, um 1970<\/title>\n<meta name=\"description\" content=\"Midcentury Eisk\u00fchler als K\u00fcrbis, Mauro Manetti, Florenz, Italien, um 1970 \u2665 Antiquit\u00e4ten Online kaufen \u2713 Sichere Lieferung \u2713\" \/>\n<meta name=\"robots\" content=\"index, follow, max-snippet:-1, max-image-preview:large, max-video-preview:-1\" \/>\n<link rel=\"canonical\" href=\"https:\/\/annette-ahrens.at\/onlineshop\/produkt\/midcentury-eiskuehler-als-kuerbis-mauro-manetti-florenz-italien-um-1970\/\" \/>\n<meta property=\"og:locale\" content=\"de_DE\" \/>\n<meta property=\"og:type\" content=\"article\" \/>\n<meta property=\"og:title\" content=\"Midcentury Eisk\u00fchler als K\u00fcrbis, Mauro Manetti, Florenz, Italien, um 1970\" \/>\n<meta property=\"og:description\" content=\"Midcentury Eisk\u00fchler als K\u00fcrbis, Mauro Manetti, Florenz, Italien, um 1970 \u2665 Antiquit\u00e4ten Online kaufen \u2713 Sichere Lieferung \u2713\" \/>\n<meta property=\"og:url\" content=\"https:\/\/annette-ahrens.at\/onlineshop\/produkt\/midcentury-eiskuehler-als-kuerbis-mauro-manetti-florenz-italien-um-1970\/\" \/>\n<meta property=\"og:site_name\" content=\"Tafelkultur Onlineshop\" \/>\n<meta property=\"article:publisher\" content=\"https:\/\/www.facebook.com\/AnnetteAhrensTafelkultur\" \/>\n<meta property=\"article:modified_time\" content=\"2024-07-01T18:51:06+00:00\" \/>\n<meta property=\"og:image\" content=\"https:\/\/annette-ahrens.at\/onlineshop\/wp-content\/uploads\/2024\/07\/452F1D51-4633-49B9-B89B-7A43DB84AE2D-scaled.jpeg\" \/>\n\t<meta property=\"og:image:width\" content=\"1912\" \/>\n\t<meta property=\"og:image:height\" content=\"2560\" \/>\n<meta name=\"twitter:card\" content=\"summary_large_image\" \/>\n<meta name=\"twitter:label1\" content=\"Gesch\u00e4tzte Lesezeit\">\n\t<meta name=\"twitter:data1\" content=\"1\u00a0Minute\">\n<script type=\"application\/ld+json\" class=\"yoast-schema-graph\">{\"@context\":\"https:\/\/schema.org\",\"@graph\":[{\"@type\":[\"Person\",\"Organization\"],\"@id\":\"https:\/\/annette-ahrens.at\/onlineshop\/#\/schema\/person\/3e19676faae246bba0cb3b7e15f427d8\",\"name\":\"Annette Ahrens\",\"image\":{\"@type\":\"ImageObject\",\"@id\":\"https:\/\/annette-ahrens.at\/onlineshop\/#personlogo\",\"inLanguage\":\"de\",\"url\":\"https:\/\/annette-ahrens.at\/onlineshop\/wp-content\/uploads\/2020\/04\/aa_logo_End.png\",\"width\":800,\"height\":164,\"caption\":\"Annette Ahrens\"},\"logo\":{\"@id\":\"https:\/\/annette-ahrens.at\/onlineshop\/#personlogo\"},\"sameAs\":[\"https:\/\/annette-ahrens.at\",\"https:\/\/www.facebook.com\/AnnetteAhrensTafelkultur\",\"https:\/\/www.instagram.com\/tafelkulturistin\/\",\"https:\/\/de.wikipedia.org\/wiki\/Annette_Ahrens\"]},{\"@type\":\"WebSite\",\"@id\":\"https:\/\/annette-ahrens.at\/onlineshop\/#website\",\"url\":\"https:\/\/annette-ahrens.at\/onlineshop\/\",\"name\":\"Tafelkultur Onlineshop\",\"description\":\"Annette Ahrens\",\"publisher\":{\"@id\":\"https:\/\/annette-ahrens.at\/onlineshop\/#\/schema\/person\/3e19676faae246bba0cb3b7e15f427d8\"},\"potentialAction\":[{\"@type\":\"SearchAction\",\"target\":\"https:\/\/annette-ahrens.at\/onlineshop\/?s={search_term_string}\",\"query-input\":\"required name=search_term_string\"}],\"inLanguage\":\"de\"},{\"@type\":\"ImageObject\",\"@id\":\"https:\/\/annette-ahrens.at\/onlineshop\/produkt\/midcentury-eiskuehler-als-kuerbis-mauro-manetti-florenz-italien-um-1970\/#primaryimage\",\"inLanguage\":\"de\",\"url\":\"https:\/\/annette-ahrens.at\/onlineshop\/wp-content\/uploads\/2024\/07\/452F1D51-4633-49B9-B89B-7A43DB84AE2D-scaled.jpeg\",\"width\":1912,\"height\":2560,\"caption\":\"k\\u00fcrbis_eisk\\u00fchler\"},{\"@type\":[\"WebPage\",\"ItemPage\"],\"@id\":\"https:\/\/annette-ahrens.at\/onlineshop\/produkt\/midcentury-eiskuehler-als-kuerbis-mauro-manetti-florenz-italien-um-1970\/#webpage\",\"url\":\"https:\/\/annette-ahrens.at\/onlineshop\/produkt\/midcentury-eiskuehler-als-kuerbis-mauro-manetti-florenz-italien-um-1970\/\",\"name\":\"Midcentury Eisk\\u00fchler als K\\u00fcrbis, Mauro Manetti, Florenz, Italien, um 1970\",\"isPartOf\":{\"@id\":\"https:\/\/annette-ahrens.at\/onlineshop\/#website\"},\"primaryImageOfPage\":{\"@id\":\"https:\/\/annette-ahrens.at\/onlineshop\/produkt\/midcentury-eiskuehler-als-kuerbis-mauro-manetti-florenz-italien-um-1970\/#primaryimage\"},\"datePublished\":\"2024-07-05T05:41:04+00:00\",\"dateModified\":\"2024-07-01T18:51:06+00:00\",\"description\":\"Midcentury Eisk\\u00fchler als K\\u00fcrbis, Mauro Manetti, Florenz, Italien, um 1970 \\u2665 Antiquit\\u00e4ten Online kaufen \\u2713 Sichere Lieferung \\u2713\",\"breadcrumb\":{\"@id\":\"https:\/\/annette-ahrens.at\/onlineshop\/produkt\/midcentury-eiskuehler-als-kuerbis-mauro-manetti-florenz-italien-um-1970\/#breadcrumb\"},\"inLanguage\":\"de\",\"potentialAction\":[{\"@type\":\"ReadAction\",\"target\":[\"https:\/\/annette-ahrens.at\/onlineshop\/produkt\/midcentury-eiskuehler-als-kuerbis-mauro-manetti-florenz-italien-um-1970\/\"]}]},{\"@type\":\"BreadcrumbList\",\"@id\":\"https:\/\/annette-ahrens.at\/onlineshop\/produkt\/midcentury-eiskuehler-als-kuerbis-mauro-manetti-florenz-italien-um-1970\/#breadcrumb\",\"itemListElement\":[{\"@type\":\"ListItem\",\"position\":1,\"item\":{\"@type\":\"WebPage\",\"@id\":\"https:\/\/annette-ahrens.at\/onlineshop\/\",\"url\":\"https:\/\/annette-ahrens.at\/onlineshop\/\",\"name\":\"Home\"}},{\"@type\":\"ListItem\",\"position\":2,\"item\":{\"@type\":\"WebPage\",\"@id\":\"https:\/\/annette-ahrens.at\/onlineshop\/alle-tafelkultur-objekte\/\",\"url\":\"https:\/\/annette-ahrens.at\/onlineshop\/alle-tafelkultur-objekte\/\",\"name\":\"Alle Tafelkultur Objekte\"}},{\"@type\":\"ListItem\",\"position\":3,\"item\":{\"@type\":\"WebPage\",\"@id\":\"https:\/\/annette-ahrens.at\/onlineshop\/produkt\/midcentury-eiskuehler-als-kuerbis-mauro-manetti-florenz-italien-um-1970\/\",\"url\":\"https:\/\/annette-ahrens.at\/onlineshop\/produkt\/midcentury-eiskuehler-als-kuerbis-mauro-manetti-florenz-italien-um-1970\/\",\"name\":\"Midcentury Eisk\\u00fchler als K\\u00fcrbis, Mauro Manetti, Florenz, Italien, um 1970\"}}]}]}<\/script>\n<!-- \/ Yoast SEO Premium plugin. -->","_links":{"self":[{"href":"https:\/\/annette-ahrens.at\/onlineshop\/wp-json\/wp\/v2\/product\/29709","targetHints":{"allow":["GET"]}}],"collection":[{"href":"https:\/\/annette-ahrens.at\/onlineshop\/wp-json\/wp\/v2\/product"}],"about":[{"href":"https:\/\/annette-ahrens.at\/onlineshop\/wp-json\/wp\/v2\/types\/product"}],"replies":[{"embeddable":true,"href":"https:\/\/annette-ahrens.at\/onlineshop\/wp-json\/wp\/v2\/comments?post=29709"}],"wp:featuredmedia":[{"embeddable":true,"href":"https:\/\/annette-ahrens.at\/onlineshop\/wp-json\/wp\/v2\/media\/29820"}],"wp:attachment":[{"href":"https:\/\/annette-ahrens.at\/onlineshop\/wp-json\/wp\/v2\/media?parent=29709"}],"wp:term":[{"taxonomy":"product_brand","embeddable":true,"href":"https:\/\/annette-ahrens.at\/onlineshop\/wp-json\/wp\/v2\/product_brand?post=29709"},{"taxonomy":"product_cat","embeddable":true,"href":"https:\/\/annette-ahrens.at\/onlineshop\/wp-json\/wp\/v2\/product_cat?post=29709"},{"taxonomy":"product_tag","embeddable":true,"href":"https:\/\/annette-ahrens.at\/onlineshop\/wp-json\/wp\/v2\/product_tag?post=29709"}],"curies":[{"name":"wp","href":"https:\/\/api.w.org\/{rel}","templated":true}]}}