{"id":29715,"date":"2024-07-31T08:34:33","date_gmt":"2024-07-31T06:34:33","guid":{"rendered":"https:\/\/annette-ahrens.at\/onlineshop\/?post_type=product&#038;p=29715"},"modified":"2024-09-01T00:38:53","modified_gmt":"2024-08-31T22:38:53","slug":"164-teiliges-besteck-fuer-12-personen-modell-900-faecher-fa-wmf-um-1925","status":"publish","type":"product","link":"https:\/\/annette-ahrens.at\/onlineshop\/produkt\/164-teiliges-besteck-fuer-12-personen-modell-900-faecher-fa-wmf-um-1925\/","title":{"rendered":"164 teiliges Besteck f\u00fcr 12 Personen, Modell 900 &#8222;F\u00e4cher&#8220;, Fa. WMF, um 1925"},"content":{"rendered":"<p>Umfangreiches Besteck f\u00fcr 12 Personen\u00a0&#8222;F\u00e4cher&#8220;<\/p>\n<p>Fa. WMF, Geislingen, Deutschland, um 1925<\/p>\n<p>Alpacca, versilbert, 90er Auflage, 164 Teile, Modell 900 &#8222;F\u00e4cher&#8220;, alle Teile gemarkt WMF 90, Messer mit originalen, rostfreien Stahl-Klingen der Firma WMF &#8222;Friodur&#8220; aus Solingen, in originaler Eichenholzkiste mit vier Laden, diese beschriftet: &#8222;1. Tafelbestecke&#8220;, &#8222;2. Dessertmesser, Dessertgabeln, Fischessbestecke&#8220;, &#8222;3. Obstmesser, Kuchengabeln, Kaffee- Mokka &#8211; Compottel\u00f6ffel&#8220; und &#8222;Diverses&#8220;, innen mit grauem Filz tapeziert, kompletter, tadellos erhaltener Bestecksatz;<\/p>\n<p>Bestehend aus:<\/p>\n<p>12 Suppenl\u00f6ffel L 20,8 cm<\/p>\n<p>12 Menugabeln L 20,3 cm<\/p>\n<p>12 Menumesser L 23,5 cm<\/p>\n<p>12 Vorspeisgabeln L 18,2 cm<\/p>\n<p>12 Vorspeismesser L 21 cm<\/p>\n<p>12 Fischmesser L 21 cm<\/p>\n<p>12 Fischgabeln L 18 cm<\/p>\n<p>12 Kaffeel\u00f6ffel L 14 cm<\/p>\n<p>12 Mokkal\u00f6ffel L 10,7 cm<\/p>\n<p>12 Compottel\u00f6ffel L 13 cm<\/p>\n<p>12 Kuchengabeln L 14,7 cm<\/p>\n<p>12 Obstmesser L 17,4 cm<\/p>\n<p>20 Vorleger:<\/p>\n<p>1 Suppenkelle<\/p>\n<p>1 Saucensch\u00f6pfer<\/p>\n<p>1 Fischvorlegegabel<\/p>\n<p>1 Fischvorlegemesser<\/p>\n<p>1 Tortenheber<\/p>\n<p>3 Vorlegegabeln<\/p>\n<p>1 Tranchiergabel<\/p>\n<p>1 Tranchiermesser<\/p>\n<p>2 Salatvorleger mit Hornaufs\u00e4tzen<\/p>\n<p>2 Eis\/Compottevorlegel\u00f6ffel<\/p>\n<p>1 Buttermesser<\/p>\n<p>1 K\u00e4semesser<\/p>\n<p>2 Salzf\u00e4sser mit originalen Glaseins\u00e4tzen<\/p>\n<p>2 kleine Salzl\u00f6ffel<\/p>\n","protected":false},"excerpt":{"rendered":"<p>Annettes Etikette: Die Bestecke der deutschen Firma WMF werden einerseits mit Nummern und dar\u00fcber hinaus mit Namen versehen. Diese Facon wurde ab 1923 unter der Modellnummer 900 und dem Namen &#8222;F\u00e4cher&#8220; vertrieben. Einer der beliebtesten Bestecke Deutschlands kann ich nun in dieser seltenen originalen Aufbewahrungskassette mit vier Laden anbieten. Ein wundervolles Geschenk f\u00fcr einen Selbst oder das Brautpaar!<\/p>\n","protected":false},"featured_media":30363,"comment_status":"open","ping_status":"closed","template":"","meta":[],"product_brand":[],"product_cat":[30,298,251,240,267,246,237,248,264,239,252,250],"product_tag":[],"class_list":{"0":"post-29715","1":"product","2":"type-product","3":"status-publish","4":"has-post-thumbnail","6":"product_cat-besteck","7":"product_cat-buffet","8":"product_cat-eisloeffel","9":"product_cat-fischbesteck","10":"product_cat-fischvorleger","11":"product_cat-kuchengabeln","12":"product_cat-messer","13":"product_cat-mokkakloeffel","14":"product_cat-salatbesteck","15":"product_cat-spezialbestecke","16":"product_cat-suppenloeffel","17":"product_cat-teeloeffel-loeffeln","19":"first","20":"instock","21":"purchasable","22":"product-type-simple"},"yoast_head":"<!-- This site is optimized with the Yoast SEO Premium plugin v15.8.2 - https:\/\/yoast.com\/wordpress\/plugins\/seo\/ -->\n<title>164 teiliges Besteck f\u00fcr 12 Personen, Modell 900 &quot;F\u00e4cher&quot;, Fa. WMF, um 1925<\/title>\n<meta name=\"description\" content=\"164 teiliges Besteck f\u00fcr 12 Personen, Modell 900 &quot;F\u00e4cher&quot;, Fa. WMF, um 1925 \u2665 Antiquit\u00e4ten Online kaufen \u2713 Sichere Lieferung \u2713\" \/>\n<meta name=\"robots\" content=\"index, follow, max-snippet:-1, max-image-preview:large, max-video-preview:-1\" \/>\n<link rel=\"canonical\" href=\"https:\/\/annette-ahrens.at\/onlineshop\/produkt\/164-teiliges-besteck-fuer-12-personen-modell-900-faecher-fa-wmf-um-1925\/\" \/>\n<meta property=\"og:locale\" content=\"de_DE\" \/>\n<meta property=\"og:type\" content=\"article\" \/>\n<meta property=\"og:title\" content=\"164 teiliges Besteck f\u00fcr 12 Personen, Modell 900 &quot;F\u00e4cher&quot;, Fa. WMF, um 1925\" \/>\n<meta property=\"og:description\" content=\"164 teiliges Besteck f\u00fcr 12 Personen, Modell 900 &quot;F\u00e4cher&quot;, Fa. WMF, um 1925 \u2665 Antiquit\u00e4ten Online kaufen \u2713 Sichere Lieferung \u2713\" \/>\n<meta property=\"og:url\" content=\"https:\/\/annette-ahrens.at\/onlineshop\/produkt\/164-teiliges-besteck-fuer-12-personen-modell-900-faecher-fa-wmf-um-1925\/\" \/>\n<meta property=\"og:site_name\" content=\"Tafelkultur Onlineshop\" \/>\n<meta property=\"article:publisher\" content=\"https:\/\/www.facebook.com\/AnnetteAhrensTafelkultur\" \/>\n<meta property=\"article:modified_time\" content=\"2024-08-31T22:38:53+00:00\" \/>\n<meta property=\"og:image\" content=\"https:\/\/annette-ahrens.at\/onlineshop\/wp-content\/uploads\/2024\/06\/IMG_4682-scaled.jpeg\" \/>\n\t<meta property=\"og:image:width\" content=\"1920\" \/>\n\t<meta property=\"og:image:height\" content=\"2560\" \/>\n<meta name=\"twitter:card\" content=\"summary_large_image\" \/>\n<meta name=\"twitter:label1\" content=\"Gesch\u00e4tzte Lesezeit\">\n\t<meta name=\"twitter:data1\" content=\"1\u00a0Minute\">\n<script type=\"application\/ld+json\" class=\"yoast-schema-graph\">{\"@context\":\"https:\/\/schema.org\",\"@graph\":[{\"@type\":[\"Person\",\"Organization\"],\"@id\":\"https:\/\/annette-ahrens.at\/onlineshop\/#\/schema\/person\/3e19676faae246bba0cb3b7e15f427d8\",\"name\":\"Annette Ahrens\",\"image\":{\"@type\":\"ImageObject\",\"@id\":\"https:\/\/annette-ahrens.at\/onlineshop\/#personlogo\",\"inLanguage\":\"de\",\"url\":\"https:\/\/annette-ahrens.at\/onlineshop\/wp-content\/uploads\/2020\/04\/aa_logo_End.png\",\"width\":800,\"height\":164,\"caption\":\"Annette Ahrens\"},\"logo\":{\"@id\":\"https:\/\/annette-ahrens.at\/onlineshop\/#personlogo\"},\"sameAs\":[\"https:\/\/annette-ahrens.at\",\"https:\/\/www.facebook.com\/AnnetteAhrensTafelkultur\",\"https:\/\/www.instagram.com\/tafelkulturistin\/\",\"https:\/\/de.wikipedia.org\/wiki\/Annette_Ahrens\"]},{\"@type\":\"WebSite\",\"@id\":\"https:\/\/annette-ahrens.at\/onlineshop\/#website\",\"url\":\"https:\/\/annette-ahrens.at\/onlineshop\/\",\"name\":\"Tafelkultur Onlineshop\",\"description\":\"Annette Ahrens\",\"publisher\":{\"@id\":\"https:\/\/annette-ahrens.at\/onlineshop\/#\/schema\/person\/3e19676faae246bba0cb3b7e15f427d8\"},\"potentialAction\":[{\"@type\":\"SearchAction\",\"target\":\"https:\/\/annette-ahrens.at\/onlineshop\/?s={search_term_string}\",\"query-input\":\"required name=search_term_string\"}],\"inLanguage\":\"de\"},{\"@type\":\"ImageObject\",\"@id\":\"https:\/\/annette-ahrens.at\/onlineshop\/produkt\/164-teiliges-besteck-fuer-12-personen-modell-900-faecher-fa-wmf-um-1925\/#primaryimage\",\"inLanguage\":\"de\",\"url\":\"https:\/\/annette-ahrens.at\/onlineshop\/wp-content\/uploads\/2024\/06\/IMG_4682-scaled.jpeg\",\"width\":1920,\"height\":2560,\"caption\":\"besteck_wmf_f\\u00e4cher\"},{\"@type\":[\"WebPage\",\"ItemPage\"],\"@id\":\"https:\/\/annette-ahrens.at\/onlineshop\/produkt\/164-teiliges-besteck-fuer-12-personen-modell-900-faecher-fa-wmf-um-1925\/#webpage\",\"url\":\"https:\/\/annette-ahrens.at\/onlineshop\/produkt\/164-teiliges-besteck-fuer-12-personen-modell-900-faecher-fa-wmf-um-1925\/\",\"name\":\"164 teiliges Besteck f\\u00fcr 12 Personen, Modell 900 \\\"F\\u00e4cher\\\", Fa. WMF, um 1925\",\"isPartOf\":{\"@id\":\"https:\/\/annette-ahrens.at\/onlineshop\/#website\"},\"primaryImageOfPage\":{\"@id\":\"https:\/\/annette-ahrens.at\/onlineshop\/produkt\/164-teiliges-besteck-fuer-12-personen-modell-900-faecher-fa-wmf-um-1925\/#primaryimage\"},\"datePublished\":\"2024-07-31T06:34:33+00:00\",\"dateModified\":\"2024-08-31T22:38:53+00:00\",\"description\":\"164 teiliges Besteck f\\u00fcr 12 Personen, Modell 900 \\\"F\\u00e4cher\\\", Fa. WMF, um 1925 \\u2665 Antiquit\\u00e4ten Online kaufen \\u2713 Sichere Lieferung \\u2713\",\"breadcrumb\":{\"@id\":\"https:\/\/annette-ahrens.at\/onlineshop\/produkt\/164-teiliges-besteck-fuer-12-personen-modell-900-faecher-fa-wmf-um-1925\/#breadcrumb\"},\"inLanguage\":\"de\",\"potentialAction\":[{\"@type\":\"ReadAction\",\"target\":[\"https:\/\/annette-ahrens.at\/onlineshop\/produkt\/164-teiliges-besteck-fuer-12-personen-modell-900-faecher-fa-wmf-um-1925\/\"]}]},{\"@type\":\"BreadcrumbList\",\"@id\":\"https:\/\/annette-ahrens.at\/onlineshop\/produkt\/164-teiliges-besteck-fuer-12-personen-modell-900-faecher-fa-wmf-um-1925\/#breadcrumb\",\"itemListElement\":[{\"@type\":\"ListItem\",\"position\":1,\"item\":{\"@type\":\"WebPage\",\"@id\":\"https:\/\/annette-ahrens.at\/onlineshop\/\",\"url\":\"https:\/\/annette-ahrens.at\/onlineshop\/\",\"name\":\"Home\"}},{\"@type\":\"ListItem\",\"position\":2,\"item\":{\"@type\":\"WebPage\",\"@id\":\"https:\/\/annette-ahrens.at\/onlineshop\/alle-tafelkultur-objekte\/\",\"url\":\"https:\/\/annette-ahrens.at\/onlineshop\/alle-tafelkultur-objekte\/\",\"name\":\"Alle Tafelkultur Objekte\"}},{\"@type\":\"ListItem\",\"position\":3,\"item\":{\"@type\":\"WebPage\",\"@id\":\"https:\/\/annette-ahrens.at\/onlineshop\/produkt\/164-teiliges-besteck-fuer-12-personen-modell-900-faecher-fa-wmf-um-1925\/\",\"url\":\"https:\/\/annette-ahrens.at\/onlineshop\/produkt\/164-teiliges-besteck-fuer-12-personen-modell-900-faecher-fa-wmf-um-1925\/\",\"name\":\"164 teiliges Besteck f\\u00fcr 12 Personen, Modell 900 &#8220;F\\u00e4cher&#8221;, Fa. WMF, um 1925\"}}]}]}<\/script>\n<!-- \/ Yoast SEO Premium plugin. -->","_links":{"self":[{"href":"https:\/\/annette-ahrens.at\/onlineshop\/wp-json\/wp\/v2\/product\/29715","targetHints":{"allow":["GET"]}}],"collection":[{"href":"https:\/\/annette-ahrens.at\/onlineshop\/wp-json\/wp\/v2\/product"}],"about":[{"href":"https:\/\/annette-ahrens.at\/onlineshop\/wp-json\/wp\/v2\/types\/product"}],"replies":[{"embeddable":true,"href":"https:\/\/annette-ahrens.at\/onlineshop\/wp-json\/wp\/v2\/comments?post=29715"}],"wp:featuredmedia":[{"embeddable":true,"href":"https:\/\/annette-ahrens.at\/onlineshop\/wp-json\/wp\/v2\/media\/30363"}],"wp:attachment":[{"href":"https:\/\/annette-ahrens.at\/onlineshop\/wp-json\/wp\/v2\/media?parent=29715"}],"wp:term":[{"taxonomy":"product_brand","embeddable":true,"href":"https:\/\/annette-ahrens.at\/onlineshop\/wp-json\/wp\/v2\/product_brand?post=29715"},{"taxonomy":"product_cat","embeddable":true,"href":"https:\/\/annette-ahrens.at\/onlineshop\/wp-json\/wp\/v2\/product_cat?post=29715"},{"taxonomy":"product_tag","embeddable":true,"href":"https:\/\/annette-ahrens.at\/onlineshop\/wp-json\/wp\/v2\/product_tag?post=29715"}],"curies":[{"name":"wp","href":"https:\/\/api.w.org\/{rel}","templated":true}]}}