{"id":29722,"date":"2024-07-01T14:17:06","date_gmt":"2024-07-01T12:17:06","guid":{"rendered":"https:\/\/annette-ahrens.at\/onlineshop\/?post_type=product&#038;p=29722"},"modified":"2024-07-19T12:00:59","modified_gmt":"2024-07-19T10:00:59","slug":"trude-petri-kaffeekanne-urbino-porzellanmanufaktur-berlin-1947","status":"publish","type":"product","link":"https:\/\/annette-ahrens.at\/onlineshop\/produkt\/trude-petri-kaffeekanne-urbino-porzellanmanufaktur-berlin-1947\/","title":{"rendered":"Trude Petri, Kaffeekanne &#8222;URBINO&#8220;, Berlin, 1947"},"content":{"rendered":"<p>Kaffeekanne &#8222;URBINO&#8220;<\/p>\n<p>Entwurf:\u00a0Trude Petri (1906 -1998)<\/p>\n<p>Porzellanmanufaktur Berlin, 1947<\/p>\n<p>reinweisses Porzellan, glasiert, gebauchter Gef\u00e4\u00dfk\u00f6rper, abnehmbarer Deckel, runder Henkel, unterglasurblaue Zeptermarke und S<\/p>\n<p>1,2 l<\/p>\n<p>H 22 cm<\/p>\n","protected":false},"excerpt":{"rendered":"<p>Annettes Etikette: Trude Petri wurde als Absolventin der Vereinigten Staatsschulen f\u00fcr freie und angewandte Kunst in Berlin erstmals im Alter von 23 Jahren durch den damaligen Direktor der K\u00f6niglichen Porzellan-Manufaktur Berlin, G\u00fcnther von Pechmann, f\u00fcr die KPM Berlin beauftragt. Die Porzellangestalterin arbeitete bis 1947 f\u00fcr die KPM Berlin an Entw\u00fcrfen im Stil der Neuen Sachlichkeit. Im Jahr 1931 entwarf sie das damals bahnbrechende, vom Bauhaus-Gedanken inspirierte Service URBINO, welches heute auch im Museum of Modern Art (MoMa) in New York zu bestaunen ist. (Quelle: kpm-Berlin.com)<\/p>\n","protected":false},"featured_media":29802,"comment_status":"open","ping_status":"closed","template":"","meta":[],"product_brand":[],"product_cat":[37,148],"product_tag":[],"class_list":{"0":"post-29722","1":"product","2":"type-product","3":"status-publish","4":"has-post-thumbnail","6":"product_cat-kaffee","7":"product_cat-kaffeekannen","9":"first","10":"instock","11":"sold-individually","12":"purchasable","13":"product-type-simple"},"yoast_head":"<!-- This site is optimized with the Yoast SEO Premium plugin v15.8.2 - https:\/\/yoast.com\/wordpress\/plugins\/seo\/ -->\n<title>Trude Petri, Kaffeekanne &quot;URBINO&quot;, Berlin, 1947<\/title>\n<meta name=\"description\" content=\"Trude Petri, Kaffeekanne &quot;URBINO&quot;, Berlin, 1947 \u2665 Antiquit\u00e4ten Online kaufen \u2713 Sichere Lieferung \u2713\" \/>\n<meta name=\"robots\" content=\"index, follow, max-snippet:-1, max-image-preview:large, max-video-preview:-1\" \/>\n<link rel=\"canonical\" href=\"https:\/\/annette-ahrens.at\/onlineshop\/produkt\/trude-petri-kaffeekanne-urbino-porzellanmanufaktur-berlin-1947\/\" \/>\n<meta property=\"og:locale\" content=\"de_DE\" \/>\n<meta property=\"og:type\" content=\"article\" \/>\n<meta property=\"og:title\" content=\"Trude Petri, Kaffeekanne &quot;URBINO&quot;, Berlin, 1947\" \/>\n<meta property=\"og:description\" content=\"Trude Petri, Kaffeekanne &quot;URBINO&quot;, Berlin, 1947 \u2665 Antiquit\u00e4ten Online kaufen \u2713 Sichere Lieferung \u2713\" \/>\n<meta property=\"og:url\" content=\"https:\/\/annette-ahrens.at\/onlineshop\/produkt\/trude-petri-kaffeekanne-urbino-porzellanmanufaktur-berlin-1947\/\" \/>\n<meta property=\"og:site_name\" content=\"Tafelkultur Onlineshop\" \/>\n<meta property=\"article:publisher\" content=\"https:\/\/www.facebook.com\/AnnetteAhrensTafelkultur\" \/>\n<meta property=\"article:modified_time\" content=\"2024-07-19T10:00:59+00:00\" \/>\n<meta property=\"og:image\" content=\"https:\/\/annette-ahrens.at\/onlineshop\/wp-content\/uploads\/2024\/07\/4A8C84C8-4FE6-4AB1-ACCE-48ECAE90A83D-scaled.jpeg\" \/>\n\t<meta property=\"og:image:width\" content=\"1912\" \/>\n\t<meta property=\"og:image:height\" content=\"2560\" \/>\n<meta name=\"twitter:card\" content=\"summary_large_image\" \/>\n<meta name=\"twitter:label1\" content=\"Gesch\u00e4tzte Lesezeit\">\n\t<meta name=\"twitter:data1\" content=\"1\u00a0Minute\">\n<script type=\"application\/ld+json\" class=\"yoast-schema-graph\">{\"@context\":\"https:\/\/schema.org\",\"@graph\":[{\"@type\":[\"Person\",\"Organization\"],\"@id\":\"https:\/\/annette-ahrens.at\/onlineshop\/#\/schema\/person\/3e19676faae246bba0cb3b7e15f427d8\",\"name\":\"Annette Ahrens\",\"image\":{\"@type\":\"ImageObject\",\"@id\":\"https:\/\/annette-ahrens.at\/onlineshop\/#personlogo\",\"inLanguage\":\"de\",\"url\":\"https:\/\/annette-ahrens.at\/onlineshop\/wp-content\/uploads\/2020\/04\/aa_logo_End.png\",\"width\":800,\"height\":164,\"caption\":\"Annette Ahrens\"},\"logo\":{\"@id\":\"https:\/\/annette-ahrens.at\/onlineshop\/#personlogo\"},\"sameAs\":[\"https:\/\/annette-ahrens.at\",\"https:\/\/www.facebook.com\/AnnetteAhrensTafelkultur\",\"https:\/\/www.instagram.com\/tafelkulturistin\/\",\"https:\/\/de.wikipedia.org\/wiki\/Annette_Ahrens\"]},{\"@type\":\"WebSite\",\"@id\":\"https:\/\/annette-ahrens.at\/onlineshop\/#website\",\"url\":\"https:\/\/annette-ahrens.at\/onlineshop\/\",\"name\":\"Tafelkultur Onlineshop\",\"description\":\"Annette Ahrens\",\"publisher\":{\"@id\":\"https:\/\/annette-ahrens.at\/onlineshop\/#\/schema\/person\/3e19676faae246bba0cb3b7e15f427d8\"},\"potentialAction\":[{\"@type\":\"SearchAction\",\"target\":\"https:\/\/annette-ahrens.at\/onlineshop\/?s={search_term_string}\",\"query-input\":\"required name=search_term_string\"}],\"inLanguage\":\"de\"},{\"@type\":\"ImageObject\",\"@id\":\"https:\/\/annette-ahrens.at\/onlineshop\/produkt\/trude-petri-kaffeekanne-urbino-porzellanmanufaktur-berlin-1947\/#primaryimage\",\"inLanguage\":\"de\",\"url\":\"https:\/\/annette-ahrens.at\/onlineshop\/wp-content\/uploads\/2024\/07\/4A8C84C8-4FE6-4AB1-ACCE-48ECAE90A83D-scaled.jpeg\",\"width\":1912,\"height\":2560,\"caption\":\"kanne_berlin_petri\"},{\"@type\":[\"WebPage\",\"ItemPage\"],\"@id\":\"https:\/\/annette-ahrens.at\/onlineshop\/produkt\/trude-petri-kaffeekanne-urbino-porzellanmanufaktur-berlin-1947\/#webpage\",\"url\":\"https:\/\/annette-ahrens.at\/onlineshop\/produkt\/trude-petri-kaffeekanne-urbino-porzellanmanufaktur-berlin-1947\/\",\"name\":\"Trude Petri, Kaffeekanne \\\"URBINO\\\", Berlin, 1947\",\"isPartOf\":{\"@id\":\"https:\/\/annette-ahrens.at\/onlineshop\/#website\"},\"primaryImageOfPage\":{\"@id\":\"https:\/\/annette-ahrens.at\/onlineshop\/produkt\/trude-petri-kaffeekanne-urbino-porzellanmanufaktur-berlin-1947\/#primaryimage\"},\"datePublished\":\"2024-07-01T12:17:06+00:00\",\"dateModified\":\"2024-07-19T10:00:59+00:00\",\"description\":\"Trude Petri, Kaffeekanne \\\"URBINO\\\", Berlin, 1947 \\u2665 Antiquit\\u00e4ten Online kaufen \\u2713 Sichere Lieferung \\u2713\",\"breadcrumb\":{\"@id\":\"https:\/\/annette-ahrens.at\/onlineshop\/produkt\/trude-petri-kaffeekanne-urbino-porzellanmanufaktur-berlin-1947\/#breadcrumb\"},\"inLanguage\":\"de\",\"potentialAction\":[{\"@type\":\"ReadAction\",\"target\":[\"https:\/\/annette-ahrens.at\/onlineshop\/produkt\/trude-petri-kaffeekanne-urbino-porzellanmanufaktur-berlin-1947\/\"]}]},{\"@type\":\"BreadcrumbList\",\"@id\":\"https:\/\/annette-ahrens.at\/onlineshop\/produkt\/trude-petri-kaffeekanne-urbino-porzellanmanufaktur-berlin-1947\/#breadcrumb\",\"itemListElement\":[{\"@type\":\"ListItem\",\"position\":1,\"item\":{\"@type\":\"WebPage\",\"@id\":\"https:\/\/annette-ahrens.at\/onlineshop\/\",\"url\":\"https:\/\/annette-ahrens.at\/onlineshop\/\",\"name\":\"Home\"}},{\"@type\":\"ListItem\",\"position\":2,\"item\":{\"@type\":\"WebPage\",\"@id\":\"https:\/\/annette-ahrens.at\/onlineshop\/alle-tafelkultur-objekte\/\",\"url\":\"https:\/\/annette-ahrens.at\/onlineshop\/alle-tafelkultur-objekte\/\",\"name\":\"Alle Tafelkultur Objekte\"}},{\"@type\":\"ListItem\",\"position\":3,\"item\":{\"@type\":\"WebPage\",\"@id\":\"https:\/\/annette-ahrens.at\/onlineshop\/produkt\/trude-petri-kaffeekanne-urbino-porzellanmanufaktur-berlin-1947\/\",\"url\":\"https:\/\/annette-ahrens.at\/onlineshop\/produkt\/trude-petri-kaffeekanne-urbino-porzellanmanufaktur-berlin-1947\/\",\"name\":\"Trude Petri, Kaffeekanne &#8220;URBINO&#8221;, Berlin, 1947\"}}]}]}<\/script>\n<!-- \/ Yoast SEO Premium plugin. -->","_links":{"self":[{"href":"https:\/\/annette-ahrens.at\/onlineshop\/wp-json\/wp\/v2\/product\/29722","targetHints":{"allow":["GET"]}}],"collection":[{"href":"https:\/\/annette-ahrens.at\/onlineshop\/wp-json\/wp\/v2\/product"}],"about":[{"href":"https:\/\/annette-ahrens.at\/onlineshop\/wp-json\/wp\/v2\/types\/product"}],"replies":[{"embeddable":true,"href":"https:\/\/annette-ahrens.at\/onlineshop\/wp-json\/wp\/v2\/comments?post=29722"}],"wp:featuredmedia":[{"embeddable":true,"href":"https:\/\/annette-ahrens.at\/onlineshop\/wp-json\/wp\/v2\/media\/29802"}],"wp:attachment":[{"href":"https:\/\/annette-ahrens.at\/onlineshop\/wp-json\/wp\/v2\/media?parent=29722"}],"wp:term":[{"taxonomy":"product_brand","embeddable":true,"href":"https:\/\/annette-ahrens.at\/onlineshop\/wp-json\/wp\/v2\/product_brand?post=29722"},{"taxonomy":"product_cat","embeddable":true,"href":"https:\/\/annette-ahrens.at\/onlineshop\/wp-json\/wp\/v2\/product_cat?post=29722"},{"taxonomy":"product_tag","embeddable":true,"href":"https:\/\/annette-ahrens.at\/onlineshop\/wp-json\/wp\/v2\/product_tag?post=29722"}],"curies":[{"name":"wp","href":"https:\/\/api.w.org\/{rel}","templated":true}]}}