{"id":29851,"date":"2024-07-08T07:50:29","date_gmt":"2024-07-08T05:50:29","guid":{"rendered":"https:\/\/annette-ahrens.at\/onlineshop\/?post_type=product&#038;p=29851"},"modified":"2024-07-05T19:10:59","modified_gmt":"2024-07-05T17:10:59","slug":"biedermeier-teller-kaiserliche-porzellanmanufaktur-wien-um-1828","status":"publish","type":"product","link":"https:\/\/annette-ahrens.at\/onlineshop\/produkt\/biedermeier-teller-kaiserliche-porzellanmanufaktur-wien-um-1828\/","title":{"rendered":"Biedermeier Teller, Kaiserliche Porzellanmanufaktur Wien, um 1828"},"content":{"rendered":"<p>Biedermeier Teller<\/p>\n<p>Kaiserliche Porzellanmanufaktur Wien, 1828<\/p>\n<p>Porzellan, glasiert, Fahne mit \u00a0Dekor, Spiegel mit Blumenbouquet, gemarkt mit eingepresstem Bindenschild, eingepresste Jahreszahl (1)828<\/p>\n<p>Dm 24 cm<\/p>\n<p>Vergleiche: Waltraud Neuwirth, Wiener Porzellan, Formen und Dekore des Biedermeier, Band 1: Tafel-, Kaffee- und Teegeschirre, Wien 2012 (MAK Wien Bibliothek)<\/p>\n","protected":false},"excerpt":{"rendered":"<p>Annettes Etikette: Die durchbrochen gearbeitete Fahne dieses Tellers ist f\u00fcr den Weissdreher und anschliesenden Bossierer von besonderer Aufgabe, denn die einzelnen Korbsegmente wurden h\u00e4ndisch ausges\u00e4gt und durften sp\u00e4testens im Ofen nicht brechen. Meist wurden diese Art von Tellern f\u00fcr den Dessertgang gen\u00fctzt. Hier wurde die Alt Wiener Rose in den Spiegel gesetzt.<\/p>\n","protected":false},"featured_media":29967,"comment_status":"open","ping_status":"closed","template":"","meta":[],"product_brand":[],"product_cat":[130,192,20,54],"product_tag":[],"class_list":{"0":"post-29851","1":"product","2":"type-product","3":"status-publish","4":"has-post-thumbnail","6":"product_cat-abendessen","7":"product_cat-dessert","8":"product_cat-lunchtime","9":"product_cat-porzellan","11":"first","12":"instock","13":"sold-individually","14":"purchasable","15":"product-type-simple"},"yoast_head":"<!-- This site is optimized with the Yoast SEO Premium plugin v15.8.2 - https:\/\/yoast.com\/wordpress\/plugins\/seo\/ -->\n<title>Biedermeier Teller, Kaiserliche Porzellanmanufaktur Wien, um 1828<\/title>\n<meta name=\"description\" content=\"Biedermeier Teller, Kaiserliche Porzellanmanufaktur Wien, um 1828 \u2665 Antiquit\u00e4ten Online kaufen \u2713 Sichere Lieferung \u2713\" \/>\n<meta name=\"robots\" content=\"index, follow, max-snippet:-1, max-image-preview:large, max-video-preview:-1\" \/>\n<link rel=\"canonical\" href=\"https:\/\/annette-ahrens.at\/onlineshop\/produkt\/biedermeier-teller-kaiserliche-porzellanmanufaktur-wien-um-1828\/\" \/>\n<meta property=\"og:locale\" content=\"de_DE\" \/>\n<meta property=\"og:type\" content=\"article\" \/>\n<meta property=\"og:title\" content=\"Biedermeier Teller, Kaiserliche Porzellanmanufaktur Wien, um 1828\" \/>\n<meta property=\"og:description\" content=\"Biedermeier Teller, Kaiserliche Porzellanmanufaktur Wien, um 1828 \u2665 Antiquit\u00e4ten Online kaufen \u2713 Sichere Lieferung \u2713\" \/>\n<meta property=\"og:url\" content=\"https:\/\/annette-ahrens.at\/onlineshop\/produkt\/biedermeier-teller-kaiserliche-porzellanmanufaktur-wien-um-1828\/\" \/>\n<meta property=\"og:site_name\" content=\"Tafelkultur Onlineshop\" \/>\n<meta property=\"article:publisher\" content=\"https:\/\/www.facebook.com\/AnnetteAhrensTafelkultur\" \/>\n<meta property=\"article:modified_time\" content=\"2024-07-05T17:10:59+00:00\" \/>\n<meta property=\"og:image\" content=\"https:\/\/annette-ahrens.at\/onlineshop\/wp-content\/uploads\/2024\/07\/28BD718B-B516-4A87-91DD-683DC01FAF04-rotated.jpeg\" \/>\n\t<meta property=\"og:image:width\" content=\"1936\" \/>\n\t<meta property=\"og:image:height\" content=\"1936\" \/>\n<meta name=\"twitter:card\" content=\"summary_large_image\" \/>\n<meta name=\"twitter:label1\" content=\"Gesch\u00e4tzte Lesezeit\">\n\t<meta name=\"twitter:data1\" content=\"1\u00a0Minute\">\n<script type=\"application\/ld+json\" class=\"yoast-schema-graph\">{\"@context\":\"https:\/\/schema.org\",\"@graph\":[{\"@type\":[\"Person\",\"Organization\"],\"@id\":\"https:\/\/annette-ahrens.at\/onlineshop\/#\/schema\/person\/3e19676faae246bba0cb3b7e15f427d8\",\"name\":\"Annette Ahrens\",\"image\":{\"@type\":\"ImageObject\",\"@id\":\"https:\/\/annette-ahrens.at\/onlineshop\/#personlogo\",\"inLanguage\":\"de\",\"url\":\"https:\/\/annette-ahrens.at\/onlineshop\/wp-content\/uploads\/2020\/04\/aa_logo_End.png\",\"width\":800,\"height\":164,\"caption\":\"Annette Ahrens\"},\"logo\":{\"@id\":\"https:\/\/annette-ahrens.at\/onlineshop\/#personlogo\"},\"sameAs\":[\"https:\/\/annette-ahrens.at\",\"https:\/\/www.facebook.com\/AnnetteAhrensTafelkultur\",\"https:\/\/www.instagram.com\/tafelkulturistin\/\",\"https:\/\/de.wikipedia.org\/wiki\/Annette_Ahrens\"]},{\"@type\":\"WebSite\",\"@id\":\"https:\/\/annette-ahrens.at\/onlineshop\/#website\",\"url\":\"https:\/\/annette-ahrens.at\/onlineshop\/\",\"name\":\"Tafelkultur Onlineshop\",\"description\":\"Annette Ahrens\",\"publisher\":{\"@id\":\"https:\/\/annette-ahrens.at\/onlineshop\/#\/schema\/person\/3e19676faae246bba0cb3b7e15f427d8\"},\"potentialAction\":[{\"@type\":\"SearchAction\",\"target\":\"https:\/\/annette-ahrens.at\/onlineshop\/?s={search_term_string}\",\"query-input\":\"required name=search_term_string\"}],\"inLanguage\":\"de\"},{\"@type\":\"ImageObject\",\"@id\":\"https:\/\/annette-ahrens.at\/onlineshop\/produkt\/biedermeier-teller-kaiserliche-porzellanmanufaktur-wien-um-1828\/#primaryimage\",\"inLanguage\":\"de\",\"url\":\"https:\/\/annette-ahrens.at\/onlineshop\/wp-content\/uploads\/2024\/07\/28BD718B-B516-4A87-91DD-683DC01FAF04-rotated.jpeg\",\"width\":1936,\"height\":1936},{\"@type\":[\"WebPage\",\"ItemPage\"],\"@id\":\"https:\/\/annette-ahrens.at\/onlineshop\/produkt\/biedermeier-teller-kaiserliche-porzellanmanufaktur-wien-um-1828\/#webpage\",\"url\":\"https:\/\/annette-ahrens.at\/onlineshop\/produkt\/biedermeier-teller-kaiserliche-porzellanmanufaktur-wien-um-1828\/\",\"name\":\"Biedermeier Teller, Kaiserliche Porzellanmanufaktur Wien, um 1828\",\"isPartOf\":{\"@id\":\"https:\/\/annette-ahrens.at\/onlineshop\/#website\"},\"primaryImageOfPage\":{\"@id\":\"https:\/\/annette-ahrens.at\/onlineshop\/produkt\/biedermeier-teller-kaiserliche-porzellanmanufaktur-wien-um-1828\/#primaryimage\"},\"datePublished\":\"2024-07-08T05:50:29+00:00\",\"dateModified\":\"2024-07-05T17:10:59+00:00\",\"description\":\"Biedermeier Teller, Kaiserliche Porzellanmanufaktur Wien, um 1828 \\u2665 Antiquit\\u00e4ten Online kaufen \\u2713 Sichere Lieferung \\u2713\",\"breadcrumb\":{\"@id\":\"https:\/\/annette-ahrens.at\/onlineshop\/produkt\/biedermeier-teller-kaiserliche-porzellanmanufaktur-wien-um-1828\/#breadcrumb\"},\"inLanguage\":\"de\",\"potentialAction\":[{\"@type\":\"ReadAction\",\"target\":[\"https:\/\/annette-ahrens.at\/onlineshop\/produkt\/biedermeier-teller-kaiserliche-porzellanmanufaktur-wien-um-1828\/\"]}]},{\"@type\":\"BreadcrumbList\",\"@id\":\"https:\/\/annette-ahrens.at\/onlineshop\/produkt\/biedermeier-teller-kaiserliche-porzellanmanufaktur-wien-um-1828\/#breadcrumb\",\"itemListElement\":[{\"@type\":\"ListItem\",\"position\":1,\"item\":{\"@type\":\"WebPage\",\"@id\":\"https:\/\/annette-ahrens.at\/onlineshop\/\",\"url\":\"https:\/\/annette-ahrens.at\/onlineshop\/\",\"name\":\"Home\"}},{\"@type\":\"ListItem\",\"position\":2,\"item\":{\"@type\":\"WebPage\",\"@id\":\"https:\/\/annette-ahrens.at\/onlineshop\/alle-tafelkultur-objekte\/\",\"url\":\"https:\/\/annette-ahrens.at\/onlineshop\/alle-tafelkultur-objekte\/\",\"name\":\"Alle Tafelkultur Objekte\"}},{\"@type\":\"ListItem\",\"position\":3,\"item\":{\"@type\":\"WebPage\",\"@id\":\"https:\/\/annette-ahrens.at\/onlineshop\/produkt\/biedermeier-teller-kaiserliche-porzellanmanufaktur-wien-um-1828\/\",\"url\":\"https:\/\/annette-ahrens.at\/onlineshop\/produkt\/biedermeier-teller-kaiserliche-porzellanmanufaktur-wien-um-1828\/\",\"name\":\"Biedermeier Teller, Kaiserliche Porzellanmanufaktur Wien, um 1828\"}}]}]}<\/script>\n<!-- \/ Yoast SEO Premium plugin. -->","_links":{"self":[{"href":"https:\/\/annette-ahrens.at\/onlineshop\/wp-json\/wp\/v2\/product\/29851","targetHints":{"allow":["GET"]}}],"collection":[{"href":"https:\/\/annette-ahrens.at\/onlineshop\/wp-json\/wp\/v2\/product"}],"about":[{"href":"https:\/\/annette-ahrens.at\/onlineshop\/wp-json\/wp\/v2\/types\/product"}],"replies":[{"embeddable":true,"href":"https:\/\/annette-ahrens.at\/onlineshop\/wp-json\/wp\/v2\/comments?post=29851"}],"wp:featuredmedia":[{"embeddable":true,"href":"https:\/\/annette-ahrens.at\/onlineshop\/wp-json\/wp\/v2\/media\/29967"}],"wp:attachment":[{"href":"https:\/\/annette-ahrens.at\/onlineshop\/wp-json\/wp\/v2\/media?parent=29851"}],"wp:term":[{"taxonomy":"product_brand","embeddable":true,"href":"https:\/\/annette-ahrens.at\/onlineshop\/wp-json\/wp\/v2\/product_brand?post=29851"},{"taxonomy":"product_cat","embeddable":true,"href":"https:\/\/annette-ahrens.at\/onlineshop\/wp-json\/wp\/v2\/product_cat?post=29851"},{"taxonomy":"product_tag","embeddable":true,"href":"https:\/\/annette-ahrens.at\/onlineshop\/wp-json\/wp\/v2\/product_tag?post=29851"}],"curies":[{"name":"wp","href":"https:\/\/api.w.org\/{rel}","templated":true}]}}