{"id":30314,"date":"2024-07-20T08:31:30","date_gmt":"2024-07-20T06:31:30","guid":{"rendered":"https:\/\/annette-ahrens.at\/onlineshop\/?post_type=product&#038;p=30314"},"modified":"2024-07-19T13:40:03","modified_gmt":"2024-07-19T11:40:03","slug":"grosse-versilberte-suppenterrine-frankreich-anfang-19-jahrhundert","status":"publish","type":"product","link":"https:\/\/annette-ahrens.at\/onlineshop\/produkt\/grosse-versilberte-suppenterrine-frankreich-anfang-19-jahrhundert\/","title":{"rendered":"Gro\u00dfe versilberte Suppenterrine, Frankreich, Anfang 19. Jahrhundert"},"content":{"rendered":"<p>Gro\u00dfe versilberte Suppenterrine<\/p>\n<p>Frankreich, Anfang 19. Jahrhundert<\/p>\n<p>Kupfer, massiv versilbert, abgesetzter ovaler Fu\u00df, gebauchter ovaler Gef\u00e4\u00dfk\u00f6rper, zwei hochgezogene Henkel, zugeh\u00f6riger Deckel mit Pinienzapfen-Knauf, gemarkt<\/p>\n<p>Dm 39,5 cm<\/p>\n<p>H 36 cm<\/p>\n","protected":false},"excerpt":{"rendered":"<p>Annettes Etikette: Bei meiner Reise nach S\u00fcdfrankreich hab ich mich sofort in diese formvollendete Suppenterrine verliebt. Die Eleganz der Henkel und des Knaufs sind un\u00fcbertroffen. Als Schaust\u00fcck am Buffet oder als Hauptdarstellerin bei Tisch ist diese Soupi\u00e8re ein Must-Have!<\/p>\n","protected":false},"featured_media":30209,"comment_status":"open","ping_status":"closed","template":"","meta":[],"product_brand":[],"product_cat":[276,298,32,295,190,193,52,53],"product_tag":[],"class_list":{"0":"post-30314","1":"product","2":"type-product","3":"status-publish","4":"has-post-thumbnail","6":"product_cat-alpacca","7":"product_cat-buffet","8":"product_cat-festefeiern","9":"product_cat-jagdeinladung","10":"product_cat-suppe","11":"product_cat-suppenterrrine","12":"product_cat-thanksgiving","13":"product_cat-weihnachten","15":"first","16":"instock","17":"sold-individually","18":"purchasable","19":"product-type-simple"},"yoast_head":"<!-- This site is optimized with the Yoast SEO Premium plugin v15.8.2 - https:\/\/yoast.com\/wordpress\/plugins\/seo\/ -->\n<title>Gro\u00dfe versilberte Suppenterrine, Frankreich, Anfang 19. Jahrhundert<\/title>\n<meta name=\"description\" content=\"Gro\u00dfe versilberte Suppenterrine, Frankreich, Anfang 19. Jahrhundert \u2665 Antiquit\u00e4ten Online kaufen \u2713 Sichere Lieferung \u2713\" \/>\n<meta name=\"robots\" content=\"index, follow, max-snippet:-1, max-image-preview:large, max-video-preview:-1\" \/>\n<link rel=\"canonical\" href=\"https:\/\/annette-ahrens.at\/onlineshop\/produkt\/grosse-versilberte-suppenterrine-frankreich-anfang-19-jahrhundert\/\" \/>\n<meta property=\"og:locale\" content=\"de_DE\" \/>\n<meta property=\"og:type\" content=\"article\" \/>\n<meta property=\"og:title\" content=\"Gro\u00dfe versilberte Suppenterrine, Frankreich, Anfang 19. Jahrhundert\" \/>\n<meta property=\"og:description\" content=\"Gro\u00dfe versilberte Suppenterrine, Frankreich, Anfang 19. Jahrhundert \u2665 Antiquit\u00e4ten Online kaufen \u2713 Sichere Lieferung \u2713\" \/>\n<meta property=\"og:url\" content=\"https:\/\/annette-ahrens.at\/onlineshop\/produkt\/grosse-versilberte-suppenterrine-frankreich-anfang-19-jahrhundert\/\" \/>\n<meta property=\"og:site_name\" content=\"Tafelkultur Onlineshop\" \/>\n<meta property=\"article:publisher\" content=\"https:\/\/www.facebook.com\/AnnetteAhrensTafelkultur\" \/>\n<meta property=\"article:modified_time\" content=\"2024-07-19T11:40:03+00:00\" \/>\n<meta property=\"og:image\" content=\"https:\/\/annette-ahrens.at\/onlineshop\/wp-content\/uploads\/2024\/07\/IMG_0546-rotated.jpeg\" \/>\n\t<meta property=\"og:image:width\" content=\"1936\" \/>\n\t<meta property=\"og:image:height\" content=\"1936\" \/>\n<meta name=\"twitter:card\" content=\"summary_large_image\" \/>\n<meta name=\"twitter:label1\" content=\"Gesch\u00e4tzte Lesezeit\">\n\t<meta name=\"twitter:data1\" content=\"1\u00a0Minute\">\n<script type=\"application\/ld+json\" class=\"yoast-schema-graph\">{\"@context\":\"https:\/\/schema.org\",\"@graph\":[{\"@type\":[\"Person\",\"Organization\"],\"@id\":\"https:\/\/annette-ahrens.at\/onlineshop\/#\/schema\/person\/3e19676faae246bba0cb3b7e15f427d8\",\"name\":\"Annette Ahrens\",\"image\":{\"@type\":\"ImageObject\",\"@id\":\"https:\/\/annette-ahrens.at\/onlineshop\/#personlogo\",\"inLanguage\":\"de\",\"url\":\"https:\/\/annette-ahrens.at\/onlineshop\/wp-content\/uploads\/2020\/04\/aa_logo_End.png\",\"width\":800,\"height\":164,\"caption\":\"Annette Ahrens\"},\"logo\":{\"@id\":\"https:\/\/annette-ahrens.at\/onlineshop\/#personlogo\"},\"sameAs\":[\"https:\/\/annette-ahrens.at\",\"https:\/\/www.facebook.com\/AnnetteAhrensTafelkultur\",\"https:\/\/www.instagram.com\/tafelkulturistin\/\",\"https:\/\/de.wikipedia.org\/wiki\/Annette_Ahrens\"]},{\"@type\":\"WebSite\",\"@id\":\"https:\/\/annette-ahrens.at\/onlineshop\/#website\",\"url\":\"https:\/\/annette-ahrens.at\/onlineshop\/\",\"name\":\"Tafelkultur Onlineshop\",\"description\":\"Annette Ahrens\",\"publisher\":{\"@id\":\"https:\/\/annette-ahrens.at\/onlineshop\/#\/schema\/person\/3e19676faae246bba0cb3b7e15f427d8\"},\"potentialAction\":[{\"@type\":\"SearchAction\",\"target\":\"https:\/\/annette-ahrens.at\/onlineshop\/?s={search_term_string}\",\"query-input\":\"required name=search_term_string\"}],\"inLanguage\":\"de\"},{\"@type\":\"ImageObject\",\"@id\":\"https:\/\/annette-ahrens.at\/onlineshop\/produkt\/grosse-versilberte-suppenterrine-frankreich-anfang-19-jahrhundert\/#primaryimage\",\"inLanguage\":\"de\",\"url\":\"https:\/\/annette-ahrens.at\/onlineshop\/wp-content\/uploads\/2024\/07\/IMG_0546-rotated.jpeg\",\"width\":1936,\"height\":1936,\"caption\":\"suppenterrine_empire\"},{\"@type\":[\"WebPage\",\"ItemPage\"],\"@id\":\"https:\/\/annette-ahrens.at\/onlineshop\/produkt\/grosse-versilberte-suppenterrine-frankreich-anfang-19-jahrhundert\/#webpage\",\"url\":\"https:\/\/annette-ahrens.at\/onlineshop\/produkt\/grosse-versilberte-suppenterrine-frankreich-anfang-19-jahrhundert\/\",\"name\":\"Gro\\u00dfe versilberte Suppenterrine, Frankreich, Anfang 19. Jahrhundert\",\"isPartOf\":{\"@id\":\"https:\/\/annette-ahrens.at\/onlineshop\/#website\"},\"primaryImageOfPage\":{\"@id\":\"https:\/\/annette-ahrens.at\/onlineshop\/produkt\/grosse-versilberte-suppenterrine-frankreich-anfang-19-jahrhundert\/#primaryimage\"},\"datePublished\":\"2024-07-20T06:31:30+00:00\",\"dateModified\":\"2024-07-19T11:40:03+00:00\",\"description\":\"Gro\\u00dfe versilberte Suppenterrine, Frankreich, Anfang 19. Jahrhundert \\u2665 Antiquit\\u00e4ten Online kaufen \\u2713 Sichere Lieferung \\u2713\",\"breadcrumb\":{\"@id\":\"https:\/\/annette-ahrens.at\/onlineshop\/produkt\/grosse-versilberte-suppenterrine-frankreich-anfang-19-jahrhundert\/#breadcrumb\"},\"inLanguage\":\"de\",\"potentialAction\":[{\"@type\":\"ReadAction\",\"target\":[\"https:\/\/annette-ahrens.at\/onlineshop\/produkt\/grosse-versilberte-suppenterrine-frankreich-anfang-19-jahrhundert\/\"]}]},{\"@type\":\"BreadcrumbList\",\"@id\":\"https:\/\/annette-ahrens.at\/onlineshop\/produkt\/grosse-versilberte-suppenterrine-frankreich-anfang-19-jahrhundert\/#breadcrumb\",\"itemListElement\":[{\"@type\":\"ListItem\",\"position\":1,\"item\":{\"@type\":\"WebPage\",\"@id\":\"https:\/\/annette-ahrens.at\/onlineshop\/\",\"url\":\"https:\/\/annette-ahrens.at\/onlineshop\/\",\"name\":\"Home\"}},{\"@type\":\"ListItem\",\"position\":2,\"item\":{\"@type\":\"WebPage\",\"@id\":\"https:\/\/annette-ahrens.at\/onlineshop\/alle-tafelkultur-objekte\/\",\"url\":\"https:\/\/annette-ahrens.at\/onlineshop\/alle-tafelkultur-objekte\/\",\"name\":\"Alle Tafelkultur Objekte\"}},{\"@type\":\"ListItem\",\"position\":3,\"item\":{\"@type\":\"WebPage\",\"@id\":\"https:\/\/annette-ahrens.at\/onlineshop\/produkt\/grosse-versilberte-suppenterrine-frankreich-anfang-19-jahrhundert\/\",\"url\":\"https:\/\/annette-ahrens.at\/onlineshop\/produkt\/grosse-versilberte-suppenterrine-frankreich-anfang-19-jahrhundert\/\",\"name\":\"Gro\\u00dfe versilberte Suppenterrine, Frankreich, Anfang 19. Jahrhundert\"}}]}]}<\/script>\n<!-- \/ Yoast SEO Premium plugin. -->","_links":{"self":[{"href":"https:\/\/annette-ahrens.at\/onlineshop\/wp-json\/wp\/v2\/product\/30314","targetHints":{"allow":["GET"]}}],"collection":[{"href":"https:\/\/annette-ahrens.at\/onlineshop\/wp-json\/wp\/v2\/product"}],"about":[{"href":"https:\/\/annette-ahrens.at\/onlineshop\/wp-json\/wp\/v2\/types\/product"}],"replies":[{"embeddable":true,"href":"https:\/\/annette-ahrens.at\/onlineshop\/wp-json\/wp\/v2\/comments?post=30314"}],"wp:featuredmedia":[{"embeddable":true,"href":"https:\/\/annette-ahrens.at\/onlineshop\/wp-json\/wp\/v2\/media\/30209"}],"wp:attachment":[{"href":"https:\/\/annette-ahrens.at\/onlineshop\/wp-json\/wp\/v2\/media?parent=30314"}],"wp:term":[{"taxonomy":"product_brand","embeddable":true,"href":"https:\/\/annette-ahrens.at\/onlineshop\/wp-json\/wp\/v2\/product_brand?post=30314"},{"taxonomy":"product_cat","embeddable":true,"href":"https:\/\/annette-ahrens.at\/onlineshop\/wp-json\/wp\/v2\/product_cat?post=30314"},{"taxonomy":"product_tag","embeddable":true,"href":"https:\/\/annette-ahrens.at\/onlineshop\/wp-json\/wp\/v2\/product_tag?post=30314"}],"curies":[{"name":"wp","href":"https:\/\/api.w.org\/{rel}","templated":true}]}}