{"id":30337,"date":"2024-07-17T20:57:56","date_gmt":"2024-07-17T18:57:56","guid":{"rendered":"https:\/\/annette-ahrens.at\/onlineshop\/?post_type=product&#038;p=30337"},"modified":"2024-07-19T14:14:25","modified_gmt":"2024-07-19T12:14:25","slug":"versilbertes-besteck-fuer-12-personen-modell-900-faecher-fa-wmf-um-1920","status":"publish","type":"product","link":"https:\/\/annette-ahrens.at\/onlineshop\/produkt\/versilbertes-besteck-fuer-12-personen-modell-900-faecher-fa-wmf-um-1920\/","title":{"rendered":"Versilbertes Besteck f\u00fcr 12 Personen, Modell 900 &#8222;F\u00e4cher&#8220;, Fa. WMF, um 1920"},"content":{"rendered":"<p>Versilbertes Besteck f\u00fcr 12 Personen &#8222;F\u00e4cher&#8220;<\/p>\n<p>Fa. WMF, Geislingen, Deutschland, um 1920<\/p>\n<p>Alpacca, versilbert, 90er Auflage, 84 Teile, alle gemarkt WMF 90, Messer mit originalen, rostfreien Stahl-Klingen der Firma WMF &#8222;Friodur&#8220; aus Solingen<\/p>\n<p>Bestehend aus:<\/p>\n<p>12 Suppenl\u00f6ffel L 20,8 cm<\/p>\n<p>12 Menugabeln L 20,3 cm<\/p>\n<p>12 Menumesser L 23,5 cm<\/p>\n<p>12 Vorspeisgabeln L 18,2 cm<\/p>\n<p>12 Vorspeismesser L 21 cm<\/p>\n<p>12 Kaffeel\u00f6ffel L 14 cm<\/p>\n<p>12 Kuchengabeln L 14,7 cm<\/p>\n","protected":false},"excerpt":{"rendered":"<p>Annettes Etikette: Die Bestecke der deutschen Firma WMF werden einerseits mit Nummern und dar\u00fcber hinaus mit Namen versehen. Diese Facon wurde ab 1923 unter der Modellnummer 900 und dem Namen &#8222;F\u00e4cher&#8220; vertrieben. Einer der beliebtesten Bestecke Deutschlands kann ich einmal f\u00fcr sechs und weiters f\u00fcr zw\u00f6lf Personen anbieten.<\/p>\n","protected":false},"featured_media":24020,"comment_status":"open","ping_status":"closed","template":"","meta":[],"product_brand":[],"product_cat":[30,298,264,239],"product_tag":[],"class_list":{"0":"post-30337","1":"product","2":"type-product","3":"status-publish","4":"has-post-thumbnail","6":"product_cat-besteck","7":"product_cat-buffet","8":"product_cat-salatbesteck","9":"product_cat-spezialbestecke","11":"first","12":"instock","13":"purchasable","14":"product-type-simple"},"yoast_head":"<!-- This site is optimized with the Yoast SEO Premium plugin v15.8.2 - https:\/\/yoast.com\/wordpress\/plugins\/seo\/ -->\n<title>Versilbertes Besteck f\u00fcr 12 Personen, Modell 900 &quot;F\u00e4cher&quot;, Fa. WMF, um 1920<\/title>\n<meta name=\"description\" content=\"Versilbertes Besteck f\u00fcr 12 Personen, Modell 900 &quot;F\u00e4cher&quot;, Fa. WMF, um 1920 \u2665 Antiquit\u00e4ten Online kaufen \u2713 Sichere Lieferung \u2713\" \/>\n<meta name=\"robots\" content=\"index, follow, max-snippet:-1, max-image-preview:large, max-video-preview:-1\" \/>\n<link rel=\"canonical\" href=\"https:\/\/annette-ahrens.at\/onlineshop\/produkt\/versilbertes-besteck-fuer-12-personen-modell-900-faecher-fa-wmf-um-1920\/\" \/>\n<meta property=\"og:locale\" content=\"de_DE\" \/>\n<meta property=\"og:type\" content=\"article\" \/>\n<meta property=\"og:title\" content=\"Versilbertes Besteck f\u00fcr 12 Personen, Modell 900 &quot;F\u00e4cher&quot;, Fa. WMF, um 1920\" \/>\n<meta property=\"og:description\" content=\"Versilbertes Besteck f\u00fcr 12 Personen, Modell 900 &quot;F\u00e4cher&quot;, Fa. WMF, um 1920 \u2665 Antiquit\u00e4ten Online kaufen \u2713 Sichere Lieferung \u2713\" \/>\n<meta property=\"og:url\" content=\"https:\/\/annette-ahrens.at\/onlineshop\/produkt\/versilbertes-besteck-fuer-12-personen-modell-900-faecher-fa-wmf-um-1920\/\" \/>\n<meta property=\"og:site_name\" content=\"Tafelkultur Onlineshop\" \/>\n<meta property=\"article:publisher\" content=\"https:\/\/www.facebook.com\/AnnetteAhrensTafelkultur\" \/>\n<meta property=\"article:modified_time\" content=\"2024-07-19T12:14:25+00:00\" \/>\n<meta property=\"og:image\" content=\"https:\/\/annette-ahrens.at\/onlineshop\/wp-content\/uploads\/2023\/08\/IMG_4914-scaled.jpeg\" \/>\n\t<meta property=\"og:image:width\" content=\"2560\" \/>\n\t<meta property=\"og:image:height\" content=\"1912\" \/>\n<meta name=\"twitter:card\" content=\"summary_large_image\" \/>\n<meta name=\"twitter:label1\" content=\"Gesch\u00e4tzte Lesezeit\">\n\t<meta name=\"twitter:data1\" content=\"1\u00a0Minute\">\n<script type=\"application\/ld+json\" class=\"yoast-schema-graph\">{\"@context\":\"https:\/\/schema.org\",\"@graph\":[{\"@type\":[\"Person\",\"Organization\"],\"@id\":\"https:\/\/annette-ahrens.at\/onlineshop\/#\/schema\/person\/3e19676faae246bba0cb3b7e15f427d8\",\"name\":\"Annette Ahrens\",\"image\":{\"@type\":\"ImageObject\",\"@id\":\"https:\/\/annette-ahrens.at\/onlineshop\/#personlogo\",\"inLanguage\":\"de\",\"url\":\"https:\/\/annette-ahrens.at\/onlineshop\/wp-content\/uploads\/2020\/04\/aa_logo_End.png\",\"width\":800,\"height\":164,\"caption\":\"Annette Ahrens\"},\"logo\":{\"@id\":\"https:\/\/annette-ahrens.at\/onlineshop\/#personlogo\"},\"sameAs\":[\"https:\/\/annette-ahrens.at\",\"https:\/\/www.facebook.com\/AnnetteAhrensTafelkultur\",\"https:\/\/www.instagram.com\/tafelkulturistin\/\",\"https:\/\/de.wikipedia.org\/wiki\/Annette_Ahrens\"]},{\"@type\":\"WebSite\",\"@id\":\"https:\/\/annette-ahrens.at\/onlineshop\/#website\",\"url\":\"https:\/\/annette-ahrens.at\/onlineshop\/\",\"name\":\"Tafelkultur Onlineshop\",\"description\":\"Annette Ahrens\",\"publisher\":{\"@id\":\"https:\/\/annette-ahrens.at\/onlineshop\/#\/schema\/person\/3e19676faae246bba0cb3b7e15f427d8\"},\"potentialAction\":[{\"@type\":\"SearchAction\",\"target\":\"https:\/\/annette-ahrens.at\/onlineshop\/?s={search_term_string}\",\"query-input\":\"required name=search_term_string\"}],\"inLanguage\":\"de\"},{\"@type\":\"ImageObject\",\"@id\":\"https:\/\/annette-ahrens.at\/onlineshop\/produkt\/versilbertes-besteck-fuer-12-personen-modell-900-faecher-fa-wmf-um-1920\/#primaryimage\",\"inLanguage\":\"de\",\"url\":\"https:\/\/annette-ahrens.at\/onlineshop\/wp-content\/uploads\/2023\/08\/IMG_4914-scaled.jpeg\",\"width\":2560,\"height\":1912,\"caption\":\"wmf_besteck_f\\u00e4cher\"},{\"@type\":[\"WebPage\",\"ItemPage\"],\"@id\":\"https:\/\/annette-ahrens.at\/onlineshop\/produkt\/versilbertes-besteck-fuer-12-personen-modell-900-faecher-fa-wmf-um-1920\/#webpage\",\"url\":\"https:\/\/annette-ahrens.at\/onlineshop\/produkt\/versilbertes-besteck-fuer-12-personen-modell-900-faecher-fa-wmf-um-1920\/\",\"name\":\"Versilbertes Besteck f\\u00fcr 12 Personen, Modell 900 \\\"F\\u00e4cher\\\", Fa. WMF, um 1920\",\"isPartOf\":{\"@id\":\"https:\/\/annette-ahrens.at\/onlineshop\/#website\"},\"primaryImageOfPage\":{\"@id\":\"https:\/\/annette-ahrens.at\/onlineshop\/produkt\/versilbertes-besteck-fuer-12-personen-modell-900-faecher-fa-wmf-um-1920\/#primaryimage\"},\"datePublished\":\"2024-07-17T18:57:56+00:00\",\"dateModified\":\"2024-07-19T12:14:25+00:00\",\"description\":\"Versilbertes Besteck f\\u00fcr 12 Personen, Modell 900 \\\"F\\u00e4cher\\\", Fa. WMF, um 1920 \\u2665 Antiquit\\u00e4ten Online kaufen \\u2713 Sichere Lieferung \\u2713\",\"breadcrumb\":{\"@id\":\"https:\/\/annette-ahrens.at\/onlineshop\/produkt\/versilbertes-besteck-fuer-12-personen-modell-900-faecher-fa-wmf-um-1920\/#breadcrumb\"},\"inLanguage\":\"de\",\"potentialAction\":[{\"@type\":\"ReadAction\",\"target\":[\"https:\/\/annette-ahrens.at\/onlineshop\/produkt\/versilbertes-besteck-fuer-12-personen-modell-900-faecher-fa-wmf-um-1920\/\"]}]},{\"@type\":\"BreadcrumbList\",\"@id\":\"https:\/\/annette-ahrens.at\/onlineshop\/produkt\/versilbertes-besteck-fuer-12-personen-modell-900-faecher-fa-wmf-um-1920\/#breadcrumb\",\"itemListElement\":[{\"@type\":\"ListItem\",\"position\":1,\"item\":{\"@type\":\"WebPage\",\"@id\":\"https:\/\/annette-ahrens.at\/onlineshop\/\",\"url\":\"https:\/\/annette-ahrens.at\/onlineshop\/\",\"name\":\"Home\"}},{\"@type\":\"ListItem\",\"position\":2,\"item\":{\"@type\":\"WebPage\",\"@id\":\"https:\/\/annette-ahrens.at\/onlineshop\/alle-tafelkultur-objekte\/\",\"url\":\"https:\/\/annette-ahrens.at\/onlineshop\/alle-tafelkultur-objekte\/\",\"name\":\"Alle Tafelkultur Objekte\"}},{\"@type\":\"ListItem\",\"position\":3,\"item\":{\"@type\":\"WebPage\",\"@id\":\"https:\/\/annette-ahrens.at\/onlineshop\/produkt\/versilbertes-besteck-fuer-12-personen-modell-900-faecher-fa-wmf-um-1920\/\",\"url\":\"https:\/\/annette-ahrens.at\/onlineshop\/produkt\/versilbertes-besteck-fuer-12-personen-modell-900-faecher-fa-wmf-um-1920\/\",\"name\":\"Versilbertes Besteck f\\u00fcr 12 Personen, Modell 900 &#8220;F\\u00e4cher&#8221;, Fa. WMF, um 1920\"}}]}]}<\/script>\n<!-- \/ Yoast SEO Premium plugin. -->","_links":{"self":[{"href":"https:\/\/annette-ahrens.at\/onlineshop\/wp-json\/wp\/v2\/product\/30337","targetHints":{"allow":["GET"]}}],"collection":[{"href":"https:\/\/annette-ahrens.at\/onlineshop\/wp-json\/wp\/v2\/product"}],"about":[{"href":"https:\/\/annette-ahrens.at\/onlineshop\/wp-json\/wp\/v2\/types\/product"}],"replies":[{"embeddable":true,"href":"https:\/\/annette-ahrens.at\/onlineshop\/wp-json\/wp\/v2\/comments?post=30337"}],"wp:featuredmedia":[{"embeddable":true,"href":"https:\/\/annette-ahrens.at\/onlineshop\/wp-json\/wp\/v2\/media\/24020"}],"wp:attachment":[{"href":"https:\/\/annette-ahrens.at\/onlineshop\/wp-json\/wp\/v2\/media?parent=30337"}],"wp:term":[{"taxonomy":"product_brand","embeddable":true,"href":"https:\/\/annette-ahrens.at\/onlineshop\/wp-json\/wp\/v2\/product_brand?post=30337"},{"taxonomy":"product_cat","embeddable":true,"href":"https:\/\/annette-ahrens.at\/onlineshop\/wp-json\/wp\/v2\/product_cat?post=30337"},{"taxonomy":"product_tag","embeddable":true,"href":"https:\/\/annette-ahrens.at\/onlineshop\/wp-json\/wp\/v2\/product_tag?post=30337"}],"curies":[{"name":"wp","href":"https:\/\/api.w.org\/{rel}","templated":true}]}}