{"id":30618,"date":"2024-07-24T12:41:16","date_gmt":"2024-07-24T10:41:16","guid":{"rendered":"https:\/\/annette-ahrens.at\/onlineshop\/?post_type=product&#038;p=30618"},"modified":"2025-01-05T20:48:48","modified_gmt":"2025-01-05T19:48:48","slug":"grosser-silberner-art-deco-korb-mit-glaseinsatz-wien-nach-1922","status":"publish","type":"product","link":"https:\/\/annette-ahrens.at\/onlineshop\/produkt\/grosser-silberner-art-deco-korb-mit-glaseinsatz-wien-nach-1922\/","title":{"rendered":"Gro\u00dfer silberner Art Deco Korb mit Glaseinsatz, Wien, nach 1922"},"content":{"rendered":"<p>Gro\u00dfer silberner Art Deco Korb mit Glaseinsatz<\/p>\n<p>Wien, nach 1922<\/p>\n<p>Silber, runder Fu\u00df, umlaufendes Dekorband mit Perlstab, durchbrochen gearbeiteter Korb, beweglicher Scharnierhenkel, gemarkt mit Wiener Tukankopfpunze verwendet nach 1922, Meisterzeichen FT im eingezogenem Rechteck: Franz Taub\u00f6ck (Neuwirth 1979 II\/245), Feingehaltszeichen 800, geschliffener, farbloser Glaseinsatz mit Bodenschliffstern, tadelloser, handpolierter Erhaltungszustand<\/p>\n<p>H\u00f6he 44 cm<\/p>\n<p>Dm 26 x 19,5 cm<\/p>\n<p>694 g<\/p>\n","protected":false},"excerpt":{"rendered":"<p>Annettes Etikette: Der aufwendig geschliffene Glaseinsatz ist genau der ungew\u00f6hnlichen Form dieses Korbes nachempfunden. Genau diese herausnehmbare Einsatzschale sch\u00fctzt die Innenseite der Tafelzier vor Ver\u00e4tzungen durch die S\u00e4ure von \u00c4pfel, Birnen oder Trauben. Blumen im Steckschwamm oder Konfekte bis hin zu verpackten Bonbons werden zu Hauptdarstellern bei Tisch.<\/p>\n","protected":false},"featured_media":30629,"comment_status":"open","ping_status":"closed","template":"","meta":[],"product_brand":[],"product_cat":[25,32,291,282,160,21,273,281,131,53,26],"product_tag":[],"class_list":{"0":"post-30618","1":"product","2":"type-product","3":"status-publish","4":"has-post-thumbnail","6":"product_cat-5o-clock-tea","7":"product_cat-festefeiern","8":"product_cat-hochzeit","9":"product_cat-jardiniere","10":"product_cat-obst","11":"product_cat-obst-gemuese","12":"product_cat-silber-fachbuecher","13":"product_cat-tafelaufsatz","14":"product_cat-tafeldekorationen","15":"product_cat-weihnachten","16":"product_cat-wiener-melange","18":"first","19":"instock","20":"sold-individually","21":"purchasable","22":"product-type-simple"},"yoast_head":"<!-- This site is optimized with the Yoast SEO Premium plugin v15.8.2 - https:\/\/yoast.com\/wordpress\/plugins\/seo\/ -->\n<title>Gro\u00dfer silberner Art Deco Korb mit Glaseinsatz, Wien, nach 1922<\/title>\n<meta name=\"description\" content=\"Gro\u00dfer silberner Art Deco Korb mit Glaseinsatz, Wien, nach 1922 \u2665 Antiquit\u00e4ten Online kaufen \u2713 Sichere Lieferung \u2713\" \/>\n<meta name=\"robots\" content=\"index, follow, max-snippet:-1, max-image-preview:large, max-video-preview:-1\" \/>\n<link rel=\"canonical\" href=\"https:\/\/annette-ahrens.at\/onlineshop\/produkt\/grosser-silberner-art-deco-korb-mit-glaseinsatz-wien-nach-1922\/\" \/>\n<meta property=\"og:locale\" content=\"de_DE\" \/>\n<meta property=\"og:type\" content=\"article\" \/>\n<meta property=\"og:title\" content=\"Gro\u00dfer silberner Art Deco Korb mit Glaseinsatz, Wien, nach 1922\" \/>\n<meta property=\"og:description\" content=\"Gro\u00dfer silberner Art Deco Korb mit Glaseinsatz, Wien, nach 1922 \u2665 Antiquit\u00e4ten Online kaufen \u2713 Sichere Lieferung \u2713\" \/>\n<meta property=\"og:url\" content=\"https:\/\/annette-ahrens.at\/onlineshop\/produkt\/grosser-silberner-art-deco-korb-mit-glaseinsatz-wien-nach-1922\/\" \/>\n<meta property=\"og:site_name\" content=\"Tafelkultur Onlineshop\" \/>\n<meta property=\"article:publisher\" content=\"https:\/\/www.facebook.com\/AnnetteAhrensTafelkultur\" \/>\n<meta property=\"article:modified_time\" content=\"2025-01-05T19:48:48+00:00\" \/>\n<meta property=\"og:image\" content=\"https:\/\/annette-ahrens.at\/onlineshop\/wp-content\/uploads\/2024\/07\/IMG_0236-scaled-e1721849415909.jpeg\" \/>\n\t<meta property=\"og:image:width\" content=\"1659\" \/>\n\t<meta property=\"og:image:height\" content=\"1911\" \/>\n<meta name=\"twitter:card\" content=\"summary_large_image\" \/>\n<meta name=\"twitter:label1\" content=\"Gesch\u00e4tzte Lesezeit\">\n\t<meta name=\"twitter:data1\" content=\"1\u00a0Minute\">\n<script type=\"application\/ld+json\" class=\"yoast-schema-graph\">{\"@context\":\"https:\/\/schema.org\",\"@graph\":[{\"@type\":[\"Person\",\"Organization\"],\"@id\":\"https:\/\/annette-ahrens.at\/onlineshop\/#\/schema\/person\/3e19676faae246bba0cb3b7e15f427d8\",\"name\":\"Annette Ahrens\",\"image\":{\"@type\":\"ImageObject\",\"@id\":\"https:\/\/annette-ahrens.at\/onlineshop\/#personlogo\",\"inLanguage\":\"de\",\"url\":\"https:\/\/annette-ahrens.at\/onlineshop\/wp-content\/uploads\/2020\/04\/aa_logo_End.png\",\"width\":800,\"height\":164,\"caption\":\"Annette Ahrens\"},\"logo\":{\"@id\":\"https:\/\/annette-ahrens.at\/onlineshop\/#personlogo\"},\"sameAs\":[\"https:\/\/annette-ahrens.at\",\"https:\/\/www.facebook.com\/AnnetteAhrensTafelkultur\",\"https:\/\/www.instagram.com\/tafelkulturistin\/\",\"https:\/\/de.wikipedia.org\/wiki\/Annette_Ahrens\"]},{\"@type\":\"WebSite\",\"@id\":\"https:\/\/annette-ahrens.at\/onlineshop\/#website\",\"url\":\"https:\/\/annette-ahrens.at\/onlineshop\/\",\"name\":\"Tafelkultur Onlineshop\",\"description\":\"Annette Ahrens\",\"publisher\":{\"@id\":\"https:\/\/annette-ahrens.at\/onlineshop\/#\/schema\/person\/3e19676faae246bba0cb3b7e15f427d8\"},\"potentialAction\":[{\"@type\":\"SearchAction\",\"target\":\"https:\/\/annette-ahrens.at\/onlineshop\/?s={search_term_string}\",\"query-input\":\"required name=search_term_string\"}],\"inLanguage\":\"de\"},{\"@type\":\"ImageObject\",\"@id\":\"https:\/\/annette-ahrens.at\/onlineshop\/produkt\/grosser-silberner-art-deco-korb-mit-glaseinsatz-wien-nach-1922\/#primaryimage\",\"inLanguage\":\"de\",\"url\":\"https:\/\/annette-ahrens.at\/onlineshop\/wp-content\/uploads\/2024\/07\/IMG_0236-scaled-e1721849415909.jpeg\",\"width\":1659,\"height\":1911,\"caption\":\"henkelkorb_silber_wien\"},{\"@type\":[\"WebPage\",\"ItemPage\"],\"@id\":\"https:\/\/annette-ahrens.at\/onlineshop\/produkt\/grosser-silberner-art-deco-korb-mit-glaseinsatz-wien-nach-1922\/#webpage\",\"url\":\"https:\/\/annette-ahrens.at\/onlineshop\/produkt\/grosser-silberner-art-deco-korb-mit-glaseinsatz-wien-nach-1922\/\",\"name\":\"Gro\\u00dfer silberner Art Deco Korb mit Glaseinsatz, Wien, nach 1922\",\"isPartOf\":{\"@id\":\"https:\/\/annette-ahrens.at\/onlineshop\/#website\"},\"primaryImageOfPage\":{\"@id\":\"https:\/\/annette-ahrens.at\/onlineshop\/produkt\/grosser-silberner-art-deco-korb-mit-glaseinsatz-wien-nach-1922\/#primaryimage\"},\"datePublished\":\"2024-07-24T10:41:16+00:00\",\"dateModified\":\"2025-01-05T19:48:48+00:00\",\"description\":\"Gro\\u00dfer silberner Art Deco Korb mit Glaseinsatz, Wien, nach 1922 \\u2665 Antiquit\\u00e4ten Online kaufen \\u2713 Sichere Lieferung \\u2713\",\"breadcrumb\":{\"@id\":\"https:\/\/annette-ahrens.at\/onlineshop\/produkt\/grosser-silberner-art-deco-korb-mit-glaseinsatz-wien-nach-1922\/#breadcrumb\"},\"inLanguage\":\"de\",\"potentialAction\":[{\"@type\":\"ReadAction\",\"target\":[\"https:\/\/annette-ahrens.at\/onlineshop\/produkt\/grosser-silberner-art-deco-korb-mit-glaseinsatz-wien-nach-1922\/\"]}]},{\"@type\":\"BreadcrumbList\",\"@id\":\"https:\/\/annette-ahrens.at\/onlineshop\/produkt\/grosser-silberner-art-deco-korb-mit-glaseinsatz-wien-nach-1922\/#breadcrumb\",\"itemListElement\":[{\"@type\":\"ListItem\",\"position\":1,\"item\":{\"@type\":\"WebPage\",\"@id\":\"https:\/\/annette-ahrens.at\/onlineshop\/\",\"url\":\"https:\/\/annette-ahrens.at\/onlineshop\/\",\"name\":\"Home\"}},{\"@type\":\"ListItem\",\"position\":2,\"item\":{\"@type\":\"WebPage\",\"@id\":\"https:\/\/annette-ahrens.at\/onlineshop\/alle-tafelkultur-objekte\/\",\"url\":\"https:\/\/annette-ahrens.at\/onlineshop\/alle-tafelkultur-objekte\/\",\"name\":\"Alle Tafelkultur Objekte\"}},{\"@type\":\"ListItem\",\"position\":3,\"item\":{\"@type\":\"WebPage\",\"@id\":\"https:\/\/annette-ahrens.at\/onlineshop\/produkt\/grosser-silberner-art-deco-korb-mit-glaseinsatz-wien-nach-1922\/\",\"url\":\"https:\/\/annette-ahrens.at\/onlineshop\/produkt\/grosser-silberner-art-deco-korb-mit-glaseinsatz-wien-nach-1922\/\",\"name\":\"Gro\\u00dfer silberner Art Deco Korb mit Glaseinsatz, Wien, nach 1922\"}}]}]}<\/script>\n<!-- \/ Yoast SEO Premium plugin. -->","_links":{"self":[{"href":"https:\/\/annette-ahrens.at\/onlineshop\/wp-json\/wp\/v2\/product\/30618","targetHints":{"allow":["GET"]}}],"collection":[{"href":"https:\/\/annette-ahrens.at\/onlineshop\/wp-json\/wp\/v2\/product"}],"about":[{"href":"https:\/\/annette-ahrens.at\/onlineshop\/wp-json\/wp\/v2\/types\/product"}],"replies":[{"embeddable":true,"href":"https:\/\/annette-ahrens.at\/onlineshop\/wp-json\/wp\/v2\/comments?post=30618"}],"wp:featuredmedia":[{"embeddable":true,"href":"https:\/\/annette-ahrens.at\/onlineshop\/wp-json\/wp\/v2\/media\/30629"}],"wp:attachment":[{"href":"https:\/\/annette-ahrens.at\/onlineshop\/wp-json\/wp\/v2\/media?parent=30618"}],"wp:term":[{"taxonomy":"product_brand","embeddable":true,"href":"https:\/\/annette-ahrens.at\/onlineshop\/wp-json\/wp\/v2\/product_brand?post=30618"},{"taxonomy":"product_cat","embeddable":true,"href":"https:\/\/annette-ahrens.at\/onlineshop\/wp-json\/wp\/v2\/product_cat?post=30618"},{"taxonomy":"product_tag","embeddable":true,"href":"https:\/\/annette-ahrens.at\/onlineshop\/wp-json\/wp\/v2\/product_tag?post=30618"}],"curies":[{"name":"wp","href":"https:\/\/api.w.org\/{rel}","templated":true}]}}