{"id":30633,"date":"2024-07-28T08:56:49","date_gmt":"2024-07-28T06:56:49","guid":{"rendered":"https:\/\/annette-ahrens.at\/onlineshop\/?post_type=product&#038;p=30633"},"modified":"2024-07-29T11:26:38","modified_gmt":"2024-07-29T09:26:38","slug":"3-teiliges-versilbertes-art-deco-teeservice-england-um-1920-3","status":"publish","type":"product","link":"https:\/\/annette-ahrens.at\/onlineshop\/produkt\/3-teiliges-versilbertes-art-deco-teeservice-england-um-1920-3\/","title":{"rendered":"3 teiliges, versilbertes Art Deco Teeservice, England, um 1920"},"content":{"rendered":"<p>3 teiliges, versilbertes Art Deco Teeservice<\/p>\n<p>England, um 1920<\/p>\n<p>Kupfer, versilbert, isolierender Henkel und Knauf aus geschnitztem Ebenholz, runder Gef\u00e4\u00dfk\u00f6rper, Scharnierdeckel; alle Teile gemarkt mit englischer Herstellermarke &#8222;YEOMAN PLATE&#8220; und &#8222;MADE IN ENGLAND EPNS&#8220;, Service bestehend aus Teekanne, Milchkanne und Zuckerdose, tadelloser Erhaltungszustand<\/p>\n<p>H\u00f6he Teekanne: 17 cm<\/p>\n<p>&nbsp;<\/p>\n","protected":false},"excerpt":{"rendered":"<p>Annettes Etikette: Immer sch\u00f6n, so ein versilbertes Art Deco Service bei einer Einladung zum 5\u00b4o clock Tea zu verwenden. Auf alle F\u00e4lle bleibt der Tee dank der Leiteigenschaft des Metalls l\u00e4nger warm. Ein Muss f\u00fcr Teeliebhaber.<\/p>\n","protected":false},"featured_media":30634,"comment_status":"open","ping_status":"closed","template":"","meta":[],"product_brand":[],"product_cat":[25,297,18,37,148,154,155,156,132,38,268,149,271,53,157,158],"product_tag":[],"class_list":{"0":"post-30633","1":"product","2":"type-product","3":"status-publish","4":"has-post-thumbnail","6":"product_cat-5o-clock-tea","7":"product_cat-adventjause","8":"product_cat-fruehstueck","9":"product_cat-kaffee","10":"product_cat-kaffeekannen","11":"product_cat-milch","12":"product_cat-milchgiesser","13":"product_cat-milchkanne","14":"product_cat-silber","15":"product_cat-tee","16":"product_cat-tee-5o-clock-tea","17":"product_cat-teekanne","18":"product_cat-teekessel","19":"product_cat-weihnachten","20":"product_cat-zucker-fruehstueck","21":"product_cat-zuckerdose","23":"first","24":"instock","25":"purchasable","26":"product-type-simple"},"yoast_head":"<!-- This site is optimized with the Yoast SEO Premium plugin v15.8.2 - https:\/\/yoast.com\/wordpress\/plugins\/seo\/ -->\n<title>3 teiliges, versilbertes Art Deco Teeservice, England, um 1920<\/title>\n<meta name=\"description\" content=\"3 teiliges, versilbertes Art Deco Teeservice, England, um 1920 \u2665 Antiquit\u00e4ten Online kaufen \u2713 Sichere Lieferung \u2713\" \/>\n<meta name=\"robots\" content=\"index, follow, max-snippet:-1, max-image-preview:large, max-video-preview:-1\" \/>\n<link rel=\"canonical\" href=\"https:\/\/annette-ahrens.at\/onlineshop\/produkt\/3-teiliges-versilbertes-art-deco-teeservice-england-um-1920-3\/\" \/>\n<meta property=\"og:locale\" content=\"de_DE\" \/>\n<meta property=\"og:type\" content=\"article\" \/>\n<meta property=\"og:title\" content=\"3 teiliges, versilbertes Art Deco Teeservice, England, um 1920\" \/>\n<meta property=\"og:description\" content=\"3 teiliges, versilbertes Art Deco Teeservice, England, um 1920 \u2665 Antiquit\u00e4ten Online kaufen \u2713 Sichere Lieferung \u2713\" \/>\n<meta property=\"og:url\" content=\"https:\/\/annette-ahrens.at\/onlineshop\/produkt\/3-teiliges-versilbertes-art-deco-teeservice-england-um-1920-3\/\" \/>\n<meta property=\"og:site_name\" content=\"Tafelkultur Onlineshop\" \/>\n<meta property=\"article:publisher\" content=\"https:\/\/www.facebook.com\/AnnetteAhrensTafelkultur\" \/>\n<meta property=\"article:modified_time\" content=\"2024-07-29T09:26:38+00:00\" \/>\n<meta property=\"og:image\" content=\"https:\/\/annette-ahrens.at\/onlineshop\/wp-content\/uploads\/2024\/07\/IMG_0293-scaled.jpeg\" \/>\n\t<meta property=\"og:image:width\" content=\"2560\" \/>\n\t<meta property=\"og:image:height\" content=\"2007\" \/>\n<meta name=\"twitter:card\" content=\"summary_large_image\" \/>\n<meta name=\"twitter:label1\" content=\"Gesch\u00e4tzte Lesezeit\">\n\t<meta name=\"twitter:data1\" content=\"1\u00a0Minute\">\n<script type=\"application\/ld+json\" class=\"yoast-schema-graph\">{\"@context\":\"https:\/\/schema.org\",\"@graph\":[{\"@type\":[\"Person\",\"Organization\"],\"@id\":\"https:\/\/annette-ahrens.at\/onlineshop\/#\/schema\/person\/3e19676faae246bba0cb3b7e15f427d8\",\"name\":\"Annette Ahrens\",\"image\":{\"@type\":\"ImageObject\",\"@id\":\"https:\/\/annette-ahrens.at\/onlineshop\/#personlogo\",\"inLanguage\":\"de\",\"url\":\"https:\/\/annette-ahrens.at\/onlineshop\/wp-content\/uploads\/2020\/04\/aa_logo_End.png\",\"width\":800,\"height\":164,\"caption\":\"Annette Ahrens\"},\"logo\":{\"@id\":\"https:\/\/annette-ahrens.at\/onlineshop\/#personlogo\"},\"sameAs\":[\"https:\/\/annette-ahrens.at\",\"https:\/\/www.facebook.com\/AnnetteAhrensTafelkultur\",\"https:\/\/www.instagram.com\/tafelkulturistin\/\",\"https:\/\/de.wikipedia.org\/wiki\/Annette_Ahrens\"]},{\"@type\":\"WebSite\",\"@id\":\"https:\/\/annette-ahrens.at\/onlineshop\/#website\",\"url\":\"https:\/\/annette-ahrens.at\/onlineshop\/\",\"name\":\"Tafelkultur Onlineshop\",\"description\":\"Annette Ahrens\",\"publisher\":{\"@id\":\"https:\/\/annette-ahrens.at\/onlineshop\/#\/schema\/person\/3e19676faae246bba0cb3b7e15f427d8\"},\"potentialAction\":[{\"@type\":\"SearchAction\",\"target\":\"https:\/\/annette-ahrens.at\/onlineshop\/?s={search_term_string}\",\"query-input\":\"required name=search_term_string\"}],\"inLanguage\":\"de\"},{\"@type\":\"ImageObject\",\"@id\":\"https:\/\/annette-ahrens.at\/onlineshop\/produkt\/3-teiliges-versilbertes-art-deco-teeservice-england-um-1920-3\/#primaryimage\",\"inLanguage\":\"de\",\"url\":\"https:\/\/annette-ahrens.at\/onlineshop\/wp-content\/uploads\/2024\/07\/IMG_0293-scaled.jpeg\",\"width\":2560,\"height\":2007,\"caption\":\"teeservice_versilbert_england\"},{\"@type\":[\"WebPage\",\"ItemPage\"],\"@id\":\"https:\/\/annette-ahrens.at\/onlineshop\/produkt\/3-teiliges-versilbertes-art-deco-teeservice-england-um-1920-3\/#webpage\",\"url\":\"https:\/\/annette-ahrens.at\/onlineshop\/produkt\/3-teiliges-versilbertes-art-deco-teeservice-england-um-1920-3\/\",\"name\":\"3 teiliges, versilbertes Art Deco Teeservice, England, um 1920\",\"isPartOf\":{\"@id\":\"https:\/\/annette-ahrens.at\/onlineshop\/#website\"},\"primaryImageOfPage\":{\"@id\":\"https:\/\/annette-ahrens.at\/onlineshop\/produkt\/3-teiliges-versilbertes-art-deco-teeservice-england-um-1920-3\/#primaryimage\"},\"datePublished\":\"2024-07-28T06:56:49+00:00\",\"dateModified\":\"2024-07-29T09:26:38+00:00\",\"description\":\"3 teiliges, versilbertes Art Deco Teeservice, England, um 1920 \\u2665 Antiquit\\u00e4ten Online kaufen \\u2713 Sichere Lieferung \\u2713\",\"breadcrumb\":{\"@id\":\"https:\/\/annette-ahrens.at\/onlineshop\/produkt\/3-teiliges-versilbertes-art-deco-teeservice-england-um-1920-3\/#breadcrumb\"},\"inLanguage\":\"de\",\"potentialAction\":[{\"@type\":\"ReadAction\",\"target\":[\"https:\/\/annette-ahrens.at\/onlineshop\/produkt\/3-teiliges-versilbertes-art-deco-teeservice-england-um-1920-3\/\"]}]},{\"@type\":\"BreadcrumbList\",\"@id\":\"https:\/\/annette-ahrens.at\/onlineshop\/produkt\/3-teiliges-versilbertes-art-deco-teeservice-england-um-1920-3\/#breadcrumb\",\"itemListElement\":[{\"@type\":\"ListItem\",\"position\":1,\"item\":{\"@type\":\"WebPage\",\"@id\":\"https:\/\/annette-ahrens.at\/onlineshop\/\",\"url\":\"https:\/\/annette-ahrens.at\/onlineshop\/\",\"name\":\"Home\"}},{\"@type\":\"ListItem\",\"position\":2,\"item\":{\"@type\":\"WebPage\",\"@id\":\"https:\/\/annette-ahrens.at\/onlineshop\/alle-tafelkultur-objekte\/\",\"url\":\"https:\/\/annette-ahrens.at\/onlineshop\/alle-tafelkultur-objekte\/\",\"name\":\"Alle Tafelkultur Objekte\"}},{\"@type\":\"ListItem\",\"position\":3,\"item\":{\"@type\":\"WebPage\",\"@id\":\"https:\/\/annette-ahrens.at\/onlineshop\/produkt\/3-teiliges-versilbertes-art-deco-teeservice-england-um-1920-3\/\",\"url\":\"https:\/\/annette-ahrens.at\/onlineshop\/produkt\/3-teiliges-versilbertes-art-deco-teeservice-england-um-1920-3\/\",\"name\":\"3 teiliges, versilbertes Art Deco Teeservice, England, um 1920\"}}]}]}<\/script>\n<!-- \/ Yoast SEO Premium plugin. -->","_links":{"self":[{"href":"https:\/\/annette-ahrens.at\/onlineshop\/wp-json\/wp\/v2\/product\/30633","targetHints":{"allow":["GET"]}}],"collection":[{"href":"https:\/\/annette-ahrens.at\/onlineshop\/wp-json\/wp\/v2\/product"}],"about":[{"href":"https:\/\/annette-ahrens.at\/onlineshop\/wp-json\/wp\/v2\/types\/product"}],"replies":[{"embeddable":true,"href":"https:\/\/annette-ahrens.at\/onlineshop\/wp-json\/wp\/v2\/comments?post=30633"}],"wp:featuredmedia":[{"embeddable":true,"href":"https:\/\/annette-ahrens.at\/onlineshop\/wp-json\/wp\/v2\/media\/30634"}],"wp:attachment":[{"href":"https:\/\/annette-ahrens.at\/onlineshop\/wp-json\/wp\/v2\/media?parent=30633"}],"wp:term":[{"taxonomy":"product_brand","embeddable":true,"href":"https:\/\/annette-ahrens.at\/onlineshop\/wp-json\/wp\/v2\/product_brand?post=30633"},{"taxonomy":"product_cat","embeddable":true,"href":"https:\/\/annette-ahrens.at\/onlineshop\/wp-json\/wp\/v2\/product_cat?post=30633"},{"taxonomy":"product_tag","embeddable":true,"href":"https:\/\/annette-ahrens.at\/onlineshop\/wp-json\/wp\/v2\/product_tag?post=30633"}],"curies":[{"name":"wp","href":"https:\/\/api.w.org\/{rel}","templated":true}]}}