{"id":30670,"date":"2024-07-31T13:36:15","date_gmt":"2024-07-31T11:36:15","guid":{"rendered":"https:\/\/annette-ahrens.at\/onlineshop\/?post_type=product&#038;p=30670"},"modified":"2026-01-10T16:18:08","modified_gmt":"2026-01-10T15:18:08","slug":"grosser-silberner-historismus-teekessel-gebrueder-frank-wien-1872-1922","status":"publish","type":"product","link":"https:\/\/annette-ahrens.at\/onlineshop\/produkt\/grosser-silberner-historismus-teekessel-gebrueder-frank-wien-1872-1922\/","title":{"rendered":"Gro\u00dfer silberner Historismus Teekessel, Gebr\u00fcder Frank, Wien, 1872 &#8211; 1922"},"content":{"rendered":"<p>Gro\u00dfer silberner Historismus Teekessel<\/p>\n<p>Gebr\u00fcder Frank, Wien, \u00d6sterreich, 1872 &#8211; 1922<\/p>\n<p>massives Silber, Teekessel mit gebauchter Wandung, runder Scharnierdeckel, frontseitige Gravur des Besitzerwappens, Brenner die Form des Teekessels aufgreifend, Beingriffe, \u00d6se f\u00fcr Docht mit Verschlussmechanismus, gemarkt mit Wiener Dianakopfpunze, Firmenzeichen Gebr\u00fcder Frank, tadelloser Erhaltungszustand<\/p>\n<p>H 56 cm<\/p>\n<p>B 31 cm<\/p>\n<p>3.233 g<\/p>\n","protected":false},"excerpt":{"rendered":"<p>Annettes Etikette: Die Gold- und Silberwarenfabrik der Br\u00fcder Frank wurde 1887 in Wien gegr\u00fcndet, ihre Niederlassung befand sich im 6. Wiener Gemeindebezirk.\u00a0Die Firma exportierte nach Deutschland, Holland, in die Schweiz aber auch nach Russland. 1889 waren die Br\u00fcder Frank auf der \u201eSpecial-Ausstellung \u00f6sterreichischer Kunstgewerbe\u201c im \u00d6sterreichischen Museum f\u00fcr Kunst und Industrie, heute MAK vertreten, sowie an der 1914 veranstalteten Ausstellung der \u00f6sterreichischen Kunstindustrie 1850-1914.<\/p>\n","protected":false},"featured_media":30672,"comment_status":"open","ping_status":"closed","template":"","meta":[],"product_brand":[],"product_cat":[32,291,282,273,296,131,53],"product_tag":[],"class_list":{"0":"post-30670","1":"product","2":"type-product","3":"status-publish","4":"has-post-thumbnail","6":"product_cat-festefeiern","7":"product_cat-hochzeit","8":"product_cat-jardiniere","9":"product_cat-silber-fachbuecher","10":"product_cat-silvester","11":"product_cat-tafeldekorationen","12":"product_cat-weihnachten","14":"first","15":"instock","16":"sold-individually","17":"purchasable","18":"product-type-simple"},"yoast_head":"<!-- This site is optimized with the Yoast SEO Premium plugin v15.8.2 - https:\/\/yoast.com\/wordpress\/plugins\/seo\/ -->\n<title>Gro\u00dfer silberner Historismus Teekessel, Gebr\u00fcder Frank, Wien, 1872 - 1922<\/title>\n<meta name=\"description\" content=\"Gro\u00dfer silberner Historismus Teekessel, Gebr\u00fcder Frank, Wien, 1872 - 1922 \u2665 Antiquit\u00e4ten Online kaufen \u2713 Sichere Lieferung \u2713\" \/>\n<meta name=\"robots\" content=\"index, follow, max-snippet:-1, max-image-preview:large, max-video-preview:-1\" \/>\n<link rel=\"canonical\" href=\"https:\/\/annette-ahrens.at\/onlineshop\/produkt\/grosser-silberner-historismus-teekessel-gebrueder-frank-wien-1872-1922\/\" \/>\n<meta property=\"og:locale\" content=\"de_DE\" \/>\n<meta property=\"og:type\" content=\"article\" \/>\n<meta property=\"og:title\" content=\"Gro\u00dfer silberner Historismus Teekessel, Gebr\u00fcder Frank, Wien, 1872 - 1922\" \/>\n<meta property=\"og:description\" content=\"Gro\u00dfer silberner Historismus Teekessel, Gebr\u00fcder Frank, Wien, 1872 - 1922 \u2665 Antiquit\u00e4ten Online kaufen \u2713 Sichere Lieferung \u2713\" \/>\n<meta property=\"og:url\" content=\"https:\/\/annette-ahrens.at\/onlineshop\/produkt\/grosser-silberner-historismus-teekessel-gebrueder-frank-wien-1872-1922\/\" \/>\n<meta property=\"og:site_name\" content=\"Tafelkultur Onlineshop\" \/>\n<meta property=\"article:publisher\" content=\"https:\/\/www.facebook.com\/AnnetteAhrensTafelkultur\" \/>\n<meta property=\"article:modified_time\" content=\"2026-01-10T15:18:08+00:00\" \/>\n<meta property=\"og:image\" content=\"https:\/\/annette-ahrens.at\/onlineshop\/wp-content\/uploads\/2024\/07\/IMG_0352-scaled.jpeg\" \/>\n\t<meta property=\"og:image:width\" content=\"1920\" \/>\n\t<meta property=\"og:image:height\" content=\"2560\" \/>\n<meta name=\"twitter:card\" content=\"summary_large_image\" \/>\n<meta name=\"twitter:label1\" content=\"Gesch\u00e4tzte Lesezeit\">\n\t<meta name=\"twitter:data1\" content=\"1\u00a0Minute\">\n<script type=\"application\/ld+json\" class=\"yoast-schema-graph\">{\"@context\":\"https:\/\/schema.org\",\"@graph\":[{\"@type\":[\"Person\",\"Organization\"],\"@id\":\"https:\/\/annette-ahrens.at\/onlineshop\/#\/schema\/person\/3e19676faae246bba0cb3b7e15f427d8\",\"name\":\"Annette Ahrens\",\"image\":{\"@type\":\"ImageObject\",\"@id\":\"https:\/\/annette-ahrens.at\/onlineshop\/#personlogo\",\"inLanguage\":\"de\",\"url\":\"https:\/\/annette-ahrens.at\/onlineshop\/wp-content\/uploads\/2020\/04\/aa_logo_End.png\",\"width\":800,\"height\":164,\"caption\":\"Annette Ahrens\"},\"logo\":{\"@id\":\"https:\/\/annette-ahrens.at\/onlineshop\/#personlogo\"},\"sameAs\":[\"https:\/\/annette-ahrens.at\",\"https:\/\/www.facebook.com\/AnnetteAhrensTafelkultur\",\"https:\/\/www.instagram.com\/tafelkulturistin\/\",\"https:\/\/de.wikipedia.org\/wiki\/Annette_Ahrens\"]},{\"@type\":\"WebSite\",\"@id\":\"https:\/\/annette-ahrens.at\/onlineshop\/#website\",\"url\":\"https:\/\/annette-ahrens.at\/onlineshop\/\",\"name\":\"Tafelkultur Onlineshop\",\"description\":\"Annette Ahrens\",\"publisher\":{\"@id\":\"https:\/\/annette-ahrens.at\/onlineshop\/#\/schema\/person\/3e19676faae246bba0cb3b7e15f427d8\"},\"potentialAction\":[{\"@type\":\"SearchAction\",\"target\":\"https:\/\/annette-ahrens.at\/onlineshop\/?s={search_term_string}\",\"query-input\":\"required name=search_term_string\"}],\"inLanguage\":\"de\"},{\"@type\":\"ImageObject\",\"@id\":\"https:\/\/annette-ahrens.at\/onlineshop\/produkt\/grosser-silberner-historismus-teekessel-gebrueder-frank-wien-1872-1922\/#primaryimage\",\"inLanguage\":\"de\",\"url\":\"https:\/\/annette-ahrens.at\/onlineshop\/wp-content\/uploads\/2024\/07\/IMG_0352-scaled.jpeg\",\"width\":1920,\"height\":2560,\"caption\":\"teekessel_silber_frank\"},{\"@type\":[\"WebPage\",\"ItemPage\"],\"@id\":\"https:\/\/annette-ahrens.at\/onlineshop\/produkt\/grosser-silberner-historismus-teekessel-gebrueder-frank-wien-1872-1922\/#webpage\",\"url\":\"https:\/\/annette-ahrens.at\/onlineshop\/produkt\/grosser-silberner-historismus-teekessel-gebrueder-frank-wien-1872-1922\/\",\"name\":\"Gro\\u00dfer silberner Historismus Teekessel, Gebr\\u00fcder Frank, Wien, 1872 - 1922\",\"isPartOf\":{\"@id\":\"https:\/\/annette-ahrens.at\/onlineshop\/#website\"},\"primaryImageOfPage\":{\"@id\":\"https:\/\/annette-ahrens.at\/onlineshop\/produkt\/grosser-silberner-historismus-teekessel-gebrueder-frank-wien-1872-1922\/#primaryimage\"},\"datePublished\":\"2024-07-31T11:36:15+00:00\",\"dateModified\":\"2026-01-10T15:18:08+00:00\",\"description\":\"Gro\\u00dfer silberner Historismus Teekessel, Gebr\\u00fcder Frank, Wien, 1872 - 1922 \\u2665 Antiquit\\u00e4ten Online kaufen \\u2713 Sichere Lieferung \\u2713\",\"breadcrumb\":{\"@id\":\"https:\/\/annette-ahrens.at\/onlineshop\/produkt\/grosser-silberner-historismus-teekessel-gebrueder-frank-wien-1872-1922\/#breadcrumb\"},\"inLanguage\":\"de\",\"potentialAction\":[{\"@type\":\"ReadAction\",\"target\":[\"https:\/\/annette-ahrens.at\/onlineshop\/produkt\/grosser-silberner-historismus-teekessel-gebrueder-frank-wien-1872-1922\/\"]}]},{\"@type\":\"BreadcrumbList\",\"@id\":\"https:\/\/annette-ahrens.at\/onlineshop\/produkt\/grosser-silberner-historismus-teekessel-gebrueder-frank-wien-1872-1922\/#breadcrumb\",\"itemListElement\":[{\"@type\":\"ListItem\",\"position\":1,\"item\":{\"@type\":\"WebPage\",\"@id\":\"https:\/\/annette-ahrens.at\/onlineshop\/\",\"url\":\"https:\/\/annette-ahrens.at\/onlineshop\/\",\"name\":\"Home\"}},{\"@type\":\"ListItem\",\"position\":2,\"item\":{\"@type\":\"WebPage\",\"@id\":\"https:\/\/annette-ahrens.at\/onlineshop\/alle-tafelkultur-objekte\/\",\"url\":\"https:\/\/annette-ahrens.at\/onlineshop\/alle-tafelkultur-objekte\/\",\"name\":\"Alle Tafelkultur Objekte\"}},{\"@type\":\"ListItem\",\"position\":3,\"item\":{\"@type\":\"WebPage\",\"@id\":\"https:\/\/annette-ahrens.at\/onlineshop\/produkt\/grosser-silberner-historismus-teekessel-gebrueder-frank-wien-1872-1922\/\",\"url\":\"https:\/\/annette-ahrens.at\/onlineshop\/produkt\/grosser-silberner-historismus-teekessel-gebrueder-frank-wien-1872-1922\/\",\"name\":\"Gro\\u00dfer silberner Historismus Teekessel, Gebr\\u00fcder Frank, Wien, 1872 &#8211; 1922\"}}]}]}<\/script>\n<!-- \/ Yoast SEO Premium plugin. -->","_links":{"self":[{"href":"https:\/\/annette-ahrens.at\/onlineshop\/wp-json\/wp\/v2\/product\/30670","targetHints":{"allow":["GET"]}}],"collection":[{"href":"https:\/\/annette-ahrens.at\/onlineshop\/wp-json\/wp\/v2\/product"}],"about":[{"href":"https:\/\/annette-ahrens.at\/onlineshop\/wp-json\/wp\/v2\/types\/product"}],"replies":[{"embeddable":true,"href":"https:\/\/annette-ahrens.at\/onlineshop\/wp-json\/wp\/v2\/comments?post=30670"}],"wp:featuredmedia":[{"embeddable":true,"href":"https:\/\/annette-ahrens.at\/onlineshop\/wp-json\/wp\/v2\/media\/30672"}],"wp:attachment":[{"href":"https:\/\/annette-ahrens.at\/onlineshop\/wp-json\/wp\/v2\/media?parent=30670"}],"wp:term":[{"taxonomy":"product_brand","embeddable":true,"href":"https:\/\/annette-ahrens.at\/onlineshop\/wp-json\/wp\/v2\/product_brand?post=30670"},{"taxonomy":"product_cat","embeddable":true,"href":"https:\/\/annette-ahrens.at\/onlineshop\/wp-json\/wp\/v2\/product_cat?post=30670"},{"taxonomy":"product_tag","embeddable":true,"href":"https:\/\/annette-ahrens.at\/onlineshop\/wp-json\/wp\/v2\/product_tag?post=30670"}],"curies":[{"name":"wp","href":"https:\/\/api.w.org\/{rel}","templated":true}]}}