{"id":30784,"date":"2024-08-21T06:25:04","date_gmt":"2024-08-21T04:25:04","guid":{"rendered":"https:\/\/annette-ahrens.at\/onlineshop\/?post_type=product&#038;p=30784"},"modified":"2024-08-24T22:43:05","modified_gmt":"2024-08-24T20:43:05","slug":"versilberter-tantalos-fuer-drei-karaffen-sheffield-england-um-1900-3","status":"publish","type":"product","link":"https:\/\/annette-ahrens.at\/onlineshop\/produkt\/versilberter-tantalos-fuer-drei-karaffen-sheffield-england-um-1900-3\/","title":{"rendered":"Versilberter \u201eTantalos\u201c f\u00fcr drei Karaffen, Sheffield, England, um 1900"},"content":{"rendered":"<p>Versilberter \u201eTantalos\u201c f\u00fcr drei Karaffen<\/p>\n<p>Roberts &amp; Belk, Sheffield, England, um 1900<\/p>\n<p>3 geschliffene, quadratische Karaffen mit runden Stoppeln aus farblosem Glas (etwas getr\u00fcbt), versilberte Halterung mit Griff, seitliches Scharnier zum \u00d6ffnen der gesicherten Flaschen, gemarkt mit englischer Herstellermarke R &amp; B f\u00fcr Roberts &amp; Belk, Sheffield, funktionierendes Schlo\u00df mit passendem Schl\u00fcssel, feine Gravur mit Bl\u00fcten, handpolierter Zustand mit altersbedingtem Abrieb<\/p>\n<p>H\u00f6he 32,5 cm Breite 13 cm L\u00e4nge 31 cm<\/p>\n<p>F\u00fcllverm\u00f6gen pro Karaffe 600 ml<\/p>\n","protected":false},"excerpt":{"rendered":"<p>Annettes Etikette: Der Begriff \u00a0&#8222;Tantalos&#8220; bezieht sich eigentlich auf Modelle, die in der Halterung einen speziellen Verschlussmechanismus verbergen, die dem Interessenten f\u00fcr den Inhalt der Karaffen den Zugang deutlich erschweren, bzw. das Desiderat als unerreichbare Sehnsucht belassen.<\/p>\n","protected":false},"featured_media":31296,"comment_status":"open","ping_status":"closed","template":"","meta":[],"product_brand":[],"product_cat":[276,219,27,299,216,275,291,295,222,218,229,53],"product_tag":[],"class_list":{"0":"post-30784","1":"product","2":"type-product","3":"status-publish","4":"has-post-thumbnail","6":"product_cat-alpacca","7":"product_cat-barutensilien","8":"product_cat-barware","9":"product_cat-cocktailparty","10":"product_cat-digestif","11":"product_cat-glas-fachbuecher","12":"product_cat-hochzeit","13":"product_cat-jagdeinladung","14":"product_cat-karaffe","15":"product_cat-schnaps","16":"product_cat-tantalos","17":"product_cat-weihnachten","19":"first","20":"instock","21":"sold-individually","22":"purchasable","23":"product-type-simple"},"yoast_head":"<!-- This site is optimized with the Yoast SEO Premium plugin v15.8.2 - https:\/\/yoast.com\/wordpress\/plugins\/seo\/ -->\n<title>Versilberter \u201eTantalos\u201c f\u00fcr drei Karaffen, Sheffield, England, um 1900<\/title>\n<meta name=\"description\" content=\"Versilberter \u201eTantalos\u201c f\u00fcr drei Karaffen, Sheffield, England, um 1900 \u2665 Antiquit\u00e4ten Online kaufen \u2713 Sichere Lieferung \u2713\" \/>\n<meta name=\"robots\" content=\"index, follow, max-snippet:-1, max-image-preview:large, max-video-preview:-1\" \/>\n<link rel=\"canonical\" href=\"https:\/\/annette-ahrens.at\/onlineshop\/produkt\/versilberter-tantalos-fuer-drei-karaffen-sheffield-england-um-1900-3\/\" \/>\n<meta property=\"og:locale\" content=\"de_DE\" \/>\n<meta property=\"og:type\" content=\"article\" \/>\n<meta property=\"og:title\" content=\"Versilberter \u201eTantalos\u201c f\u00fcr drei Karaffen, Sheffield, England, um 1900\" \/>\n<meta property=\"og:description\" content=\"Versilberter \u201eTantalos\u201c f\u00fcr drei Karaffen, Sheffield, England, um 1900 \u2665 Antiquit\u00e4ten Online kaufen \u2713 Sichere Lieferung \u2713\" \/>\n<meta property=\"og:url\" content=\"https:\/\/annette-ahrens.at\/onlineshop\/produkt\/versilberter-tantalos-fuer-drei-karaffen-sheffield-england-um-1900-3\/\" \/>\n<meta property=\"og:site_name\" content=\"Tafelkultur Onlineshop\" \/>\n<meta property=\"article:publisher\" content=\"https:\/\/www.facebook.com\/AnnetteAhrensTafelkultur\" \/>\n<meta property=\"article:modified_time\" content=\"2024-08-24T20:43:05+00:00\" \/>\n<meta property=\"og:image\" content=\"https:\/\/annette-ahrens.at\/onlineshop\/wp-content\/uploads\/2024\/08\/IMG_0865-scaled.jpeg\" \/>\n\t<meta property=\"og:image:width\" content=\"1920\" \/>\n\t<meta property=\"og:image:height\" content=\"2560\" \/>\n<meta name=\"twitter:card\" content=\"summary_large_image\" \/>\n<meta name=\"twitter:label1\" content=\"Gesch\u00e4tzte Lesezeit\">\n\t<meta name=\"twitter:data1\" content=\"1\u00a0Minute\">\n<script type=\"application\/ld+json\" class=\"yoast-schema-graph\">{\"@context\":\"https:\/\/schema.org\",\"@graph\":[{\"@type\":[\"Person\",\"Organization\"],\"@id\":\"https:\/\/annette-ahrens.at\/onlineshop\/#\/schema\/person\/3e19676faae246bba0cb3b7e15f427d8\",\"name\":\"Annette Ahrens\",\"image\":{\"@type\":\"ImageObject\",\"@id\":\"https:\/\/annette-ahrens.at\/onlineshop\/#personlogo\",\"inLanguage\":\"de\",\"url\":\"https:\/\/annette-ahrens.at\/onlineshop\/wp-content\/uploads\/2020\/04\/aa_logo_End.png\",\"width\":800,\"height\":164,\"caption\":\"Annette Ahrens\"},\"logo\":{\"@id\":\"https:\/\/annette-ahrens.at\/onlineshop\/#personlogo\"},\"sameAs\":[\"https:\/\/annette-ahrens.at\",\"https:\/\/www.facebook.com\/AnnetteAhrensTafelkultur\",\"https:\/\/www.instagram.com\/tafelkulturistin\/\",\"https:\/\/de.wikipedia.org\/wiki\/Annette_Ahrens\"]},{\"@type\":\"WebSite\",\"@id\":\"https:\/\/annette-ahrens.at\/onlineshop\/#website\",\"url\":\"https:\/\/annette-ahrens.at\/onlineshop\/\",\"name\":\"Tafelkultur Onlineshop\",\"description\":\"Annette Ahrens\",\"publisher\":{\"@id\":\"https:\/\/annette-ahrens.at\/onlineshop\/#\/schema\/person\/3e19676faae246bba0cb3b7e15f427d8\"},\"potentialAction\":[{\"@type\":\"SearchAction\",\"target\":\"https:\/\/annette-ahrens.at\/onlineshop\/?s={search_term_string}\",\"query-input\":\"required name=search_term_string\"}],\"inLanguage\":\"de\"},{\"@type\":\"ImageObject\",\"@id\":\"https:\/\/annette-ahrens.at\/onlineshop\/produkt\/versilberter-tantalos-fuer-drei-karaffen-sheffield-england-um-1900-3\/#primaryimage\",\"inLanguage\":\"de\",\"url\":\"https:\/\/annette-ahrens.at\/onlineshop\/wp-content\/uploads\/2024\/08\/IMG_0865-scaled.jpeg\",\"width\":1920,\"height\":2560,\"caption\":\"tantalos_england_versilbert\"},{\"@type\":[\"WebPage\",\"ItemPage\"],\"@id\":\"https:\/\/annette-ahrens.at\/onlineshop\/produkt\/versilberter-tantalos-fuer-drei-karaffen-sheffield-england-um-1900-3\/#webpage\",\"url\":\"https:\/\/annette-ahrens.at\/onlineshop\/produkt\/versilberter-tantalos-fuer-drei-karaffen-sheffield-england-um-1900-3\/\",\"name\":\"Versilberter \\u201eTantalos\\u201c f\\u00fcr drei Karaffen, Sheffield, England, um 1900\",\"isPartOf\":{\"@id\":\"https:\/\/annette-ahrens.at\/onlineshop\/#website\"},\"primaryImageOfPage\":{\"@id\":\"https:\/\/annette-ahrens.at\/onlineshop\/produkt\/versilberter-tantalos-fuer-drei-karaffen-sheffield-england-um-1900-3\/#primaryimage\"},\"datePublished\":\"2024-08-21T04:25:04+00:00\",\"dateModified\":\"2024-08-24T20:43:05+00:00\",\"description\":\"Versilberter \\u201eTantalos\\u201c f\\u00fcr drei Karaffen, Sheffield, England, um 1900 \\u2665 Antiquit\\u00e4ten Online kaufen \\u2713 Sichere Lieferung \\u2713\",\"breadcrumb\":{\"@id\":\"https:\/\/annette-ahrens.at\/onlineshop\/produkt\/versilberter-tantalos-fuer-drei-karaffen-sheffield-england-um-1900-3\/#breadcrumb\"},\"inLanguage\":\"de\",\"potentialAction\":[{\"@type\":\"ReadAction\",\"target\":[\"https:\/\/annette-ahrens.at\/onlineshop\/produkt\/versilberter-tantalos-fuer-drei-karaffen-sheffield-england-um-1900-3\/\"]}]},{\"@type\":\"BreadcrumbList\",\"@id\":\"https:\/\/annette-ahrens.at\/onlineshop\/produkt\/versilberter-tantalos-fuer-drei-karaffen-sheffield-england-um-1900-3\/#breadcrumb\",\"itemListElement\":[{\"@type\":\"ListItem\",\"position\":1,\"item\":{\"@type\":\"WebPage\",\"@id\":\"https:\/\/annette-ahrens.at\/onlineshop\/\",\"url\":\"https:\/\/annette-ahrens.at\/onlineshop\/\",\"name\":\"Home\"}},{\"@type\":\"ListItem\",\"position\":2,\"item\":{\"@type\":\"WebPage\",\"@id\":\"https:\/\/annette-ahrens.at\/onlineshop\/alle-tafelkultur-objekte\/\",\"url\":\"https:\/\/annette-ahrens.at\/onlineshop\/alle-tafelkultur-objekte\/\",\"name\":\"Alle Tafelkultur Objekte\"}},{\"@type\":\"ListItem\",\"position\":3,\"item\":{\"@type\":\"WebPage\",\"@id\":\"https:\/\/annette-ahrens.at\/onlineshop\/produkt\/versilberter-tantalos-fuer-drei-karaffen-sheffield-england-um-1900-3\/\",\"url\":\"https:\/\/annette-ahrens.at\/onlineshop\/produkt\/versilberter-tantalos-fuer-drei-karaffen-sheffield-england-um-1900-3\/\",\"name\":\"Versilberter \\u201eTantalos\\u201c f\\u00fcr drei Karaffen, Sheffield, England, um 1900\"}}]}]}<\/script>\n<!-- \/ Yoast SEO Premium plugin. -->","_links":{"self":[{"href":"https:\/\/annette-ahrens.at\/onlineshop\/wp-json\/wp\/v2\/product\/30784","targetHints":{"allow":["GET"]}}],"collection":[{"href":"https:\/\/annette-ahrens.at\/onlineshop\/wp-json\/wp\/v2\/product"}],"about":[{"href":"https:\/\/annette-ahrens.at\/onlineshop\/wp-json\/wp\/v2\/types\/product"}],"replies":[{"embeddable":true,"href":"https:\/\/annette-ahrens.at\/onlineshop\/wp-json\/wp\/v2\/comments?post=30784"}],"wp:featuredmedia":[{"embeddable":true,"href":"https:\/\/annette-ahrens.at\/onlineshop\/wp-json\/wp\/v2\/media\/31296"}],"wp:attachment":[{"href":"https:\/\/annette-ahrens.at\/onlineshop\/wp-json\/wp\/v2\/media?parent=30784"}],"wp:term":[{"taxonomy":"product_brand","embeddable":true,"href":"https:\/\/annette-ahrens.at\/onlineshop\/wp-json\/wp\/v2\/product_brand?post=30784"},{"taxonomy":"product_cat","embeddable":true,"href":"https:\/\/annette-ahrens.at\/onlineshop\/wp-json\/wp\/v2\/product_cat?post=30784"},{"taxonomy":"product_tag","embeddable":true,"href":"https:\/\/annette-ahrens.at\/onlineshop\/wp-json\/wp\/v2\/product_tag?post=30784"}],"curies":[{"name":"wp","href":"https:\/\/api.w.org\/{rel}","templated":true}]}}