{"id":30787,"date":"2024-08-03T06:56:48","date_gmt":"2024-08-03T04:56:48","guid":{"rendered":"https:\/\/annette-ahrens.at\/onlineshop\/?post_type=product&#038;p=30787"},"modified":"2024-07-30T03:07:10","modified_gmt":"2024-07-30T01:07:10","slug":"trude-petri-sauciere-urbino-mit-festrand-berlin-nach-1931","status":"publish","type":"product","link":"https:\/\/annette-ahrens.at\/onlineshop\/produkt\/trude-petri-sauciere-urbino-mit-festrand-berlin-nach-1931\/","title":{"rendered":"Trude Petri, Sauci\u00e8re &#8222;URBINO&#8220; mit Festrand, Berlin, nach 1931"},"content":{"rendered":"<p>Runde Saucensch\u00fcssel &#8222;URBINO&#8220; mit Festrand<\/p>\n<p>Entwurf: Trude Petri (1906 -1998) f\u00fcr die Porzellanmanufaktur Berlin, nach 1931<\/p>\n<p>cremeweisses Porzellan, glasiert, gebauchter Gef\u00e4\u00dfk\u00f6rper, fixer, runder Untersatz, seladongr\u00fcner Festrand, gemarkt mit unterglasurblauer Zeptermarke<\/p>\n<p>Dm 21 cm (Unterteller)<\/p>\n<p>Dm 13 cm (Schale)<\/p>\n<p>Literatur: Gronert, Tim D.: Das Porzellan der KPM Berlin 1918-1988. (3 B\u00e4nde), Deutscher Kunstverlag 2020. Band I., Seite 344.<\/p>\n","protected":false},"excerpt":{"rendered":"<p>Annettes Etikette: Trude Petri wurde als Absolventin der Vereinigten Staatsschulen f\u00fcr freie und angewandte Kunst in Berlin erstmals im Alter von 23 Jahren durch den damaligen Direktor der K\u00f6niglichen Porzellan-Manufaktur Berlin, G\u00fcnther von Pechmann, f\u00fcr die KPM Berlin beauftragt. Die Porzellangestalterin arbeitete bis 1947 f\u00fcr die KPM Berlin an Entw\u00fcrfen im Stil der Neuen Sachlichkeit. Im Jahr 1931 entwarf sie das damals bahnbrechende, vom Bauhaus-Gedanken inspirierte Service URBINO, welches heute auch im Museum of Modern Art (MoMa) in New York zu bestaunen ist. (Quelle: kpm-Berlin.com)<\/p>\n","protected":false},"featured_media":30809,"comment_status":"open","ping_status":"closed","template":"","meta":[],"product_brand":[],"product_cat":[274,209],"product_tag":[],"class_list":{"0":"post-30787","1":"product","2":"type-product","3":"status-publish","4":"has-post-thumbnail","6":"product_cat-porzellan-fachbuecher","7":"product_cat-sauciere","9":"first","10":"instock","11":"sold-individually","12":"purchasable","13":"product-type-simple"},"yoast_head":"<!-- This site is optimized with the Yoast SEO Premium plugin v15.8.2 - https:\/\/yoast.com\/wordpress\/plugins\/seo\/ -->\n<title>Trude Petri, Sauci\u00e8re &quot;URBINO&quot; mit Festrand, Berlin, nach 1931<\/title>\n<meta name=\"description\" content=\"Trude Petri, Sauci\u00e8re &quot;URBINO&quot; mit Festrand, Berlin, nach 1931 \u2665 Antiquit\u00e4ten Online kaufen \u2713 Sichere Lieferung \u2713\" \/>\n<meta name=\"robots\" content=\"index, follow, max-snippet:-1, max-image-preview:large, max-video-preview:-1\" \/>\n<link rel=\"canonical\" href=\"https:\/\/annette-ahrens.at\/onlineshop\/produkt\/trude-petri-sauciere-urbino-mit-festrand-berlin-nach-1931\/\" \/>\n<meta property=\"og:locale\" content=\"de_DE\" \/>\n<meta property=\"og:type\" content=\"article\" \/>\n<meta property=\"og:title\" content=\"Trude Petri, Sauci\u00e8re &quot;URBINO&quot; mit Festrand, Berlin, nach 1931\" \/>\n<meta property=\"og:description\" content=\"Trude Petri, Sauci\u00e8re &quot;URBINO&quot; mit Festrand, Berlin, nach 1931 \u2665 Antiquit\u00e4ten Online kaufen \u2713 Sichere Lieferung \u2713\" \/>\n<meta property=\"og:url\" content=\"https:\/\/annette-ahrens.at\/onlineshop\/produkt\/trude-petri-sauciere-urbino-mit-festrand-berlin-nach-1931\/\" \/>\n<meta property=\"og:site_name\" content=\"Tafelkultur Onlineshop\" \/>\n<meta property=\"article:publisher\" content=\"https:\/\/www.facebook.com\/AnnetteAhrensTafelkultur\" \/>\n<meta property=\"article:modified_time\" content=\"2024-07-30T01:07:10+00:00\" \/>\n<meta property=\"og:image\" content=\"https:\/\/annette-ahrens.at\/onlineshop\/wp-content\/uploads\/2024\/06\/IMG_0489-scaled.jpeg\" \/>\n\t<meta property=\"og:image:width\" content=\"1920\" \/>\n\t<meta property=\"og:image:height\" content=\"2560\" \/>\n<meta name=\"twitter:card\" content=\"summary_large_image\" \/>\n<meta name=\"twitter:label1\" content=\"Gesch\u00e4tzte Lesezeit\">\n\t<meta name=\"twitter:data1\" content=\"1\u00a0Minute\">\n<script type=\"application\/ld+json\" class=\"yoast-schema-graph\">{\"@context\":\"https:\/\/schema.org\",\"@graph\":[{\"@type\":[\"Person\",\"Organization\"],\"@id\":\"https:\/\/annette-ahrens.at\/onlineshop\/#\/schema\/person\/3e19676faae246bba0cb3b7e15f427d8\",\"name\":\"Annette Ahrens\",\"image\":{\"@type\":\"ImageObject\",\"@id\":\"https:\/\/annette-ahrens.at\/onlineshop\/#personlogo\",\"inLanguage\":\"de\",\"url\":\"https:\/\/annette-ahrens.at\/onlineshop\/wp-content\/uploads\/2020\/04\/aa_logo_End.png\",\"width\":800,\"height\":164,\"caption\":\"Annette Ahrens\"},\"logo\":{\"@id\":\"https:\/\/annette-ahrens.at\/onlineshop\/#personlogo\"},\"sameAs\":[\"https:\/\/annette-ahrens.at\",\"https:\/\/www.facebook.com\/AnnetteAhrensTafelkultur\",\"https:\/\/www.instagram.com\/tafelkulturistin\/\",\"https:\/\/de.wikipedia.org\/wiki\/Annette_Ahrens\"]},{\"@type\":\"WebSite\",\"@id\":\"https:\/\/annette-ahrens.at\/onlineshop\/#website\",\"url\":\"https:\/\/annette-ahrens.at\/onlineshop\/\",\"name\":\"Tafelkultur Onlineshop\",\"description\":\"Annette Ahrens\",\"publisher\":{\"@id\":\"https:\/\/annette-ahrens.at\/onlineshop\/#\/schema\/person\/3e19676faae246bba0cb3b7e15f427d8\"},\"potentialAction\":[{\"@type\":\"SearchAction\",\"target\":\"https:\/\/annette-ahrens.at\/onlineshop\/?s={search_term_string}\",\"query-input\":\"required name=search_term_string\"}],\"inLanguage\":\"de\"},{\"@type\":\"ImageObject\",\"@id\":\"https:\/\/annette-ahrens.at\/onlineshop\/produkt\/trude-petri-sauciere-urbino-mit-festrand-berlin-nach-1931\/#primaryimage\",\"inLanguage\":\"de\",\"url\":\"https:\/\/annette-ahrens.at\/onlineshop\/wp-content\/uploads\/2024\/06\/IMG_0489-scaled.jpeg\",\"width\":1920,\"height\":2560},{\"@type\":[\"WebPage\",\"ItemPage\"],\"@id\":\"https:\/\/annette-ahrens.at\/onlineshop\/produkt\/trude-petri-sauciere-urbino-mit-festrand-berlin-nach-1931\/#webpage\",\"url\":\"https:\/\/annette-ahrens.at\/onlineshop\/produkt\/trude-petri-sauciere-urbino-mit-festrand-berlin-nach-1931\/\",\"name\":\"Trude Petri, Sauci\\u00e8re \\\"URBINO\\\" mit Festrand, Berlin, nach 1931\",\"isPartOf\":{\"@id\":\"https:\/\/annette-ahrens.at\/onlineshop\/#website\"},\"primaryImageOfPage\":{\"@id\":\"https:\/\/annette-ahrens.at\/onlineshop\/produkt\/trude-petri-sauciere-urbino-mit-festrand-berlin-nach-1931\/#primaryimage\"},\"datePublished\":\"2024-08-03T04:56:48+00:00\",\"dateModified\":\"2024-07-30T01:07:10+00:00\",\"description\":\"Trude Petri, Sauci\\u00e8re \\\"URBINO\\\" mit Festrand, Berlin, nach 1931 \\u2665 Antiquit\\u00e4ten Online kaufen \\u2713 Sichere Lieferung \\u2713\",\"breadcrumb\":{\"@id\":\"https:\/\/annette-ahrens.at\/onlineshop\/produkt\/trude-petri-sauciere-urbino-mit-festrand-berlin-nach-1931\/#breadcrumb\"},\"inLanguage\":\"de\",\"potentialAction\":[{\"@type\":\"ReadAction\",\"target\":[\"https:\/\/annette-ahrens.at\/onlineshop\/produkt\/trude-petri-sauciere-urbino-mit-festrand-berlin-nach-1931\/\"]}]},{\"@type\":\"BreadcrumbList\",\"@id\":\"https:\/\/annette-ahrens.at\/onlineshop\/produkt\/trude-petri-sauciere-urbino-mit-festrand-berlin-nach-1931\/#breadcrumb\",\"itemListElement\":[{\"@type\":\"ListItem\",\"position\":1,\"item\":{\"@type\":\"WebPage\",\"@id\":\"https:\/\/annette-ahrens.at\/onlineshop\/\",\"url\":\"https:\/\/annette-ahrens.at\/onlineshop\/\",\"name\":\"Home\"}},{\"@type\":\"ListItem\",\"position\":2,\"item\":{\"@type\":\"WebPage\",\"@id\":\"https:\/\/annette-ahrens.at\/onlineshop\/alle-tafelkultur-objekte\/\",\"url\":\"https:\/\/annette-ahrens.at\/onlineshop\/alle-tafelkultur-objekte\/\",\"name\":\"Alle Tafelkultur Objekte\"}},{\"@type\":\"ListItem\",\"position\":3,\"item\":{\"@type\":\"WebPage\",\"@id\":\"https:\/\/annette-ahrens.at\/onlineshop\/produkt\/trude-petri-sauciere-urbino-mit-festrand-berlin-nach-1931\/\",\"url\":\"https:\/\/annette-ahrens.at\/onlineshop\/produkt\/trude-petri-sauciere-urbino-mit-festrand-berlin-nach-1931\/\",\"name\":\"Trude Petri, Sauci\\u00e8re &#8220;URBINO&#8221; mit Festrand, Berlin, nach 1931\"}}]}]}<\/script>\n<!-- \/ Yoast SEO Premium plugin. -->","_links":{"self":[{"href":"https:\/\/annette-ahrens.at\/onlineshop\/wp-json\/wp\/v2\/product\/30787","targetHints":{"allow":["GET"]}}],"collection":[{"href":"https:\/\/annette-ahrens.at\/onlineshop\/wp-json\/wp\/v2\/product"}],"about":[{"href":"https:\/\/annette-ahrens.at\/onlineshop\/wp-json\/wp\/v2\/types\/product"}],"replies":[{"embeddable":true,"href":"https:\/\/annette-ahrens.at\/onlineshop\/wp-json\/wp\/v2\/comments?post=30787"}],"wp:featuredmedia":[{"embeddable":true,"href":"https:\/\/annette-ahrens.at\/onlineshop\/wp-json\/wp\/v2\/media\/30809"}],"wp:attachment":[{"href":"https:\/\/annette-ahrens.at\/onlineshop\/wp-json\/wp\/v2\/media?parent=30787"}],"wp:term":[{"taxonomy":"product_brand","embeddable":true,"href":"https:\/\/annette-ahrens.at\/onlineshop\/wp-json\/wp\/v2\/product_brand?post=30787"},{"taxonomy":"product_cat","embeddable":true,"href":"https:\/\/annette-ahrens.at\/onlineshop\/wp-json\/wp\/v2\/product_cat?post=30787"},{"taxonomy":"product_tag","embeddable":true,"href":"https:\/\/annette-ahrens.at\/onlineshop\/wp-json\/wp\/v2\/product_tag?post=30787"}],"curies":[{"name":"wp","href":"https:\/\/api.w.org\/{rel}","templated":true}]}}