{"id":30912,"date":"2024-07-31T13:25:02","date_gmt":"2024-07-31T11:25:02","guid":{"rendered":"https:\/\/annette-ahrens.at\/onlineshop\/?post_type=product&#038;p=30912"},"modified":"2024-07-31T21:41:39","modified_gmt":"2024-07-31T19:41:39","slug":"vergoldeter-eiswuerfelbehaelter-merkuria-tschechoslowakei-um-1970","status":"publish","type":"product","link":"https:\/\/annette-ahrens.at\/onlineshop\/produkt\/vergoldeter-eiswuerfelbehaelter-merkuria-tschechoslowakei-um-1970\/","title":{"rendered":"Vergoldeter Eisw\u00fcrfelbeh\u00e4lter &#8222;Merkuria&#8220;, Tschechoslowakei, um 1970"},"content":{"rendered":"<p>Vintage Eisw\u00fcrfelbeh\u00e4lter &#8222;Merkuria&#8220;<\/p>\n<p>Fa. Kovocas, Tschechoslowakei, um 1970<\/p>\n<p>Glask\u00f6rper, vergoldetes Edelstahlnetz als Ummantelung, Eisw\u00fcrfelbeh\u00e4lter mit schwarzem Kunststoffhenkel<\/p>\n<p>H 16 cm<\/p>\n<p>&nbsp;<\/p>\n","protected":false},"excerpt":{"rendered":"<p>Vintage Eisw\u00fcrfelbeh\u00e4lter &#8222;Merkuria&#8220; Fa. Kovocas, Tschechoslowakei, um 1970 Glask\u00f6rper, vergoldetes Edelstahlnetz als Ummantelung, Eisw\u00fcrfelbeh\u00e4lter mit schwarzem Kunststoffhenkel H 16 cm &nbsp;<\/p>\n","protected":false},"featured_media":30966,"comment_status":"open","ping_status":"closed","template":"","meta":[],"product_brand":[],"product_cat":[130,219,27,232,230],"product_tag":[],"class_list":{"0":"post-30912","1":"product","2":"type-product","3":"status-publish","4":"has-post-thumbnail","6":"product_cat-abendessen","7":"product_cat-barutensilien","8":"product_cat-barware","9":"product_cat-longdrink","10":"product_cat-shaker","12":"first","13":"instock","14":"purchasable","15":"product-type-simple"},"yoast_head":"<!-- This site is optimized with the Yoast SEO Premium plugin v15.8.2 - https:\/\/yoast.com\/wordpress\/plugins\/seo\/ -->\n<title>Vergoldeter Eisw\u00fcrfelbeh\u00e4lter &quot;Merkuria&quot;, Tschechoslowakei, um 1970<\/title>\n<meta name=\"description\" content=\"Vergoldeter Eisw\u00fcrfelbeh\u00e4lter &quot;Merkuria&quot;, Tschechoslowakei, um 1970 \u2665 Antiquit\u00e4ten Online kaufen \u2713 Sichere Lieferung \u2713\" \/>\n<meta name=\"robots\" content=\"index, follow, max-snippet:-1, max-image-preview:large, max-video-preview:-1\" \/>\n<link rel=\"canonical\" href=\"https:\/\/annette-ahrens.at\/onlineshop\/produkt\/vergoldeter-eiswuerfelbehaelter-merkuria-tschechoslowakei-um-1970\/\" \/>\n<meta property=\"og:locale\" content=\"de_DE\" \/>\n<meta property=\"og:type\" content=\"article\" \/>\n<meta property=\"og:title\" content=\"Vergoldeter Eisw\u00fcrfelbeh\u00e4lter &quot;Merkuria&quot;, Tschechoslowakei, um 1970\" \/>\n<meta property=\"og:description\" content=\"Vergoldeter Eisw\u00fcrfelbeh\u00e4lter &quot;Merkuria&quot;, Tschechoslowakei, um 1970 \u2665 Antiquit\u00e4ten Online kaufen \u2713 Sichere Lieferung \u2713\" \/>\n<meta property=\"og:url\" content=\"https:\/\/annette-ahrens.at\/onlineshop\/produkt\/vergoldeter-eiswuerfelbehaelter-merkuria-tschechoslowakei-um-1970\/\" \/>\n<meta property=\"og:site_name\" content=\"Tafelkultur Onlineshop\" \/>\n<meta property=\"article:publisher\" content=\"https:\/\/www.facebook.com\/AnnetteAhrensTafelkultur\" \/>\n<meta property=\"article:modified_time\" content=\"2024-07-31T19:41:39+00:00\" \/>\n<meta property=\"og:image\" content=\"https:\/\/annette-ahrens.at\/onlineshop\/wp-content\/uploads\/2024\/08\/IMG_0569-scaled.jpeg\" \/>\n\t<meta property=\"og:image:width\" content=\"1920\" \/>\n\t<meta property=\"og:image:height\" content=\"2560\" \/>\n<meta name=\"twitter:card\" content=\"summary_large_image\" \/>\n<meta name=\"twitter:label1\" content=\"Gesch\u00e4tzte Lesezeit\">\n\t<meta name=\"twitter:data1\" content=\"1\u00a0Minute\">\n<script type=\"application\/ld+json\" class=\"yoast-schema-graph\">{\"@context\":\"https:\/\/schema.org\",\"@graph\":[{\"@type\":[\"Person\",\"Organization\"],\"@id\":\"https:\/\/annette-ahrens.at\/onlineshop\/#\/schema\/person\/3e19676faae246bba0cb3b7e15f427d8\",\"name\":\"Annette Ahrens\",\"image\":{\"@type\":\"ImageObject\",\"@id\":\"https:\/\/annette-ahrens.at\/onlineshop\/#personlogo\",\"inLanguage\":\"de\",\"url\":\"https:\/\/annette-ahrens.at\/onlineshop\/wp-content\/uploads\/2020\/04\/aa_logo_End.png\",\"width\":800,\"height\":164,\"caption\":\"Annette Ahrens\"},\"logo\":{\"@id\":\"https:\/\/annette-ahrens.at\/onlineshop\/#personlogo\"},\"sameAs\":[\"https:\/\/annette-ahrens.at\",\"https:\/\/www.facebook.com\/AnnetteAhrensTafelkultur\",\"https:\/\/www.instagram.com\/tafelkulturistin\/\",\"https:\/\/de.wikipedia.org\/wiki\/Annette_Ahrens\"]},{\"@type\":\"WebSite\",\"@id\":\"https:\/\/annette-ahrens.at\/onlineshop\/#website\",\"url\":\"https:\/\/annette-ahrens.at\/onlineshop\/\",\"name\":\"Tafelkultur Onlineshop\",\"description\":\"Annette Ahrens\",\"publisher\":{\"@id\":\"https:\/\/annette-ahrens.at\/onlineshop\/#\/schema\/person\/3e19676faae246bba0cb3b7e15f427d8\"},\"potentialAction\":[{\"@type\":\"SearchAction\",\"target\":\"https:\/\/annette-ahrens.at\/onlineshop\/?s={search_term_string}\",\"query-input\":\"required name=search_term_string\"}],\"inLanguage\":\"de\"},{\"@type\":\"ImageObject\",\"@id\":\"https:\/\/annette-ahrens.at\/onlineshop\/produkt\/vergoldeter-eiswuerfelbehaelter-merkuria-tschechoslowakei-um-1970\/#primaryimage\",\"inLanguage\":\"de\",\"url\":\"https:\/\/annette-ahrens.at\/onlineshop\/wp-content\/uploads\/2024\/08\/IMG_0569-scaled.jpeg\",\"width\":1920,\"height\":2560,\"caption\":\"eisw\\u00fcrfelk\\u00fchler_merkuria\"},{\"@type\":[\"WebPage\",\"ItemPage\"],\"@id\":\"https:\/\/annette-ahrens.at\/onlineshop\/produkt\/vergoldeter-eiswuerfelbehaelter-merkuria-tschechoslowakei-um-1970\/#webpage\",\"url\":\"https:\/\/annette-ahrens.at\/onlineshop\/produkt\/vergoldeter-eiswuerfelbehaelter-merkuria-tschechoslowakei-um-1970\/\",\"name\":\"Vergoldeter Eisw\\u00fcrfelbeh\\u00e4lter \\\"Merkuria\\\", Tschechoslowakei, um 1970\",\"isPartOf\":{\"@id\":\"https:\/\/annette-ahrens.at\/onlineshop\/#website\"},\"primaryImageOfPage\":{\"@id\":\"https:\/\/annette-ahrens.at\/onlineshop\/produkt\/vergoldeter-eiswuerfelbehaelter-merkuria-tschechoslowakei-um-1970\/#primaryimage\"},\"datePublished\":\"2024-07-31T11:25:02+00:00\",\"dateModified\":\"2024-07-31T19:41:39+00:00\",\"description\":\"Vergoldeter Eisw\\u00fcrfelbeh\\u00e4lter \\\"Merkuria\\\", Tschechoslowakei, um 1970 \\u2665 Antiquit\\u00e4ten Online kaufen \\u2713 Sichere Lieferung \\u2713\",\"breadcrumb\":{\"@id\":\"https:\/\/annette-ahrens.at\/onlineshop\/produkt\/vergoldeter-eiswuerfelbehaelter-merkuria-tschechoslowakei-um-1970\/#breadcrumb\"},\"inLanguage\":\"de\",\"potentialAction\":[{\"@type\":\"ReadAction\",\"target\":[\"https:\/\/annette-ahrens.at\/onlineshop\/produkt\/vergoldeter-eiswuerfelbehaelter-merkuria-tschechoslowakei-um-1970\/\"]}]},{\"@type\":\"BreadcrumbList\",\"@id\":\"https:\/\/annette-ahrens.at\/onlineshop\/produkt\/vergoldeter-eiswuerfelbehaelter-merkuria-tschechoslowakei-um-1970\/#breadcrumb\",\"itemListElement\":[{\"@type\":\"ListItem\",\"position\":1,\"item\":{\"@type\":\"WebPage\",\"@id\":\"https:\/\/annette-ahrens.at\/onlineshop\/\",\"url\":\"https:\/\/annette-ahrens.at\/onlineshop\/\",\"name\":\"Home\"}},{\"@type\":\"ListItem\",\"position\":2,\"item\":{\"@type\":\"WebPage\",\"@id\":\"https:\/\/annette-ahrens.at\/onlineshop\/alle-tafelkultur-objekte\/\",\"url\":\"https:\/\/annette-ahrens.at\/onlineshop\/alle-tafelkultur-objekte\/\",\"name\":\"Alle Tafelkultur Objekte\"}},{\"@type\":\"ListItem\",\"position\":3,\"item\":{\"@type\":\"WebPage\",\"@id\":\"https:\/\/annette-ahrens.at\/onlineshop\/produkt\/vergoldeter-eiswuerfelbehaelter-merkuria-tschechoslowakei-um-1970\/\",\"url\":\"https:\/\/annette-ahrens.at\/onlineshop\/produkt\/vergoldeter-eiswuerfelbehaelter-merkuria-tschechoslowakei-um-1970\/\",\"name\":\"Vergoldeter Eisw\\u00fcrfelbeh\\u00e4lter &#8220;Merkuria&#8221;, Tschechoslowakei, um 1970\"}}]}]}<\/script>\n<!-- \/ Yoast SEO Premium plugin. -->","_links":{"self":[{"href":"https:\/\/annette-ahrens.at\/onlineshop\/wp-json\/wp\/v2\/product\/30912","targetHints":{"allow":["GET"]}}],"collection":[{"href":"https:\/\/annette-ahrens.at\/onlineshop\/wp-json\/wp\/v2\/product"}],"about":[{"href":"https:\/\/annette-ahrens.at\/onlineshop\/wp-json\/wp\/v2\/types\/product"}],"replies":[{"embeddable":true,"href":"https:\/\/annette-ahrens.at\/onlineshop\/wp-json\/wp\/v2\/comments?post=30912"}],"wp:featuredmedia":[{"embeddable":true,"href":"https:\/\/annette-ahrens.at\/onlineshop\/wp-json\/wp\/v2\/media\/30966"}],"wp:attachment":[{"href":"https:\/\/annette-ahrens.at\/onlineshop\/wp-json\/wp\/v2\/media?parent=30912"}],"wp:term":[{"taxonomy":"product_brand","embeddable":true,"href":"https:\/\/annette-ahrens.at\/onlineshop\/wp-json\/wp\/v2\/product_brand?post=30912"},{"taxonomy":"product_cat","embeddable":true,"href":"https:\/\/annette-ahrens.at\/onlineshop\/wp-json\/wp\/v2\/product_cat?post=30912"},{"taxonomy":"product_tag","embeddable":true,"href":"https:\/\/annette-ahrens.at\/onlineshop\/wp-json\/wp\/v2\/product_tag?post=30912"}],"curies":[{"name":"wp","href":"https:\/\/api.w.org\/{rel}","templated":true}]}}