{"id":31035,"date":"2024-08-14T09:53:57","date_gmt":"2024-08-14T07:53:57","guid":{"rendered":"https:\/\/annette-ahrens.at\/onlineshop\/?post_type=product&#038;p=31035"},"modified":"2024-08-13T18:22:32","modified_gmt":"2024-08-13T16:22:32","slug":"3-flammiger-kerzenleuchter-fa-a-p-berg-daenemark-um-1960-4","status":"publish","type":"product","link":"https:\/\/annette-ahrens.at\/onlineshop\/produkt\/3-flammiger-kerzenleuchter-fa-a-p-berg-daenemark-um-1960-4\/","title":{"rendered":"3 flammiger Kerzenleuchter, Fa. A.P. Berg, D\u00e4nemark, um 1960"},"content":{"rendered":"<p>3 flammiger Art Deco Kerzenleuchter<\/p>\n<p>Fa. A.P. Berg, D\u00e4nemark, um 1960<\/p>\n<p>Alpacca, versilbert, 90er Auflage, gemarkt SILVERPLATE BERG DENMARK, fixe T\u00fcllen<\/p>\n<p>L\u00e4nge 23 cm<\/p>\n<p>H\u00f6he 7 cm<\/p>\n","protected":false},"excerpt":{"rendered":"<p>Annettes Etikette: Der Vorteil dieser niedrigen Art Deco Kerzenleuchter ist, dass mein Vis \u00e0 Vis bei Tisch stets zu sehen ist und nicht von riesigen Girandolen verdeckt wird. Das ein wie das andere kann nat\u00fcrlich gew\u00fcnscht sein.<\/p>\n","protected":false},"featured_media":31148,"comment_status":"open","ping_status":"closed","template":"","meta":[],"product_brand":[],"product_cat":[278,48,28,131,53],"product_tag":[],"class_list":{"0":"post-31035","1":"product","2":"type-product","3":"status-publish","4":"has-post-thumbnail","6":"product_cat-kerzenleuchter-tafeldekorationen","7":"product_cat-kerzenleuchter","8":"product_cat-licht-rauch","9":"product_cat-tafeldekorationen","10":"product_cat-weihnachten","12":"first","13":"instock","14":"sold-individually","15":"purchasable","16":"product-type-simple"},"yoast_head":"<!-- This site is optimized with the Yoast SEO Premium plugin v15.8.2 - https:\/\/yoast.com\/wordpress\/plugins\/seo\/ -->\n<title>3 flammiger Kerzenleuchter, Fa. A.P. Berg, D\u00e4nemark, um 1960<\/title>\n<meta name=\"description\" content=\"3 flammiger Kerzenleuchter, Fa. A.P. Berg, D\u00e4nemark, um 1960 \u2665 Antiquit\u00e4ten Online kaufen \u2713 Sichere Lieferung \u2713\" \/>\n<meta name=\"robots\" content=\"index, follow, max-snippet:-1, max-image-preview:large, max-video-preview:-1\" \/>\n<link rel=\"canonical\" href=\"https:\/\/annette-ahrens.at\/onlineshop\/produkt\/3-flammiger-kerzenleuchter-fa-a-p-berg-daenemark-um-1960-4\/\" \/>\n<meta property=\"og:locale\" content=\"de_DE\" \/>\n<meta property=\"og:type\" content=\"article\" \/>\n<meta property=\"og:title\" content=\"3 flammiger Kerzenleuchter, Fa. A.P. Berg, D\u00e4nemark, um 1960\" \/>\n<meta property=\"og:description\" content=\"3 flammiger Kerzenleuchter, Fa. A.P. Berg, D\u00e4nemark, um 1960 \u2665 Antiquit\u00e4ten Online kaufen \u2713 Sichere Lieferung \u2713\" \/>\n<meta property=\"og:url\" content=\"https:\/\/annette-ahrens.at\/onlineshop\/produkt\/3-flammiger-kerzenleuchter-fa-a-p-berg-daenemark-um-1960-4\/\" \/>\n<meta property=\"og:site_name\" content=\"Tafelkultur Onlineshop\" \/>\n<meta property=\"article:publisher\" content=\"https:\/\/www.facebook.com\/AnnetteAhrensTafelkultur\" \/>\n<meta property=\"article:modified_time\" content=\"2024-08-13T16:22:32+00:00\" \/>\n<meta property=\"og:image\" content=\"https:\/\/annette-ahrens.at\/onlineshop\/wp-content\/uploads\/2024\/08\/IMG_0739-scaled.jpeg\" \/>\n\t<meta property=\"og:image:width\" content=\"2560\" \/>\n\t<meta property=\"og:image:height\" content=\"2393\" \/>\n<meta name=\"twitter:card\" content=\"summary_large_image\" \/>\n<meta name=\"twitter:label1\" content=\"Gesch\u00e4tzte Lesezeit\">\n\t<meta name=\"twitter:data1\" content=\"1\u00a0Minute\">\n<script type=\"application\/ld+json\" class=\"yoast-schema-graph\">{\"@context\":\"https:\/\/schema.org\",\"@graph\":[{\"@type\":[\"Person\",\"Organization\"],\"@id\":\"https:\/\/annette-ahrens.at\/onlineshop\/#\/schema\/person\/3e19676faae246bba0cb3b7e15f427d8\",\"name\":\"Annette Ahrens\",\"image\":{\"@type\":\"ImageObject\",\"@id\":\"https:\/\/annette-ahrens.at\/onlineshop\/#personlogo\",\"inLanguage\":\"de\",\"url\":\"https:\/\/annette-ahrens.at\/onlineshop\/wp-content\/uploads\/2020\/04\/aa_logo_End.png\",\"width\":800,\"height\":164,\"caption\":\"Annette Ahrens\"},\"logo\":{\"@id\":\"https:\/\/annette-ahrens.at\/onlineshop\/#personlogo\"},\"sameAs\":[\"https:\/\/annette-ahrens.at\",\"https:\/\/www.facebook.com\/AnnetteAhrensTafelkultur\",\"https:\/\/www.instagram.com\/tafelkulturistin\/\",\"https:\/\/de.wikipedia.org\/wiki\/Annette_Ahrens\"]},{\"@type\":\"WebSite\",\"@id\":\"https:\/\/annette-ahrens.at\/onlineshop\/#website\",\"url\":\"https:\/\/annette-ahrens.at\/onlineshop\/\",\"name\":\"Tafelkultur Onlineshop\",\"description\":\"Annette Ahrens\",\"publisher\":{\"@id\":\"https:\/\/annette-ahrens.at\/onlineshop\/#\/schema\/person\/3e19676faae246bba0cb3b7e15f427d8\"},\"potentialAction\":[{\"@type\":\"SearchAction\",\"target\":\"https:\/\/annette-ahrens.at\/onlineshop\/?s={search_term_string}\",\"query-input\":\"required name=search_term_string\"}],\"inLanguage\":\"de\"},{\"@type\":\"ImageObject\",\"@id\":\"https:\/\/annette-ahrens.at\/onlineshop\/produkt\/3-flammiger-kerzenleuchter-fa-a-p-berg-daenemark-um-1960-4\/#primaryimage\",\"inLanguage\":\"de\",\"url\":\"https:\/\/annette-ahrens.at\/onlineshop\/wp-content\/uploads\/2024\/08\/IMG_0739-scaled.jpeg\",\"width\":2560,\"height\":2393,\"caption\":\"kerzenleuchter_d\\u00e4nemark_berg\"},{\"@type\":[\"WebPage\",\"ItemPage\"],\"@id\":\"https:\/\/annette-ahrens.at\/onlineshop\/produkt\/3-flammiger-kerzenleuchter-fa-a-p-berg-daenemark-um-1960-4\/#webpage\",\"url\":\"https:\/\/annette-ahrens.at\/onlineshop\/produkt\/3-flammiger-kerzenleuchter-fa-a-p-berg-daenemark-um-1960-4\/\",\"name\":\"3 flammiger Kerzenleuchter, Fa. A.P. Berg, D\\u00e4nemark, um 1960\",\"isPartOf\":{\"@id\":\"https:\/\/annette-ahrens.at\/onlineshop\/#website\"},\"primaryImageOfPage\":{\"@id\":\"https:\/\/annette-ahrens.at\/onlineshop\/produkt\/3-flammiger-kerzenleuchter-fa-a-p-berg-daenemark-um-1960-4\/#primaryimage\"},\"datePublished\":\"2024-08-14T07:53:57+00:00\",\"dateModified\":\"2024-08-13T16:22:32+00:00\",\"description\":\"3 flammiger Kerzenleuchter, Fa. A.P. Berg, D\\u00e4nemark, um 1960 \\u2665 Antiquit\\u00e4ten Online kaufen \\u2713 Sichere Lieferung \\u2713\",\"breadcrumb\":{\"@id\":\"https:\/\/annette-ahrens.at\/onlineshop\/produkt\/3-flammiger-kerzenleuchter-fa-a-p-berg-daenemark-um-1960-4\/#breadcrumb\"},\"inLanguage\":\"de\",\"potentialAction\":[{\"@type\":\"ReadAction\",\"target\":[\"https:\/\/annette-ahrens.at\/onlineshop\/produkt\/3-flammiger-kerzenleuchter-fa-a-p-berg-daenemark-um-1960-4\/\"]}]},{\"@type\":\"BreadcrumbList\",\"@id\":\"https:\/\/annette-ahrens.at\/onlineshop\/produkt\/3-flammiger-kerzenleuchter-fa-a-p-berg-daenemark-um-1960-4\/#breadcrumb\",\"itemListElement\":[{\"@type\":\"ListItem\",\"position\":1,\"item\":{\"@type\":\"WebPage\",\"@id\":\"https:\/\/annette-ahrens.at\/onlineshop\/\",\"url\":\"https:\/\/annette-ahrens.at\/onlineshop\/\",\"name\":\"Home\"}},{\"@type\":\"ListItem\",\"position\":2,\"item\":{\"@type\":\"WebPage\",\"@id\":\"https:\/\/annette-ahrens.at\/onlineshop\/alle-tafelkultur-objekte\/\",\"url\":\"https:\/\/annette-ahrens.at\/onlineshop\/alle-tafelkultur-objekte\/\",\"name\":\"Alle Tafelkultur Objekte\"}},{\"@type\":\"ListItem\",\"position\":3,\"item\":{\"@type\":\"WebPage\",\"@id\":\"https:\/\/annette-ahrens.at\/onlineshop\/produkt\/3-flammiger-kerzenleuchter-fa-a-p-berg-daenemark-um-1960-4\/\",\"url\":\"https:\/\/annette-ahrens.at\/onlineshop\/produkt\/3-flammiger-kerzenleuchter-fa-a-p-berg-daenemark-um-1960-4\/\",\"name\":\"3 flammiger Kerzenleuchter, Fa. A.P. Berg, D\\u00e4nemark, um 1960\"}}]}]}<\/script>\n<!-- \/ Yoast SEO Premium plugin. -->","_links":{"self":[{"href":"https:\/\/annette-ahrens.at\/onlineshop\/wp-json\/wp\/v2\/product\/31035","targetHints":{"allow":["GET"]}}],"collection":[{"href":"https:\/\/annette-ahrens.at\/onlineshop\/wp-json\/wp\/v2\/product"}],"about":[{"href":"https:\/\/annette-ahrens.at\/onlineshop\/wp-json\/wp\/v2\/types\/product"}],"replies":[{"embeddable":true,"href":"https:\/\/annette-ahrens.at\/onlineshop\/wp-json\/wp\/v2\/comments?post=31035"}],"wp:featuredmedia":[{"embeddable":true,"href":"https:\/\/annette-ahrens.at\/onlineshop\/wp-json\/wp\/v2\/media\/31148"}],"wp:attachment":[{"href":"https:\/\/annette-ahrens.at\/onlineshop\/wp-json\/wp\/v2\/media?parent=31035"}],"wp:term":[{"taxonomy":"product_brand","embeddable":true,"href":"https:\/\/annette-ahrens.at\/onlineshop\/wp-json\/wp\/v2\/product_brand?post=31035"},{"taxonomy":"product_cat","embeddable":true,"href":"https:\/\/annette-ahrens.at\/onlineshop\/wp-json\/wp\/v2\/product_cat?post=31035"},{"taxonomy":"product_tag","embeddable":true,"href":"https:\/\/annette-ahrens.at\/onlineshop\/wp-json\/wp\/v2\/product_tag?post=31035"}],"curies":[{"name":"wp","href":"https:\/\/api.w.org\/{rel}","templated":true}]}}