{"id":31329,"date":"2024-08-24T23:33:22","date_gmt":"2024-08-24T21:33:22","guid":{"rendered":"https:\/\/annette-ahrens.at\/onlineshop\/?post_type=product&#038;p=31329"},"modified":"2024-08-31T11:55:59","modified_gmt":"2024-08-31T09:55:59","slug":"jugendstil-henkelkorb-mit-glaseinsatz-fa-wolkenstein-glueckselig-wien-um-1900","status":"publish","type":"product","link":"https:\/\/annette-ahrens.at\/onlineshop\/produkt\/jugendstil-henkelkorb-mit-glaseinsatz-fa-wolkenstein-glueckselig-wien-um-1900\/","title":{"rendered":"Jugendstil Henkelkorb, Fa. Wolkenstein &#038; Gl\u00fcckselig, Wien, um 1905"},"content":{"rendered":"<p>Jugendstil Henkelkorb mit Glaseinsatz<\/p>\n<p>Fa. Wolkenstein &amp; Gl\u00fcckselig, Wien, \u00d6sterreich, um 1905<\/p>\n<p>Alpacca, versilbert, Reste von Innenvergoldung, runder Henkel mit Kreuzbanddekor, geschliffener Einsatz aus farblosem Glas, Bodenschliffstern, an der Wandung gemarkt W &amp; G im Rechteck<\/p>\n<p>H 16 cm<\/p>\n<p>Dm 16 cm<\/p>\n<p>Vergleiche: Warenkatalog der Wiener Chinasilber-Werke Wolkenstein &amp; Gl\u00fcckselig Wien B\u00fcrgerspitgasse Nr. 6-10, Fabriken f\u00fcr kunstgewerbliche Metallwaren, undatiert, wohl um 1905 (Privatbesitz A.H.), Modellnummer 775 &#8222;K\u00f6rbe&#8220;<\/p>\n","protected":false},"excerpt":{"rendered":"<p>Annettes Etikette: Die Alpacca- Chinasilber- und Silberwarenfabrik von <a href=\"https:\/\/annette-ahrens.at\/wolkenstein-glueckselig\/\">Arnold Wolkenstein &amp; Samuel Gl\u00fcckselig<\/a> erzeugte ihre Waren in der\u00a0Stumpergasse 45, 1060 Wien. N<span lang=\"DE\">amhafte K\u00fcnstler wie Josef Emanuel Margold zeichnen f\u00fcr Entw\u00fcrfe verantwortlich. Der klingende Name ist mir aufgrund seiner Originalit\u00e4t aufgefallen und ich hatte richtig vermutet, dass die Familie leider nach 1938 Wien verlassen musste. <\/span>Dieser Entwurf erinnert stark an die Arbeiten von Hans Ofner, variiert allerdings mit der durchbrochen gearbeiteten Wandung.<\/p>\n","protected":false},"featured_media":31330,"comment_status":"open","ping_status":"closed","template":"","meta":[],"product_brand":[],"product_cat":[25,299,19,279,281,131,53,308],"product_tag":[],"class_list":{"0":"post-31329","1":"product","2":"type-product","3":"status-publish","4":"has-post-thumbnail","6":"product_cat-5o-clock-tea","7":"product_cat-cocktailparty","8":"product_cat-gabelfruehstueck","9":"product_cat-schale","10":"product_cat-tafelaufsatz","11":"product_cat-tafeldekorationen","12":"product_cat-weihnachten","13":"product_cat-weihnachtsgebaeck","15":"first","16":"instock","17":"sold-individually","18":"purchasable","19":"product-type-simple"},"yoast_head":"<!-- This site is optimized with the Yoast SEO Premium plugin v15.8.2 - https:\/\/yoast.com\/wordpress\/plugins\/seo\/ -->\n<title>Jugendstil Henkelkorb, Fa. Wolkenstein &amp; Gl\u00fcckselig, Wien, um 1905<\/title>\n<meta name=\"description\" content=\"Jugendstil Henkelkorb, Fa. Wolkenstein &amp; Gl\u00fcckselig, Wien, um 1905 \u2665 Antiquit\u00e4ten Online kaufen \u2713 Sichere Lieferung \u2713\" \/>\n<meta name=\"robots\" content=\"index, follow, max-snippet:-1, max-image-preview:large, max-video-preview:-1\" \/>\n<link rel=\"canonical\" href=\"https:\/\/annette-ahrens.at\/onlineshop\/produkt\/jugendstil-henkelkorb-mit-glaseinsatz-fa-wolkenstein-glueckselig-wien-um-1900\/\" \/>\n<meta property=\"og:locale\" content=\"de_DE\" \/>\n<meta property=\"og:type\" content=\"article\" \/>\n<meta property=\"og:title\" content=\"Jugendstil Henkelkorb, Fa. Wolkenstein &amp; Gl\u00fcckselig, Wien, um 1905\" \/>\n<meta property=\"og:description\" content=\"Jugendstil Henkelkorb, Fa. Wolkenstein &amp; Gl\u00fcckselig, Wien, um 1905 \u2665 Antiquit\u00e4ten Online kaufen \u2713 Sichere Lieferung \u2713\" \/>\n<meta property=\"og:url\" content=\"https:\/\/annette-ahrens.at\/onlineshop\/produkt\/jugendstil-henkelkorb-mit-glaseinsatz-fa-wolkenstein-glueckselig-wien-um-1900\/\" \/>\n<meta property=\"og:site_name\" content=\"Tafelkultur Onlineshop\" \/>\n<meta property=\"article:publisher\" content=\"https:\/\/www.facebook.com\/AnnetteAhrensTafelkultur\" \/>\n<meta property=\"article:modified_time\" content=\"2024-08-31T09:55:59+00:00\" \/>\n<meta property=\"og:image\" content=\"https:\/\/annette-ahrens.at\/onlineshop\/wp-content\/uploads\/2024\/08\/IMG_0922-scaled.jpeg\" \/>\n\t<meta property=\"og:image:width\" content=\"1920\" \/>\n\t<meta property=\"og:image:height\" content=\"2560\" \/>\n<meta name=\"twitter:card\" content=\"summary_large_image\" \/>\n<meta name=\"twitter:label1\" content=\"Gesch\u00e4tzte Lesezeit\">\n\t<meta name=\"twitter:data1\" content=\"1\u00a0Minute\">\n<script type=\"application\/ld+json\" class=\"yoast-schema-graph\">{\"@context\":\"https:\/\/schema.org\",\"@graph\":[{\"@type\":[\"Person\",\"Organization\"],\"@id\":\"https:\/\/annette-ahrens.at\/onlineshop\/#\/schema\/person\/3e19676faae246bba0cb3b7e15f427d8\",\"name\":\"Annette Ahrens\",\"image\":{\"@type\":\"ImageObject\",\"@id\":\"https:\/\/annette-ahrens.at\/onlineshop\/#personlogo\",\"inLanguage\":\"de\",\"url\":\"https:\/\/annette-ahrens.at\/onlineshop\/wp-content\/uploads\/2020\/04\/aa_logo_End.png\",\"width\":800,\"height\":164,\"caption\":\"Annette Ahrens\"},\"logo\":{\"@id\":\"https:\/\/annette-ahrens.at\/onlineshop\/#personlogo\"},\"sameAs\":[\"https:\/\/annette-ahrens.at\",\"https:\/\/www.facebook.com\/AnnetteAhrensTafelkultur\",\"https:\/\/www.instagram.com\/tafelkulturistin\/\",\"https:\/\/de.wikipedia.org\/wiki\/Annette_Ahrens\"]},{\"@type\":\"WebSite\",\"@id\":\"https:\/\/annette-ahrens.at\/onlineshop\/#website\",\"url\":\"https:\/\/annette-ahrens.at\/onlineshop\/\",\"name\":\"Tafelkultur Onlineshop\",\"description\":\"Annette Ahrens\",\"publisher\":{\"@id\":\"https:\/\/annette-ahrens.at\/onlineshop\/#\/schema\/person\/3e19676faae246bba0cb3b7e15f427d8\"},\"potentialAction\":[{\"@type\":\"SearchAction\",\"target\":\"https:\/\/annette-ahrens.at\/onlineshop\/?s={search_term_string}\",\"query-input\":\"required name=search_term_string\"}],\"inLanguage\":\"de\"},{\"@type\":\"ImageObject\",\"@id\":\"https:\/\/annette-ahrens.at\/onlineshop\/produkt\/jugendstil-henkelkorb-mit-glaseinsatz-fa-wolkenstein-glueckselig-wien-um-1900\/#primaryimage\",\"inLanguage\":\"de\",\"url\":\"https:\/\/annette-ahrens.at\/onlineshop\/wp-content\/uploads\/2024\/08\/IMG_0922-scaled.jpeg\",\"width\":1920,\"height\":2560,\"caption\":\"henkelkorb_jugendstil\"},{\"@type\":[\"WebPage\",\"ItemPage\"],\"@id\":\"https:\/\/annette-ahrens.at\/onlineshop\/produkt\/jugendstil-henkelkorb-mit-glaseinsatz-fa-wolkenstein-glueckselig-wien-um-1900\/#webpage\",\"url\":\"https:\/\/annette-ahrens.at\/onlineshop\/produkt\/jugendstil-henkelkorb-mit-glaseinsatz-fa-wolkenstein-glueckselig-wien-um-1900\/\",\"name\":\"Jugendstil Henkelkorb, Fa. Wolkenstein & Gl\\u00fcckselig, Wien, um 1905\",\"isPartOf\":{\"@id\":\"https:\/\/annette-ahrens.at\/onlineshop\/#website\"},\"primaryImageOfPage\":{\"@id\":\"https:\/\/annette-ahrens.at\/onlineshop\/produkt\/jugendstil-henkelkorb-mit-glaseinsatz-fa-wolkenstein-glueckselig-wien-um-1900\/#primaryimage\"},\"datePublished\":\"2024-08-24T21:33:22+00:00\",\"dateModified\":\"2024-08-31T09:55:59+00:00\",\"description\":\"Jugendstil Henkelkorb, Fa. Wolkenstein & Gl\\u00fcckselig, Wien, um 1905 \\u2665 Antiquit\\u00e4ten Online kaufen \\u2713 Sichere Lieferung \\u2713\",\"breadcrumb\":{\"@id\":\"https:\/\/annette-ahrens.at\/onlineshop\/produkt\/jugendstil-henkelkorb-mit-glaseinsatz-fa-wolkenstein-glueckselig-wien-um-1900\/#breadcrumb\"},\"inLanguage\":\"de\",\"potentialAction\":[{\"@type\":\"ReadAction\",\"target\":[\"https:\/\/annette-ahrens.at\/onlineshop\/produkt\/jugendstil-henkelkorb-mit-glaseinsatz-fa-wolkenstein-glueckselig-wien-um-1900\/\"]}]},{\"@type\":\"BreadcrumbList\",\"@id\":\"https:\/\/annette-ahrens.at\/onlineshop\/produkt\/jugendstil-henkelkorb-mit-glaseinsatz-fa-wolkenstein-glueckselig-wien-um-1900\/#breadcrumb\",\"itemListElement\":[{\"@type\":\"ListItem\",\"position\":1,\"item\":{\"@type\":\"WebPage\",\"@id\":\"https:\/\/annette-ahrens.at\/onlineshop\/\",\"url\":\"https:\/\/annette-ahrens.at\/onlineshop\/\",\"name\":\"Home\"}},{\"@type\":\"ListItem\",\"position\":2,\"item\":{\"@type\":\"WebPage\",\"@id\":\"https:\/\/annette-ahrens.at\/onlineshop\/alle-tafelkultur-objekte\/\",\"url\":\"https:\/\/annette-ahrens.at\/onlineshop\/alle-tafelkultur-objekte\/\",\"name\":\"Alle Tafelkultur Objekte\"}},{\"@type\":\"ListItem\",\"position\":3,\"item\":{\"@type\":\"WebPage\",\"@id\":\"https:\/\/annette-ahrens.at\/onlineshop\/produkt\/jugendstil-henkelkorb-mit-glaseinsatz-fa-wolkenstein-glueckselig-wien-um-1900\/\",\"url\":\"https:\/\/annette-ahrens.at\/onlineshop\/produkt\/jugendstil-henkelkorb-mit-glaseinsatz-fa-wolkenstein-glueckselig-wien-um-1900\/\",\"name\":\"Jugendstil Henkelkorb, Fa. Wolkenstein &#038; Gl\\u00fcckselig, Wien, um 1905\"}}]}]}<\/script>\n<!-- \/ Yoast SEO Premium plugin. -->","_links":{"self":[{"href":"https:\/\/annette-ahrens.at\/onlineshop\/wp-json\/wp\/v2\/product\/31329","targetHints":{"allow":["GET"]}}],"collection":[{"href":"https:\/\/annette-ahrens.at\/onlineshop\/wp-json\/wp\/v2\/product"}],"about":[{"href":"https:\/\/annette-ahrens.at\/onlineshop\/wp-json\/wp\/v2\/types\/product"}],"replies":[{"embeddable":true,"href":"https:\/\/annette-ahrens.at\/onlineshop\/wp-json\/wp\/v2\/comments?post=31329"}],"wp:featuredmedia":[{"embeddable":true,"href":"https:\/\/annette-ahrens.at\/onlineshop\/wp-json\/wp\/v2\/media\/31330"}],"wp:attachment":[{"href":"https:\/\/annette-ahrens.at\/onlineshop\/wp-json\/wp\/v2\/media?parent=31329"}],"wp:term":[{"taxonomy":"product_brand","embeddable":true,"href":"https:\/\/annette-ahrens.at\/onlineshop\/wp-json\/wp\/v2\/product_brand?post=31329"},{"taxonomy":"product_cat","embeddable":true,"href":"https:\/\/annette-ahrens.at\/onlineshop\/wp-json\/wp\/v2\/product_cat?post=31329"},{"taxonomy":"product_tag","embeddable":true,"href":"https:\/\/annette-ahrens.at\/onlineshop\/wp-json\/wp\/v2\/product_tag?post=31329"}],"curies":[{"name":"wp","href":"https:\/\/api.w.org\/{rel}","templated":true}]}}