{"id":31353,"date":"2024-08-28T00:18:48","date_gmt":"2024-08-27T22:18:48","guid":{"rendered":"https:\/\/annette-ahrens.at\/onlineshop\/?post_type=product&#038;p=31353"},"modified":"2024-08-28T00:51:39","modified_gmt":"2024-08-27T22:51:39","slug":"122-teiliges-versilbertes-besteck-fuer-12-personen-fa-berndorf-um-1900-2","status":"publish","type":"product","link":"https:\/\/annette-ahrens.at\/onlineshop\/produkt\/122-teiliges-versilbertes-besteck-fuer-12-personen-fa-berndorf-um-1900-2\/","title":{"rendered":"122 teiliges, versilbertes Besteck f\u00fcr 12 Personen, Fa. Berndorf, um 1900"},"content":{"rendered":"<p>Versilbertes Besteck &#8222;Kreuzband&#8220; f\u00fcr 12 Personen<\/p>\n<p>Fa. Berndorf, \u00d6sterreich-Ungarische Monarchie, um 1900<\/p>\n<p>Alpacca, stark versilbert; insgesamt 122 Teile; Besteckform 7300, alle Teile gemarkt mit Firmenzeichen runde B\u00e4ren-Marke f\u00fcr Alpacca I, verwendet um 1900; alle Messer mit originalen, rostfreien Berndorf-Klingen in franz\u00f6sischer Facon; in originaler Ladenkassette; Innentapezierung aus grauem Samt, kompletter, tadelloser Erhaltungszustand;<\/p>\n<p><strong>E\u00dfbesteck:<\/strong><\/p>\n<p>12 Suppenl\u00f6ffel<\/p>\n<p>12 Menugabeln<\/p>\n<p>12 Menumesser<\/p>\n<p>12 Kaffeel\u00f6ffel<\/p>\n<p>12 Mokkal\u00f6ffel<\/p>\n<p>12 Vorspeisgabeln<\/p>\n<p>12 Vorspeismesser<\/p>\n<p>12 Fischgabeln<\/p>\n<p>12 Fischmesser<\/p>\n<p><strong>14 Vorleger:<\/strong><\/p>\n<p>1 Suppensch\u00f6pfer<\/p>\n<p>1 Milchsch\u00f6pfer<\/p>\n<p>2 Salatbestecke<\/p>\n<p>2 Fischvorleger<\/p>\n<p>4 Gew\u00fcrzschalen mit originalem Kristall-Glaseinsatz<\/p>\n<p>4 Gew\u00fcrzl\u00f6ffel<\/p>\n","protected":false},"excerpt":{"rendered":"<p>Annettes Etikette: Die Berndorfer Metallwarenfabrik wurde von den beiden Unternehmern <a title=\"Alexander von Schoeller\" href=\"https:\/\/de.wikipedia.org\/wiki\/Alexander_von_Schoeller\">Alexander Schoeller<\/a> und <a title=\"Alfred Krupp\" href=\"https:\/\/de.wikipedia.org\/wiki\/Alfred_Krupp\">Alfred Krupp<\/a> im Jahr 1843 gegr\u00fcndet. Der <a title=\"B\u00e4r (Wappentier)\" href=\"https:\/\/de.wikipedia.org\/wiki\/B%C3%A4r_(Wappentier)\">B\u00e4r<\/a>, das Wappentier von Berndorf, wurde ab 1890 gemeinsam mit dem Namen Berndorf im Markenzeichen verwendet. Selten gelingt es mir einen derart umfangreiches Besteck ankaufen und somit auch anbieten zu k\u00f6nnen. Ein von 1911 erhaltener Verkaufskatalog dokumentiert dieses Muster \u201cKreuzband\u201d unter der Form 7300 und dem Namen \u201cLouis XVI.\u201d.<\/p>\n<p><u>Weiterf\u00fchrende Literatur:\u00a0<\/u>Muster- und Preisbuch der Berndorfer Metallwarenfabrik \u00fcber Bestecke und Tafelger\u00e4te aus Alpacca-Silber I., Arthur Krupp, 1911;\u00a0Ingrid Haslinger, Tafelkultur Marke Berndorf, Wien 1998 (Ausstellung in der Silberkammer Wien);\u00a0krupp stadt museum BERNDORF (Hg.), \u201eBerndorfer Silber, Tafeln mit Stil, Besteckkultur von 1843 bis heute\u201c, Berndorf 2007;<\/p>\n","protected":false},"featured_media":31389,"comment_status":"open","ping_status":"closed","template":"","meta":[],"product_brand":[],"product_cat":[276,30,240,291,246,248,296,252,53],"product_tag":[],"class_list":{"0":"post-31353","1":"product","2":"type-product","3":"status-publish","4":"has-post-thumbnail","6":"product_cat-alpacca","7":"product_cat-besteck","8":"product_cat-fischbesteck","9":"product_cat-hochzeit","10":"product_cat-kuchengabeln","11":"product_cat-mokkakloeffel","12":"product_cat-silvester","13":"product_cat-suppenloeffel","14":"product_cat-weihnachten","16":"first","17":"instock","18":"sold-individually","19":"purchasable","20":"product-type-simple"},"yoast_head":"<!-- This site is optimized with the Yoast SEO Premium plugin v15.8.2 - https:\/\/yoast.com\/wordpress\/plugins\/seo\/ -->\n<title>122 teiliges, versilbertes Besteck f\u00fcr 12 Personen, Fa. Berndorf, um 1900<\/title>\n<meta name=\"description\" content=\"122 teiliges, versilbertes Besteck f\u00fcr 12 Personen, Fa. Berndorf, um 1900 \u2665 Antiquit\u00e4ten Online kaufen \u2713 Sichere Lieferung \u2713\" \/>\n<meta name=\"robots\" content=\"index, follow, max-snippet:-1, max-image-preview:large, max-video-preview:-1\" \/>\n<link rel=\"canonical\" href=\"https:\/\/annette-ahrens.at\/onlineshop\/produkt\/122-teiliges-versilbertes-besteck-fuer-12-personen-fa-berndorf-um-1900-2\/\" \/>\n<meta property=\"og:locale\" content=\"de_DE\" \/>\n<meta property=\"og:type\" content=\"article\" \/>\n<meta property=\"og:title\" content=\"122 teiliges, versilbertes Besteck f\u00fcr 12 Personen, Fa. Berndorf, um 1900\" \/>\n<meta property=\"og:description\" content=\"122 teiliges, versilbertes Besteck f\u00fcr 12 Personen, Fa. Berndorf, um 1900 \u2665 Antiquit\u00e4ten Online kaufen \u2713 Sichere Lieferung \u2713\" \/>\n<meta property=\"og:url\" content=\"https:\/\/annette-ahrens.at\/onlineshop\/produkt\/122-teiliges-versilbertes-besteck-fuer-12-personen-fa-berndorf-um-1900-2\/\" \/>\n<meta property=\"og:site_name\" content=\"Tafelkultur Onlineshop\" \/>\n<meta property=\"article:publisher\" content=\"https:\/\/www.facebook.com\/AnnetteAhrensTafelkultur\" \/>\n<meta property=\"article:modified_time\" content=\"2024-08-27T22:51:39+00:00\" \/>\n<meta property=\"og:image\" content=\"https:\/\/annette-ahrens.at\/onlineshop\/wp-content\/uploads\/2024\/08\/IMG_1016-scaled.jpeg\" \/>\n\t<meta property=\"og:image:width\" content=\"2560\" \/>\n\t<meta property=\"og:image:height\" content=\"1722\" \/>\n<meta name=\"twitter:card\" content=\"summary_large_image\" \/>\n<meta name=\"twitter:label1\" content=\"Gesch\u00e4tzte Lesezeit\">\n\t<meta name=\"twitter:data1\" content=\"1\u00a0Minute\">\n<script type=\"application\/ld+json\" class=\"yoast-schema-graph\">{\"@context\":\"https:\/\/schema.org\",\"@graph\":[{\"@type\":[\"Person\",\"Organization\"],\"@id\":\"https:\/\/annette-ahrens.at\/onlineshop\/#\/schema\/person\/3e19676faae246bba0cb3b7e15f427d8\",\"name\":\"Annette Ahrens\",\"image\":{\"@type\":\"ImageObject\",\"@id\":\"https:\/\/annette-ahrens.at\/onlineshop\/#personlogo\",\"inLanguage\":\"de\",\"url\":\"https:\/\/annette-ahrens.at\/onlineshop\/wp-content\/uploads\/2020\/04\/aa_logo_End.png\",\"width\":800,\"height\":164,\"caption\":\"Annette Ahrens\"},\"logo\":{\"@id\":\"https:\/\/annette-ahrens.at\/onlineshop\/#personlogo\"},\"sameAs\":[\"https:\/\/annette-ahrens.at\",\"https:\/\/www.facebook.com\/AnnetteAhrensTafelkultur\",\"https:\/\/www.instagram.com\/tafelkulturistin\/\",\"https:\/\/de.wikipedia.org\/wiki\/Annette_Ahrens\"]},{\"@type\":\"WebSite\",\"@id\":\"https:\/\/annette-ahrens.at\/onlineshop\/#website\",\"url\":\"https:\/\/annette-ahrens.at\/onlineshop\/\",\"name\":\"Tafelkultur Onlineshop\",\"description\":\"Annette Ahrens\",\"publisher\":{\"@id\":\"https:\/\/annette-ahrens.at\/onlineshop\/#\/schema\/person\/3e19676faae246bba0cb3b7e15f427d8\"},\"potentialAction\":[{\"@type\":\"SearchAction\",\"target\":\"https:\/\/annette-ahrens.at\/onlineshop\/?s={search_term_string}\",\"query-input\":\"required name=search_term_string\"}],\"inLanguage\":\"de\"},{\"@type\":\"ImageObject\",\"@id\":\"https:\/\/annette-ahrens.at\/onlineshop\/produkt\/122-teiliges-versilbertes-besteck-fuer-12-personen-fa-berndorf-um-1900-2\/#primaryimage\",\"inLanguage\":\"de\",\"url\":\"https:\/\/annette-ahrens.at\/onlineshop\/wp-content\/uploads\/2024\/08\/IMG_1016-scaled.jpeg\",\"width\":2560,\"height\":1722,\"caption\":\"besteck_berndorf_kreuzband_122teile\"},{\"@type\":[\"WebPage\",\"ItemPage\"],\"@id\":\"https:\/\/annette-ahrens.at\/onlineshop\/produkt\/122-teiliges-versilbertes-besteck-fuer-12-personen-fa-berndorf-um-1900-2\/#webpage\",\"url\":\"https:\/\/annette-ahrens.at\/onlineshop\/produkt\/122-teiliges-versilbertes-besteck-fuer-12-personen-fa-berndorf-um-1900-2\/\",\"name\":\"122 teiliges, versilbertes Besteck f\\u00fcr 12 Personen, Fa. Berndorf, um 1900\",\"isPartOf\":{\"@id\":\"https:\/\/annette-ahrens.at\/onlineshop\/#website\"},\"primaryImageOfPage\":{\"@id\":\"https:\/\/annette-ahrens.at\/onlineshop\/produkt\/122-teiliges-versilbertes-besteck-fuer-12-personen-fa-berndorf-um-1900-2\/#primaryimage\"},\"datePublished\":\"2024-08-27T22:18:48+00:00\",\"dateModified\":\"2024-08-27T22:51:39+00:00\",\"description\":\"122 teiliges, versilbertes Besteck f\\u00fcr 12 Personen, Fa. Berndorf, um 1900 \\u2665 Antiquit\\u00e4ten Online kaufen \\u2713 Sichere Lieferung \\u2713\",\"breadcrumb\":{\"@id\":\"https:\/\/annette-ahrens.at\/onlineshop\/produkt\/122-teiliges-versilbertes-besteck-fuer-12-personen-fa-berndorf-um-1900-2\/#breadcrumb\"},\"inLanguage\":\"de\",\"potentialAction\":[{\"@type\":\"ReadAction\",\"target\":[\"https:\/\/annette-ahrens.at\/onlineshop\/produkt\/122-teiliges-versilbertes-besteck-fuer-12-personen-fa-berndorf-um-1900-2\/\"]}]},{\"@type\":\"BreadcrumbList\",\"@id\":\"https:\/\/annette-ahrens.at\/onlineshop\/produkt\/122-teiliges-versilbertes-besteck-fuer-12-personen-fa-berndorf-um-1900-2\/#breadcrumb\",\"itemListElement\":[{\"@type\":\"ListItem\",\"position\":1,\"item\":{\"@type\":\"WebPage\",\"@id\":\"https:\/\/annette-ahrens.at\/onlineshop\/\",\"url\":\"https:\/\/annette-ahrens.at\/onlineshop\/\",\"name\":\"Home\"}},{\"@type\":\"ListItem\",\"position\":2,\"item\":{\"@type\":\"WebPage\",\"@id\":\"https:\/\/annette-ahrens.at\/onlineshop\/alle-tafelkultur-objekte\/\",\"url\":\"https:\/\/annette-ahrens.at\/onlineshop\/alle-tafelkultur-objekte\/\",\"name\":\"Alle Tafelkultur Objekte\"}},{\"@type\":\"ListItem\",\"position\":3,\"item\":{\"@type\":\"WebPage\",\"@id\":\"https:\/\/annette-ahrens.at\/onlineshop\/produkt\/122-teiliges-versilbertes-besteck-fuer-12-personen-fa-berndorf-um-1900-2\/\",\"url\":\"https:\/\/annette-ahrens.at\/onlineshop\/produkt\/122-teiliges-versilbertes-besteck-fuer-12-personen-fa-berndorf-um-1900-2\/\",\"name\":\"122 teiliges, versilbertes Besteck f\\u00fcr 12 Personen, Fa. Berndorf, um 1900\"}}]}]}<\/script>\n<!-- \/ Yoast SEO Premium plugin. -->","_links":{"self":[{"href":"https:\/\/annette-ahrens.at\/onlineshop\/wp-json\/wp\/v2\/product\/31353","targetHints":{"allow":["GET"]}}],"collection":[{"href":"https:\/\/annette-ahrens.at\/onlineshop\/wp-json\/wp\/v2\/product"}],"about":[{"href":"https:\/\/annette-ahrens.at\/onlineshop\/wp-json\/wp\/v2\/types\/product"}],"replies":[{"embeddable":true,"href":"https:\/\/annette-ahrens.at\/onlineshop\/wp-json\/wp\/v2\/comments?post=31353"}],"wp:featuredmedia":[{"embeddable":true,"href":"https:\/\/annette-ahrens.at\/onlineshop\/wp-json\/wp\/v2\/media\/31389"}],"wp:attachment":[{"href":"https:\/\/annette-ahrens.at\/onlineshop\/wp-json\/wp\/v2\/media?parent=31353"}],"wp:term":[{"taxonomy":"product_brand","embeddable":true,"href":"https:\/\/annette-ahrens.at\/onlineshop\/wp-json\/wp\/v2\/product_brand?post=31353"},{"taxonomy":"product_cat","embeddable":true,"href":"https:\/\/annette-ahrens.at\/onlineshop\/wp-json\/wp\/v2\/product_cat?post=31353"},{"taxonomy":"product_tag","embeddable":true,"href":"https:\/\/annette-ahrens.at\/onlineshop\/wp-json\/wp\/v2\/product_tag?post=31353"}],"curies":[{"name":"wp","href":"https:\/\/api.w.org\/{rel}","templated":true}]}}